{"id":47168,"date":"2026-02-18T10:15:17","date_gmt":"2026-02-18T10:15:17","guid":{"rendered":"https:\/\/mps.digital-monkey.in\/product\/oelfilter-fuer-bukh-dv10-dv20-dv24-dv32-610j0050\/"},"modified":"2026-02-18T10:15:17","modified_gmt":"2026-02-18T10:15:17","slug":"oelfilter-fuer-bukh-dv10-dv20-dv24-dv32-610j0050","status":"publish","type":"product","link":"https:\/\/mps.digital-monkey.in\/de\/product\/oelfilter-fuer-bukh-dv10-dv20-dv24-dv32-610j0050\/","title":{"rendered":"\u00d6lfilter f\u00fcr Bukh DV10 \/ DV20 \/ DV24 \/ DV32 &#8211; 610J0050"},"content":{"rendered":"<p data-start=\"488\" data-end=\"620\">Dieser <strong data-start=\"493\" data-end=\"507\">\u00d6lfilter<\/strong> ist f\u00fcr Bukh DV10, DV20, DV24 und DV32 Schiffsdieselmotoren geeignet. Er ersetzt die <strong data-start=\"590\" data-end=\"619\">Bukh Teilenummer 610J0050<\/strong>. <\/p>\n<p data-start=\"622\" data-end=\"762\">Entwickelt f\u00fcr eine effektive \u00d6lfilterung, die den Motor vor Verunreinigungen sch\u00fctzt und eine ordnungsgem\u00e4\u00dfe Schmierung und lange Lebensdauer gew\u00e4hrleistet.<\/p>\n<p data-start=\"764\" data-end=\"818\">Ideal f\u00fcr die routinem\u00e4\u00dfige Wartung und planm\u00e4\u00dfige Instandhaltung.<\/p>\n<h3 data-start=\"820\" data-end=\"851\">Ersetzt die Bukh Teilenummer<\/h3>\n<ul data-start=\"852\" data-end=\"864\">\n<li data-start=\"852\" data-end=\"864\">\n<p data-start=\"854\" data-end=\"864\">610J0050<\/p>\n<\/li>\n<\/ul>\n<h3 data-start=\"866\" data-end=\"899\">Warum sollten Sie diesen \u00d6lfilter w\u00e4hlen?<\/h3>\n<ul data-start=\"900\" data-end=\"1056\">\n<li data-start=\"900\" data-end=\"938\">\n<p data-start=\"902\" data-end=\"938\">Genaue Passform f\u00fcr Motoren der DV-Serie<\/p>\n<\/li>\n<li data-start=\"939\" data-end=\"966\">\n<p data-start=\"941\" data-end=\"966\">Zuverl\u00e4ssige \u00d6lfiltration<\/p>\n<\/li>\n<li data-start=\"967\" data-end=\"997\">\n<p data-start=\"969\" data-end=\"997\">Sch\u00fctzt die Komponenten des Motors<\/p>\n<\/li>\n<li data-start=\"998\" data-end=\"1027\">\n<p data-start=\"1000\" data-end=\"1027\">Ausgezeichnetes Preis-Leistungs-Verh\u00e4ltnis<\/p>\n<\/li>\n<li data-start=\"1028\" data-end=\"1056\">\n<p data-start=\"1030\" data-end=\"1056\">Schnelle Lieferung ab Lager<\/p>\n<\/li>\n<\/ul>\n<h3 data-start=\"1058\" data-end=\"1082\">Kompatible Motoren<\/h3>\n<ul data-start=\"1083\" data-end=\"1138\">\n<li data-start=\"1083\" data-end=\"1096\">\n<p data-start=\"1085\" data-end=\"1096\">Bukh DV10<\/p>\n<\/li>\n<li data-start=\"1097\" data-end=\"1110\">\n<p data-start=\"1099\" data-end=\"1110\">Bukh DV20<\/p>\n<\/li>\n<li data-start=\"1111\" data-end=\"1124\">\n<p data-start=\"1113\" data-end=\"1124\">Bukh DV24<\/p>\n<\/li>\n<li data-start=\"1125\" data-end=\"1138\">\n<p data-start=\"1127\" data-end=\"1138\">Bukh DV32<\/p>\n<\/li>\n<\/ul>\n<p data-start=\"1140\" data-end=\"1237\">Fragen zur Kompatibilit\u00e4t oder zu den Wartungsintervallen?  <strong data-start=\"1192\" data-end=\"1237\">Unsere Marinespezialisten helfen Ihnen gerne weiter.<\/strong><\/p>\n","protected":false},"excerpt":{"rendered":"<p>Dieser \u00d6lfilter ist f\u00fcr Bukh DV10, DV20, DV24 und DV32 Schiffsdieselmotoren geeignet. Er ersetzt die Bukh Teilenummer 610J0050. Entwickelt f\u00fcr eine effektive \u00d6lfilterung, die den Motor vor Verunreinigungen sch\u00fctzt und eine ordnungsgem\u00e4\u00dfe Schmierung und lange Lebensdauer gew\u00e4hrleistet. Ideal f\u00fcr die routinem\u00e4\u00dfige Wartung und planm\u00e4\u00dfige Instandhaltung. Ersetzt die Bukh Teilenummer 610J0050 Warum sollten Sie diesen \u00d6lfilter [&hellip;]<\/p>\n","protected":false},"featured_media":47169,"comment_status":"open","ping_status":"closed","template":"","meta":[],"product_brand":[4456],"product_cat":[2498,2790],"product_tag":[],"class_list":{"0":"post-47168","1":"product","2":"type-product","3":"status-publish","4":"has-post-thumbnail","6":"product_brand-bukh","7":"product_cat-ersatzteile-fur-motoren","8":"product_cat-olfilter","9":"pa_condition-neu","10":"pa_model-dv10","11":"pa_model-dv20","12":"pa_model-dv24","13":"pa_model-dv32","14":"pa_oem-or-aftermarket-aftermarket","16":"first","17":"onbackorder","18":"taxable","19":"shipping-taxable","20":"purchasable","21":"product-type-simple"},"supplier_id":null,"supplier_sku":"P7005 bosch","barcode":null,"atum_controlled":true,"out_stock_date":"2026-02-18 10:15:22","out_stock_threshold":null,"inheritable":false,"inbound_stock":0,"stock_on_hold":0,"sold_today":0,"sales_last_days":0,"reserved_stock":0,"customer_returns":0,"warehouse_damage":0,"lost_in_post":0,"other_logs":0,"out_stock_days":30,"lost_sales":0,"has_location":false,"update_date":"2026-03-20T11:16:39","atum_locations":[],"atum_stock_status":"onbackorder","restock_status":false,"low_stock_amount":0,"sales_update_date":"2026-03-20T11:16:39","calc_backorders":null,"_links":{"self":[{"href":"https:\/\/mps.digital-monkey.in\/de\/wp-json\/wp\/v2\/product\/47168","targetHints":{"allow":["GET"]}}],"collection":[{"href":"https:\/\/mps.digital-monkey.in\/de\/wp-json\/wp\/v2\/product"}],"about":[{"href":"https:\/\/mps.digital-monkey.in\/de\/wp-json\/wp\/v2\/types\/product"}],"replies":[{"embeddable":true,"href":"https:\/\/mps.digital-monkey.in\/de\/wp-json\/wp\/v2\/comments?post=47168"}],"wp:featuredmedia":[{"embeddable":true,"href":"https:\/\/mps.digital-monkey.in\/de\/wp-json\/wp\/v2\/media\/47169"}],"wp:attachment":[{"href":"https:\/\/mps.digital-monkey.in\/de\/wp-json\/wp\/v2\/media?parent=47168"}],"wp:term":[{"taxonomy":"product_brand","embeddable":true,"href":"https:\/\/mps.digital-monkey.in\/de\/wp-json\/wp\/v2\/product_brand?post=47168"},{"taxonomy":"product_cat","embeddable":true,"href":"https:\/\/mps.digital-monkey.in\/de\/wp-json\/wp\/v2\/product_cat?post=47168"},{"taxonomy":"product_tag","embeddable":true,"href":"https:\/\/mps.digital-monkey.in\/de\/wp-json\/wp\/v2\/product_tag?post=47168"}],"curies":[{"name":"wp","href":"https:\/\/api.w.org\/{rel}","templated":true}]}}