{"id":47187,"date":"2026-02-18T14:17:18","date_gmt":"2026-02-18T14:17:18","guid":{"rendered":"https:\/\/mps.digital-monkey.in\/product\/oelpeilstab-fuer-bukh-dv20\/"},"modified":"2026-02-18T14:17:18","modified_gmt":"2026-02-18T14:17:18","slug":"oelpeilstab-fuer-bukh-dv20","status":"publish","type":"product","link":"https:\/\/mps.digital-monkey.in\/de\/produkt\/oelpeilstab-fuer-bukh-dv20\/","title":{"rendered":"\u00d6lpeilstab f\u00fcr Bukh DV20"},"content":{"rendered":"<p data-start=\"421\" data-end=\"494\">Dieser <strong data-start=\"426\" data-end=\"442\">\u00d6lmessstab<\/strong> ist f\u00fcr den Bukh DV20 Schiffsdieselmotor geeignet.<\/p>\n<p data-start=\"496\" data-end=\"657\">Das Teil ist <strong data-start=\"508\" data-end=\"538\">gebraucht und in gutem Zustand<\/strong>. Es wurde inspiziert und ist einbaufertig. Ideal als Ersatz f\u00fcr einen besch\u00e4digten, verbogenen oder fehlenden Peilstab.  <\/p>\n<h3 data-start=\"659\" data-end=\"690\">Warum diesen Peilstab w\u00e4hlen?<\/h3>\n<ul data-start=\"691\" data-end=\"864\">\n<li data-start=\"691\" data-end=\"718\">\n<p data-start=\"693\" data-end=\"718\">Original Bukh Komponente<\/p>\n<\/li>\n<li data-start=\"719\" data-end=\"743\">\n<p data-start=\"721\" data-end=\"743\">Gebraucht, guter Zustand<\/p>\n<\/li>\n<li data-start=\"770\" data-end=\"804\">\n<p data-start=\"772\" data-end=\"804\">Zuverl\u00e4ssige \u00d6lstandsmessung<\/p>\n<\/li>\n<li data-start=\"805\" data-end=\"835\">\n<p data-start=\"807\" data-end=\"835\">Kosteng\u00fcnstiger Ersatz<\/p>\n<\/li>\n<li data-start=\"836\" data-end=\"864\">\n<p data-start=\"838\" data-end=\"864\">Schnelle Lieferung ab Lager<\/p>\n<\/li>\n<\/ul>\n<h3 data-start=\"866\" data-end=\"889\">Kompatibler Motor<\/h3>\n<ul data-start=\"890\" data-end=\"903\">\n<li data-start=\"890\" data-end=\"903\">\n<p data-start=\"892\" data-end=\"903\">Bukh DV20<\/p>\n<\/li>\n<\/ul>\n<p data-start=\"905\" data-end=\"994\">Fragen zur Kompatibilit\u00e4t oder zum Zustand?  <strong data-start=\"949\" data-end=\"994\">Unsere Marinespezialisten helfen Ihnen gerne weiter.<\/strong><\/p>\n","protected":false},"excerpt":{"rendered":"<p>Dieser \u00d6lmessstab ist f\u00fcr den Bukh DV20 Schiffsdieselmotor geeignet. Das Teil ist gebraucht und in gutem Zustand. Es wurde inspiziert und ist einbaufertig. Ideal als Ersatz f\u00fcr einen besch\u00e4digten, verbogenen oder fehlenden Peilstab. Warum diesen Peilstab w\u00e4hlen? Original Bukh Komponente Gebraucht, guter Zustand Zuverl\u00e4ssige \u00d6lstandsmessung Kosteng\u00fcnstiger Ersatz Schnelle Lieferung ab Lager Kompatibler Motor Bukh DV20 [&hellip;]<\/p>\n","protected":false},"featured_media":47188,"comment_status":"open","ping_status":"closed","template":"","meta":[],"product_brand":[4456],"product_cat":[3508,2532],"product_tag":[],"class_list":{"0":"post-47187","1":"product","2":"type-product","3":"status-publish","4":"has-post-thumbnail","6":"product_brand-bukh","7":"product_cat-motor-schmiersystem","8":"product_cat-motorenteile","9":"pa_condition-gebraucht","10":"pa_model-dv20","11":"pa_oem-or-aftermarket-oem","13":"first","14":"instock","15":"taxable","16":"shipping-taxable","17":"purchasable","18":"product-type-simple"},"supplier_id":null,"supplier_sku":"","barcode":null,"atum_controlled":true,"out_stock_date":null,"out_stock_threshold":null,"inheritable":false,"inbound_stock":0,"stock_on_hold":0,"sold_today":0,"sales_last_days":0,"reserved_stock":0,"customer_returns":0,"warehouse_damage":0,"lost_in_post":0,"other_logs":0,"out_stock_days":0,"lost_sales":0,"has_location":false,"update_date":"2026-03-05T15:27:50","atum_locations":[],"atum_stock_status":"instock","restock_status":false,"low_stock_amount":3,"sales_update_date":"2026-03-05T15:27:50","calc_backorders":null,"_links":{"self":[{"href":"https:\/\/mps.digital-monkey.in\/de\/wp-json\/wp\/v2\/product\/47187","targetHints":{"allow":["GET"]}}],"collection":[{"href":"https:\/\/mps.digital-monkey.in\/de\/wp-json\/wp\/v2\/product"}],"about":[{"href":"https:\/\/mps.digital-monkey.in\/de\/wp-json\/wp\/v2\/types\/product"}],"replies":[{"embeddable":true,"href":"https:\/\/mps.digital-monkey.in\/de\/wp-json\/wp\/v2\/comments?post=47187"}],"wp:featuredmedia":[{"embeddable":true,"href":"https:\/\/mps.digital-monkey.in\/de\/wp-json\/wp\/v2\/media\/47188"}],"wp:attachment":[{"href":"https:\/\/mps.digital-monkey.in\/de\/wp-json\/wp\/v2\/media?parent=47187"}],"wp:term":[{"taxonomy":"product_brand","embeddable":true,"href":"https:\/\/mps.digital-monkey.in\/de\/wp-json\/wp\/v2\/product_brand?post=47187"},{"taxonomy":"product_cat","embeddable":true,"href":"https:\/\/mps.digital-monkey.in\/de\/wp-json\/wp\/v2\/product_cat?post=47187"},{"taxonomy":"product_tag","embeddable":true,"href":"https:\/\/mps.digital-monkey.in\/de\/wp-json\/wp\/v2\/product_tag?post=47187"}],"curies":[{"name":"wp","href":"https:\/\/api.w.org\/{rel}","templated":true}]}}