{"id":47202,"date":"2026-02-18T14:35:40","date_gmt":"2026-02-18T14:35:40","guid":{"rendered":"https:\/\/mps.digital-monkey.in\/product\/einspritzpumpe-fuer-bukh-dv20-dv24-dv29-dv32-610a1000\/"},"modified":"2026-02-18T14:35:40","modified_gmt":"2026-02-18T14:35:40","slug":"einspritzpumpe-fuer-bukh-dv20-dv24-dv29-dv32-610a1000","status":"publish","type":"product","link":"https:\/\/mps.digital-monkey.in\/de\/product\/einspritzpumpe-fuer-bukh-dv20-dv24-dv29-dv32-610a1000\/","title":{"rendered":"Einspritzpumpe f\u00fcr Bukh DV20 \/ DV24 \/ DV29 \/ DV32 &#8211; 610A1000"},"content":{"rendered":"<p data-start=\"501\" data-end=\"637\">Diese <strong data-start=\"506\" data-end=\"524\">Einspritzpumpe<\/strong> ist f\u00fcr Bukh DV20, DV24, DV29 und DV32 Schiffsdieselmotoren geeignet. Sie ersetzt die <strong data-start=\"607\" data-end=\"636\">Bukh Teilenummer 610A1000<\/strong>. <\/p>\n<p data-start=\"639\" data-end=\"820\">Das Ger\u00e4t ist <strong data-start=\"651\" data-end=\"681\">gebraucht und in gutem Zustand<\/strong>. Es wurde aus dem laufenden Motor ausgebaut und ist einbaufertig. Eine kosteng\u00fcnstige L\u00f6sung zur Wiederherstellung der korrekten Kraftstoffzufuhr und der Motorleistung.  <\/p>\n<h3 data-start=\"822\" data-end=\"853\">Ersetzt die Bukh Teilenummer<\/h3>\n<ul data-start=\"854\" data-end=\"866\">\n<li data-start=\"854\" data-end=\"866\">\n<p data-start=\"856\" data-end=\"866\">610A1000<\/p>\n<\/li>\n<\/ul>\n<h3 data-start=\"868\" data-end=\"905\">Warum diese Einspritzpumpe w\u00e4hlen?<\/h3>\n<ul data-start=\"906\" data-end=\"1084\">\n<li data-start=\"906\" data-end=\"933\">\n<p data-start=\"908\" data-end=\"933\">Original Bukh Komponente<\/p>\n<\/li>\n<li data-start=\"934\" data-end=\"958\">\n<p data-start=\"936\" data-end=\"958\">Gebraucht, guter Zustand<\/p>\n<\/li>\n<li data-start=\"1025\" data-end=\"1055\">\n<p data-start=\"1027\" data-end=\"1055\">Kosteng\u00fcnstiger Ersatz<\/p>\n<\/li>\n<li data-start=\"1056\" data-end=\"1084\">\n<p data-start=\"1058\" data-end=\"1084\">Schnelle Lieferung ab Lager<\/p>\n<\/li>\n<\/ul>\n<h3 data-start=\"1086\" data-end=\"1110\">Kompatible Motoren<\/h3>\n<ul data-start=\"1111\" data-end=\"1166\">\n<li data-start=\"1111\" data-end=\"1124\">\n<p data-start=\"1113\" data-end=\"1124\">Bukh DV20<\/p>\n<\/li>\n<li data-start=\"1125\" data-end=\"1138\">\n<p data-start=\"1127\" data-end=\"1138\">Bukh DV24<\/p>\n<\/li>\n<li data-start=\"1139\" data-end=\"1152\">\n<p data-start=\"1141\" data-end=\"1152\">Bukh DV29<\/p>\n<\/li>\n<li data-start=\"1153\" data-end=\"1166\">\n<p data-start=\"1155\" data-end=\"1166\">Bukh DV32<\/p>\n<\/li>\n<\/ul>\n<p data-start=\"1168\" data-end=\"1265\">Haben Sie Fragen zur Kompatibilit\u00e4t, zum Zustand oder zur Einrichtung?  <strong data-start=\"1220\" data-end=\"1265\">Unsere Marinespezialisten helfen Ihnen gerne weiter.<\/strong><\/p>\n","protected":false},"excerpt":{"rendered":"<p>Diese Einspritzpumpe ist f\u00fcr Bukh DV20, DV24, DV29 und DV32 Schiffsdieselmotoren geeignet. Sie ersetzt die Bukh Teilenummer 610A1000. Das Ger\u00e4t ist gebraucht und in gutem Zustand. Es wurde aus dem laufenden Motor ausgebaut und ist einbaufertig. Eine kosteng\u00fcnstige L\u00f6sung zur Wiederherstellung der korrekten Kraftstoffzufuhr und der Motorleistung. Ersetzt die Bukh Teilenummer 610A1000 Warum diese Einspritzpumpe [&hellip;]<\/p>\n","protected":false},"featured_media":47203,"comment_status":"open","ping_status":"closed","template":"","meta":[],"product_brand":[4456],"product_cat":[3497,2928,2532],"product_tag":[],"class_list":{"0":"post-47202","1":"product","2":"type-product","3":"status-publish","4":"has-post-thumbnail","6":"product_brand-bukh","7":"product_cat-einspritzpumpen","8":"product_cat-kraftstoffsysteme","9":"product_cat-motorenteile","10":"pa_condition-gebraucht","11":"pa_model-dv20","12":"pa_model-dv24","13":"pa_model-dv29","14":"pa_model-dv32","15":"pa_oem-or-aftermarket-oem","17":"first","18":"instock","19":"taxable","20":"shipping-taxable","21":"purchasable","22":"product-type-simple"},"supplier_id":null,"supplier_sku":"","barcode":null,"atum_controlled":true,"out_stock_date":null,"out_stock_threshold":null,"inheritable":false,"inbound_stock":0,"stock_on_hold":0,"sold_today":0,"sales_last_days":0,"reserved_stock":0,"customer_returns":0,"warehouse_damage":0,"lost_in_post":0,"other_logs":0,"out_stock_days":0,"lost_sales":0,"has_location":false,"update_date":"2026-03-05T15:20:59","atum_locations":[],"atum_stock_status":"instock","restock_status":false,"low_stock_amount":0,"sales_update_date":"2026-03-05T15:20:59","calc_backorders":null,"_links":{"self":[{"href":"https:\/\/mps.digital-monkey.in\/de\/wp-json\/wp\/v2\/product\/47202","targetHints":{"allow":["GET"]}}],"collection":[{"href":"https:\/\/mps.digital-monkey.in\/de\/wp-json\/wp\/v2\/product"}],"about":[{"href":"https:\/\/mps.digital-monkey.in\/de\/wp-json\/wp\/v2\/types\/product"}],"replies":[{"embeddable":true,"href":"https:\/\/mps.digital-monkey.in\/de\/wp-json\/wp\/v2\/comments?post=47202"}],"wp:featuredmedia":[{"embeddable":true,"href":"https:\/\/mps.digital-monkey.in\/de\/wp-json\/wp\/v2\/media\/47203"}],"wp:attachment":[{"href":"https:\/\/mps.digital-monkey.in\/de\/wp-json\/wp\/v2\/media?parent=47202"}],"wp:term":[{"taxonomy":"product_brand","embeddable":true,"href":"https:\/\/mps.digital-monkey.in\/de\/wp-json\/wp\/v2\/product_brand?post=47202"},{"taxonomy":"product_cat","embeddable":true,"href":"https:\/\/mps.digital-monkey.in\/de\/wp-json\/wp\/v2\/product_cat?post=47202"},{"taxonomy":"product_tag","embeddable":true,"href":"https:\/\/mps.digital-monkey.in\/de\/wp-json\/wp\/v2\/product_tag?post=47202"}],"curies":[{"name":"wp","href":"https:\/\/api.w.org\/{rel}","templated":true}]}}