{"id":47216,"date":"2026-02-18T14:54:26","date_gmt":"2026-02-18T14:54:26","guid":{"rendered":"https:\/\/mps.digital-monkey.in\/product\/ueberholungskit-fuer-nanni-diesel-n3-21-n3-75he\/"},"modified":"2026-02-18T14:54:26","modified_gmt":"2026-02-18T14:54:26","slug":"ueberholungskit-fuer-nanni-diesel-n3-21-n3-75he","status":"publish","type":"product","link":"https:\/\/mps.digital-monkey.in\/de\/product\/ueberholungskit-fuer-nanni-diesel-n3-21-n3-75he\/","title":{"rendered":"\u00dcberholungskit f\u00fcr Nanni Diesel N3.21 \/ N3.75HE"},"content":{"rendered":"<p data-start=\"491\" data-end=\"715\">Dieser <strong data-start=\"496\" data-end=\"521\">komplette \u00dcberholungskit<\/strong> ist f\u00fcr Nanni N3.21 und N3.75HE Schiffsdieselmotoren geeignet. Der Satz enth\u00e4lt die wesentlichen Komponenten, die f\u00fcr eine vollst\u00e4ndige \u00dcberholung des Motors erforderlich sind, um eine zuverl\u00e4ssige Leistung und eine lange Lebensdauer zu gew\u00e4hrleisten. <\/p>\n<p data-start=\"717\" data-end=\"783\">Ideal f\u00fcr die professionelle \u00dcberholung von Motoren oder gr\u00f6\u00dfere Wartungsarbeiten.<\/p>\n<h3 data-start=\"785\" data-end=\"799\">Enth\u00e4lt<\/h3>\n<ul data-start=\"801\" data-end=\"1048\">\n<li data-start=\"801\" data-end=\"812\">\n<p data-start=\"803\" data-end=\"812\">Pistons<\/p>\n<\/li>\n<li data-start=\"813\" data-end=\"829\">\n<p data-start=\"815\" data-end=\"829\">Kolbenringe<\/p>\n<\/li>\n<li data-start=\"830\" data-end=\"862\">\n<p data-start=\"832\" data-end=\"862\">Zylinderlaufbuchsen (unbearbeitet)<\/p>\n<\/li>\n<li data-start=\"863\" data-end=\"880\">\n<p data-start=\"865\" data-end=\"880\">Hauptlager<\/p>\n<\/li>\n<li data-start=\"881\" data-end=\"908\">\n<p data-start=\"883\" data-end=\"908\">Pleuellager<\/p>\n<\/li>\n<li data-start=\"909\" data-end=\"942\">\n<p data-start=\"911\" data-end=\"942\">Druckscheibe (Axiallager)<\/p>\n<\/li>\n<li data-start=\"943\" data-end=\"972\">\n<p data-start=\"945\" data-end=\"972\">Einlass- und Auslassventile<\/p>\n<\/li>\n<li data-start=\"973\" data-end=\"992\">\n<p data-start=\"975\" data-end=\"992\">Vollst\u00e4ndiger Dichtungssatz<\/p>\n<\/li>\n<li data-start=\"993\" data-end=\"1015\">\n<p data-start=\"995\" data-end=\"1015\">Kleine Endbuchsen<\/p>\n<\/li>\n<li data-start=\"1016\" data-end=\"1048\">\n<p data-start=\"1018\" data-end=\"1048\">Ventilsitze und Ventilf\u00fchrungen<\/p>\n<\/li>\n<\/ul>\n<h3 data-start=\"1050\" data-end=\"1085\">Warum sollten Sie sich f\u00fcr dieses \u00dcberholungskit entscheiden?<\/h3>\n<ul data-start=\"1086\" data-end=\"1257\">\n<li data-start=\"1086\" data-end=\"1115\">\n<p data-start=\"1088\" data-end=\"1115\">Vollst\u00e4ndige Rebuild-L\u00f6sung<\/p>\n<\/li>\n<li data-start=\"1116\" data-end=\"1143\">\n<p data-start=\"1118\" data-end=\"1143\">Hochwertige Komponenten<\/p>\n<\/li>\n<li data-start=\"1183\" data-end=\"1228\">\n<p data-start=\"1185\" data-end=\"1228\">Entwickelt f\u00fcr die professionelle \u00dcberholung von Motoren<\/p>\n<\/li>\n<li data-start=\"1229\" data-end=\"1257\">\n<p data-start=\"1231\" data-end=\"1257\">Schnelle Lieferung<\/p>\n<\/li>\n<\/ul>\n<h3 data-start=\"1259\" data-end=\"1283\">Kompatible Motoren<\/h3>\n<ul data-start=\"1284\" data-end=\"1317\">\n<li data-start=\"1284\" data-end=\"1299\">\n<p data-start=\"1286\" data-end=\"1299\">Nanni N3.21<\/p>\n<\/li>\n<li data-start=\"1300\" data-end=\"1317\">\n<p data-start=\"1302\" data-end=\"1317\">Nanni N3.75HE<\/p>\n<\/li>\n<\/ul>\n<p data-start=\"1319\" data-end=\"1425\">Fragen zu Motorversionen oder Komponentenspezifikationen?  <strong data-start=\"1380\" data-end=\"1425\">Unsere Marinespezialisten helfen Ihnen gerne weiter.<\/strong><\/p>\n","protected":false},"excerpt":{"rendered":"<p>Dieser komplette \u00dcberholungskit ist f\u00fcr Nanni N3.21 und N3.75HE Schiffsdieselmotoren geeignet. Der Satz enth\u00e4lt die wesentlichen Komponenten, die f\u00fcr eine vollst\u00e4ndige \u00dcberholung des Motors erforderlich sind, um eine zuverl\u00e4ssige Leistung und eine lange Lebensdauer zu gew\u00e4hrleisten. Ideal f\u00fcr die professionelle \u00dcberholung von Motoren oder gr\u00f6\u00dfere Wartungsarbeiten. Enth\u00e4lt Pistons Kolbenringe Zylinderlaufbuchsen (unbearbeitet) Hauptlager Pleuellager Druckscheibe (Axiallager) [&hellip;]<\/p>\n","protected":false},"featured_media":47217,"comment_status":"open","ping_status":"closed","template":"","meta":[],"product_brand":[4238],"product_cat":[2498,3037,3038],"product_tag":[],"class_list":{"0":"post-47216","1":"product","2":"type-product","3":"status-publish","4":"has-post-thumbnail","6":"product_brand-nanni","7":"product_cat-ersatzteile-fur-motoren","8":"product_cat-kits-fur-wartung-und-reparatur","9":"product_cat-motor-dichtungen","10":"pa_condition-neu","11":"pa_model-n3-21","12":"pa_model-n3-75he","13":"pa_oem-or-aftermarket-aftermarket","15":"first","16":"onbackorder","17":"taxable","18":"shipping-taxable","19":"purchasable","20":"product-type-simple"},"supplier_id":null,"supplier_sku":"TP13276","barcode":null,"atum_controlled":true,"out_stock_date":"2026-02-18 14:54:31","out_stock_threshold":null,"inheritable":false,"inbound_stock":0,"stock_on_hold":0,"sold_today":0,"sales_last_days":0,"reserved_stock":0,"customer_returns":0,"warehouse_damage":0,"lost_in_post":0,"other_logs":0,"out_stock_days":29,"lost_sales":0,"has_location":false,"update_date":"2026-03-20T11:16:39","atum_locations":[],"atum_stock_status":"onbackorder","restock_status":false,"low_stock_amount":1,"sales_update_date":"2026-03-20T11:16:39","calc_backorders":null,"_links":{"self":[{"href":"https:\/\/mps.digital-monkey.in\/de\/wp-json\/wp\/v2\/product\/47216","targetHints":{"allow":["GET"]}}],"collection":[{"href":"https:\/\/mps.digital-monkey.in\/de\/wp-json\/wp\/v2\/product"}],"about":[{"href":"https:\/\/mps.digital-monkey.in\/de\/wp-json\/wp\/v2\/types\/product"}],"replies":[{"embeddable":true,"href":"https:\/\/mps.digital-monkey.in\/de\/wp-json\/wp\/v2\/comments?post=47216"}],"wp:featuredmedia":[{"embeddable":true,"href":"https:\/\/mps.digital-monkey.in\/de\/wp-json\/wp\/v2\/media\/47217"}],"wp:attachment":[{"href":"https:\/\/mps.digital-monkey.in\/de\/wp-json\/wp\/v2\/media?parent=47216"}],"wp:term":[{"taxonomy":"product_brand","embeddable":true,"href":"https:\/\/mps.digital-monkey.in\/de\/wp-json\/wp\/v2\/product_brand?post=47216"},{"taxonomy":"product_cat","embeddable":true,"href":"https:\/\/mps.digital-monkey.in\/de\/wp-json\/wp\/v2\/product_cat?post=47216"},{"taxonomy":"product_tag","embeddable":true,"href":"https:\/\/mps.digital-monkey.in\/de\/wp-json\/wp\/v2\/product_tag?post=47216"}],"curies":[{"name":"wp","href":"https:\/\/api.w.org\/{rel}","templated":true}]}}