{"id":47226,"date":"2026-02-19T10:15:17","date_gmt":"2026-02-19T10:15:17","guid":{"rendered":"https:\/\/mps.digital-monkey.in\/product\/zylinderkopfdichtungssatz-fuer-volvo-penta-md1b-md2b-md3b-876377\/"},"modified":"2026-02-19T10:15:17","modified_gmt":"2026-02-19T10:15:17","slug":"zylinderkopfdichtungssatz-fuer-volvo-penta-md1b-md2b-md3b-876377","status":"publish","type":"product","link":"https:\/\/mps.digital-monkey.in\/de\/product\/zylinderkopfdichtungssatz-fuer-volvo-penta-md1b-md2b-md3b-876377\/","title":{"rendered":"Zylinderkopfdichtungssatz f\u00fcr Volvo Penta MD1B \/ MD2B \/ MD3B &#8211; 876377"},"content":{"rendered":"<p data-start=\"573\" data-end=\"677\">Dieser <strong data-start=\"578\" data-end=\"606\">Zylinderkopfdichtungssatz<\/strong> ist f\u00fcr Volvo Penta MD1B, MD2B und MD3B Schiffsdieselmotoren geeignet.<\/p>\n<p data-start=\"679\" data-end=\"804\">Der Satz entspricht der <strong data-start=\"704\" data-end=\"738\">Volvo Penta Teilenummer 876377<\/strong> und enth\u00e4lt eine Zylinderkopfdichtung, die der <strong data-start=\"789\" data-end=\"803\">OEM 833070<\/strong> entspricht.<\/p>\n<p data-start=\"806\" data-end=\"848\">Jedes Kit ist f\u00fcr <strong data-start=\"831\" data-end=\"847\">einen Zylinder<\/strong> ausgelegt:<\/p>\n<ul data-start=\"850\" data-end=\"941\">\n<li data-start=\"850\" data-end=\"879\">\n<p data-start=\"852\" data-end=\"879\"><strong data-start=\"852\" data-end=\"860\">MD1B<\/strong> \u2192 1 Satz erforderlich<\/p>\n<\/li>\n<li data-start=\"880\" data-end=\"910\">\n<p data-start=\"882\" data-end=\"910\"><strong data-start=\"882\" data-end=\"890\">MD2B<\/strong> \u2192 2 Kits erforderlich<\/p>\n<\/li>\n<li data-start=\"911\" data-end=\"941\">\n<p data-start=\"913\" data-end=\"941\"><strong data-start=\"913\" data-end=\"921\">MD3B<\/strong> \u2192 3 Kits erforderlich<\/p>\n<\/li>\n<\/ul>\n<p data-start=\"943\" data-end=\"996\">Ideal f\u00fcr die Wartung von Zylinderk\u00f6pfen und die \u00dcberholung des oberen Endes.<\/p>\n<h3 data-start=\"998\" data-end=\"1035\">Enth\u00e4lt (pro Kit &#8211; 1 Zylinder)<\/h3>\n<ul data-start=\"1037\" data-end=\"1256\">\n<li data-start=\"1037\" data-end=\"1078\">\n<p data-start=\"1039\" data-end=\"1078\">1 \u00d7 Zylinderkopfdichtung (OEM 833070)<\/p>\n<\/li>\n<li data-start=\"1079\" data-end=\"1105\">\n<p data-start=\"1081\" data-end=\"1105\">1 \u00d7 Ventildeckeldichtung<\/p>\n<\/li>\n<li data-start=\"1106\" data-end=\"1130\">\n<p data-start=\"1108\" data-end=\"1130\">1 \u00d7 Ventilschaftdichtungen<\/p>\n<\/li>\n<li data-start=\"1131\" data-end=\"1162\">\n<p data-start=\"1133\" data-end=\"1162\">1 \u00d7 Dichtung Auspuffkr\u00fcmmer<\/p>\n<\/li>\n<li data-start=\"1163\" data-end=\"1191\">\n<p data-start=\"1165\" data-end=\"1191\">1 \u00d7 Auspuffkr\u00fcmmer-Dichtung<\/p>\n<\/li>\n<li data-start=\"1192\" data-end=\"1222\">\n<p data-start=\"1194\" data-end=\"1222\">1 \u00d7 Ansaugkr\u00fcmmerdichtung<\/p>\n<\/li>\n<li data-start=\"1223\" data-end=\"1256\">\n<p data-start=\"1225\" data-end=\"1256\">1 \u00d7 Dichtung f\u00fcr das Thermostatgeh\u00e4use<\/p>\n<\/li>\n<\/ul>\n<h3 data-start=\"1258\" data-end=\"1297\">Relevante Volvo Penta Teilenummern<\/h3>\n<ul data-start=\"1298\" data-end=\"1319\">\n<li data-start=\"1309\" data-end=\"1319\">876377<\/li>\n<li data-start=\"1309\" data-end=\"1319\">875500<\/li>\n<li data-start=\"1309\" data-end=\"1319\">875502<\/li>\n<li data-start=\"1309\" data-end=\"1319\">875504<\/li>\n<li data-start=\"1309\" data-end=\"1319\">876374<\/li>\n<li data-start=\"1309\" data-end=\"1319\">876375<\/li>\n<\/ul>\n<h3 data-start=\"1321\" data-end=\"1354\">Warum sollten Sie sich f\u00fcr dieses Dichtungsset entscheiden?<\/h3>\n<ul data-start=\"1355\" data-end=\"1563\">\n<li data-start=\"1355\" data-end=\"1384\">\n<p data-start=\"1357\" data-end=\"1384\">Kompletter Satz pro Zylinder<\/p>\n<\/li>\n<li data-start=\"1385\" data-end=\"1405\">\n<p data-start=\"1387\" data-end=\"1405\">Genaue OEM-Passform<\/p>\n<\/li>\n<li data-start=\"1406\" data-end=\"1438\">\n<p data-start=\"1408\" data-end=\"1438\">Zuverl\u00e4ssige Versiegelungsleistung<\/p>\n<\/li>\n<li data-start=\"1439\" data-end=\"1504\">\n<p data-start=\"1441\" data-end=\"1504\">Geeignet f\u00fcr Mehrzylindermotoren (gew\u00fcnschte Menge bestellen)<\/p>\n<\/li>\n<li data-start=\"1505\" data-end=\"1534\">\n<p data-start=\"1507\" data-end=\"1534\">Ausgezeichnetes Preis-Leistungs-Verh\u00e4ltnis<\/p>\n<\/li>\n<li data-start=\"1535\" data-end=\"1563\">\n<p data-start=\"1537\" data-end=\"1563\">Schnelle Lieferung ab Lager<\/p>\n<\/li>\n<\/ul>\n<h3 data-start=\"1565\" data-end=\"1589\">Kompatible Motoren<\/h3>\n<ul data-start=\"1590\" data-end=\"1652\">\n<li data-start=\"1590\" data-end=\"1610\">\n<p data-start=\"1592\" data-end=\"1610\">Volvo Penta MD1B<\/p>\n<\/li>\n<li data-start=\"1611\" data-end=\"1631\">\n<p data-start=\"1613\" data-end=\"1631\">Volvo Penta MD2B<\/p>\n<\/li>\n<li data-start=\"1632\" data-end=\"1652\">\n<p data-start=\"1634\" data-end=\"1652\">Volvo Penta MD3B<\/p>\n<\/li>\n<\/ul>\n<p data-start=\"1654\" data-end=\"1744\">Fragen zu Mengen oder Kompatibilit\u00e4t?  <strong data-start=\"1699\" data-end=\"1744\">Unsere Marinespezialisten helfen Ihnen gerne weiter.<\/strong><\/p>\n","protected":false},"excerpt":{"rendered":"<p>Dieser Zylinderkopfdichtungssatz ist f\u00fcr Volvo Penta MD1B, MD2B und MD3B Schiffsdieselmotoren geeignet. Der Satz entspricht der Volvo Penta Teilenummer 876377 und enth\u00e4lt eine Zylinderkopfdichtung, die der OEM 833070 entspricht. Jedes Kit ist f\u00fcr einen Zylinder ausgelegt: MD1B \u2192 1 Satz erforderlich MD2B \u2192 2 Kits erforderlich MD3B \u2192 3 Kits erforderlich Ideal f\u00fcr die Wartung [&hellip;]<\/p>\n","protected":false},"featured_media":47227,"comment_status":"open","ping_status":"closed","template":"","meta":[],"product_brand":[4230],"product_cat":[4488,2498,3037,3038,4308,4309,4348,4350,4353],"product_tag":[],"class_list":{"0":"post-47226","1":"product","2":"type-product","3":"status-publish","4":"has-post-thumbnail","6":"product_brand-volvo-penta","7":"product_cat-brauchen-sie-volvo-penta-teile","8":"product_cat-ersatzteile-fur-motoren","9":"product_cat-kits-fur-wartung-und-reparatur","10":"product_cat-motor-dichtungen","11":"product_cat-volvo-penta","12":"product_cat-volvo-penta-md-serie","13":"product_cat-volvo-penta-md1","14":"product_cat-volvo-penta-md2","15":"product_cat-volvo-penta-md3","16":"pa_condition-neu","17":"pa_model-md1","18":"pa_model-md2","19":"pa_model-md2b","20":"pa_model-md3","21":"pa_model-md3b","22":"pa_oem-or-aftermarket-aftermarket","24":"first","25":"onbackorder","26":"taxable","27":"shipping-taxable","28":"purchasable","29":"product-type-simple"},"supplier_id":7294,"supplier_sku":"REC876377","barcode":null,"atum_controlled":true,"out_stock_date":"2026-02-19 10:15:22","out_stock_threshold":null,"inheritable":false,"inbound_stock":0,"stock_on_hold":0,"sold_today":0,"sales_last_days":0,"reserved_stock":0,"customer_returns":0,"warehouse_damage":0,"lost_in_post":0,"other_logs":0,"out_stock_days":29,"lost_sales":0,"has_location":false,"update_date":"2026-03-20T11:16:39","atum_locations":[],"atum_stock_status":"onbackorder","restock_status":false,"low_stock_amount":0,"sales_update_date":"2026-03-20T11:16:39","calc_backorders":null,"_links":{"self":[{"href":"https:\/\/mps.digital-monkey.in\/de\/wp-json\/wp\/v2\/product\/47226","targetHints":{"allow":["GET"]}}],"collection":[{"href":"https:\/\/mps.digital-monkey.in\/de\/wp-json\/wp\/v2\/product"}],"about":[{"href":"https:\/\/mps.digital-monkey.in\/de\/wp-json\/wp\/v2\/types\/product"}],"replies":[{"embeddable":true,"href":"https:\/\/mps.digital-monkey.in\/de\/wp-json\/wp\/v2\/comments?post=47226"}],"wp:featuredmedia":[{"embeddable":true,"href":"https:\/\/mps.digital-monkey.in\/de\/wp-json\/wp\/v2\/media\/47227"}],"wp:attachment":[{"href":"https:\/\/mps.digital-monkey.in\/de\/wp-json\/wp\/v2\/media?parent=47226"}],"wp:term":[{"taxonomy":"product_brand","embeddable":true,"href":"https:\/\/mps.digital-monkey.in\/de\/wp-json\/wp\/v2\/product_brand?post=47226"},{"taxonomy":"product_cat","embeddable":true,"href":"https:\/\/mps.digital-monkey.in\/de\/wp-json\/wp\/v2\/product_cat?post=47226"},{"taxonomy":"product_tag","embeddable":true,"href":"https:\/\/mps.digital-monkey.in\/de\/wp-json\/wp\/v2\/product_tag?post=47226"}],"curies":[{"name":"wp","href":"https:\/\/api.w.org\/{rel}","templated":true}]}}