{"id":47236,"date":"2026-02-19T10:26:33","date_gmt":"2026-02-19T10:26:33","guid":{"rendered":"https:\/\/mps.digital-monkey.in\/product\/kuehlwasserablasshahn-fuer-volvo-penta-82745\/"},"modified":"2026-02-19T10:26:33","modified_gmt":"2026-02-19T10:26:33","slug":"kuehlwasserablasshahn-fuer-volvo-penta-82745","status":"publish","type":"product","link":"https:\/\/mps.digital-monkey.in\/de\/product\/kuehlwasserablasshahn-fuer-volvo-penta-82745\/","title":{"rendered":"K\u00fchlwasserablasshahn f\u00fcr Volvo Penta &#8211; 82745"},"content":{"rendered":"<p data-start=\"493\" data-end=\"588\">Dieser <strong data-start=\"498\" data-end=\"525\">K\u00fchlwasserablasshahn<\/strong> ist ein direkter Ersatz f\u00fcr die <strong data-start=\"554\" data-end=\"587\">Volvo Penta Teilenummer 82745<\/strong>.<\/p>\n<h3 data-start=\"731\" data-end=\"751\">Spezifikationen<\/h3>\n<ul data-start=\"752\" data-end=\"777\">\n<li data-start=\"752\" data-end=\"777\">\n<p data-start=\"754\" data-end=\"777\"><strong data-start=\"754\" data-end=\"770\">Gewindegr\u00f6\u00dfe:<\/strong> 1\/4&#8243;<\/p>\n<\/li>\n<\/ul>\n<h3 data-start=\"779\" data-end=\"817\">Ersetzt die Volvo Penta Teilenummer<\/h3>\n<ul data-start=\"818\" data-end=\"827\">\n<li data-start=\"818\" data-end=\"827\">\n<p data-start=\"820\" data-end=\"827\">82745<\/p>\n<\/li>\n<\/ul>\n<p data-start=\"1016\" data-end=\"1117\">Fragen zur Kompatibilit\u00e4t oder zu den Gewindespezifikationen?  <strong data-start=\"1072\" data-end=\"1117\">Unsere Marinespezialisten helfen Ihnen gerne weiter.<\/strong><\/p>\n","protected":false},"excerpt":{"rendered":"<p>Dieser K\u00fchlwasserablasshahn ist ein direkter Ersatz f\u00fcr die Volvo Penta Teilenummer 82745. Spezifikationen Gewindegr\u00f6\u00dfe: 1\/4&#8243; Ersetzt die Volvo Penta Teilenummer 82745 Fragen zur Kompatibilit\u00e4t oder zu den Gewindespezifikationen? Unsere Marinespezialisten helfen Ihnen gerne weiter.<\/p>\n","protected":false},"featured_media":47237,"comment_status":"open","ping_status":"closed","template":"","meta":[],"product_brand":[4230],"product_cat":[3228,2532],"product_tag":[],"class_list":{"0":"post-47236","1":"product","2":"type-product","3":"status-publish","4":"has-post-thumbnail","6":"product_brand-volvo-penta","7":"product_cat-kuhlsysteme","8":"product_cat-motorenteile","9":"pa_condition-neu","10":"pa_oem-or-aftermarket-aftermarket","12":"first","13":"instock","14":"taxable","15":"shipping-taxable","16":"purchasable","17":"product-type-simple"},"supplier_id":7294,"supplier_sku":"REC82745","barcode":null,"atum_controlled":true,"out_stock_date":null,"out_stock_threshold":null,"inheritable":false,"inbound_stock":0,"stock_on_hold":0,"sold_today":0,"sales_last_days":0,"reserved_stock":0,"customer_returns":0,"warehouse_damage":0,"lost_in_post":0,"other_logs":0,"out_stock_days":0,"lost_sales":0,"has_location":false,"update_date":"2026-03-20T13:15:37","atum_locations":[],"atum_stock_status":"instock","restock_status":false,"low_stock_amount":0,"sales_update_date":"2026-03-20T13:15:37","calc_backorders":null,"_links":{"self":[{"href":"https:\/\/mps.digital-monkey.in\/de\/wp-json\/wp\/v2\/product\/47236","targetHints":{"allow":["GET"]}}],"collection":[{"href":"https:\/\/mps.digital-monkey.in\/de\/wp-json\/wp\/v2\/product"}],"about":[{"href":"https:\/\/mps.digital-monkey.in\/de\/wp-json\/wp\/v2\/types\/product"}],"replies":[{"embeddable":true,"href":"https:\/\/mps.digital-monkey.in\/de\/wp-json\/wp\/v2\/comments?post=47236"}],"wp:featuredmedia":[{"embeddable":true,"href":"https:\/\/mps.digital-monkey.in\/de\/wp-json\/wp\/v2\/media\/47237"}],"wp:attachment":[{"href":"https:\/\/mps.digital-monkey.in\/de\/wp-json\/wp\/v2\/media?parent=47236"}],"wp:term":[{"taxonomy":"product_brand","embeddable":true,"href":"https:\/\/mps.digital-monkey.in\/de\/wp-json\/wp\/v2\/product_brand?post=47236"},{"taxonomy":"product_cat","embeddable":true,"href":"https:\/\/mps.digital-monkey.in\/de\/wp-json\/wp\/v2\/product_cat?post=47236"},{"taxonomy":"product_tag","embeddable":true,"href":"https:\/\/mps.digital-monkey.in\/de\/wp-json\/wp\/v2\/product_tag?post=47236"}],"curies":[{"name":"wp","href":"https:\/\/api.w.org\/{rel}","templated":true}]}}