{"id":47252,"date":"2026-02-20T12:02:55","date_gmt":"2026-02-20T12:02:55","guid":{"rendered":"https:\/\/mps.digital-monkey.in\/product\/nanni-n4-38\/"},"modified":"2026-02-20T12:02:55","modified_gmt":"2026-02-20T12:02:55","slug":"nanni-n4-38","status":"publish","type":"product","link":"https:\/\/mps.digital-monkey.in\/de\/produkt\/nanni-n4-38\/","title":{"rendered":"Nanni N4.38"},"content":{"rendered":"<p data-start=\"535\" data-end=\"675\">Dieser <strong data-start=\"540\" data-end=\"576\">Nanni Diesel N4.38 Schiffsmotor<\/strong> wird komplett mit Armaturenbrett und Kabelbaum angeboten. Der Motor wird <strong data-start=\"655\" data-end=\"674\">ohne Getriebe<\/strong> geliefert. <\/p>\n<p data-start=\"677\" data-end=\"847\">Der Motor l\u00e4uft perfekt und ist in einem <strong data-start=\"713\" data-end=\"746\">ausgezeichneten, fast neuen Zustand<\/strong>. Er wird komplett gewartet geliefert, einschlie\u00dflich <strong data-start=\"795\" data-end=\"822\">neuem \u00d6l und neuen Filtern<\/strong>, bereit zum Einbau. <\/p>\n<p data-start=\"849\" data-end=\"943\">Eine zuverl\u00e4ssige und leistungsstarke L\u00f6sung f\u00fcr das Repowering oder den Ersatz eines vorhandenen Schiffsdieselmotors.<\/p>\n<h3 data-section-id=\"q06dx\" data-start=\"945\" data-end=\"960\">Zustand<\/h3>\n<ul data-start=\"961\" data-end=\"1082\">\n<li data-section-id=\"gghst0\" data-start=\"961\" data-end=\"979\">\n<p data-start=\"963\" data-end=\"979\">L\u00e4uft perfekt<\/p>\n<\/li>\n<li data-section-id=\"vyvwzn\" data-start=\"980\" data-end=\"1014\">\n<p data-start=\"982\" data-end=\"1014\">Sehr sauberer, fast neuer Zustand<\/p>\n<\/li>\n<li data-section-id=\"m6r41q\" data-start=\"1015\" data-end=\"1049\">\n<p data-start=\"1017\" data-end=\"1049\">Vollst\u00e4ndig gewartet vor der Auslieferung<\/p>\n<\/li>\n<li data-section-id=\"1t6s03i\" data-start=\"1050\" data-end=\"1082\">\n<p data-start=\"1052\" data-end=\"1082\">Neues \u00d6l und Filter inklusive<\/p>\n<\/li>\n<\/ul>\n<h3 data-section-id=\"1yurh32\" data-start=\"1084\" data-end=\"1098\">Inklusive<\/h3>\n<ul data-start=\"1099\" data-end=\"1154\">\n<li data-section-id=\"13drbfj\" data-start=\"1099\" data-end=\"1121\">\n<p data-start=\"1101\" data-end=\"1121\">Nanni N4.38 Motor<\/p>\n<\/li>\n<li data-section-id=\"1lb2ur0\" data-start=\"1122\" data-end=\"1135\">\n<p data-start=\"1124\" data-end=\"1135\">Dashboard<\/p>\n<\/li>\n<li data-section-id=\"1229lmc\" data-start=\"1136\" data-end=\"1154\">\n<p data-start=\"1138\" data-end=\"1154\">Kabelbaum<\/p>\n<\/li>\n<\/ul>\n<h3 data-section-id=\"1xyb5qj\" data-start=\"1156\" data-end=\"1174\">Nicht inbegriffen<\/h3>\n<ul data-start=\"1175\" data-end=\"1186\">\n<li data-section-id=\"ccych8\" data-start=\"1175\" data-end=\"1186\">\n<p data-start=\"1177\" data-end=\"1186\">Getriebe<\/p>\n<\/li>\n<\/ul>\n<h3 data-section-id=\"1a41gru\" data-start=\"1188\" data-end=\"1217\">Warum sollten Sie diesen Motor w\u00e4hlen?<\/h3>\n<ul data-start=\"1218\" data-end=\"1367\">\n<li data-section-id=\"236oo1\" data-start=\"1218\" data-end=\"1257\">\n<p data-start=\"1220\" data-end=\"1257\">Vollst\u00e4ndig gewartet und einbaufertig<\/p>\n<\/li>\n<li data-section-id=\"vnll79\" data-start=\"1258\" data-end=\"1297\">\n<p data-start=\"1260\" data-end=\"1297\">Zuverl\u00e4ssiger und leistungsstarker Schiffsdiesel<\/p>\n<\/li>\n<li data-section-id=\"98r5py\" data-start=\"1298\" data-end=\"1345\">\n<p data-start=\"1300\" data-end=\"1345\">Ausgezeichneter kosmetischer und mechanischer Zustand<\/p>\n<\/li>\n<li data-section-id=\"173ab15\" data-start=\"1346\" data-end=\"1367\">\n<p data-start=\"1348\" data-end=\"1367\">Inzahlungnahme m\u00f6glich<\/p>\n<\/li>\n<\/ul>\n<p data-start=\"1369\" data-end=\"1450\"><strong data-start=\"1369\" data-end=\"1417\">Die Inzahlungnahme Ihres derzeitigen Motors ist m\u00f6glich.<\/strong><br data-start=\"1417\" data-end=\"1420\">Kontaktieren Sie uns, um die Optionen zu besprechen.<\/p>\n<p data-start=\"1452\" data-end=\"1550\">Haben Sie Fragen zu Spezifikationen, \u00d6ffnungszeiten oder Transport?  <strong data-start=\"1505\" data-end=\"1550\">Unsere Marinespezialisten helfen Ihnen gerne weiter.v<\/strong><\/p>\n","protected":false},"excerpt":{"rendered":"<p>Dieser Nanni Diesel N4.38 Schiffsmotor wird komplett mit Armaturenbrett und Kabelbaum angeboten. Der Motor wird ohne Getriebe geliefert. Der Motor l\u00e4uft perfekt und ist in einem ausgezeichneten, fast neuen Zustand. Er wird komplett gewartet geliefert, einschlie\u00dflich neuem \u00d6l und neuen Filtern, bereit zum Einbau. Eine zuverl\u00e4ssige und leistungsstarke L\u00f6sung f\u00fcr das Repowering oder den Ersatz [&hellip;]<\/p>\n","protected":false},"featured_media":47253,"comment_status":"open","ping_status":"closed","template":"","meta":[],"product_brand":[4238],"product_cat":[2485],"product_tag":[],"class_list":{"0":"post-47252","1":"product","2":"type-product","3":"status-publish","4":"has-post-thumbnail","6":"product_brand-nanni","7":"product_cat-motoren","8":"product_shipping_class-motor-de","9":"pa_condition-gebraucht","10":"pa_model-n4-38","11":"pa_oem-or-aftermarket-oem","13":"first","14":"instock","15":"taxable","16":"shipping-taxable","17":"purchasable","18":"product-type-simple"},"supplier_id":null,"supplier_sku":"","barcode":null,"atum_controlled":true,"out_stock_date":null,"out_stock_threshold":null,"inheritable":false,"inbound_stock":0,"stock_on_hold":0,"sold_today":0,"sales_last_days":0,"reserved_stock":0,"customer_returns":0,"warehouse_damage":0,"lost_in_post":0,"other_logs":0,"out_stock_days":0,"lost_sales":0,"has_location":false,"update_date":"2026-03-20T13:15:37","atum_locations":[],"atum_stock_status":"instock","restock_status":false,"low_stock_amount":0,"sales_update_date":"2026-03-20T13:15:37","calc_backorders":null,"_links":{"self":[{"href":"https:\/\/mps.digital-monkey.in\/de\/wp-json\/wp\/v2\/product\/47252","targetHints":{"allow":["GET"]}}],"collection":[{"href":"https:\/\/mps.digital-monkey.in\/de\/wp-json\/wp\/v2\/product"}],"about":[{"href":"https:\/\/mps.digital-monkey.in\/de\/wp-json\/wp\/v2\/types\/product"}],"replies":[{"embeddable":true,"href":"https:\/\/mps.digital-monkey.in\/de\/wp-json\/wp\/v2\/comments?post=47252"}],"wp:featuredmedia":[{"embeddable":true,"href":"https:\/\/mps.digital-monkey.in\/de\/wp-json\/wp\/v2\/media\/47253"}],"wp:attachment":[{"href":"https:\/\/mps.digital-monkey.in\/de\/wp-json\/wp\/v2\/media?parent=47252"}],"wp:term":[{"taxonomy":"product_brand","embeddable":true,"href":"https:\/\/mps.digital-monkey.in\/de\/wp-json\/wp\/v2\/product_brand?post=47252"},{"taxonomy":"product_cat","embeddable":true,"href":"https:\/\/mps.digital-monkey.in\/de\/wp-json\/wp\/v2\/product_cat?post=47252"},{"taxonomy":"product_tag","embeddable":true,"href":"https:\/\/mps.digital-monkey.in\/de\/wp-json\/wp\/v2\/product_tag?post=47252"}],"curies":[{"name":"wp","href":"https:\/\/api.w.org\/{rel}","templated":true}]}}