{"id":47317,"date":"2026-02-23T09:26:23","date_gmt":"2026-02-23T09:26:23","guid":{"rendered":"https:\/\/mps.digital-monkey.in\/product\/ventildeckeldichtung-fuer-volvo-penta-31-32-41-42-43-serie-838654\/"},"modified":"2026-02-23T09:26:23","modified_gmt":"2026-02-23T09:26:23","slug":"ventildeckeldichtung-fuer-volvo-penta-31-32-41-42-43-serie-838654","status":"publish","type":"product","link":"https:\/\/mps.digital-monkey.in\/de\/product\/ventildeckeldichtung-fuer-volvo-penta-31-32-41-42-43-serie-838654\/","title":{"rendered":"Ventildeckeldichtung f\u00fcr Volvo Penta 31 \/ 32 \/ 41 \/ 42 \/ 43 Serie &#8211; 838654"},"content":{"rendered":"<p data-start=\"534\" data-end=\"714\">Diese <strong data-start=\"539\" data-end=\"561\">Ventildeckeldichtung<\/strong> ist f\u00fcr eine Vielzahl von Volvo Penta Dieselmotoren der Serien 31, 32, 41, 42 und 43 geeignet. Sie ersetzt die <strong data-start=\"670\" data-end=\"713\">Volvo Penta Originalteilnummer 838654<\/strong>. <\/p>\n<p data-start=\"716\" data-end=\"851\">Entwickelt, um eine zuverl\u00e4ssige Dichtung zwischen dem Ventildeckel und dem Zylinderkopf zu gew\u00e4hrleisten, um \u00d6llecks zu verhindern und eine ordnungsgem\u00e4\u00dfe Abdichtung des Motors sicherzustellen.<\/p>\n<h3 data-section-id=\"f0o40v\" data-start=\"858\" data-end=\"905\"><\/h3>\n<h3 data-section-id=\"f0o40v\" data-start=\"858\" data-end=\"905\">Wichtige Informationen (Anzahl erforderlich)<\/h3>\n<ul data-start=\"907\" data-end=\"1017\">\n<li data-section-id=\"kkw6ta\" data-start=\"907\" data-end=\"959\">\n<p data-start=\"909\" data-end=\"959\"><strong data-start=\"909\" data-end=\"928\">Serie 31 \/ 32:<\/strong> 2 St\u00fcck pro Motor erforderlich<\/p>\n<\/li>\n<li data-section-id=\"1iqh81j\" data-start=\"960\" data-end=\"1017\">\n<p data-start=\"962\" data-end=\"1017\"><strong data-start=\"962\" data-end=\"986\">41 \/ 42 \/ 43 Serie:<\/strong> 3 St\u00fcck pro Motor erforderlich<\/p>\n<\/li>\n<\/ul>\n<p data-start=\"1019\" data-end=\"1069\">Bitte bestellen Sie die richtige Menge f\u00fcr Ihren Motor.<\/p>\n<h3 data-section-id=\"8dt1jj\" data-start=\"1076\" data-end=\"1114\"><\/h3>\n<h3 data-section-id=\"8dt1jj\" data-start=\"1076\" data-end=\"1114\">Ersetzt die Volvo Penta Teilenummer<\/h3>\n<ul data-start=\"1115\" data-end=\"1125\">\n<li data-section-id=\"rv5bnw\" data-start=\"1115\" data-end=\"1125\">\n<p data-start=\"1117\" data-end=\"1125\">838654<\/p>\n<\/li>\n<\/ul>\n<h3 data-section-id=\"12d0ten\" data-start=\"1132\" data-end=\"1168\"><\/h3>\n<h3 data-section-id=\"12d0ten\" data-start=\"1132\" data-end=\"1168\">Kompatible Volvo Penta-Motoren<\/h3>\n<p data-start=\"1170\" data-end=\"1192\"><strong data-start=\"1170\" data-end=\"1190\">AD \/ AQAD Serie<\/strong><\/p>\n<ul data-start=\"1193\" data-end=\"1232\">\n<li data-section-id=\"1vogd67\" data-start=\"1193\" data-end=\"1201\">\n<p data-start=\"1195\" data-end=\"1201\">AD31<\/p>\n<\/li>\n<li data-section-id=\"1voaz0o\" data-start=\"1202\" data-end=\"1210\">\n<p data-start=\"1204\" data-end=\"1210\">AD41<\/p>\n<\/li>\n<li data-section-id=\"zh5cnz\" data-start=\"1211\" data-end=\"1221\">\n<p data-start=\"1213\" data-end=\"1221\">AQAD31<\/p>\n<\/li>\n<li data-section-id=\"zh2y60\" data-start=\"1222\" data-end=\"1232\">\n<p data-start=\"1224\" data-end=\"1232\">AQAD41<\/p>\n<\/li>\n<\/ul>\n<p data-start=\"1234\" data-end=\"1257\"><strong data-start=\"1234\" data-end=\"1255\">KAD \/ KAMD Serie<\/strong><\/p>\n<ul data-start=\"1258\" data-end=\"1299\">\n<li data-section-id=\"tg8dmo\" data-start=\"1258\" data-end=\"1267\">\n<p data-start=\"1260\" data-end=\"1267\">KAD42<\/p>\n<\/li>\n<li data-section-id=\"1g60dkd\" data-start=\"1268\" data-end=\"1278\">\n<p data-start=\"1270\" data-end=\"1278\">KAMD42<\/p>\n<\/li>\n<li data-section-id=\"tg8cu9\" data-start=\"1279\" data-end=\"1288\">\n<p data-start=\"1281\" data-end=\"1288\">KAD43<\/p>\n<\/li>\n<li data-section-id=\"1g60b3g\" data-start=\"1289\" data-end=\"1299\">\n<p data-start=\"1291\" data-end=\"1299\">KAMD43<\/p>\n<\/li>\n<\/ul>\n<p data-start=\"1301\" data-end=\"1329\"><strong data-start=\"1301\" data-end=\"1327\">MD \/ TMD \/ TAMD Serie<\/strong><\/p>\n<ul data-start=\"1330\" data-end=\"1359\">\n<li data-section-id=\"1sxlsf7\" data-start=\"1330\" data-end=\"1338\">\n<p data-start=\"1332\" data-end=\"1338\">MD31<\/p>\n<\/li>\n<li data-section-id=\"1no85mf\" data-start=\"1339\" data-end=\"1348\">\n<p data-start=\"1341\" data-end=\"1348\">TMD31<\/p>\n<\/li>\n<li data-section-id=\"esbqba\" data-start=\"1349\" data-end=\"1359\">\n<p data-start=\"1351\" data-end=\"1359\">TAMD31<\/p>\n<\/li>\n<\/ul>\n<h3 data-section-id=\"uhyufi\" data-start=\"1366\" data-end=\"1407\"><\/h3>\n<h3 data-section-id=\"uhyufi\" data-start=\"1366\" data-end=\"1407\">Warum sollten Sie diese Ventildeckeldichtung w\u00e4hlen?<\/h3>\n<ul data-start=\"1408\" data-end=\"1613\">\n<li data-section-id=\"16e6jmv\" data-start=\"1408\" data-end=\"1436\">\n<p data-start=\"1410\" data-end=\"1436\">Pr\u00e4ziser OEM-Ersatz<\/p>\n<\/li>\n<li data-section-id=\"qwvjtt\" data-start=\"1437\" data-end=\"1461\">\n<p data-start=\"1439\" data-end=\"1461\">Zuverl\u00e4ssige \u00d6labdichtung<\/p>\n<\/li>\n<li data-section-id=\"mlim79\" data-start=\"1462\" data-end=\"1489\">\n<p data-start=\"1464\" data-end=\"1489\">Langlebiges Dichtungsmaterial<\/p>\n<\/li>\n<li data-section-id=\"1toiy7n\" data-start=\"1490\" data-end=\"1554\">\n<p data-start=\"1492\" data-end=\"1554\">Geeignet f\u00fcr Mehrzylindermotoren (richtige Menge bestellen)<\/p>\n<\/li>\n<li data-section-id=\"ch22y4\" data-start=\"1555\" data-end=\"1584\">\n<p data-start=\"1557\" data-end=\"1584\">Ausgezeichnetes Preis-Leistungs-Verh\u00e4ltnis<\/p>\n<\/li>\n<li data-section-id=\"9p0pk2\" data-start=\"1585\" data-end=\"1613\">\n<p data-start=\"1587\" data-end=\"1613\">Schnelle Lieferung ab Lager<\/p>\n<\/li>\n<\/ul>\n<p data-start=\"1615\" data-end=\"1712\">Fragen zur Kompatibilit\u00e4t oder zur ben\u00f6tigten Menge?  <strong data-start=\"1667\" data-end=\"1712\">Unsere Marinespezialisten helfen Ihnen gerne weiter.<\/strong><\/p>\n","protected":false},"excerpt":{"rendered":"<p>Diese Ventildeckeldichtung ist f\u00fcr eine Vielzahl von Volvo Penta Dieselmotoren der Serien 31, 32, 41, 42 und 43 geeignet. Sie ersetzt die Volvo Penta Originalteilnummer 838654. Entwickelt, um eine zuverl\u00e4ssige Dichtung zwischen dem Ventildeckel und dem Zylinderkopf zu gew\u00e4hrleisten, um \u00d6llecks zu verhindern und eine ordnungsgem\u00e4\u00dfe Abdichtung des Motors sicherzustellen. Wichtige Informationen (Anzahl erforderlich) Serie [&hellip;]<\/p>\n","protected":false},"featured_media":47318,"comment_status":"open","ping_status":"closed","template":"","meta":[],"product_brand":[4230],"product_cat":[3596],"product_tag":[],"class_list":{"0":"post-47317","1":"product","2":"type-product","3":"status-publish","4":"has-post-thumbnail","6":"product_brand-volvo-penta","7":"product_cat-schlauche-und-armaturen","8":"pa_condition-neu","9":"pa_model-ad31","10":"pa_model-ad41","11":"pa_model-aqad31","12":"pa_model-aqad41","13":"pa_model-kad42","14":"pa_model-kad43","15":"pa_model-kamd42","16":"pa_model-kamd43","17":"pa_model-md31","18":"pa_model-tamd31","19":"pa_model-tmd31","20":"pa_oem-or-aftermarket-aftermarket","22":"first","23":"instock","24":"taxable","25":"shipping-taxable","26":"purchasable","27":"product-type-simple"},"supplier_id":7294,"supplier_sku":"REC838654","barcode":null,"atum_controlled":true,"out_stock_date":null,"out_stock_threshold":null,"inheritable":false,"inbound_stock":0,"stock_on_hold":0,"sold_today":0,"sales_last_days":0,"reserved_stock":0,"customer_returns":0,"warehouse_damage":0,"lost_in_post":0,"other_logs":0,"out_stock_days":0,"lost_sales":0,"has_location":false,"update_date":"2026-03-20T13:15:37","atum_locations":[],"atum_stock_status":"instock","restock_status":false,"low_stock_amount":0,"sales_update_date":"2026-03-20T13:15:37","calc_backorders":null,"_links":{"self":[{"href":"https:\/\/mps.digital-monkey.in\/de\/wp-json\/wp\/v2\/product\/47317","targetHints":{"allow":["GET"]}}],"collection":[{"href":"https:\/\/mps.digital-monkey.in\/de\/wp-json\/wp\/v2\/product"}],"about":[{"href":"https:\/\/mps.digital-monkey.in\/de\/wp-json\/wp\/v2\/types\/product"}],"replies":[{"embeddable":true,"href":"https:\/\/mps.digital-monkey.in\/de\/wp-json\/wp\/v2\/comments?post=47317"}],"wp:featuredmedia":[{"embeddable":true,"href":"https:\/\/mps.digital-monkey.in\/de\/wp-json\/wp\/v2\/media\/47318"}],"wp:attachment":[{"href":"https:\/\/mps.digital-monkey.in\/de\/wp-json\/wp\/v2\/media?parent=47317"}],"wp:term":[{"taxonomy":"product_brand","embeddable":true,"href":"https:\/\/mps.digital-monkey.in\/de\/wp-json\/wp\/v2\/product_brand?post=47317"},{"taxonomy":"product_cat","embeddable":true,"href":"https:\/\/mps.digital-monkey.in\/de\/wp-json\/wp\/v2\/product_cat?post=47317"},{"taxonomy":"product_tag","embeddable":true,"href":"https:\/\/mps.digital-monkey.in\/de\/wp-json\/wp\/v2\/product_tag?post=47317"}],"curies":[{"name":"wp","href":"https:\/\/api.w.org\/{rel}","templated":true}]}}