{"id":47325,"date":"2026-02-23T10:32:29","date_gmt":"2026-02-23T10:32:29","guid":{"rendered":"https:\/\/mps.digital-monkey.in\/product\/impeller-pumpendeckel-dichtung-fuer-volvo-penta-846111\/"},"modified":"2026-02-23T10:35:59","modified_gmt":"2026-02-23T10:35:59","slug":"impeller-pumpendeckel-dichtung-fuer-volvo-penta-846111","status":"publish","type":"product","link":"https:\/\/mps.digital-monkey.in\/de\/produkt\/impeller-pumpendeckel-dichtung-fuer-volvo-penta-846111\/","title":{"rendered":"Impeller Pumpendeckel Dichtung f\u00fcr Volvo Penta - 846111"},"content":{"rendered":"<p data-start=\"488\" data-end=\"568\">Diese <strong data-start=\"493\" data-end=\"523\">Impeller-Pumpenabdeckungsdichtung<\/strong> ersetzt die <strong data-start=\"533\" data-end=\"567\">Volvo Penta Teilenummer 846111<\/strong>.<\/p>\n<p data-start=\"570\" data-end=\"713\">Entwickelt, um eine sichere Abdichtung zwischen dem Geh\u00e4use der Seewasserpumpe und dem Deckel zu gew\u00e4hrleisten, um Lecks zu verhindern und eine einwandfreie Leistung des K\u00fchlsystems sicherzustellen.<\/p>\n<h3 data-section-id=\"8dt1jj\" data-start=\"762\" data-end=\"800\">Ersetzt die Volvo Penta Teilenummer<\/h3>\n<ul data-start=\"801\" data-end=\"811\">\n<li data-section-id=\"1b7rsz\" data-start=\"801\" data-end=\"811\">\n<p data-start=\"803\" data-end=\"811\">846111<\/p>\n<\/li>\n<\/ul>\n<h3 data-section-id=\"gsqrmz\" data-start=\"818\" data-end=\"847\"><\/h3>\n<h3 data-section-id=\"gsqrmz\" data-start=\"818\" data-end=\"847\">Warum diese Dichtung w\u00e4hlen?<\/h3>\n<ul data-start=\"848\" data-end=\"1035\">\n<li data-section-id=\"16e6jmv\" data-start=\"848\" data-end=\"876\">\n<p data-start=\"850\" data-end=\"876\">Pr\u00e4ziser OEM-Ersatz<\/p>\n<\/li>\n<li data-section-id=\"1p78feb\" data-start=\"877\" data-end=\"909\">\n<p data-start=\"879\" data-end=\"909\">Zuverl\u00e4ssige Versiegelungsleistung<\/p>\n<\/li>\n<li data-section-id=\"mlim79\" data-start=\"910\" data-end=\"937\">\n<p data-start=\"912\" data-end=\"937\">Langlebiges Dichtungsmaterial<\/p>\n<\/li>\n<li data-section-id=\"zmyizp\" data-start=\"938\" data-end=\"976\">\n<p data-start=\"940\" data-end=\"976\">Geeignet f\u00fcr den Einsatz von Seewasserpumpen<\/p>\n<\/li>\n<li data-section-id=\"ch22y4\" data-start=\"977\" data-end=\"1006\">\n<p data-start=\"979\" data-end=\"1006\">Ausgezeichnetes Preis-Leistungs-Verh\u00e4ltnis<\/p>\n<\/li>\n<li data-section-id=\"9p0pk2\" data-start=\"1007\" data-end=\"1035\">\n<p data-start=\"1009\" data-end=\"1035\">Schnelle Lieferung ab Lager<\/p>\n<\/li>\n<\/ul>\n<h3 data-section-id=\"12d0ten\" data-start=\"1042\" data-end=\"1078\"><\/h3>\n<h3 data-section-id=\"12d0ten\" data-start=\"1042\" data-end=\"1078\">Kompatible Volvo Penta-Motoren<\/h3>\n<p data-start=\"1080\" data-end=\"1100\"><strong data-start=\"1080\" data-end=\"1098\">AD \/ AQ Serie<\/strong><\/p>\n<ul data-start=\"1101\" data-end=\"1145\">\n<li data-section-id=\"vbj0rv\" data-start=\"1101\" data-end=\"1110\">\n<p data-start=\"1103\" data-end=\"1110\">AD40B<\/p>\n<\/li>\n<li data-section-id=\"y5zffc\" data-start=\"1111\" data-end=\"1122\">\n<p data-start=\"1113\" data-end=\"1122\">AQAD40A<\/p>\n<\/li>\n<li data-section-id=\"y5zgbf\" data-start=\"1123\" data-end=\"1134\">\n<p data-start=\"1125\" data-end=\"1134\">AQAD40B<\/p>\n<\/li>\n<li data-section-id=\"10ausih\" data-start=\"1135\" data-end=\"1145\">\n<p data-start=\"1137\" data-end=\"1145\">AQD40A<\/p>\n<\/li>\n<\/ul>\n<p data-start=\"1147\" data-end=\"1162\"><strong data-start=\"1147\" data-end=\"1160\">MD-Serie<\/strong><\/p>\n<ul data-start=\"1163\" data-end=\"1208\">\n<li data-section-id=\"bw9ack\" data-start=\"1163\" data-end=\"1172\">\n<p data-start=\"1165\" data-end=\"1172\">MD40A<\/p>\n<\/li>\n<li data-section-id=\"zgnxch\" data-start=\"1173\" data-end=\"1183\">\n<p data-start=\"1175\" data-end=\"1183\">MD100A<\/p>\n<\/li>\n<li data-section-id=\"zgnzte\" data-start=\"1184\" data-end=\"1194\">\n<p data-start=\"1186\" data-end=\"1194\">MD100B<\/p>\n<\/li>\n<li data-section-id=\"1v3la73\" data-start=\"1195\" data-end=\"1208\">\n<p data-start=\"1197\" data-end=\"1208\">MD100B-CC<\/p>\n<\/li>\n<\/ul>\n<p data-start=\"1210\" data-end=\"1227\"><strong data-start=\"1210\" data-end=\"1225\">TAMD-Serie<\/strong><\/p>\n<ul data-start=\"1228\" data-end=\"1420\">\n<li data-section-id=\"1plrkep\" data-start=\"1228\" data-end=\"1239\">\n<p data-start=\"1230\" data-end=\"1239\">TAMD40A<\/p>\n<\/li>\n<li data-section-id=\"1plrmvm\" data-start=\"1240\" data-end=\"1251\">\n<p data-start=\"1242\" data-end=\"1251\">TAMD40B<\/p>\n<\/li>\n<li data-section-id=\"1pn74mq\" data-start=\"1252\" data-end=\"1263\">\n<p data-start=\"1254\" data-end=\"1263\">TAMD61A<\/p>\n<\/li>\n<li data-section-id=\"1pn7ump\" data-start=\"1264\" data-end=\"1275\">\n<p data-start=\"1266\" data-end=\"1275\">TAMD62A<\/p>\n<\/li>\n<li data-section-id=\"1ppbdrn\" data-start=\"1276\" data-end=\"1287\">\n<p data-start=\"1278\" data-end=\"1287\">TAMD71A<\/p>\n<\/li>\n<li data-section-id=\"1ppb9m8\" data-start=\"1288\" data-end=\"1299\">\n<p data-start=\"1290\" data-end=\"1299\">TAMD71B<\/p>\n<\/li>\n<li data-section-id=\"1ppakb4\" data-start=\"1300\" data-end=\"1311\">\n<p data-start=\"1302\" data-end=\"1311\">TAMD72A<\/p>\n<\/li>\n<li data-section-id=\"1uftrak\" data-start=\"1312\" data-end=\"1325\">\n<p data-start=\"1314\" data-end=\"1325\">TAMD73P-A<\/p>\n<\/li>\n<li data-section-id=\"1vsiayp\" data-start=\"1326\" data-end=\"1340\">\n<p data-start=\"1328\" data-end=\"1340\">TAMD73WJ-A<\/p>\n<\/li>\n<li data-section-id=\"1cnyxmu\" data-start=\"1341\" data-end=\"1353\">\n<p data-start=\"1343\" data-end=\"1353\">TAMD120A<\/p>\n<\/li>\n<li data-section-id=\"1cnyv5x\" data-start=\"1354\" data-end=\"1366\">\n<p data-start=\"1356\" data-end=\"1366\">TAMD120B<\/p>\n<\/li>\n<li data-section-id=\"1cnv28y\" data-start=\"1367\" data-end=\"1379\">\n<p data-start=\"1369\" data-end=\"1379\">TAMD121D<\/p>\n<\/li>\n<li data-section-id=\"1cnuemc\" data-start=\"1380\" data-end=\"1392\">\n<p data-start=\"1382\" data-end=\"1392\">TAMD122A<\/p>\n<\/li>\n<li data-section-id=\"48yx1k\" data-start=\"1393\" data-end=\"1407\">\n<p data-start=\"1395\" data-end=\"1407\">TAMD122A\/C<\/p>\n<\/li>\n<li data-section-id=\"1cnuagx\" data-start=\"1408\" data-end=\"1420\">\n<p data-start=\"1410\" data-end=\"1420\">TAMD122D<\/p>\n<\/li>\n<\/ul>\n<p data-start=\"1422\" data-end=\"1438\"><strong data-start=\"1422\" data-end=\"1436\">TMD-Serie<\/strong><\/p>\n<ul data-start=\"1439\" data-end=\"1555\">\n<li data-section-id=\"1f8j6y8\" data-start=\"1439\" data-end=\"1449\">\n<p data-start=\"1441\" data-end=\"1449\">TMD40A<\/p>\n<\/li>\n<li data-section-id=\"1f8jb3n\" data-start=\"1450\" data-end=\"1460\">\n<p data-start=\"1452\" data-end=\"1460\">TMD40B<\/p>\n<\/li>\n<li data-section-id=\"1f8j8mq\" data-start=\"1461\" data-end=\"1471\">\n<p data-start=\"1463\" data-end=\"1471\">TMD40C<\/p>\n<\/li>\n<li data-section-id=\"1o8s11h\" data-start=\"1472\" data-end=\"1483\">\n<p data-start=\"1474\" data-end=\"1483\">TMD100A<\/p>\n<\/li>\n<li data-section-id=\"1o8s2pz\" data-start=\"1484\" data-end=\"1495\">\n<p data-start=\"1486\" data-end=\"1495\">TMD100C<\/p>\n<\/li>\n<li data-section-id=\"1o8qkxz\" data-start=\"1496\" data-end=\"1507\">\n<p data-start=\"1498\" data-end=\"1507\">TMD102A<\/p>\n<\/li>\n<li data-section-id=\"1oa6v5z\" data-start=\"1508\" data-end=\"1519\">\n<p data-start=\"1510\" data-end=\"1519\">TMD120A<\/p>\n<\/li>\n<li data-section-id=\"1oa6u9w\" data-start=\"1520\" data-end=\"1531\">\n<p data-start=\"1522\" data-end=\"1531\">TMD120B<\/p>\n<\/li>\n<li data-section-id=\"1oa7jl0\" data-start=\"1532\" data-end=\"1543\">\n<p data-start=\"1534\" data-end=\"1543\">TMD121C<\/p>\n<\/li>\n<li data-section-id=\"1oa2c5h\" data-start=\"1544\" data-end=\"1555\">\n<p data-start=\"1546\" data-end=\"1555\">TMD122A<\/p>\n<\/li>\n<\/ul>\n<p data-start=\"1557\" data-end=\"1649\">Fragen zur Kompatibilit\u00e4t oder Installation?  <strong data-start=\"1604\" data-end=\"1649\">Unsere Marinespezialisten helfen Ihnen gerne weiter.<\/strong><\/p>\n","protected":false},"excerpt":{"rendered":"<p>Diese Impeller-Pumpenabdeckungsdichtung ersetzt die Volvo Penta Teilenummer 846111. Entwickelt, um eine sichere Abdichtung zwischen dem Geh\u00e4use der Seewasserpumpe und dem Deckel zu gew\u00e4hrleisten, um Lecks zu verhindern und eine einwandfreie Leistung des K\u00fchlsystems sicherzustellen. Ersetzt die Volvo Penta Teilenummer 846111 Warum diese Dichtung w\u00e4hlen? Pr\u00e4ziser OEM-Ersatz Zuverl\u00e4ssige Versiegelungsleistung Langlebiges Dichtungsmaterial Geeignet f\u00fcr den Einsatz von [&hellip;]<\/p>\n","protected":false},"featured_media":47326,"comment_status":"open","ping_status":"closed","template":"","meta":[],"product_brand":[4230],"product_cat":[2498,3037,3215],"product_tag":[],"class_list":{"0":"post-47325","1":"product","2":"type-product","3":"status-publish","4":"has-post-thumbnail","6":"product_brand-volvo-penta","7":"product_cat-ersatzteile-fur-motoren","8":"product_cat-kits-fur-wartung-und-reparatur","9":"product_cat-wasserpumpen-teile","10":"pa_condition-neu","11":"pa_model-ad40","12":"pa_model-aqad40","13":"pa_model-aqd40","14":"pa_model-md100","15":"pa_model-md40","16":"pa_model-tamd120","17":"pa_model-tamd122","18":"pa_model-tamd40","19":"pa_model-tamd61","20":"pa_model-tamd62","21":"pa_model-tamd71","22":"pa_model-tamd72","23":"pa_model-tamd73","24":"pa_model-tmd100","25":"pa_model-tmd102","26":"pa_model-tmd120","27":"pa_model-tmd40","28":"pa_oem-or-aftermarket-aftermarket","30":"first","31":"instock","32":"taxable","33":"shipping-taxable","34":"purchasable","35":"product-type-simple"},"supplier_id":7294,"supplier_sku":"REC846111","barcode":null,"atum_controlled":true,"out_stock_date":null,"out_stock_threshold":null,"inheritable":false,"inbound_stock":0,"stock_on_hold":0,"sold_today":0,"sales_last_days":0,"reserved_stock":0,"customer_returns":0,"warehouse_damage":0,"lost_in_post":0,"other_logs":0,"out_stock_days":0,"lost_sales":0,"has_location":false,"update_date":"2026-03-20T13:15:37","atum_locations":[],"atum_stock_status":"instock","restock_status":false,"low_stock_amount":1,"sales_update_date":"2026-03-20T13:15:37","calc_backorders":null,"_links":{"self":[{"href":"https:\/\/mps.digital-monkey.in\/de\/wp-json\/wp\/v2\/product\/47325","targetHints":{"allow":["GET"]}}],"collection":[{"href":"https:\/\/mps.digital-monkey.in\/de\/wp-json\/wp\/v2\/product"}],"about":[{"href":"https:\/\/mps.digital-monkey.in\/de\/wp-json\/wp\/v2\/types\/product"}],"replies":[{"embeddable":true,"href":"https:\/\/mps.digital-monkey.in\/de\/wp-json\/wp\/v2\/comments?post=47325"}],"wp:featuredmedia":[{"embeddable":true,"href":"https:\/\/mps.digital-monkey.in\/de\/wp-json\/wp\/v2\/media\/47326"}],"wp:attachment":[{"href":"https:\/\/mps.digital-monkey.in\/de\/wp-json\/wp\/v2\/media?parent=47325"}],"wp:term":[{"taxonomy":"product_brand","embeddable":true,"href":"https:\/\/mps.digital-monkey.in\/de\/wp-json\/wp\/v2\/product_brand?post=47325"},{"taxonomy":"product_cat","embeddable":true,"href":"https:\/\/mps.digital-monkey.in\/de\/wp-json\/wp\/v2\/product_cat?post=47325"},{"taxonomy":"product_tag","embeddable":true,"href":"https:\/\/mps.digital-monkey.in\/de\/wp-json\/wp\/v2\/product_tag?post=47325"}],"curies":[{"name":"wp","href":"https:\/\/api.w.org\/{rel}","templated":true}]}}