{"id":47338,"date":"2026-02-23T10:46:50","date_gmt":"2026-02-23T10:46:50","guid":{"rendered":"https:\/\/mps.digital-monkey.in\/product\/auspuffkruemmerdichtung-fuer-volvo-penta-d2-60-d2-75-21194801\/"},"modified":"2026-02-23T10:46:50","modified_gmt":"2026-02-23T10:46:50","slug":"auspuffkruemmerdichtung-fuer-volvo-penta-d2-60-d2-75-21194801","status":"publish","type":"product","link":"https:\/\/mps.digital-monkey.in\/de\/product\/auspuffkruemmerdichtung-fuer-volvo-penta-d2-60-d2-75-21194801\/","title":{"rendered":"Auspuffkr\u00fcmmerdichtung f\u00fcr Volvo Penta D2-60 \/ D2-75 &#8211; 21194801"},"content":{"rendered":"<p data-start=\"503\" data-end=\"664\">Diese <strong data-start=\"508\" data-end=\"532\">Auspuffkr\u00fcmmerdichtung<\/strong> ist f\u00fcr verschiedene Volvo Penta Schiffsdieselmotoren der Serie D2 geeignet. Sie ersetzt die <strong data-start=\"614\" data-end=\"663\">Volvo Penta Teilenummern 21194801 und 3584414<\/strong>. <\/p>\n<p data-start=\"666\" data-end=\"827\">Entwickelt, um eine zuverl\u00e4ssige Abdichtung zwischen dem Auspuffkr\u00fcmmer und dem Turbo oder dem Auspuffkr\u00fcmmer zu gew\u00e4hrleisten, um Abgaslecks zu verhindern und eine ordnungsgem\u00e4\u00dfe Motorleistung sicherzustellen.<\/p>\n<p data-start=\"829\" data-end=\"883\">Ideal f\u00fcr die Wartung der Auspuffanlage oder des Turbos.<\/p>\n<h3 data-section-id=\"1rk93q4\" data-start=\"890\" data-end=\"929\"><\/h3>\n<h3 data-section-id=\"1rk93q4\" data-start=\"890\" data-end=\"929\">Ersetzt Volvo Penta Teilenummern<\/h3>\n<ul data-start=\"930\" data-end=\"954\">\n<li data-section-id=\"1dw2a32\" data-start=\"930\" data-end=\"942\">\n<p data-start=\"932\" data-end=\"942\">21194801<\/p>\n<\/li>\n<li data-section-id=\"v9w1ar\" data-start=\"943\" data-end=\"954\">\n<p data-start=\"945\" data-end=\"954\">3584414<\/p>\n<\/li>\n<\/ul>\n<h3 data-section-id=\"1llz165\" data-start=\"961\" data-end=\"998\"><\/h3>\n<h3 data-section-id=\"1llz165\" data-start=\"961\" data-end=\"998\">Warum diese Auspuffdichtung w\u00e4hlen?<\/h3>\n<ul data-start=\"999\" data-end=\"1157\">\n<li data-section-id=\"16e6jmv\" data-start=\"999\" data-end=\"1027\">\n<p data-start=\"1001\" data-end=\"1027\">Pr\u00e4ziser OEM-Ersatz<\/p>\n<\/li>\n<li data-section-id=\"18hdv7o\" data-start=\"1028\" data-end=\"1069\">\n<p data-start=\"1030\" data-end=\"1069\">Hitze- und druckbest\u00e4ndiges Material<\/p>\n<\/li>\n<li data-section-id=\"1lsh5ot\" data-start=\"1070\" data-end=\"1098\">\n<p data-start=\"1072\" data-end=\"1098\">Zuverl\u00e4ssige Abdichtung des Auspuffs<\/p>\n<\/li>\n<li data-section-id=\"ch22y4\" data-start=\"1099\" data-end=\"1128\">\n<p data-start=\"1101\" data-end=\"1128\">Ausgezeichnetes Preis-Leistungs-Verh\u00e4ltnis<\/p>\n<\/li>\n<li data-section-id=\"9p0pk2\" data-start=\"1129\" data-end=\"1157\">\n<p data-start=\"1131\" data-end=\"1157\">Schnelle Lieferung ab Lager<\/p>\n<\/li>\n<\/ul>\n<h3 data-section-id=\"1l77q71\" data-start=\"1164\" data-end=\"1188\"><\/h3>\n<h3 data-section-id=\"1l77q71\" data-start=\"1164\" data-end=\"1188\">Kompatible Motoren<\/h3>\n<ul data-start=\"1189\" data-end=\"1302\">\n<li data-section-id=\"vlfv5\" data-start=\"1189\" data-end=\"1211\">\n<p data-start=\"1191\" data-end=\"1211\">Volvo Penta D2-60F<\/p>\n<\/li>\n<li data-section-id=\"u5q8sz\" data-start=\"1212\" data-end=\"1233\">\n<p data-start=\"1214\" data-end=\"1233\">Volvo Penta D2-75<\/p>\n<\/li>\n<li data-section-id=\"tgjzl\" data-start=\"1234\" data-end=\"1256\">\n<p data-start=\"1236\" data-end=\"1256\">Volvo Penta D2-75B<\/p>\n<\/li>\n<li data-section-id=\"tghio\" data-start=\"1257\" data-end=\"1279\">\n<p data-start=\"1259\" data-end=\"1279\">Volvo Penta D2-75C<\/p>\n<\/li>\n<li data-section-id=\"tgncl\" data-start=\"1280\" data-end=\"1302\">\n<p data-start=\"1282\" data-end=\"1302\">Volvo Penta D2-75F<\/p>\n<\/li>\n<\/ul>\n<p data-start=\"1304\" data-end=\"1396\">Fragen zur Kompatibilit\u00e4t oder Installation?  <strong data-start=\"1351\" data-end=\"1396\">Unsere Marinespezialisten helfen Ihnen gerne weiter.<\/strong><\/p>\n","protected":false},"excerpt":{"rendered":"<p>Diese Auspuffkr\u00fcmmerdichtung ist f\u00fcr verschiedene Volvo Penta Schiffsdieselmotoren der Serie D2 geeignet. Sie ersetzt die Volvo Penta Teilenummern 21194801 und 3584414. Entwickelt, um eine zuverl\u00e4ssige Abdichtung zwischen dem Auspuffkr\u00fcmmer und dem Turbo oder dem Auspuffkr\u00fcmmer zu gew\u00e4hrleisten, um Abgaslecks zu verhindern und eine ordnungsgem\u00e4\u00dfe Motorleistung sicherzustellen. Ideal f\u00fcr die Wartung der Auspuffanlage oder des Turbos. [&hellip;]<\/p>\n","protected":false},"featured_media":47339,"comment_status":"open","ping_status":"closed","template":"","meta":[],"product_brand":[4230],"product_cat":[3596],"product_tag":[],"class_list":{"0":"post-47338","1":"product","2":"type-product","3":"status-publish","4":"has-post-thumbnail","6":"product_brand-volvo-penta","7":"product_cat-schlauche-und-armaturen","8":"pa_condition-neu","9":"pa_model-d2-60","10":"pa_model-d2-75","11":"pa_oem-or-aftermarket-aftermarket","13":"first","14":"onbackorder","15":"taxable","16":"shipping-taxable","17":"purchasable","18":"product-type-simple"},"supplier_id":7294,"supplier_sku":"REC21194801","barcode":null,"atum_controlled":true,"out_stock_date":"2026-02-23 10:46:55","out_stock_threshold":null,"inheritable":false,"inbound_stock":0,"stock_on_hold":0,"sold_today":0,"sales_last_days":0,"reserved_stock":0,"customer_returns":0,"warehouse_damage":0,"lost_in_post":0,"other_logs":0,"out_stock_days":25,"lost_sales":0,"has_location":false,"update_date":"2026-03-20T11:16:39","atum_locations":[],"atum_stock_status":"onbackorder","restock_status":false,"low_stock_amount":1,"sales_update_date":"2026-03-20T11:16:39","calc_backorders":null,"_links":{"self":[{"href":"https:\/\/mps.digital-monkey.in\/de\/wp-json\/wp\/v2\/product\/47338","targetHints":{"allow":["GET"]}}],"collection":[{"href":"https:\/\/mps.digital-monkey.in\/de\/wp-json\/wp\/v2\/product"}],"about":[{"href":"https:\/\/mps.digital-monkey.in\/de\/wp-json\/wp\/v2\/types\/product"}],"replies":[{"embeddable":true,"href":"https:\/\/mps.digital-monkey.in\/de\/wp-json\/wp\/v2\/comments?post=47338"}],"wp:featuredmedia":[{"embeddable":true,"href":"https:\/\/mps.digital-monkey.in\/de\/wp-json\/wp\/v2\/media\/47339"}],"wp:attachment":[{"href":"https:\/\/mps.digital-monkey.in\/de\/wp-json\/wp\/v2\/media?parent=47338"}],"wp:term":[{"taxonomy":"product_brand","embeddable":true,"href":"https:\/\/mps.digital-monkey.in\/de\/wp-json\/wp\/v2\/product_brand?post=47338"},{"taxonomy":"product_cat","embeddable":true,"href":"https:\/\/mps.digital-monkey.in\/de\/wp-json\/wp\/v2\/product_cat?post=47338"},{"taxonomy":"product_tag","embeddable":true,"href":"https:\/\/mps.digital-monkey.in\/de\/wp-json\/wp\/v2\/product_tag?post=47338"}],"curies":[{"name":"wp","href":"https:\/\/api.w.org\/{rel}","templated":true}]}}