{"id":47348,"date":"2026-02-23T16:05:46","date_gmt":"2026-02-23T16:05:46","guid":{"rendered":"https:\/\/mps.digital-monkey.in\/product\/waermetauscher-dichtungssatz-fuer-volvo-penta-tmd31l-tamd31p-tamd41p-kad-serie\/"},"modified":"2026-04-07T19:38:44","modified_gmt":"2026-04-07T19:38:44","slug":"waermetauscher-dichtungssatz-fuer-volvo-penta-tmd31l-tamd31p-tamd41p-kad-serie","status":"publish","type":"product","link":"https:\/\/mps.digital-monkey.in\/de\/product\/waermetauscher-dichtungssatz-fuer-volvo-penta-tmd31l-tamd31p-tamd41p-kad-serie\/","title":{"rendered":"W\u00e4rmetauscher-Dichtungssatz f\u00fcr Volvo Penta TMD31L \/ TAMD31P \/ TAMD41P \/ KAD Serie"},"content":{"rendered":"<p data-start=\"519\" data-end=\"768\">Dieser <strong data-start=\"524\" data-end=\"551\">Dichtungssatz f\u00fcr den W\u00e4rmetauscher<\/strong> ist f\u00fcr eine Reihe von Volvo Penta Schiffsdieselmotoren geeignet. Der Satz enth\u00e4lt die erforderlichen Dichtungen f\u00fcr die Wartung und Wiederabdichtung der W\u00e4rmetauschereinheit, um die ordnungsgem\u00e4\u00dfe Leistung des K\u00fchlsystems zu gew\u00e4hrleisten und Lecks zu verhindern. <\/p>\n<p data-start=\"770\" data-end=\"832\">Ideal f\u00fcr Wartung, \u00dcberholung oder Inspektion von W\u00e4rmetauschern.<\/p>\n<h3 data-section-id=\"12d0ten\" data-start=\"1067\" data-end=\"1103\">Kompatible Volvo Penta-Motoren<\/h3>\n<ul data-start=\"1105\" data-end=\"1208\">\n<li data-section-id=\"1fddh97\" data-start=\"1105\" data-end=\"1115\">\n<p data-start=\"1107\" data-end=\"1115\">TMD31L<\/p>\n<\/li>\n<li data-section-id=\"1ps4m3q\" data-start=\"1116\" data-end=\"1127\">\n<p data-start=\"1118\" data-end=\"1127\">TAMD31P<\/p>\n<\/li>\n<li data-section-id=\"1plrzj5\" data-start=\"1128\" data-end=\"1139\">\n<p data-start=\"1130\" data-end=\"1139\">TAMD41P<\/p>\n<\/li>\n<li data-section-id=\"vbikrc\" data-start=\"1140\" data-end=\"1149\">\n<p data-start=\"1142\" data-end=\"1149\">AD41P<\/p>\n<\/li>\n<li data-section-id=\"1ch9ptd\" data-start=\"1150\" data-end=\"1160\">\n<p data-start=\"1152\" data-end=\"1160\">KAD43P<\/p>\n<\/li>\n<li data-section-id=\"1chakuu\" data-start=\"1161\" data-end=\"1171\">\n<p data-start=\"1163\" data-end=\"1171\">KAD44P<\/p>\n<\/li>\n<li data-section-id=\"1ckraid\" data-start=\"1172\" data-end=\"1182\">\n<p data-start=\"1174\" data-end=\"1182\">KAD300<\/p>\n<\/li>\n<li data-section-id=\"1itlvrv\" data-start=\"1183\" data-end=\"1195\">\n<p data-start=\"1185\" data-end=\"1195\">KAD32P-A<\/p>\n<\/li>\n<li data-section-id=\"1edw1kp\" data-start=\"1196\" data-end=\"1208\">\n<p data-start=\"1198\" data-end=\"1208\">KAMD300A<\/p>\n<\/li>\n<\/ul>\n<p data-start=\"1210\" data-end=\"1302\">Fragen zur Kompatibilit\u00e4t oder Installation?  <strong data-start=\"1257\" data-end=\"1302\">Unsere Marinespezialisten helfen Ihnen gerne weiter.<\/strong><\/p>\n","protected":false},"excerpt":{"rendered":"<p>Dieser Dichtungssatz f\u00fcr den W\u00e4rmetauscher ist f\u00fcr eine Reihe von Volvo Penta Schiffsdieselmotoren geeignet. Der Satz enth\u00e4lt die erforderlichen Dichtungen f\u00fcr die Wartung und Wiederabdichtung der W\u00e4rmetauschereinheit, um die ordnungsgem\u00e4\u00dfe Leistung des K\u00fchlsystems zu gew\u00e4hrleisten und Lecks zu verhindern. Ideal f\u00fcr Wartung, \u00dcberholung oder Inspektion von W\u00e4rmetauschern. Kompatible Volvo Penta-Motoren TMD31L TAMD31P TAMD41P AD41P KAD43P [&hellip;]<\/p>\n","protected":false},"featured_media":47349,"comment_status":"open","ping_status":"closed","template":"","meta":[],"product_brand":[4230],"product_cat":[4488,2498,3037,3038,4308],"product_tag":[],"class_list":{"0":"post-47348","1":"product","2":"type-product","3":"status-publish","4":"has-post-thumbnail","6":"product_brand-volvo-penta","7":"product_cat-brauchen-sie-volvo-penta-teile","8":"product_cat-ersatzteile-fur-motoren","9":"product_cat-kits-fur-wartung-und-reparatur","10":"product_cat-motor-dichtungen","11":"product_cat-volvo-penta","12":"pa_condition-neu","13":"pa_model-ad41","14":"pa_model-kad300","15":"pa_model-kad32","16":"pa_model-kad43","17":"pa_model-kad44","18":"pa_model-kamd300","19":"pa_model-tamd31","20":"pa_model-tamd41","21":"pa_model-tmd31","22":"pa_oem-or-aftermarket-aftermarket","24":"first","25":"instock","26":"taxable","27":"shipping-taxable","28":"purchasable","29":"product-type-simple"},"supplier_id":7294,"supplier_sku":"REC22109","barcode":null,"atum_controlled":true,"out_stock_date":null,"out_stock_threshold":null,"inheritable":false,"inbound_stock":0,"stock_on_hold":0,"sold_today":0,"sales_last_days":0,"reserved_stock":0,"customer_returns":0,"warehouse_damage":0,"lost_in_post":0,"other_logs":0,"out_stock_days":0,"lost_sales":0,"has_location":false,"update_date":"2026-04-07T19:38:23","atum_locations":[],"atum_stock_status":"instock","restock_status":false,"low_stock_amount":0,"sales_update_date":"2026-03-20T13:15:36","calc_backorders":null,"_links":{"self":[{"href":"https:\/\/mps.digital-monkey.in\/de\/wp-json\/wp\/v2\/product\/47348","targetHints":{"allow":["GET"]}}],"collection":[{"href":"https:\/\/mps.digital-monkey.in\/de\/wp-json\/wp\/v2\/product"}],"about":[{"href":"https:\/\/mps.digital-monkey.in\/de\/wp-json\/wp\/v2\/types\/product"}],"replies":[{"embeddable":true,"href":"https:\/\/mps.digital-monkey.in\/de\/wp-json\/wp\/v2\/comments?post=47348"}],"wp:featuredmedia":[{"embeddable":true,"href":"https:\/\/mps.digital-monkey.in\/de\/wp-json\/wp\/v2\/media\/47349"}],"wp:attachment":[{"href":"https:\/\/mps.digital-monkey.in\/de\/wp-json\/wp\/v2\/media?parent=47348"}],"wp:term":[{"taxonomy":"product_brand","embeddable":true,"href":"https:\/\/mps.digital-monkey.in\/de\/wp-json\/wp\/v2\/product_brand?post=47348"},{"taxonomy":"product_cat","embeddable":true,"href":"https:\/\/mps.digital-monkey.in\/de\/wp-json\/wp\/v2\/product_cat?post=47348"},{"taxonomy":"product_tag","embeddable":true,"href":"https:\/\/mps.digital-monkey.in\/de\/wp-json\/wp\/v2\/product_tag?post=47348"}],"curies":[{"name":"wp","href":"https:\/\/api.w.org\/{rel}","templated":true}]}}