{"id":47364,"date":"2026-02-24T09:11:09","date_gmt":"2026-02-24T09:11:09","guid":{"rendered":"https:\/\/mps.digital-monkey.in\/product\/impeller-kit-cef500100gx-ersatz-fuer-volvo-3580029-yanmar-104211-42070\/"},"modified":"2026-02-24T09:45:50","modified_gmt":"2026-02-24T09:45:50","slug":"impeller-kit-cef500100gx-ersatz-fuer-volvo-3580029-yanmar-104211-42070","status":"publish","type":"product","link":"https:\/\/mps.digital-monkey.in\/de\/product\/impeller-kit-cef500100gx-ersatz-fuer-volvo-3580029-yanmar-104211-42070\/","title":{"rendered":"Impeller Kit CEF500100GX &#8211; Ersatz f\u00fcr Volvo 3580029, Yanmar 104211-42070"},"content":{"rendered":"<p data-start=\"326\" data-end=\"569\">Der CEF500100GX ist ein hochwertiger Impeller f\u00fcr die Schifffahrt, der f\u00fcr Seewasserpumpenanwendungen in Diesel- und Benzinmotoren entwickelt wurde. Er gew\u00e4hrleistet einen gleichm\u00e4\u00dfigen Wasserdurchfluss f\u00fcr eine ordnungsgem\u00e4\u00dfe Motork\u00fchlung und einen zuverl\u00e4ssigen Betrieb unter anspruchsvollen maritimen Bedingungen. <\/p>\n<p data-start=\"571\" data-end=\"702\">Dieser Impeller wird aus strapazierf\u00e4higem Neopren in Marinequalit\u00e4t hergestellt und bietet eine hervorragende Flexibilit\u00e4t, Verschlei\u00dffestigkeit und lange Lebensdauer.<\/p>\n<p data-start=\"704\" data-end=\"812\">Entwickelt als direkter Ersatz f\u00fcr mehrere OEM-Teilenummern von f\u00fchrenden Schiffsmotoren- und Pumpenmarken.<\/p>\n<hr data-start=\"814\" data-end=\"817\">\n<h2 data-section-id=\"1cgu054\" data-start=\"819\" data-end=\"846\">Technische Daten<\/h2>\n<ul data-start=\"848\" data-end=\"1026\">\n<li data-section-id=\"pb6rub\" data-start=\"848\" data-end=\"871\">\n<p data-start=\"850\" data-end=\"871\">Anzahl der Klingen: 6<\/p>\n<\/li>\n<li data-section-id=\"6fc3bb\" data-start=\"872\" data-end=\"903\">\n<p data-start=\"874\" data-end=\"903\">\u00c4u\u00dferer Durchmesser (\u00d8): 39,6 mm<\/p>\n<\/li>\n<li data-section-id=\"6s3iou\" data-start=\"904\" data-end=\"923\">\n<p data-start=\"906\" data-end=\"923\">Breite: 18.94 mm<\/p>\n<\/li>\n<li data-section-id=\"gwh9pn\" data-start=\"924\" data-end=\"951\">\n<p data-start=\"926\" data-end=\"951\">Schaft-Durchmesser: 9.54 mm<\/p>\n<\/li>\n<li data-section-id=\"xfs9zp\" data-start=\"952\" data-end=\"987\">\n<p data-start=\"954\" data-end=\"987\">Material: Marine-grade Neopren<\/p>\n<\/li>\n<li data-section-id=\"znntlp\" data-start=\"988\" data-end=\"1026\">\n<p data-start=\"990\" data-end=\"1026\">Anwendung: Seewasser-K\u00fchlpumpe<\/p>\n<\/li>\n<\/ul>\n<p data-start=\"1028\" data-end=\"1105\">Diese Abmessungen m\u00fcssen mit Ihrem vorhandenen Impeller \u00fcbereinstimmen, um eine korrekte Montage zu gew\u00e4hrleisten.<\/p>\n<hr data-start=\"1107\" data-end=\"1110\">\n<h2 data-section-id=\"1yl9vju\" data-start=\"1112\" data-end=\"1140\">Ersetzt OEM-Teilenummern<\/h2>\n<h3 data-section-id=\"1btyg4k\" data-start=\"1142\" data-end=\"1159\">Volvo Penta<\/h3>\n<p data-start=\"1160\" data-end=\"1224\">3580029<br data-start=\"1167\" data-end=\"1170\">3586494<br data-start=\"1177\" data-end=\"1180\">803729<br data-start=\"1186\" data-end=\"1189\">807369<br data-start=\"1195\" data-end=\"1198\">833550<br data-start=\"1204\" data-end=\"1207\">875807<br data-start=\"1213\" data-end=\"1216\">876689<\/p>\n<h3 data-section-id=\"1egkfu6\" data-start=\"1226\" data-end=\"1238\">Yanmar<\/h3>\n<p data-start=\"1239\" data-end=\"1253\">104211-42070<\/p>\n<h3 data-section-id=\"ras6zi\" data-start=\"1255\" data-end=\"1268\">Perkins<\/h3>\n<p data-start=\"1269\" data-end=\"1279\">24880272<\/p>\n<h3 data-section-id=\"1f6q2yh\" data-start=\"1281\" data-end=\"1295\">Sherwood<\/h3>\n<p data-start=\"1296\" data-end=\"1311\">09979<br data-start=\"1301\" data-end=\"1304\">9979K<\/p>\n<h3 data-section-id=\"1q9b2kv\" data-start=\"1313\" data-end=\"1331\">Johnson Pumpe<\/h3>\n<p data-start=\"1332\" data-end=\"1353\">09-806B<br data-start=\"1339\" data-end=\"1342\">09-806B-1<\/p>\n<h3 data-section-id=\"142je6o\" data-start=\"1355\" data-end=\"1367\">Jabsco<\/h3>\n<p data-start=\"1368\" data-end=\"1419\">4528-0001<br data-start=\"1377\" data-end=\"1380\">4528-0001-P<br data-start=\"1391\" data-end=\"1394\">4528-0003<br data-start=\"1403\" data-end=\"1406\">4528-0003-P<\/p>\n<h3 data-section-id=\"h5k59k\" data-start=\"1421\" data-end=\"1431\">Onan<\/h3>\n<p data-start=\"1432\" data-end=\"1442\">132-0859<\/p>\n<h3 data-section-id=\"l62iqo\" data-start=\"1444\" data-end=\"1455\">Nanni<\/h3>\n<p data-start=\"1456\" data-end=\"1464\">434014<\/p>\n<h3 data-section-id=\"fidh8y\" data-start=\"1466\" data-end=\"1476\">Bukh<\/h3>\n<p data-start=\"1477\" data-end=\"1487\">610G0102<\/p>\n<hr data-start=\"1489\" data-end=\"1492\">\n<h2 data-section-id=\"1188ah1\" data-start=\"1494\" data-end=\"1517\">Motor-Kompatibilit\u00e4t<\/h2>\n<h3 data-section-id=\"1btyg4k\" data-start=\"1519\" data-end=\"1536\">Volvo Penta<\/h3>\n<p data-start=\"1537\" data-end=\"1626\">MD1A<br data-start=\"1541\" data-end=\"1544\">MD1B<br data-start=\"1548\" data-end=\"1551\">MD2A<br data-start=\"1555\" data-end=\"1558\">MD2B<br data-start=\"1562\" data-end=\"1565\">MD3B<br data-start=\"1569\" data-end=\"1572\">MD6A<br data-start=\"1576\" data-end=\"1579\">MD7A<br data-start=\"1583\" data-end=\"1586\">MD7B<br data-start=\"1590\" data-end=\"1593\">MB10A<br data-start=\"1598\" data-end=\"1601\">AQD2B<br data-start=\"1606\" data-end=\"1609\">MD2010<br data-start=\"1615\" data-end=\"1618\">MD2020<\/p>\n<h3 data-section-id=\"1egkfu6\" data-start=\"1628\" data-end=\"1640\">Yanmar<\/h3>\n<p data-start=\"1641\" data-end=\"1713\">2GM<br data-start=\"1644\" data-end=\"1647\">2GM20<br data-start=\"1652\" data-end=\"1655\">3GM<br data-start=\"1658\" data-end=\"1661\">3GM30<br data-start=\"1666\" data-end=\"1669\">2QM15<br data-start=\"1674\" data-end=\"1677\">YSB8<br data-start=\"1681\" data-end=\"1684\">YSB12<br data-start=\"1689\" data-end=\"1692\">YSE8<br data-start=\"1696\" data-end=\"1699\">YSE12<br data-start=\"1704\" data-end=\"1707\">YSM7<\/p>\n<h3 data-section-id=\"ras6zi\" data-start=\"1715\" data-end=\"1728\">Perkins<\/h3>\n<p data-start=\"1729\" data-end=\"1741\">Perama M20<\/p>\n<h3 data-section-id=\"l62iqo\" data-start=\"1743\" data-end=\"1754\">Nanni<\/h3>\n<p data-start=\"1755\" data-end=\"1768\">FK2<br data-start=\"1758\" data-end=\"1761\">2.60H<\/p>\n<h3 data-section-id=\"h5k59k\" data-start=\"1770\" data-end=\"1780\">Onan<\/h3>\n<p data-start=\"1781\" data-end=\"1839\">Ausgew\u00e4hlte Schiffsgeneratormodelle mit Impeller 132-0859<\/p>\n<hr data-start=\"1841\" data-end=\"1844\">\n<h2 data-section-id=\"1ma7m6t\" data-start=\"1846\" data-end=\"1861\">Wesentliche Merkmale<\/h2>\n<ul data-start=\"1863\" data-end=\"2070\">\n<li data-section-id=\"1b1inkv\" data-start=\"1863\" data-end=\"1898\">\n<p data-start=\"1865\" data-end=\"1898\">Pr\u00e4zisionsgeformtes 6-Klingen-Design<\/p>\n<\/li>\n<li data-section-id=\"tg7nzv\" data-start=\"1899\" data-end=\"1937\">\n<p data-start=\"1901\" data-end=\"1937\">Genaue OEM-\u00e4quivalente Abmessungen<\/p>\n<\/li>\n<li data-section-id=\"8jnc41\" data-start=\"1938\" data-end=\"1972\">\n<p data-start=\"1940\" data-end=\"1972\">Breite marken\u00fcbergreifende Kompatibilit\u00e4t<\/p>\n<\/li>\n<li data-section-id=\"ew9uz2\" data-start=\"1973\" data-end=\"2008\">\n<p data-start=\"1975\" data-end=\"2008\">Widerstandsf\u00e4hig gegen Salzwasser und Hitze<\/p>\n<\/li>\n<li data-section-id=\"ojy423\" data-start=\"2009\" data-end=\"2070\">\n<p data-start=\"2011\" data-end=\"2070\">Geeignet f\u00fcr die routinem\u00e4\u00dfige Wartung oder den Austausch im Notfall<\/p>\n<\/li>\n<\/ul>\n<hr data-start=\"2072\" data-end=\"2075\">\n<h2 data-section-id=\"1qocus1\" data-start=\"2077\" data-end=\"2106\">Empfehlung zur Wartung<\/h2>\n<p data-start=\"2108\" data-end=\"2335\">Impeller sollten in der Regel j\u00e4hrlich oder etwa alle 200 Betriebsstunden ausgetauscht werden, je nach Betriebsbedingungen. Der Trockenlauf einer Pumpe, das Eindringen von Sand oder lange Leerlaufzeiten k\u00f6nnen die Lebensdauer des Impellers erheblich verk\u00fcrzen. <\/p>\n<p data-start=\"2337\" data-end=\"2431\">Ein regelm\u00e4\u00dfiger pr\u00e4ventiver Austausch hilft, \u00dcberhitzung zu vermeiden und das K\u00fchlsystem des Motors zu sch\u00fctzen.<\/p>\n<hr data-start=\"2433\" data-end=\"2436\">\n<h2 data-section-id=\"1odzwg3\" data-start=\"2438\" data-end=\"2456\">Unterst\u00fctzung bei der Anpassung<\/h2>\n<p data-start=\"2458\" data-end=\"2482\">\u00dcberpr\u00fcfen Sie vor der Bestellung:<\/p>\n<ul data-start=\"2484\" data-end=\"2578\">\n<li data-section-id=\"18m77pa\" data-start=\"2484\" data-end=\"2511\">\n<p data-start=\"2486\" data-end=\"2511\">\u00c4u\u00dferer Durchmesser: 39,6 mm<\/p>\n<\/li>\n<li data-section-id=\"6s3iou\" data-start=\"2512\" data-end=\"2531\">\n<p data-start=\"2514\" data-end=\"2531\">Breite: 18.94 mm<\/p>\n<\/li>\n<li data-section-id=\"orsphn\" data-start=\"2532\" data-end=\"2559\">\n<p data-start=\"2534\" data-end=\"2559\">Durchmesser der Welle: 9,54 mm<\/p>\n<\/li>\n<li data-section-id=\"rtdyrt\" data-start=\"2560\" data-end=\"2578\">\n<p data-start=\"2562\" data-end=\"2578\">Anzahl der Klingen: 6<\/p>\n<\/li>\n<\/ul>\n<p data-start=\"2580\" data-end=\"2660\">Wenn Sie sich nicht sicher sind, geben Sie uns bitte Ihr Motormodell oder Ihre Pumpenbezeichnung zur Best\u00e4tigung an.<\/p>\n","protected":false},"excerpt":{"rendered":"<p data-start=\"581\" data-end=\"750\">CEF500100GX 6-bl\u00e4ttriger Impeller-Bausatz f\u00fcr die Schifffahrt. \u00d839,6 mm, Breite 18,94 mm, Welle \u00d89,54 mm. Direkter Ersatz f\u00fcr Volvo 3580029, Yanmar 104211-42070 und mehrere OEM-Referenzen.  <\/p>\n","protected":false},"featured_media":47365,"comment_status":"open","ping_status":"closed","template":"","meta":[],"product_brand":[4705],"product_cat":[4442,4488,2498,3027,4308,4585,4309,4348,4350,4310,4312,4353,4360,4363,4526,4441,4559,4531],"product_tag":[],"class_list":{"0":"post-47364","1":"product","2":"type-product","3":"status-publish","4":"has-post-thumbnail","6":"product_brand-universal","7":"product_cat-2gm-2gm20-teile","8":"product_cat-brauchen-sie-volvo-penta-teile","9":"product_cat-ersatzteile-fur-motoren","10":"product_cat-impeller","11":"product_cat-volvo-penta","12":"product_cat-volvo-penta-impeller","13":"product_cat-volvo-penta-md-serie","14":"product_cat-volvo-penta-md1","15":"product_cat-volvo-penta-md2","16":"product_cat-volvo-penta-md2010-teile","17":"product_cat-volvo-penta-md2020-teile","18":"product_cat-volvo-penta-md3","19":"product_cat-volvo-penta-md6","20":"product_cat-volvo-penta-md7","21":"product_cat-volvo-penta-service-teile","22":"product_cat-yanmar","23":"product_cat-yanmar-impellers","24":"product_cat-yanmar-service-teile","25":"pa_condition-neu","26":"pa_oem-or-aftermarket-aftermarket","28":"first","29":"instock","30":"taxable","31":"shipping-taxable","32":"purchasable","33":"product-type-simple"},"supplier_id":7294,"supplier_sku":"","barcode":null,"atum_controlled":true,"out_stock_date":null,"out_stock_threshold":null,"inheritable":false,"inbound_stock":0,"stock_on_hold":0,"sold_today":0,"sales_last_days":0,"reserved_stock":0,"customer_returns":0,"warehouse_damage":0,"lost_in_post":0,"other_logs":0,"out_stock_days":0,"lost_sales":0,"has_location":false,"update_date":"2026-03-20T13:15:36","atum_locations":[],"atum_stock_status":"instock","restock_status":false,"low_stock_amount":1,"sales_update_date":"2026-03-20T13:15:36","calc_backorders":null,"_links":{"self":[{"href":"https:\/\/mps.digital-monkey.in\/de\/wp-json\/wp\/v2\/product\/47364","targetHints":{"allow":["GET"]}}],"collection":[{"href":"https:\/\/mps.digital-monkey.in\/de\/wp-json\/wp\/v2\/product"}],"about":[{"href":"https:\/\/mps.digital-monkey.in\/de\/wp-json\/wp\/v2\/types\/product"}],"replies":[{"embeddable":true,"href":"https:\/\/mps.digital-monkey.in\/de\/wp-json\/wp\/v2\/comments?post=47364"}],"wp:featuredmedia":[{"embeddable":true,"href":"https:\/\/mps.digital-monkey.in\/de\/wp-json\/wp\/v2\/media\/47365"}],"wp:attachment":[{"href":"https:\/\/mps.digital-monkey.in\/de\/wp-json\/wp\/v2\/media?parent=47364"}],"wp:term":[{"taxonomy":"product_brand","embeddable":true,"href":"https:\/\/mps.digital-monkey.in\/de\/wp-json\/wp\/v2\/product_brand?post=47364"},{"taxonomy":"product_cat","embeddable":true,"href":"https:\/\/mps.digital-monkey.in\/de\/wp-json\/wp\/v2\/product_cat?post=47364"},{"taxonomy":"product_tag","embeddable":true,"href":"https:\/\/mps.digital-monkey.in\/de\/wp-json\/wp\/v2\/product_tag?post=47364"}],"curies":[{"name":"wp","href":"https:\/\/api.w.org\/{rel}","templated":true}]}}