{"id":47383,"date":"2026-02-24T10:00:21","date_gmt":"2026-02-24T10:00:21","guid":{"rendered":"https:\/\/mps.digital-monkey.in\/product\/impeller-fuer-sole-diesel-321-11-008-mini-11-17-26-34-48\/"},"modified":"2026-02-24T10:43:08","modified_gmt":"2026-02-24T10:43:08","slug":"impeller-fuer-sole-diesel-321-11-008-mini-11-17-26-34-48","status":"publish","type":"product","link":"https:\/\/mps.digital-monkey.in\/de\/produkt\/impeller-fuer-sole-diesel-321-11-008-mini-11-17-26-34-48\/","title":{"rendered":"Impeller f\u00fcr Sole Diesel 321.11.008 - Mini 1, Mini 2, Mini 3, Mini 10, Mini 18"},"content":{"rendered":"<h2 data-section-id=\"1iqx6c7\" data-start=\"695\" data-end=\"733\">Impeller f\u00fcr Sole Diesel 321.11.008<\/h2>\n<p data-start=\"735\" data-end=\"840\">Hochwertiger Impeller f\u00fcr die Schifffahrt als direkter Ersatz f\u00fcr die Sole Diesel OEM-Teilenummer 321.11.008.<\/p>\n<p data-start=\"842\" data-end=\"978\">Dieser Impeller aus strapazierf\u00e4higem Neopren in Marinequalit\u00e4t sorgt f\u00fcr eine zuverl\u00e4ssige Seewasserpumpenleistung und eine gleichm\u00e4\u00dfige Motork\u00fchlung.<\/p>\n<hr data-start=\"980\" data-end=\"983\">\n<h2 data-section-id=\"1cgu054\" data-start=\"985\" data-end=\"1012\">Technische Daten<\/h2>\n<ul data-start=\"1014\" data-end=\"1188\">\n<li data-section-id=\"1cbupb2\" data-start=\"1014\" data-end=\"1041\">\n<p data-start=\"1016\" data-end=\"1041\">\u00c4u\u00dferer Durchmesser: 39,6 mm<\/p>\n<\/li>\n<li data-section-id=\"tfhxk0\" data-start=\"1042\" data-end=\"1060\">\n<p data-start=\"1044\" data-end=\"1060\">Breite: 19,2 mm<\/p>\n<\/li>\n<li data-section-id=\"10hghxu\" data-start=\"1061\" data-end=\"1089\">\n<p data-start=\"1063\" data-end=\"1089\">Schaft-Durchmesser: 10.00 mm<\/p>\n<\/li>\n<li data-section-id=\"pb6rub\" data-start=\"1090\" data-end=\"1113\">\n<p data-start=\"1092\" data-end=\"1113\">Anzahl der Klingen: 6<\/p>\n<\/li>\n<li data-section-id=\"xfs9zp\" data-start=\"1114\" data-end=\"1149\">\n<p data-start=\"1116\" data-end=\"1149\">Material: Marine-grade Neopren<\/p>\n<\/li>\n<\/ul>\n<hr data-start=\"1261\" data-end=\"1264\">\n<h2 data-section-id=\"jcwx2h\" data-start=\"1266\" data-end=\"1293\">Ersetzt die OEM-Teilenummer<\/h2>\n<p data-start=\"1295\" data-end=\"1348\">Hersteller: <span class=\"hover:entity-accent entity-underline inline cursor-pointer align-baseline\"><span class=\"whitespace-normal\">Sole Diesel<\/span><\/span><\/p>\n<ul data-start=\"1350\" data-end=\"1364\">\n<li data-section-id=\"1t4nx8g\" data-start=\"1350\" data-end=\"1364\">\n<p data-start=\"1352\" data-end=\"1364\">321.11.008<\/p>\n<\/li>\n<\/ul>\n<hr data-start=\"1366\" data-end=\"1369\">\n<h2 data-section-id=\"1188ah1\" data-start=\"1371\" data-end=\"1394\">Motor-Kompatibilit\u00e4t<\/h2>\n<ul data-start=\"1396\" data-end=\"1605\">\n<li data-section-id=\"17wgcs5\" data-start=\"1396\" data-end=\"1437\">\n<p data-start=\"1398\" data-end=\"1437\"><span class=\"hover:entity-accent entity-underline inline cursor-pointer align-baseline\"><span class=\"whitespace-normal\">Sohle Diesel Mini 1<\/span><\/span><\/p>\n<\/li>\n<li data-section-id=\"1gcjogl\" data-start=\"1438\" data-end=\"1479\">\n<p data-start=\"1440\" data-end=\"1479\"><span class=\"hover:entity-accent entity-underline inline cursor-pointer align-baseline\"><span class=\"whitespace-normal\">Sohle Diesel Mini 2<\/span><\/span><\/p>\n<\/li>\n<li data-section-id=\"cgv1px\" data-start=\"1480\" data-end=\"1521\">\n<p data-start=\"1482\" data-end=\"1521\"><span class=\"hover:entity-accent entity-underline inline cursor-pointer align-baseline\"><span class=\"whitespace-normal\">Sohle Diesel Mini 3<\/span><\/span><\/p>\n<\/li>\n<li data-section-id=\"eyrt5h\" data-start=\"1522\" data-end=\"1563\">\n<p data-start=\"1524\" data-end=\"1563\"><span class=\"hover:entity-accent entity-underline inline cursor-pointer align-baseline\"><span class=\"whitespace-normal\">Sohle Diesel Mini 10<\/span><\/span><\/p>\n<\/li>\n<li data-section-id=\"hjs5dh\" data-start=\"1564\" data-end=\"1605\">\n<p data-start=\"1566\" data-end=\"1605\"><span class=\"hover:entity-accent entity-underline inline cursor-pointer align-baseline\"><span class=\"whitespace-normal\">Sohle Diesel Mini 18<\/span><\/span><\/p>\n<\/li>\n<\/ul>\n<hr data-start=\"1607\" data-end=\"1610\">\n<h2 data-section-id=\"smnv30\" data-start=\"1612\" data-end=\"1627\">Hinweis zur Ausstattung<\/h2>\n<p data-start=\"1629\" data-end=\"1652\">Pr\u00fcfen Sie dies vor der Bestellung:<\/p>\n<ul data-start=\"1654\" data-end=\"1739\">\n<li data-section-id=\"1jdgaak\" data-start=\"1654\" data-end=\"1679\">\n<p data-start=\"1656\" data-end=\"1679\">Durchmesser des Schafts: 10 mm<\/p>\n<\/li>\n<li data-section-id=\"18m77pa\" data-start=\"1680\" data-end=\"1707\">\n<p data-start=\"1682\" data-end=\"1707\">\u00c4u\u00dferer Durchmesser: 39,6 mm<\/p>\n<\/li>\n<li data-section-id=\"tfhxk0\" data-start=\"1708\" data-end=\"1726\">\n<p data-start=\"1710\" data-end=\"1726\">Breite: 19,2 mm<\/p>\n<\/li>\n<li data-section-id=\"170kqoz\" data-start=\"1727\" data-end=\"1739\">\n<p data-start=\"1729\" data-end=\"1739\">6 Klingen<\/p>\n<\/li>\n<\/ul>\n<p data-start=\"1741\" data-end=\"1821\">Wenn Sie sich nicht sicher sind, geben Sie uns bitte Ihr Motormodell und die Seriennummer zur Best\u00e4tigung an.<\/p>\n","protected":false},"excerpt":{"rendered":"<p data-start=\"514\" data-end=\"660\">Marine Impeller 39,6 x 19,2 mm mit 10 mm Welle und 6 Schaufeln. Direkter Ersatz f\u00fcr Sole Diesel 321.11.008. Passend f\u00fcr Mini 1, 2, 3, 10 und 18 Motoren.  <\/p>\n","protected":false},"featured_media":47384,"comment_status":"open","ping_status":"closed","template":"","meta":[],"product_brand":[4411],"product_cat":[2498,3027],"product_tag":[],"class_list":{"0":"post-47383","1":"product","2":"type-product","3":"status-publish","4":"has-post-thumbnail","6":"product_brand-sole","7":"product_cat-ersatzteile-fur-motoren","8":"product_cat-impeller","9":"pa_condition-neu","10":"pa_model-sole-mini-11","11":"pa_model-sole-mini-17","12":"pa_model-sole-mini-26","13":"pa_model-sole-mini-34","14":"pa_model-sole-mini-48","15":"pa_oem-or-aftermarket-aftermarket","17":"first","18":"instock","19":"taxable","20":"shipping-taxable","21":"purchasable","22":"product-type-simple"},"supplier_id":7294,"supplier_sku":"CEF500131X","barcode":null,"atum_controlled":true,"out_stock_date":null,"out_stock_threshold":null,"inheritable":false,"inbound_stock":0,"stock_on_hold":0,"sold_today":0,"sales_last_days":0,"reserved_stock":0,"customer_returns":0,"warehouse_damage":0,"lost_in_post":0,"other_logs":0,"out_stock_days":0,"lost_sales":0,"has_location":false,"update_date":"2026-03-20T13:15:36","atum_locations":[],"atum_stock_status":"instock","restock_status":false,"low_stock_amount":1,"sales_update_date":"2026-03-20T13:15:36","calc_backorders":null,"_links":{"self":[{"href":"https:\/\/mps.digital-monkey.in\/de\/wp-json\/wp\/v2\/product\/47383","targetHints":{"allow":["GET"]}}],"collection":[{"href":"https:\/\/mps.digital-monkey.in\/de\/wp-json\/wp\/v2\/product"}],"about":[{"href":"https:\/\/mps.digital-monkey.in\/de\/wp-json\/wp\/v2\/types\/product"}],"replies":[{"embeddable":true,"href":"https:\/\/mps.digital-monkey.in\/de\/wp-json\/wp\/v2\/comments?post=47383"}],"wp:featuredmedia":[{"embeddable":true,"href":"https:\/\/mps.digital-monkey.in\/de\/wp-json\/wp\/v2\/media\/47384"}],"wp:attachment":[{"href":"https:\/\/mps.digital-monkey.in\/de\/wp-json\/wp\/v2\/media?parent=47383"}],"wp:term":[{"taxonomy":"product_brand","embeddable":true,"href":"https:\/\/mps.digital-monkey.in\/de\/wp-json\/wp\/v2\/product_brand?post=47383"},{"taxonomy":"product_cat","embeddable":true,"href":"https:\/\/mps.digital-monkey.in\/de\/wp-json\/wp\/v2\/product_cat?post=47383"},{"taxonomy":"product_tag","embeddable":true,"href":"https:\/\/mps.digital-monkey.in\/de\/wp-json\/wp\/v2\/product_tag?post=47383"}],"curies":[{"name":"wp","href":"https:\/\/api.w.org\/{rel}","templated":true}]}}