{"id":47408,"date":"2026-02-24T11:02:58","date_gmt":"2026-02-24T11:02:58","guid":{"rendered":"https:\/\/mps.digital-monkey.in\/product\/impeller-kit-fuer-sole-diesel-31211008-mini-11-14-17-23-26-32-33-34-44-48\/"},"modified":"2026-02-24T11:02:58","modified_gmt":"2026-02-24T11:02:58","slug":"impeller-kit-fuer-sole-diesel-31211008-mini-11-14-17-23-26-32-33-34-44-48","status":"publish","type":"product","link":"https:\/\/mps.digital-monkey.in\/de\/produkt\/impeller-kit-fuer-sole-diesel-31211008-mini-11-14-17-23-26-32-33-34-44-48\/","title":{"rendered":"Impeller Kit f\u00fcr Sole Diesel 31211008 - Mini 11, 14, 17, 23, 26, 32, 33, 34, 44, 48"},"content":{"rendered":"<h2 data-section-id=\"afd1g3\" data-start=\"777\" data-end=\"820\">Impeller-Kit f\u00fcr Sole Diesel 312.11.008R<\/h2>\n<p data-start=\"822\" data-end=\"930\">Hochwertiger Impeller-Kit f\u00fcr die Schifffahrt als direkter Ersatz f\u00fcr die Sole Diesel OEM-Referenz 31211008<\/p>\n<p data-start=\"932\" data-end=\"1077\">Dieser Impeller wird in verschiedenen Sole Diesel-Schiffsmotoren der Mini-Serie verwendet und sorgt f\u00fcr eine zuverl\u00e4ssige Seewasserpumpenleistung und eine ordnungsgem\u00e4\u00dfe Motork\u00fchlung.<\/p>\n<p data-start=\"1079\" data-end=\"1175\">Hergestellt aus strapazierf\u00e4higem Neopren in Marinequalit\u00e4t f\u00fcr eine lange Lebensdauer in Salzwasserumgebungen.<\/p>\n<hr data-start=\"1177\" data-end=\"1180\">\n<h2 data-section-id=\"1cgu054\" data-start=\"1182\" data-end=\"1209\">Technische Daten<\/h2>\n<ul data-start=\"1211\" data-end=\"1378\">\n<li data-section-id=\"yc2zor\" data-start=\"1211\" data-end=\"1236\">\n<p data-start=\"1213\" data-end=\"1236\">\u00c4u\u00dferer Durchmesser: 52 mm<\/p>\n<\/li>\n<li data-section-id=\"1ha51pv\" data-start=\"1237\" data-end=\"1253\">\n<p data-start=\"1239\" data-end=\"1253\">Breite: 25 mm<\/p>\n<\/li>\n<li data-section-id=\"1cs51dq\" data-start=\"1254\" data-end=\"1279\">\n<p data-start=\"1256\" data-end=\"1279\">Schaft-Durchmesser: 12 mm<\/p>\n<\/li>\n<li data-section-id=\"pb6rub\" data-start=\"1280\" data-end=\"1303\">\n<p data-start=\"1282\" data-end=\"1303\">Anzahl der Klingen: 6<\/p>\n<\/li>\n<li data-section-id=\"xfs9zp\" data-start=\"1304\" data-end=\"1339\">\n<p data-start=\"1306\" data-end=\"1339\">Material: Marine-grade Neopren<\/p>\n<\/li>\n<li data-section-id=\"znntlp\" data-start=\"1340\" data-end=\"1378\">\n<p data-start=\"1342\" data-end=\"1378\">Anwendung: Seewasser-K\u00fchlpumpe<\/p>\n<\/li>\n<\/ul>\n<p data-start=\"1380\" data-end=\"1449\">Alle Abmessungen m\u00fcssen vor der Installation mit Ihrem vorhandenen Impeller \u00fcbereinstimmen.<\/p>\n<hr data-start=\"1451\" data-end=\"1454\">\n<h2 data-section-id=\"jcwx2h\" data-start=\"1456\" data-end=\"1483\">Ersetzt die OEM-Teilenummer<\/h2>\n<p data-start=\"1485\" data-end=\"1538\">Hersteller: <span class=\"hover:entity-accent entity-underline inline cursor-pointer align-baseline\"><span class=\"whitespace-normal\">Sole Diesel<\/span><\/span><\/p>\n<ul data-start=\"1540\" data-end=\"1569\">\n<li data-section-id=\"1ifgz8y\" data-start=\"1540\" data-end=\"1555\">\n<p data-start=\"1542\" data-end=\"1555\">312.11.008R<\/p>\n<\/li>\n<li data-section-id=\"16421gy\" data-start=\"1556\" data-end=\"1569\">\n<p data-start=\"1558\" data-end=\"1569\">31211008<\/p>\n<\/li>\n<\/ul>\n<h2 data-section-id=\"q62tb6\" data-start=\"656\" data-end=\"691\">\u00c4quivalente Aftermarket-Referenz<\/h2>\n<ul data-start=\"693\" data-end=\"710\">\n<li data-section-id=\"1yrkkrz\" data-start=\"693\" data-end=\"710\">\n<p data-start=\"695\" data-end=\"710\">CEF: CEF500123X<\/p>\n<\/li>\n<\/ul>\n<hr data-start=\"1571\" data-end=\"1574\">\n<h2 data-section-id=\"1188ah1\" data-start=\"1576\" data-end=\"1599\">Motor-Kompatibilit\u00e4t<\/h2>\n<ul data-start=\"1601\" data-end=\"2022\">\n<li data-section-id=\"17wgcs5\" data-start=\"1601\" data-end=\"1642\">\n<p data-start=\"1603\" data-end=\"1642\"><span class=\"hover:entity-accent entity-underline inline cursor-pointer align-baseline\"><span class=\"whitespace-normal\">Sohle Diesel Mini 11<\/span><\/span><\/p>\n<\/li>\n<li data-section-id=\"1gcjogl\" data-start=\"1643\" data-end=\"1684\">\n<p data-start=\"1645\" data-end=\"1684\"><span class=\"hover:entity-accent entity-underline inline cursor-pointer align-baseline\"><span class=\"whitespace-normal\">Sohle Diesel Mini 14<\/span><\/span><\/p>\n<\/li>\n<li data-section-id=\"cgv1px\" data-start=\"1685\" data-end=\"1726\">\n<p data-start=\"1687\" data-end=\"1726\"><span class=\"hover:entity-accent entity-underline inline cursor-pointer align-baseline\"><span class=\"whitespace-normal\">Sohle Diesel Mini 17<\/span><\/span><\/p>\n<\/li>\n<li data-section-id=\"eyrt5h\" data-start=\"1727\" data-end=\"1768\">\n<p data-start=\"1729\" data-end=\"1768\"><span class=\"hover:entity-accent entity-underline inline cursor-pointer align-baseline\"><span class=\"whitespace-normal\">Sohle Diesel Mini 23<\/span><\/span><\/p>\n<\/li>\n<li data-section-id=\"hjs5dh\" data-start=\"1769\" data-end=\"1810\">\n<p data-start=\"1771\" data-end=\"1810\"><span class=\"hover:entity-accent entity-underline inline cursor-pointer align-baseline\"><span class=\"whitespace-normal\">Sohle Diesel Mini 26<\/span><\/span><\/p>\n<\/li>\n<li data-section-id=\"pzvh1x\" data-start=\"1811\" data-end=\"1852\">\n<p data-start=\"1813\" data-end=\"1852\"><span class=\"hover:entity-accent entity-underline inline cursor-pointer align-baseline\"><span class=\"whitespace-normal\">Sohle Diesel Mini 32<\/span><\/span><\/p>\n<\/li>\n<li data-section-id=\"1l5awad\" data-start=\"1853\" data-end=\"1894\">\n<p data-start=\"1855\" data-end=\"1894\"><span class=\"hover:entity-accent entity-underline inline cursor-pointer align-baseline\"><span class=\"whitespace-normal\">Sohle Diesel Mini 33<\/span><\/span><\/p>\n<\/li>\n<li data-section-id=\"1upsd79\" data-start=\"1895\" data-end=\"1936\">\n<p data-start=\"1897\" data-end=\"1936\"><span class=\"hover:entity-accent entity-underline inline cursor-pointer align-baseline\"><span class=\"whitespace-normal\">Sohle Diesel Mini 34<\/span><\/span><\/p>\n<\/li>\n<li data-section-id=\"1xaspf9\" data-start=\"1937\" data-end=\"1978\">\n<p data-start=\"1939\" data-end=\"1978\"><span class=\"hover:entity-accent entity-underline inline cursor-pointer align-baseline\"><span class=\"whitespace-normal\">Sohle Diesel Mini 44<\/span><\/span><\/p>\n<\/li>\n<li data-section-id=\"x79p85\" data-start=\"1979\" data-end=\"2022\">\n<p data-start=\"1981\" data-end=\"2022\"><span class=\"hover:entity-accent entity-underline inline cursor-pointer align-baseline\"><span class=\"whitespace-normal\">Sohle Diesel Mini 48<\/span><\/span><\/p>\n<\/li>\n<\/ul>\n<hr data-start=\"2024\" data-end=\"2027\">\n<h2 data-section-id=\"smnv30\" data-start=\"2029\" data-end=\"2044\">Hinweis zur Ausstattung<\/h2>\n<p data-start=\"2046\" data-end=\"2071\">Bevor Sie bestellen, best\u00e4tigen Sie:<\/p>\n<ul data-start=\"2073\" data-end=\"2154\">\n<li data-section-id=\"15jvccr\" data-start=\"2073\" data-end=\"2098\">\n<p data-start=\"2075\" data-end=\"2098\">\u00c4u\u00dferer Durchmesser: 52 mm<\/p>\n<\/li>\n<li data-section-id=\"1ha51pv\" data-start=\"2099\" data-end=\"2115\">\n<p data-start=\"2101\" data-end=\"2115\">Breite: 25 mm<\/p>\n<\/li>\n<li data-section-id=\"1ko4vz2\" data-start=\"2116\" data-end=\"2141\">\n<p data-start=\"2118\" data-end=\"2141\">Durchmesser des Schafts: 12 mm<\/p>\n<\/li>\n<li data-section-id=\"170kqoz\" data-start=\"2142\" data-end=\"2154\">\n<p data-start=\"2144\" data-end=\"2154\">6 Klingen<\/p>\n<\/li>\n<\/ul>\n<p data-start=\"2156\" data-end=\"2250\">Wenn Sie sich nicht sicher sind, \u00fcberpr\u00fcfen Sie die Angaben anhand Ihrer vorhandenen Impeller oder kontaktieren Sie uns mit den Motordaten.<\/p>\n","protected":false},"excerpt":{"rendered":"<p>Marine Impeller-Kit \u00d852 x 25 mm mit 12 mm Welle und 6 Schaufeln. Ersatz f\u00fcr Sole Diesel 312.11.008R. Passt f\u00fcr mehrere Motoren der Mini-Serie.  <\/p>\n","protected":false},"featured_media":47409,"comment_status":"open","ping_status":"closed","template":"","meta":[],"product_brand":[4411],"product_cat":[2498,3027],"product_tag":[],"class_list":{"0":"post-47408","1":"product","2":"type-product","3":"status-publish","4":"has-post-thumbnail","6":"product_brand-sole","7":"product_cat-ersatzteile-fur-motoren","8":"product_cat-impeller","9":"pa_condition-neu","10":"pa_oem-or-aftermarket-aftermarket","12":"first","13":"instock","14":"taxable","15":"shipping-taxable","16":"purchasable","17":"product-type-simple"},"supplier_id":7294,"supplier_sku":"31211008","barcode":null,"atum_controlled":true,"out_stock_date":null,"out_stock_threshold":null,"inheritable":false,"inbound_stock":0,"stock_on_hold":0,"sold_today":0,"sales_last_days":0,"reserved_stock":0,"customer_returns":0,"warehouse_damage":0,"lost_in_post":0,"other_logs":0,"out_stock_days":0,"lost_sales":0,"has_location":false,"update_date":"2026-03-20T13:15:36","atum_locations":[],"atum_stock_status":"instock","restock_status":false,"low_stock_amount":0,"sales_update_date":"2026-03-20T13:15:36","calc_backorders":null,"_links":{"self":[{"href":"https:\/\/mps.digital-monkey.in\/de\/wp-json\/wp\/v2\/product\/47408","targetHints":{"allow":["GET"]}}],"collection":[{"href":"https:\/\/mps.digital-monkey.in\/de\/wp-json\/wp\/v2\/product"}],"about":[{"href":"https:\/\/mps.digital-monkey.in\/de\/wp-json\/wp\/v2\/types\/product"}],"replies":[{"embeddable":true,"href":"https:\/\/mps.digital-monkey.in\/de\/wp-json\/wp\/v2\/comments?post=47408"}],"wp:featuredmedia":[{"embeddable":true,"href":"https:\/\/mps.digital-monkey.in\/de\/wp-json\/wp\/v2\/media\/47409"}],"wp:attachment":[{"href":"https:\/\/mps.digital-monkey.in\/de\/wp-json\/wp\/v2\/media?parent=47408"}],"wp:term":[{"taxonomy":"product_brand","embeddable":true,"href":"https:\/\/mps.digital-monkey.in\/de\/wp-json\/wp\/v2\/product_brand?post=47408"},{"taxonomy":"product_cat","embeddable":true,"href":"https:\/\/mps.digital-monkey.in\/de\/wp-json\/wp\/v2\/product_cat?post=47408"},{"taxonomy":"product_tag","embeddable":true,"href":"https:\/\/mps.digital-monkey.in\/de\/wp-json\/wp\/v2\/product_tag?post=47408"}],"curies":[{"name":"wp","href":"https:\/\/api.w.org\/{rel}","templated":true}]}}