{"id":47587,"date":"2026-02-27T15:45:00","date_gmt":"2026-02-27T15:45:00","guid":{"rendered":"https:\/\/mps.digital-monkey.in\/product\/kraftstofffiltereinsatz-fuer-volvo-penta-861014\/"},"modified":"2026-02-27T15:49:03","modified_gmt":"2026-02-27T15:49:03","slug":"kraftstofffiltereinsatz-fuer-volvo-penta-861014","status":"publish","type":"product","link":"https:\/\/mps.digital-monkey.in\/de\/product\/kraftstofffiltereinsatz-fuer-volvo-penta-861014\/","title":{"rendered":"Kraftstofffiltereinsatz f\u00fcr Volvo Penta &#8211; 861014"},"content":{"rendered":"<p data-start=\"496\" data-end=\"661\">Dieser <strong data-start=\"501\" data-end=\"523\">Kraftstofffiltereinsatz<\/strong> ersetzt die <strong data-start=\"533\" data-end=\"567\">Volvo Penta Teilenummer 861014<\/strong> und ist f\u00fcr eine Vielzahl von Volvo Penta Schiffsdieselmotoren und Antriebssystemen geeignet.<\/p>\n<p data-start=\"663\" data-end=\"817\">Entwickelt f\u00fcr eine zuverl\u00e4ssige Kraftstofffiltration, die Einspritzd\u00fcsen und Komponenten des Kraftstoffsystems vor Verunreinigungen sch\u00fctzt und gleichzeitig eine reibungslose Motorleistung gew\u00e4hrleistet.<\/p>\n<p data-start=\"819\" data-end=\"873\">Ideal f\u00fcr die routinem\u00e4\u00dfige Wartung und planm\u00e4\u00dfige Instandhaltung.<\/p>\n<hr data-start=\"875\" data-end=\"878\">\n<h3 data-section-id=\"1rk93q4\" data-start=\"880\" data-end=\"919\">Ersetzt Volvo Penta Teilenummern<\/h3>\n<ul data-start=\"920\" data-end=\"975\">\n<li data-section-id=\"18npd0i\" data-start=\"920\" data-end=\"930\">\n<p data-start=\"922\" data-end=\"930\">861014<\/p>\n<\/li>\n<li data-section-id=\"vd3vlv\" data-start=\"931\" data-end=\"941\">\n<p data-start=\"933\" data-end=\"941\">877762<\/p>\n<\/li>\n<li data-section-id=\"kbmuid\" data-start=\"942\" data-end=\"951\">\n<p data-start=\"944\" data-end=\"951\">87763<\/p>\n<\/li>\n<li data-section-id=\"vd3xad\" data-start=\"952\" data-end=\"962\">\n<p data-start=\"954\" data-end=\"962\">877764<\/p>\n<\/li>\n<li data-section-id=\"bxe4oc\" data-start=\"963\" data-end=\"975\">\n<p data-start=\"965\" data-end=\"975\">22677637<\/p>\n<\/li>\n<\/ul>\n<hr data-start=\"977\" data-end=\"980\">\n<h3 data-section-id=\"1u81jt5\" data-start=\"982\" data-end=\"1023\">Warum sollten Sie diesen Kraftstofffiltereinsatz w\u00e4hlen?<\/h3>\n<ul data-start=\"1024\" data-end=\"1218\">\n<li data-section-id=\"16e6jmv\" data-start=\"1024\" data-end=\"1052\">\n<p data-start=\"1026\" data-end=\"1052\">Pr\u00e4ziser OEM-Ersatz<\/p>\n<\/li>\n<li data-section-id=\"1cdonw2\" data-start=\"1053\" data-end=\"1081\">\n<p data-start=\"1055\" data-end=\"1081\">Zuverl\u00e4ssige Kraftstofffiltration<\/p>\n<\/li>\n<li data-section-id=\"1fbo02m\" data-start=\"1082\" data-end=\"1122\">\n<p data-start=\"1084\" data-end=\"1122\">Sch\u00fctzt die Komponenten des Einspritzsystems<\/p>\n<\/li>\n<li data-section-id=\"j11f9p\" data-start=\"1123\" data-end=\"1159\">\n<p data-start=\"1125\" data-end=\"1159\">Geeignet f\u00fcr eine breite Palette von Motoren<\/p>\n<\/li>\n<li data-section-id=\"ch22y4\" data-start=\"1160\" data-end=\"1189\">\n<p data-start=\"1162\" data-end=\"1189\">Ausgezeichnetes Preis-Leistungs-Verh\u00e4ltnis<\/p>\n<\/li>\n<li data-section-id=\"9p0pk2\" data-start=\"1190\" data-end=\"1218\">\n<p data-start=\"1192\" data-end=\"1218\">Schnelle Lieferung ab Lager<\/p>\n<\/li>\n<\/ul>\n<hr data-start=\"1220\" data-end=\"1223\">\n<h3 data-section-id=\"14uhqjz\" data-start=\"1225\" data-end=\"1271\">Kompatible Volvo Penta-Motoren und -Systeme<\/h3>\n<p data-start=\"1273\" data-end=\"1288\"><strong data-start=\"1273\" data-end=\"1286\">AD-Serie<\/strong><\/p>\n<ul data-start=\"1289\" data-end=\"1310\">\n<li data-section-id=\"vgizbf\" data-start=\"1289\" data-end=\"1298\">\n<p data-start=\"1291\" data-end=\"1298\">AD31D<\/p>\n<\/li>\n<li data-section-id=\"lwg9vz\" data-start=\"1299\" data-end=\"1310\">\n<p data-start=\"1301\" data-end=\"1310\">AD31L-A<\/p>\n<\/li>\n<\/ul>\n<p data-start=\"1312\" data-end=\"1327\"><strong data-start=\"1312\" data-end=\"1325\">Serie D2<\/strong><\/p>\n<ul data-start=\"1328\" data-end=\"1371\">\n<li data-section-id=\"3x5fn6\" data-start=\"1328\" data-end=\"1338\">\n<p data-start=\"1330\" data-end=\"1338\">D2-55A<\/p>\n<\/li>\n<li data-section-id=\"3x5gfl\" data-start=\"1339\" data-end=\"1349\">\n<p data-start=\"1341\" data-end=\"1349\">D2-55B<\/p>\n<\/li>\n<li data-section-id=\"3x5lh3\" data-start=\"1350\" data-end=\"1360\">\n<p data-start=\"1352\" data-end=\"1360\">D2-55D<\/p>\n<\/li>\n<li data-section-id=\"3vqt13\" data-start=\"1361\" data-end=\"1371\">\n<p data-start=\"1363\" data-end=\"1371\">D2-75F<\/p>\n<\/li>\n<\/ul>\n<p data-start=\"1373\" data-end=\"1388\"><strong data-start=\"1373\" data-end=\"1386\">D3 Serie<\/strong><\/p>\n<ul data-start=\"1389\" data-end=\"1486\">\n<li data-section-id=\"1b8f9dw\" data-start=\"1389\" data-end=\"1402\">\n<p data-start=\"1391\" data-end=\"1402\">D3-110I-B<\/p>\n<\/li>\n<li data-section-id=\"4dazbh\" data-start=\"1403\" data-end=\"1416\">\n<p data-start=\"1405\" data-end=\"1416\">D3-130A-A<\/p>\n<\/li>\n<li data-section-id=\"4db0zz\" data-start=\"1417\" data-end=\"1430\">\n<p data-start=\"1419\" data-end=\"1430\">D3-130A-C<\/p>\n<\/li>\n<li data-section-id=\"anvmyr\" data-start=\"1431\" data-end=\"1444\">\n<p data-start=\"1433\" data-end=\"1444\">D3-160I-B<\/p>\n<\/li>\n<li data-section-id=\"anvnr6\" data-start=\"1445\" data-end=\"1458\">\n<p data-start=\"1447\" data-end=\"1458\">D3-160I-C<\/p>\n<\/li>\n<li data-section-id=\"4uouo5\" data-start=\"1459\" data-end=\"1472\">\n<p data-start=\"1461\" data-end=\"1472\">D3-190A-C<\/p>\n<\/li>\n<li data-section-id=\"4pdtu5\" data-start=\"1473\" data-end=\"1486\">\n<p data-start=\"1475\" data-end=\"1486\">D3-190I-C<\/p>\n<\/li>\n<\/ul>\n<p data-start=\"1488\" data-end=\"1503\"><strong data-start=\"1488\" data-end=\"1501\">Serie D4<\/strong><\/p>\n<ul data-start=\"1504\" data-end=\"1685\">\n<li data-section-id=\"wgp565\" data-start=\"1504\" data-end=\"1517\">\n<p data-start=\"1506\" data-end=\"1517\">D4-180I-E<\/p>\n<\/li>\n<li data-section-id=\"d3fk03\" data-start=\"1518\" data-end=\"1531\">\n<p data-start=\"1520\" data-end=\"1531\">D4-210I-A<\/p>\n<\/li>\n<li data-section-id=\"rb3g6m\" data-start=\"1532\" data-end=\"1545\">\n<p data-start=\"1534\" data-end=\"1545\">D4-225A-B<\/p>\n<\/li>\n<li data-section-id=\"rgejhj\" data-start=\"1546\" data-end=\"1559\">\n<p data-start=\"1548\" data-end=\"1559\">D4-225I-C<\/p>\n<\/li>\n<li data-section-id=\"im6764\" data-start=\"1560\" data-end=\"1573\">\n<p data-start=\"1562\" data-end=\"1573\">D4-260A-A<\/p>\n<\/li>\n<li data-section-id=\"im68um\" data-start=\"1574\" data-end=\"1587\">\n<p data-start=\"1576\" data-end=\"1587\">D4-260A-C<\/p>\n<\/li>\n<li data-section-id=\"im630p\" data-start=\"1588\" data-end=\"1601\">\n<p data-start=\"1590\" data-end=\"1601\">D4-260A-D<\/p>\n<\/li>\n<li data-section-id=\"irh4n4\" data-start=\"1602\" data-end=\"1615\">\n<p data-start=\"1604\" data-end=\"1615\">D4-260I-E<\/p>\n<\/li>\n<li data-section-id=\"1pdk3ou\" data-start=\"1616\" data-end=\"1629\">\n<p data-start=\"1618\" data-end=\"1629\">D4-300A-D<\/p>\n<\/li>\n<li data-section-id=\"1p8y8oc\" data-start=\"1630\" data-end=\"1643\">\n<p data-start=\"1632\" data-end=\"1643\">D4-300D-C<\/p>\n<\/li>\n<li data-section-id=\"1piv3mr\" data-start=\"1644\" data-end=\"1657\">\n<p data-start=\"1646\" data-end=\"1657\">D4-300I-A<\/p>\n<\/li>\n<li data-section-id=\"1piv1y9\" data-start=\"1658\" data-end=\"1671\">\n<p data-start=\"1660\" data-end=\"1671\">D4-300I-C<\/p>\n<\/li>\n<li data-section-id=\"1piv6zr\" data-start=\"1672\" data-end=\"1685\">\n<p data-start=\"1674\" data-end=\"1685\">D4-300I-E<\/p>\n<\/li>\n<\/ul>\n<p data-start=\"1687\" data-end=\"1702\"><strong data-start=\"1687\" data-end=\"1700\">Serie D6<\/strong><\/p>\n<ul data-start=\"1703\" data-end=\"1996\">\n<li data-section-id=\"1j4zzls\" data-start=\"1703\" data-end=\"1716\">\n<p data-start=\"1705\" data-end=\"1716\">D6-280A-A<\/p>\n<\/li>\n<li data-section-id=\"1j501aa\" data-start=\"1717\" data-end=\"1730\">\n<p data-start=\"1719\" data-end=\"1730\">D6-280A-C<\/p>\n<\/li>\n<li data-section-id=\"1j5026d\" data-start=\"1731\" data-end=\"1744\">\n<p data-start=\"1733\" data-end=\"1744\">D6-280A-D<\/p>\n<\/li>\n<li data-section-id=\"1izp24s\" data-start=\"1745\" data-end=\"1758\">\n<p data-start=\"1747\" data-end=\"1758\">D6-280I-E<\/p>\n<\/li>\n<li data-section-id=\"1vwfzqg\" data-start=\"1759\" data-end=\"1772\">\n<p data-start=\"1761\" data-end=\"1772\">D6-310A-A<\/p>\n<\/li>\n<li data-section-id=\"1vvwkmg\" data-start=\"1773\" data-end=\"1786\">\n<p data-start=\"1775\" data-end=\"1786\">D6-310D-D<\/p>\n<\/li>\n<li data-section-id=\"1w1r28y\" data-start=\"1787\" data-end=\"1800\">\n<p data-start=\"1789\" data-end=\"1800\">D6-310I-C<\/p>\n<\/li>\n<li data-section-id=\"1w1r3xg\" data-start=\"1801\" data-end=\"1814\">\n<p data-start=\"1803\" data-end=\"1814\">D6-310I-E<\/p>\n<\/li>\n<li data-section-id=\"13l567c\" data-start=\"1815\" data-end=\"1828\">\n<p data-start=\"1817\" data-end=\"1828\">D6-330A-C<\/p>\n<\/li>\n<li data-section-id=\"13l5dpr\" data-start=\"1829\" data-end=\"1842\">\n<p data-start=\"1831\" data-end=\"1842\">D6-330A-D<\/p>\n<\/li>\n<li data-section-id=\"13l5b8u\" data-start=\"1843\" data-end=\"1856\">\n<p data-start=\"1845\" data-end=\"1856\">D6-330A-E<\/p>\n<\/li>\n<li data-section-id=\"13klsru\" data-start=\"1857\" data-end=\"1870\">\n<p data-start=\"1859\" data-end=\"1870\">D6-330D-D<\/p>\n<\/li>\n<li data-section-id=\"13klv8r\" data-start=\"1871\" data-end=\"1884\">\n<p data-start=\"1873\" data-end=\"1884\">D6-330D-E<\/p>\n<\/li>\n<li data-section-id=\"13qgc2u\" data-start=\"1885\" data-end=\"1898\">\n<p data-start=\"1887\" data-end=\"1898\">D6-330I-E<\/p>\n<\/li>\n<li data-section-id=\"p6sujv\" data-start=\"1899\" data-end=\"1912\">\n<p data-start=\"1901\" data-end=\"1912\">D6-370A-D<\/p>\n<\/li>\n<li data-section-id=\"pbkiug\" data-start=\"1913\" data-end=\"1926\">\n<p data-start=\"1915\" data-end=\"1926\">D6-370D-B<\/p>\n<\/li>\n<li data-section-id=\"pbknvy\" data-start=\"1927\" data-end=\"1940\">\n<p data-start=\"1929\" data-end=\"1940\">D6-370D-D<\/p>\n<\/li>\n<li data-section-id=\"pbkqcv\" data-start=\"1941\" data-end=\"1954\">\n<p data-start=\"1943\" data-end=\"1954\">D6-370D-E<\/p>\n<\/li>\n<li data-section-id=\"pc3w9y\" data-start=\"1955\" data-end=\"1968\">\n<p data-start=\"1957\" data-end=\"1968\">D6-370I-A<\/p>\n<\/li>\n<li data-section-id=\"pc3ulg\" data-start=\"1969\" data-end=\"1982\">\n<p data-start=\"1971\" data-end=\"1982\">D6-370I-C<\/p>\n<\/li>\n<li data-section-id=\"8oq0md\" data-start=\"1983\" data-end=\"1996\">\n<p data-start=\"1985\" data-end=\"1996\">D6-435I-D<\/p>\n<\/li>\n<\/ul>\n<p data-start=\"1998\" data-end=\"2026\"><strong data-start=\"1998\" data-end=\"2024\">Andere Modelle \/ Systeme<\/strong><\/p>\n<ul data-start=\"2027\" data-end=\"2224\">\n<li data-section-id=\"1vwxrd9\" data-start=\"2027\" data-end=\"2035\">\n<p data-start=\"2029\" data-end=\"2035\">D41D<\/p>\n<\/li>\n<li data-section-id=\"ltj5mg\" data-start=\"2036\" data-end=\"2045\">\n<p data-start=\"2038\" data-end=\"2045\">DPH-A<\/p>\n<\/li>\n<li data-section-id=\"95565o\" data-start=\"2046\" data-end=\"2055\">\n<p data-start=\"2048\" data-end=\"2055\">IPS-C<\/p>\n<\/li>\n<li data-section-id=\"9556y3\" data-start=\"2056\" data-end=\"2065\">\n<p data-start=\"2058\" data-end=\"2065\">IPS-D<\/p>\n<\/li>\n<li data-section-id=\"1itlvrv\" data-start=\"2066\" data-end=\"2078\">\n<p data-start=\"2068\" data-end=\"2078\">KAD32P-A<\/p>\n<\/li>\n<li data-section-id=\"5hbn00\" data-start=\"2079\" data-end=\"2092\">\n<p data-start=\"2081\" data-end=\"2092\">KAMD43P-A<\/p>\n<\/li>\n<li data-section-id=\"1kgll0g\" data-start=\"2093\" data-end=\"2104\">\n<p data-start=\"2095\" data-end=\"2104\">MD2010B<\/p>\n<\/li>\n<li data-section-id=\"1kglq1y\" data-start=\"2105\" data-end=\"2116\">\n<p data-start=\"2107\" data-end=\"2116\">MD2010D<\/p>\n<\/li>\n<li data-section-id=\"1keiw4g\" data-start=\"2117\" data-end=\"2128\">\n<p data-start=\"2119\" data-end=\"2128\">MD2020A<\/p>\n<\/li>\n<li data-section-id=\"1kirctg\" data-start=\"2129\" data-end=\"2140\">\n<p data-start=\"2131\" data-end=\"2140\">MD2040C<\/p>\n<\/li>\n<li data-section-id=\"buvwbk\" data-start=\"2141\" data-end=\"2150\">\n<p data-start=\"2143\" data-end=\"2150\">MD22A<\/p>\n<\/li>\n<li data-section-id=\"1l35fjy\" data-start=\"2151\" data-end=\"2162\">\n<p data-start=\"2153\" data-end=\"2162\">MD22P-B<\/p>\n<\/li>\n<li data-section-id=\"dly8bu\" data-start=\"2163\" data-end=\"2176\">\n<p data-start=\"2165\" data-end=\"2176\">TAMD31P-A<\/p>\n<\/li>\n<li data-section-id=\"1plsgc5\" data-start=\"2177\" data-end=\"2188\">\n<p data-start=\"2179\" data-end=\"2188\">TAMD41D<\/p>\n<\/li>\n<li data-section-id=\"z2214l\" data-start=\"2189\" data-end=\"2202\">\n<p data-start=\"2191\" data-end=\"2202\">TAMD41H-A<\/p>\n<\/li>\n<li data-section-id=\"1fcn6b8\" data-start=\"2203\" data-end=\"2213\">\n<p data-start=\"2205\" data-end=\"2213\">TMD22A<\/p>\n<\/li>\n<li data-section-id=\"1f8il04\" data-start=\"2214\" data-end=\"2224\">\n<p data-start=\"2216\" data-end=\"2224\">TMD41D<\/p>\n<\/li>\n<\/ul>\n<hr data-start=\"2226\" data-end=\"2229\">\n<p data-start=\"2231\" data-end=\"2328\">Fragen zur Kompatibilit\u00e4t oder zu den Wartungsintervallen?  <strong data-start=\"2283\" data-end=\"2328\">Unsere Marinespezialisten helfen Ihnen gerne weiter.<\/strong><\/p>\n","protected":false},"excerpt":{"rendered":"<p>Dieser Kraftstofffiltereinsatz ersetzt die Volvo Penta Teilenummer 861014 und ist f\u00fcr eine Vielzahl von Volvo Penta Schiffsdieselmotoren und Antriebssystemen geeignet. Entwickelt f\u00fcr eine zuverl\u00e4ssige Kraftstofffiltration, die Einspritzd\u00fcsen und Komponenten des Kraftstoffsystems vor Verunreinigungen sch\u00fctzt und gleichzeitig eine reibungslose Motorleistung gew\u00e4hrleistet. Ideal f\u00fcr die routinem\u00e4\u00dfige Wartung und planm\u00e4\u00dfige Instandhaltung. Ersetzt Volvo Penta Teilenummern 861014 877762 87763 [&hellip;]<\/p>\n","protected":false},"featured_media":47591,"comment_status":"open","ping_status":"closed","template":"","meta":[],"product_brand":[],"product_cat":[2681],"product_tag":[],"class_list":{"0":"post-47587","1":"product","2":"type-product","3":"status-publish","4":"has-post-thumbnail","6":"product_cat-kraftstofffilter","7":"pa_condition-neu","8":"pa_oem-or-aftermarket-oem","10":"first","11":"instock","12":"sale","13":"taxable","14":"shipping-taxable","15":"purchasable","16":"product-type-simple"},"supplier_id":32142,"supplier_sku":"861014","barcode":null,"atum_controlled":true,"out_stock_date":null,"out_stock_threshold":null,"inheritable":false,"inbound_stock":0,"stock_on_hold":0,"sold_today":0,"sales_last_days":0,"reserved_stock":0,"customer_returns":0,"warehouse_damage":0,"lost_in_post":0,"other_logs":0,"out_stock_days":0,"lost_sales":0,"has_location":false,"update_date":"2026-03-20T13:15:36","atum_locations":[],"atum_stock_status":"instock","restock_status":false,"low_stock_amount":"","sales_update_date":"2026-03-20T13:15:36","calc_backorders":null,"_links":{"self":[{"href":"https:\/\/mps.digital-monkey.in\/de\/wp-json\/wp\/v2\/product\/47587","targetHints":{"allow":["GET"]}}],"collection":[{"href":"https:\/\/mps.digital-monkey.in\/de\/wp-json\/wp\/v2\/product"}],"about":[{"href":"https:\/\/mps.digital-monkey.in\/de\/wp-json\/wp\/v2\/types\/product"}],"replies":[{"embeddable":true,"href":"https:\/\/mps.digital-monkey.in\/de\/wp-json\/wp\/v2\/comments?post=47587"}],"wp:featuredmedia":[{"embeddable":true,"href":"https:\/\/mps.digital-monkey.in\/de\/wp-json\/wp\/v2\/media\/47591"}],"wp:attachment":[{"href":"https:\/\/mps.digital-monkey.in\/de\/wp-json\/wp\/v2\/media?parent=47587"}],"wp:term":[{"taxonomy":"product_brand","embeddable":true,"href":"https:\/\/mps.digital-monkey.in\/de\/wp-json\/wp\/v2\/product_brand?post=47587"},{"taxonomy":"product_cat","embeddable":true,"href":"https:\/\/mps.digital-monkey.in\/de\/wp-json\/wp\/v2\/product_cat?post=47587"},{"taxonomy":"product_tag","embeddable":true,"href":"https:\/\/mps.digital-monkey.in\/de\/wp-json\/wp\/v2\/product_tag?post=47587"}],"curies":[{"name":"wp","href":"https:\/\/api.w.org\/{rel}","templated":true}]}}