{"id":47603,"date":"2026-02-28T10:34:00","date_gmt":"2026-02-28T10:34:00","guid":{"rendered":"https:\/\/mps.digital-monkey.in\/product\/gluehkerze-fuer-volvo-penta-d1-13-d1-20-d1-30-d2-40-21192358\/"},"modified":"2026-02-28T10:34:00","modified_gmt":"2026-02-28T10:34:00","slug":"gluehkerze-fuer-volvo-penta-d1-13-d1-20-d1-30-d2-40-21192358","status":"publish","type":"product","link":"https:\/\/mps.digital-monkey.in\/de\/produkt\/gluehkerze-fuer-volvo-penta-d1-13-d1-20-d1-30-d2-40-21192358\/","title":{"rendered":"Gl\u00fchkerze f\u00fcr Volvo Penta D1-13 \/ D1-20 \/ D1-30 \/ D2-40 - 21192358"},"content":{"rendered":"<p data-start=\"504\" data-end=\"675\">Diese <strong data-start=\"509\" data-end=\"522\">Gl\u00fchkerze<\/strong> ist f\u00fcr eine breite Palette von Volvo Penta D1 und D2 Schiffsdieselmotoren geeignet. Sie ersetzt die <strong data-start=\"612\" data-end=\"648\">Volvo Penta Teilenummer 21192358<\/strong> und <strong data-start=\"653\" data-end=\"674\">Perkins 185366250.<\/strong> <\/p>\n<hr data-start=\"782\" data-end=\"785\">\n<h3 data-section-id=\"1u4pz52\" data-start=\"787\" data-end=\"818\">Elektrische Spezifikationen<\/h3>\n<ul data-start=\"820\" data-end=\"922\">\n<li data-section-id=\"1dpd9wl\" data-start=\"820\" data-end=\"840\">\n<p data-start=\"822\" data-end=\"840\"><strong data-start=\"822\" data-end=\"834\">Spannung:<\/strong> 12V<\/p>\n<\/li>\n<li data-section-id=\"jwwh17\" data-start=\"841\" data-end=\"871\">\n<p data-start=\"843\" data-end=\"871\"><strong data-start=\"843\" data-end=\"865\">Spannung der Gl\u00fchkerze:<\/strong> 11V<\/p>\n<\/li>\n<li data-section-id=\"fczip8\" data-start=\"872\" data-end=\"891\">\n<p data-start=\"874\" data-end=\"891\"><strong data-start=\"874\" data-end=\"886\">Stromst\u00e4rke:<\/strong> 6A<\/p>\n<\/li>\n<li data-section-id=\"7vxyhg\" data-start=\"892\" data-end=\"922\">\n<p data-start=\"894\" data-end=\"922\"><strong data-start=\"894\" data-end=\"908\">Gl\u00fchzeit:<\/strong> 8,5 Sekunden<\/p>\n<\/li>\n<\/ul>\n<hr data-start=\"924\" data-end=\"927\">\n<h3 data-section-id=\"1t53ha5\" data-start=\"929\" data-end=\"958\">Physikalische Spezifikationen<\/h3>\n<ul data-start=\"960\" data-end=\"1090\">\n<li data-section-id=\"1c9ywtb\" data-start=\"960\" data-end=\"992\">\n<p data-start=\"962\" data-end=\"992\"><strong data-start=\"962\" data-end=\"984\">Gesamtl\u00e4nge (L1):<\/strong> 69 mm<\/p>\n<\/li>\n<li data-section-id=\"rroz6n\" data-start=\"993\" data-end=\"1035\">\n<p data-start=\"995\" data-end=\"1035\"><strong data-start=\"995\" data-end=\"1027\">L\u00e4nge des Heizelements (L2):<\/strong> 19 mm<\/p>\n<\/li>\n<li data-section-id=\"xwy27f\" data-start=\"1036\" data-end=\"1066\">\n<p data-start=\"1038\" data-end=\"1066\"><strong data-start=\"1038\" data-end=\"1054\">Gewindegr\u00f6\u00dfe:<\/strong> M8 x 1.00<\/p>\n<\/li>\n<li data-section-id=\"1wj8l29\" data-start=\"1067\" data-end=\"1090\">\n<p data-start=\"1069\" data-end=\"1090\"><strong data-start=\"1069\" data-end=\"1082\">Sechskantgr\u00f6\u00dfe:<\/strong> 12 mm<\/p>\n<\/li>\n<\/ul>\n<hr data-start=\"1092\" data-end=\"1095\">\n<h3 data-section-id=\"1hwm4xl\" data-start=\"1097\" data-end=\"1128\">Ersetzt OEM-Teilenummern<\/h3>\n<ul data-start=\"1130\" data-end=\"1176\">\n<li data-section-id=\"lrf6r1\" data-start=\"1130\" data-end=\"1154\">\n<p data-start=\"1132\" data-end=\"1154\">Volvo Penta 21192358<\/p>\n<\/li>\n<li data-section-id=\"7daso\" data-start=\"1155\" data-end=\"1176\">\n<p data-start=\"1157\" data-end=\"1176\">Perkins 185366250<\/p>\n<\/li>\n<\/ul>\n<hr data-start=\"1178\" data-end=\"1181\">\n<h3 data-section-id=\"12d0ten\" data-start=\"1183\" data-end=\"1219\">Kompatible Volvo Penta-Motoren<\/h3>\n<p data-start=\"1221\" data-end=\"1236\"><strong data-start=\"1221\" data-end=\"1234\">Serie D1<\/strong><\/p>\n<ul data-start=\"1237\" data-end=\"1332\">\n<li data-section-id=\"158538y\" data-start=\"1237\" data-end=\"1246\">\n<p data-start=\"1239\" data-end=\"1246\">D1-13<\/p>\n<\/li>\n<li data-section-id=\"avi3hs\" data-start=\"1247\" data-end=\"1257\">\n<p data-start=\"1249\" data-end=\"1257\">D1-13B<\/p>\n<\/li>\n<li data-section-id=\"avi6us\" data-start=\"1258\" data-end=\"1268\">\n<p data-start=\"1260\" data-end=\"1268\">D1-13F<\/p>\n<\/li>\n<li data-section-id=\"1584dxu\" data-start=\"1269\" data-end=\"1278\">\n<p data-start=\"1271\" data-end=\"1278\">D1-20<\/p>\n<\/li>\n<li data-section-id=\"authqo\" data-start=\"1279\" data-end=\"1289\">\n<p data-start=\"1281\" data-end=\"1289\">D1-20B<\/p>\n<\/li>\n<li data-section-id=\"autl3o\" data-start=\"1290\" data-end=\"1300\">\n<p data-start=\"1292\" data-end=\"1300\">D1-20F<\/p>\n<\/li>\n<li data-section-id=\"1586nhv\" data-start=\"1301\" data-end=\"1310\">\n<p data-start=\"1303\" data-end=\"1310\">D1-30<\/p>\n<\/li>\n<li data-section-id=\"aww5u9\" data-start=\"1311\" data-end=\"1321\">\n<p data-start=\"1313\" data-end=\"1321\">D1-30B<\/p>\n<\/li>\n<li data-section-id=\"aww979\" data-start=\"1322\" data-end=\"1332\">\n<p data-start=\"1324\" data-end=\"1332\">D1-30F<\/p>\n<\/li>\n<\/ul>\n<p data-start=\"1334\" data-end=\"1349\"><strong data-start=\"1334\" data-end=\"1347\">Serie D2<\/strong><\/p>\n<ul data-start=\"1350\" data-end=\"1381\">\n<li data-section-id=\"1763uev\" data-start=\"1350\" data-end=\"1359\">\n<p data-start=\"1352\" data-end=\"1359\">D2-40<\/p>\n<\/li>\n<li data-section-id=\"3zafo5\" data-start=\"1360\" data-end=\"1370\">\n<p data-start=\"1362\" data-end=\"1370\">D2-40B<\/p>\n<\/li>\n<li data-section-id=\"3zacb5\" data-start=\"1371\" data-end=\"1381\">\n<p data-start=\"1373\" data-end=\"1381\">D2-40F<\/p>\n<\/li>\n<\/ul>\n<p data-start=\"1579\" data-end=\"1671\">Fragen zur Kompatibilit\u00e4t oder Installation?  <strong data-start=\"1626\" data-end=\"1671\">Unsere Marinespezialisten helfen Ihnen gerne weiter.<\/strong><\/p>\n","protected":false},"excerpt":{"rendered":"<p>Diese Gl\u00fchkerze ist f\u00fcr eine breite Palette von Volvo Penta D1 und D2 Schiffsdieselmotoren geeignet. Sie ersetzt die Volvo Penta Teilenummer 21192358 und Perkins 185366250. Elektrische Spezifikationen Spannung: 12V Spannung der Gl\u00fchkerze: 11V Stromst\u00e4rke: 6A Gl\u00fchzeit: 8,5 Sekunden Physikalische Spezifikationen Gesamtl\u00e4nge (L1): 69 mm L\u00e4nge des Heizelements (L2): 19 mm Gewindegr\u00f6\u00dfe: M8 x 1.00 Sechskantgr\u00f6\u00dfe: [&hellip;]<\/p>\n","protected":false},"featured_media":47604,"comment_status":"open","ping_status":"closed","template":"","meta":[],"product_brand":[4230],"product_cat":[4488,2498,4308,4321,4295,4290,4289,4332,4331],"product_tag":[],"class_list":{"0":"post-47603","1":"product","2":"type-product","3":"status-publish","4":"has-post-thumbnail","6":"product_brand-volvo-penta","7":"product_cat-brauchen-sie-volvo-penta-teile","8":"product_cat-ersatzteile-fur-motoren","9":"product_cat-volvo-penta","10":"product_cat-volvo-penta-d1-serie","11":"product_cat-volvo-penta-d1-13-teile","12":"product_cat-volvo-penta-d1-20-teile","13":"product_cat-volvo-penta-d1-30-teile","14":"product_cat-volvo-penta-d2-40-teile","15":"product_cat-volvo-penta-serie-d2","16":"pa_condition-neu","17":"pa_model-d1-13","18":"pa_model-d1-20","19":"pa_model-d1-30","20":"pa_model-d1-30b","21":"pa_model-d1-30f","22":"pa_model-d2-40","23":"pa_model-d2-40b","24":"pa_model-d2-40f","25":"pa_oem-or-aftermarket-oem","27":"first","28":"onbackorder","29":"taxable","30":"shipping-taxable","31":"purchasable","32":"product-type-simple"},"supplier_id":38457,"supplier_sku":"NGK YE 01","barcode":null,"atum_controlled":true,"out_stock_date":"2026-02-28 10:34:05","out_stock_threshold":null,"inheritable":false,"inbound_stock":0,"stock_on_hold":0,"sold_today":0,"sales_last_days":0,"reserved_stock":0,"customer_returns":0,"warehouse_damage":0,"lost_in_post":0,"other_logs":0,"out_stock_days":20,"lost_sales":0,"has_location":false,"update_date":"2026-03-20T11:16:39","atum_locations":[],"atum_stock_status":"onbackorder","restock_status":false,"low_stock_amount":1,"sales_update_date":"2026-03-20T11:16:39","calc_backorders":null,"_links":{"self":[{"href":"https:\/\/mps.digital-monkey.in\/de\/wp-json\/wp\/v2\/product\/47603","targetHints":{"allow":["GET"]}}],"collection":[{"href":"https:\/\/mps.digital-monkey.in\/de\/wp-json\/wp\/v2\/product"}],"about":[{"href":"https:\/\/mps.digital-monkey.in\/de\/wp-json\/wp\/v2\/types\/product"}],"replies":[{"embeddable":true,"href":"https:\/\/mps.digital-monkey.in\/de\/wp-json\/wp\/v2\/comments?post=47603"}],"wp:featuredmedia":[{"embeddable":true,"href":"https:\/\/mps.digital-monkey.in\/de\/wp-json\/wp\/v2\/media\/47604"}],"wp:attachment":[{"href":"https:\/\/mps.digital-monkey.in\/de\/wp-json\/wp\/v2\/media?parent=47603"}],"wp:term":[{"taxonomy":"product_brand","embeddable":true,"href":"https:\/\/mps.digital-monkey.in\/de\/wp-json\/wp\/v2\/product_brand?post=47603"},{"taxonomy":"product_cat","embeddable":true,"href":"https:\/\/mps.digital-monkey.in\/de\/wp-json\/wp\/v2\/product_cat?post=47603"},{"taxonomy":"product_tag","embeddable":true,"href":"https:\/\/mps.digital-monkey.in\/de\/wp-json\/wp\/v2\/product_tag?post=47603"}],"curies":[{"name":"wp","href":"https:\/\/api.w.org\/{rel}","templated":true}]}}