{"id":47652,"date":"2026-03-02T17:05:54","date_gmt":"2026-03-02T17:05:54","guid":{"rendered":"https:\/\/mps.digital-monkey.in\/product\/vetus-m3-29\/"},"modified":"2026-03-02T17:05:54","modified_gmt":"2026-03-02T17:05:54","slug":"vetus-m3-29","status":"publish","type":"product","link":"https:\/\/mps.digital-monkey.in\/de\/produkt\/vetus-m3-29\/","title":{"rendered":"Vetus M3.29"},"content":{"rendered":"<p data-start=\"454\" data-end=\"648\">Dieses <span class=\"hover:entity-accent entity-underline inline cursor-pointer align-baseline\"><span class=\"whitespace-normal\">Vetus<\/span><\/span> M3.29 Schiffsdieselmotor ist in einem au\u00dfergew\u00f6hnlichen Zustand mit etwa 1200 Betriebsstunden. Der Motor wurde vollst\u00e4ndig inspiziert und l\u00e4uft perfekt. <\/p>\n<p data-start=\"650\" data-end=\"808\">Der Motor startet sofort, raucht nicht und l\u00e4uft ruhig und stabil. Ideal f\u00fcr Repower-Projekte oder als Ersatz f\u00fcr \u00e4ltere Schiffsmotoren. <\/p>\n<p data-start=\"810\" data-end=\"846\">\ud83d\udd27 Geliefert mit vollem Service:<\/p>\n<ul data-start=\"847\" data-end=\"928\">\n<li data-section-id=\"16rqac0\" data-start=\"847\" data-end=\"865\">\n<p data-start=\"849\" data-end=\"865\">Neues Motor\u00f6l<\/p>\n<\/li>\n<li data-section-id=\"1e70kvb\" data-start=\"866\" data-end=\"881\">\n<p data-start=\"868\" data-end=\"881\">Neue Filter<\/p>\n<\/li>\n<li data-section-id=\"qbn83h\" data-start=\"882\" data-end=\"906\">\n<p data-start=\"884\" data-end=\"906\">Inspektion auf undichte Stellen<\/p>\n<\/li>\n<li data-section-id=\"14vxyl2\" data-start=\"907\" data-end=\"928\">\n<p data-start=\"909\" data-end=\"928\">Operative Pr\u00fcfung<\/p>\n<\/li>\n<\/ul>\n<p data-start=\"930\" data-end=\"960\">Inklusive 6 Monate Garantie.<\/p>\n<p data-start=\"962\" data-end=\"1022\">  Der Motor wird ohne Getriebe und ohne Armaturenbrett geliefert.<\/p>\n<hr data-start=\"1024\" data-end=\"1027\">\n<h3 data-section-id=\"1ihv1td\" data-start=\"1029\" data-end=\"1051\">Optional verf\u00fcgbar<\/h3>\n<ul data-start=\"1053\" data-end=\"1122\">\n<li data-section-id=\"s8vo5u\" data-start=\"1053\" data-end=\"1070\">\n<p data-start=\"1055\" data-end=\"1070\">TMC40-Getriebe<\/p>\n<\/li>\n<li data-section-id=\"7crhw0\" data-start=\"1071\" data-end=\"1088\">\n<p data-start=\"1073\" data-end=\"1088\">TMC60-Getriebe<\/p>\n<\/li>\n<li data-section-id=\"xbf5u6\" data-start=\"1089\" data-end=\"1122\">\n<p data-start=\"1091\" data-end=\"1122\">Neues Armaturenbrett \/ Bedienfeld<\/p>\n<\/li>\n<\/ul>\n<hr data-start=\"1174\" data-end=\"1177\">\n<h3 data-section-id=\"nucr17\" data-start=\"1179\" data-end=\"1207\">Technische Daten<\/h3>\n<p data-start=\"1209\" data-end=\"1344\">3-Zylinder-Dieselmotor<br data-start=\"1233\" data-end=\"1236\">Ca. 27 PS<br data-start=\"1290\" data-end=\"1293\">Ger\u00e4uscharmer Betrieb<br data-start=\"1312\" data-end=\"1315\">Zuverl\u00e4ssig und kraftstoffsparend <\/p>\n<p data-start=\"1346\" data-end=\"1475\">Aufgebaut auf einem robusten industriellen Basisblock von <span class=\"hover:entity-accent entity-underline inline cursor-pointer align-baseline\"><span class=\"whitespace-normal\">Mitsubishi<\/span><\/span>der f\u00fcr seine Langlebigkeit und Zuverl\u00e4ssigkeit bekannt ist.<\/p>\n<hr data-start=\"1477\" data-end=\"1480\">\n<h3 data-section-id=\"1uef3h1\" data-start=\"1482\" data-end=\"1495\">Zustand<\/h3>\n<p data-start=\"1497\" data-end=\"1610\">Ca. 1200 Betriebsstunden<br data-start=\"1529\" data-end=\"1532\">Showroom-Zustand<br data-start=\"1550\" data-end=\"1553\">Technisch vollst\u00e4ndig gepr\u00fcft<br data-start=\"1578\" data-end=\"1581\">Kann laufend vorgef\u00fchrt werden<\/p>\n<hr data-start=\"1612\" data-end=\"1615\">\n<h3 data-section-id=\"z9zj8e\" data-start=\"1617\" data-end=\"1649\">Warum sollten Sie sich f\u00fcr diese Vetus M3.29 entscheiden?<\/h3>\n<p data-start=\"1651\" data-end=\"1827\">Geringe Motorstunden<br data-start=\"1667\" data-end=\"1670\">Neuestes Modell (3-4 Jahre alt)<br data-start=\"1698\" data-end=\"1701\">Vor der Auslieferung vollst\u00e4ndig gewartet<br data-start=\"1731\" data-end=\"1734\">6 Monate Garantie<br data-start=\"1751\" data-end=\"1754\">Starker und zuverl\u00e4ssiger Mitsubishi-Basismotor<br data-start=\"1796\" data-end=\"1799\">Hervorragende Repower-L\u00f6sung<\/p>\n<p data-start=\"1956\" data-end=\"2057\" data-is-last-node=\"\" data-is-only-node=\"\">\n<p data-start=\"1956\" data-end=\"2057\" data-is-last-node=\"\" data-is-only-node=\"\">Haben Sie Fragen zur Installation, Kompatibilit\u00e4t oder zum Transport? Unsere Marine-Spezialisten helfen Ihnen gerne weiter. <\/p>\n","protected":false},"excerpt":{"rendered":"<p>Dieses Vetus M3.29 Schiffsdieselmotor ist in einem au\u00dfergew\u00f6hnlichen Zustand mit etwa 1200 Betriebsstunden. Der Motor wurde vollst\u00e4ndig inspiziert und l\u00e4uft perfekt. Der Motor startet sofort, raucht nicht und l\u00e4uft ruhig und stabil. Ideal f\u00fcr Repower-Projekte oder als Ersatz f\u00fcr \u00e4ltere Schiffsmotoren. \ud83d\udd27 Geliefert mit vollem Service: Neues Motor\u00f6l Neue Filter Inspektion auf undichte Stellen Operative [&hellip;]<\/p>\n","protected":false},"featured_media":47658,"comment_status":"open","ping_status":"closed","template":"","meta":[],"product_brand":[4242],"product_cat":[2485],"product_tag":[],"class_list":{"0":"post-47652","1":"product","2":"type-product","3":"status-publish","4":"has-post-thumbnail","6":"product_brand-vetus","7":"product_cat-motoren","8":"product_shipping_class-motor-de","9":"pa_condition-gebraucht","10":"pa_model-m3-29","11":"pa_oem-or-aftermarket-oem","13":"first","14":"outofstock","15":"taxable","16":"shipping-taxable","17":"purchasable","18":"product-type-simple"},"supplier_id":null,"supplier_sku":"","barcode":null,"atum_controlled":true,"out_stock_date":"2026-03-06 09:14:45","out_stock_threshold":null,"inheritable":false,"inbound_stock":0,"stock_on_hold":0,"sold_today":0,"sales_last_days":0,"reserved_stock":0,"customer_returns":0,"warehouse_damage":0,"lost_in_post":0,"other_logs":0,"out_stock_days":14,"lost_sales":0,"has_location":false,"update_date":"2026-03-20T11:16:33","atum_locations":[],"atum_stock_status":"outofstock","restock_status":false,"low_stock_amount":2,"sales_update_date":"2026-03-20T11:16:33","calc_backorders":null,"_links":{"self":[{"href":"https:\/\/mps.digital-monkey.in\/de\/wp-json\/wp\/v2\/product\/47652","targetHints":{"allow":["GET"]}}],"collection":[{"href":"https:\/\/mps.digital-monkey.in\/de\/wp-json\/wp\/v2\/product"}],"about":[{"href":"https:\/\/mps.digital-monkey.in\/de\/wp-json\/wp\/v2\/types\/product"}],"replies":[{"embeddable":true,"href":"https:\/\/mps.digital-monkey.in\/de\/wp-json\/wp\/v2\/comments?post=47652"}],"wp:featuredmedia":[{"embeddable":true,"href":"https:\/\/mps.digital-monkey.in\/de\/wp-json\/wp\/v2\/media\/47658"}],"wp:attachment":[{"href":"https:\/\/mps.digital-monkey.in\/de\/wp-json\/wp\/v2\/media?parent=47652"}],"wp:term":[{"taxonomy":"product_brand","embeddable":true,"href":"https:\/\/mps.digital-monkey.in\/de\/wp-json\/wp\/v2\/product_brand?post=47652"},{"taxonomy":"product_cat","embeddable":true,"href":"https:\/\/mps.digital-monkey.in\/de\/wp-json\/wp\/v2\/product_cat?post=47652"},{"taxonomy":"product_tag","embeddable":true,"href":"https:\/\/mps.digital-monkey.in\/de\/wp-json\/wp\/v2\/product_tag?post=47652"}],"curies":[{"name":"wp","href":"https:\/\/api.w.org\/{rel}","templated":true}]}}