{"id":47748,"date":"2026-03-06T10:25:34","date_gmt":"2026-03-06T10:25:34","guid":{"rendered":"https:\/\/mps.digital-monkey.in\/product\/kupfer-unterlegscheibe-volvo-penta-11991\/"},"modified":"2026-03-06T10:25:34","modified_gmt":"2026-03-06T10:25:34","slug":"kupfer-unterlegscheibe-volvo-penta-11991","status":"publish","type":"product","link":"https:\/\/mps.digital-monkey.in\/de\/produkt\/kupfer-unterlegscheibe-volvo-penta-11991\/","title":{"rendered":"Kupfer-Unterlegscheibe Volvo Penta - 11991"},"content":{"rendered":"<p data-start=\"717\" data-end=\"943\">Diese Dichtungsscheibe aus Kupfer eignet sich f\u00fcr eine breite Palette von <span class=\"hover:entity-accent entity-underline inline cursor-pointer align-baseline\"><span class=\"whitespace-normal\">Volvo Penta<\/span><\/span> Schiffsdieselmotoren. Die Unterlegscheibe sorgt f\u00fcr eine zuverl\u00e4ssige Abdichtung in verschiedenen Motoranschl\u00fcssen, f\u00fcr die ein Kupferdichtring erforderlich ist. <\/p>\n<hr data-start=\"1232\" data-end=\"1235\">\n<h3 data-section-id=\"v8xwcf\" data-start=\"1237\" data-end=\"1272\">Ersetzt die Volvo Penta OEM-Nummer<\/h3>\n<p data-start=\"1274\" data-end=\"1279\">11991<\/p>\n<hr data-start=\"1281\" data-end=\"1284\">\n<h3 data-section-id=\"3hpvtr\" data-start=\"1286\" data-end=\"1320\">Kompatible Volvo Penta-Motoren<\/h3>\n<p data-start=\"1322\" data-end=\"1370\">Geeignet f\u00fcr viele Volvo Penta-Motoren, darunter:<\/p>\n<p data-start=\"1372\" data-end=\"1385\"><strong data-start=\"1372\" data-end=\"1385\">Serie D1<\/strong><\/p>\n<p data-start=\"1387\" data-end=\"1464\">D1-13<br data-start=\"1392\" data-end=\"1395\">D1-13B<br data-start=\"1401\" data-end=\"1404\">D1-13F<br data-start=\"1410\" data-end=\"1413\">D1-20<br data-start=\"1418\" data-end=\"1421\">D1-20B<br data-start=\"1427\" data-end=\"1430\">D1-20F<br data-start=\"1436\" data-end=\"1439\">D1-30<br data-start=\"1444\" data-end=\"1447\">D1-30B<br data-start=\"1453\" data-end=\"1456\">D1-30F<\/p>\n<p data-start=\"1466\" data-end=\"1479\"><strong data-start=\"1466\" data-end=\"1479\">Serie D2<\/strong><\/p>\n<p data-start=\"1481\" data-end=\"1612\">D2-40<br data-start=\"1486\" data-end=\"1489\">D2-40B<br data-start=\"1495\" data-end=\"1498\">D2-40F<br data-start=\"1504\" data-end=\"1507\">D2-50F<br data-start=\"1513\" data-end=\"1516\">D2-55<br data-start=\"1521\" data-end=\"1524\">D2-55B<br data-start=\"1530\" data-end=\"1533\">D2-55C<br data-start=\"1539\" data-end=\"1542\">D2-55D<br data-start=\"1548\" data-end=\"1551\">D2-55E<br data-start=\"1557\" data-end=\"1560\">D2-55F<br data-start=\"1566\" data-end=\"1569\">D2-60F<br data-start=\"1575\" data-end=\"1578\">D2-75<br data-start=\"1583\" data-end=\"1586\">D2-75B<br data-start=\"1592\" data-end=\"1595\">D2-75C<br data-start=\"1601\" data-end=\"1604\">D2-75F<\/p>\n<p data-start=\"1614\" data-end=\"1627\"><strong data-start=\"1614\" data-end=\"1627\">MD-Serie<\/strong><\/p>\n<p data-start=\"1629\" data-end=\"1853\">MD5A<br data-start=\"1633\" data-end=\"1636\">MD5B<br data-start=\"1640\" data-end=\"1643\">MD5C<br data-start=\"1647\" data-end=\"1650\">MD11C<br data-start=\"1655\" data-end=\"1658\">MD11D<br data-start=\"1663\" data-end=\"1666\">MD17C<br data-start=\"1671\" data-end=\"1674\">MD17D<br data-start=\"1679\" data-end=\"1682\">MD21A<br data-start=\"1687\" data-end=\"1690\">MD2010<br data-start=\"1696\" data-end=\"1699\">MD2010B<br data-start=\"1706\" data-end=\"1709\">MD2010-C<br data-start=\"1717\" data-end=\"1720\">MD2010-D<br data-start=\"1728\" data-end=\"1731\">MD2020<br data-start=\"1737\" data-end=\"1740\">MD2020B<br data-start=\"1747\" data-end=\"1750\">MD2020-C<br data-start=\"1758\" data-end=\"1761\">MD2020-D<br data-start=\"1769\" data-end=\"1772\">MD2030<br data-start=\"1778\" data-end=\"1781\">MD2030B<br data-start=\"1788\" data-end=\"1791\">MD2030-C<br data-start=\"1799\" data-end=\"1802\">MD2030-D<br data-start=\"1810\" data-end=\"1813\">MD2040<br data-start=\"1819\" data-end=\"1822\">MD2040B<br data-start=\"1829\" data-end=\"1832\">MD2040-C<br data-start=\"1840\" data-end=\"1843\">MD2040-D<\/p>\n<p data-start=\"1855\" data-end=\"1935\">Auch geeignet f\u00fcr verschiedene Volvo Penta AQ, BB, MB, TD, THD, TAD und TAMD Motoren.<\/p>\n","protected":false},"excerpt":{"rendered":"<p>Diese Dichtungsscheibe aus Kupfer eignet sich f\u00fcr eine breite Palette von Volvo Penta Schiffsdieselmotoren. Die Unterlegscheibe sorgt f\u00fcr eine zuverl\u00e4ssige Abdichtung in verschiedenen Motoranschl\u00fcssen, f\u00fcr die ein Kupferdichtring erforderlich ist. Ersetzt die Volvo Penta OEM-Nummer 11991 Kompatible Volvo Penta-Motoren Geeignet f\u00fcr viele Volvo Penta-Motoren, darunter: Serie D1 D1-13D1-13BD1-13FD1-20D1-20BD1-20FD1-30D1-30BD1-30F Serie D2 D2-40D2-40BD2-40FD2-50FD2-55D2-55BD2-55CD2-55DD2-55ED2-55FD2-60FD2-75D2-75BD2-75CD2-75F MD-Serie MD5AMD5BMD5CMD11CMD11DMD17CMD17DMD21AMD2010MD2010BMD2010-CMD2010-DMD2020MD2020BMD2020-CMD2020-DMD2030MD2030BMD2030-CMD2030-DMD2040MD2040BMD2040-CMD2040-D Auch geeignet [&hellip;]<\/p>\n","protected":false},"featured_media":47750,"comment_status":"open","ping_status":"closed","template":"","meta":[],"product_brand":[4230],"product_cat":[4488,4308,4321,4295,4290,4289,4332,4335,4336,4309,4366,4369,4310,4312,4316,4318,4357,4331],"product_tag":[],"class_list":{"0":"post-47748","1":"product","2":"type-product","3":"status-publish","4":"has-post-thumbnail","6":"product_brand-volvo-penta","7":"product_cat-brauchen-sie-volvo-penta-teile","8":"product_cat-volvo-penta","9":"product_cat-volvo-penta-d1-serie","10":"product_cat-volvo-penta-d1-13-teile","11":"product_cat-volvo-penta-d1-20-teile","12":"product_cat-volvo-penta-d1-30-teile","13":"product_cat-volvo-penta-d2-40-teile","14":"product_cat-volvo-penta-d2-55-teile","15":"product_cat-volvo-penta-d2-75-teile","16":"product_cat-volvo-penta-md-serie","17":"product_cat-volvo-penta-md11","18":"product_cat-volvo-penta-md17","19":"product_cat-volvo-penta-md2010-teile","20":"product_cat-volvo-penta-md2020-teile","21":"product_cat-volvo-penta-md2030-teile","22":"product_cat-volvo-penta-md2040-teile","23":"product_cat-volvo-penta-md5","24":"product_cat-volvo-penta-serie-d2","25":"pa_condition-neu","26":"pa_oem-or-aftermarket-aftermarket","28":"first","29":"instock","30":"taxable","31":"shipping-taxable","32":"purchasable","33":"product-type-simple"},"supplier_id":7294,"supplier_sku":"REC11991","barcode":null,"atum_controlled":true,"out_stock_date":null,"out_stock_threshold":null,"inheritable":false,"inbound_stock":0,"stock_on_hold":0,"sold_today":0,"sales_last_days":0,"reserved_stock":0,"customer_returns":0,"warehouse_damage":0,"lost_in_post":0,"other_logs":0,"out_stock_days":0,"lost_sales":0,"has_location":false,"update_date":"2026-04-07T08:06:15","atum_locations":[],"atum_stock_status":"instock","restock_status":false,"low_stock_amount":1,"sales_update_date":"2026-04-07T08:06:15","calc_backorders":null,"_links":{"self":[{"href":"https:\/\/mps.digital-monkey.in\/de\/wp-json\/wp\/v2\/product\/47748","targetHints":{"allow":["GET"]}}],"collection":[{"href":"https:\/\/mps.digital-monkey.in\/de\/wp-json\/wp\/v2\/product"}],"about":[{"href":"https:\/\/mps.digital-monkey.in\/de\/wp-json\/wp\/v2\/types\/product"}],"replies":[{"embeddable":true,"href":"https:\/\/mps.digital-monkey.in\/de\/wp-json\/wp\/v2\/comments?post=47748"}],"wp:featuredmedia":[{"embeddable":true,"href":"https:\/\/mps.digital-monkey.in\/de\/wp-json\/wp\/v2\/media\/47750"}],"wp:attachment":[{"href":"https:\/\/mps.digital-monkey.in\/de\/wp-json\/wp\/v2\/media?parent=47748"}],"wp:term":[{"taxonomy":"product_brand","embeddable":true,"href":"https:\/\/mps.digital-monkey.in\/de\/wp-json\/wp\/v2\/product_brand?post=47748"},{"taxonomy":"product_cat","embeddable":true,"href":"https:\/\/mps.digital-monkey.in\/de\/wp-json\/wp\/v2\/product_cat?post=47748"},{"taxonomy":"product_tag","embeddable":true,"href":"https:\/\/mps.digital-monkey.in\/de\/wp-json\/wp\/v2\/product_tag?post=47748"}],"curies":[{"name":"wp","href":"https:\/\/api.w.org\/{rel}","templated":true}]}}