{"id":47757,"date":"2026-03-06T09:49:05","date_gmt":"2026-03-06T09:49:05","guid":{"rendered":"https:\/\/mps.digital-monkey.in\/product\/auspuffdichtung-volvo-penta-861907\/"},"modified":"2026-03-06T09:49:05","modified_gmt":"2026-03-06T09:49:05","slug":"auspuffdichtung-volvo-penta-861907","status":"publish","type":"product","link":"https:\/\/mps.digital-monkey.in\/de\/produkt\/auspuffdichtung-volvo-penta-861907\/","title":{"rendered":"Auspuffdichtung Volvo Penta 861907"},"content":{"rendered":"<p>Diese Auspuffdichtung ist f\u00fcr verschiedene Volvo Penta MD- und D-Serien geeignet. Die Dichtung wird zwischen dem Auspuffkr\u00fcmmer und dem Motor eingebaut, um eine ordnungsgem\u00e4\u00dfe Abdichtung im Auspuffsystem zu gew\u00e4hrleisten. <\/p>\n<hr>\n<h3>Ersetzt die Volvo Penta OEM-Nummer<\/h3>\n<p>861907<\/p>\n<hr>\n<h3>Kompatible Volvo Penta-Motoren<\/h3>\n<p><strong>MD-Serie<\/strong><\/p>\n<p>MD2010<br \/>\nMD2020<br \/>\nMD2030<br \/>\nMD2040<\/p>\n<p><strong>D-Serie<\/strong><\/p>\n<p>D1-13<br \/>\nD1-20<br \/>\nD1-30<br \/>\nD2-40<\/p>\n<p><strong>Fragen zur Kompatibilit\u00e4t oder Installation? Unsere Marinespezialisten helfen Ihnen gerne weiter.<\/strong><\/p>\n","protected":false},"excerpt":{"rendered":"<p>Diese Auspuffdichtung ist f\u00fcr verschiedene Volvo Penta MD- und D-Serien geeignet. Die Dichtung wird zwischen dem Auspuffkr\u00fcmmer und dem Motor eingebaut, um eine ordnungsgem\u00e4\u00dfe Abdichtung im Auspuffsystem zu gew\u00e4hrleisten. Ersetzt die Volvo Penta OEM-Nummer 861907 Kompatible Volvo Penta-Motoren MD-Serie MD2010 MD2020 MD2030 MD2040 D-Serie D1-13 D1-20 D1-30 D2-40 Fragen zur Kompatibilit\u00e4t oder Installation? Unsere Marinespezialisten [&hellip;]<\/p>\n","protected":false},"featured_media":47759,"comment_status":"open","ping_status":"closed","template":"","meta":[],"product_brand":[4230],"product_cat":[4488,3037,3038,4308,4321,4295,4290,4289,4332,4310,4312,4316,4318,4331],"product_tag":[],"class_list":{"0":"post-47757","1":"product","2":"type-product","3":"status-publish","4":"has-post-thumbnail","6":"product_brand-volvo-penta","7":"product_cat-brauchen-sie-volvo-penta-teile","8":"product_cat-kits-fur-wartung-und-reparatur","9":"product_cat-motor-dichtungen","10":"product_cat-volvo-penta","11":"product_cat-volvo-penta-d1-serie","12":"product_cat-volvo-penta-d1-13-teile","13":"product_cat-volvo-penta-d1-20-teile","14":"product_cat-volvo-penta-d1-30-teile","15":"product_cat-volvo-penta-d2-40-teile","16":"product_cat-volvo-penta-md2010-teile","17":"product_cat-volvo-penta-md2020-teile","18":"product_cat-volvo-penta-md2030-teile","19":"product_cat-volvo-penta-md2040-teile","20":"product_cat-volvo-penta-serie-d2","21":"pa_condition-neu","22":"pa_model-d1-13","23":"pa_model-d1-20","24":"pa_model-d1-30","25":"pa_model-d1-30b","26":"pa_model-d1-30f","27":"pa_model-d2-40","28":"pa_model-d2-40b","29":"pa_model-d2-40f","30":"pa_model-md2010","31":"pa_model-md2020","32":"pa_model-md2030","33":"pa_model-md2040","34":"pa_oem-or-aftermarket-aftermarket","36":"first","37":"onbackorder","38":"taxable","39":"shipping-taxable","40":"purchasable","41":"product-type-simple"},"supplier_id":7294,"supplier_sku":"REC861907","barcode":null,"atum_controlled":true,"out_stock_date":"2026-03-06 09:49:10","out_stock_threshold":null,"inheritable":false,"inbound_stock":0,"stock_on_hold":0,"sold_today":0,"sales_last_days":0,"reserved_stock":0,"customer_returns":0,"warehouse_damage":0,"lost_in_post":0,"other_logs":0,"out_stock_days":14,"lost_sales":0,"has_location":false,"update_date":"2026-03-20T11:16:39","atum_locations":[],"atum_stock_status":"onbackorder","restock_status":false,"low_stock_amount":1,"sales_update_date":"2026-03-20T11:16:39","calc_backorders":null,"_links":{"self":[{"href":"https:\/\/mps.digital-monkey.in\/de\/wp-json\/wp\/v2\/product\/47757","targetHints":{"allow":["GET"]}}],"collection":[{"href":"https:\/\/mps.digital-monkey.in\/de\/wp-json\/wp\/v2\/product"}],"about":[{"href":"https:\/\/mps.digital-monkey.in\/de\/wp-json\/wp\/v2\/types\/product"}],"replies":[{"embeddable":true,"href":"https:\/\/mps.digital-monkey.in\/de\/wp-json\/wp\/v2\/comments?post=47757"}],"wp:featuredmedia":[{"embeddable":true,"href":"https:\/\/mps.digital-monkey.in\/de\/wp-json\/wp\/v2\/media\/47759"}],"wp:attachment":[{"href":"https:\/\/mps.digital-monkey.in\/de\/wp-json\/wp\/v2\/media?parent=47757"}],"wp:term":[{"taxonomy":"product_brand","embeddable":true,"href":"https:\/\/mps.digital-monkey.in\/de\/wp-json\/wp\/v2\/product_brand?post=47757"},{"taxonomy":"product_cat","embeddable":true,"href":"https:\/\/mps.digital-monkey.in\/de\/wp-json\/wp\/v2\/product_cat?post=47757"},{"taxonomy":"product_tag","embeddable":true,"href":"https:\/\/mps.digital-monkey.in\/de\/wp-json\/wp\/v2\/product_tag?post=47757"}],"curies":[{"name":"wp","href":"https:\/\/api.w.org\/{rel}","templated":true}]}}