{"id":47764,"date":"2026-03-09T08:24:31","date_gmt":"2026-03-09T08:24:31","guid":{"rendered":"https:\/\/mps.digital-monkey.in\/product\/volvo-penta-saildrive-konusbolzen-967519\/"},"modified":"2026-03-09T08:24:31","modified_gmt":"2026-03-09T08:24:31","slug":"volvo-penta-saildrive-konusbolzen-967519","status":"publish","type":"product","link":"https:\/\/mps.digital-monkey.in\/de\/produkt\/volvo-penta-saildrive-konusbolzen-967519\/","title":{"rendered":"Volvo Penta Saildrive Konusbolzen 967519"},"content":{"rendered":"<div class=\"relative basis-auto flex-col -mb-(--composer-overlap-px) [--composer-overlap-px:28px] grow flex\">\n<div class=\"flex flex-col text-sm pb-25\">\n<article class=\"text-token-text-primary w-full focus:outline-none [--shadow-height:45px] has-data-writing-block:pointer-events-none has-data-writing-block:-mt-(--shadow-height) has-data-writing-block:pt-(--shadow-height) [&amp;:has([data-writing-block])&gt;*]:pointer-events-auto scroll-mt-[calc(var(--header-height)+min(200px,max(70px,20svh)))]\" dir=\"auto\" tabindex=\"-1\" data-turn-id=\"request-69a2c9b3-06b8-8389-b2ee-26eb12f8a713-3\" data-testid=\"conversation-turn-30\" data-scroll-anchor=\"true\" data-turn=\"assistant\">\n<div class=\"text-base my-auto mx-auto pb-10 [--thread-content-margin:var(--thread-content-margin-xs,calc(var(--spacing)*4))] @w-sm\/main:[--thread-content-margin:var(--thread-content-margin-sm,calc(var(--spacing)*6))] @w-lg\/main:[--thread-content-margin:var(--thread-content-margin-lg,calc(var(--spacing)*16))] px-(--thread-content-margin)\">\n<div class=\"[--thread-content-max-width:40rem] @w-lg\/main:[--thread-content-max-width:48rem] mx-auto max-w-(--thread-content-max-width) flex-1 group\/turn-messages focus-visible:outline-hidden relative flex w-full min-w-0 flex-col agent-turn\" tabindex=\"-1\">\n<div class=\"flex max-w-full flex-col gap-4 grow\">\n<div class=\"min-h-8 text-message relative flex w-full flex-col items-end gap-2 text-start break-words whitespace-normal [.text-message+&amp;]:mt-1\" dir=\"auto\" data-message-author-role=\"assistant\" data-message-id=\"a6fdd7a2-acf7-4a2d-8c1b-981143e21c63\" data-message-model-slug=\"gpt-5-3\">\n<div class=\"flex w-full flex-col gap-1 empty:hidden\">\n<div class=\"markdown prose dark:prose-invert w-full wrap-break-word dark markdown-new-styling\">\n<p data-start=\"338\" data-end=\"573\">Dieser Segelantriebskonusbolzen wird in der Propellerkonusbaugruppe von <span class=\"hover:entity-accent entity-underline inline cursor-pointer align-baseline\"><span class=\"whitespace-normal\">Volvo Penta<\/span><\/span> Saildrive Systemen verwendet. Die Schraube sichert den Propellerkonus an der Propellernabe und sorgt f\u00fcr eine ordnungsgem\u00e4\u00dfe Montage der Propellereinheit. <\/p>\n<p data-start=\"746\" data-end=\"795\">\n<p data-start=\"746\" data-end=\"795\">Dies ist ein <strong data-start=\"759\" data-end=\"794\">Original-OEM-Produkt von Volvo Penta<\/strong>.<\/p>\n<h3 data-section-id=\"g0wj0g\" data-start=\"802\" data-end=\"828\"><\/h3>\n<h3 data-section-id=\"g0wj0g\" data-start=\"802\" data-end=\"828\">Volvo Penta OEM-Nummer<\/h3>\n<p data-start=\"830\" data-end=\"836\">967519<\/p>\n<h3 data-section-id=\"1tek5pd\" data-start=\"843\" data-end=\"866\"><\/h3>\n<h3 data-section-id=\"1tek5pd\" data-start=\"843\" data-end=\"866\">Produkt-Informationen<\/h3>\n<p data-start=\"868\" data-end=\"1001\">Wird bei Saildrive-Propellerkonusbaugruppen verwendet<br data-start=\"911\" data-end=\"914\">Sichert den Propellerkonus an der Propellernabe<br data-start=\"961\" data-end=\"964\">Wird bei neueren Konusbaugruppen verwendet<\/p>\n<p data-start=\"1003\" data-end=\"1036\">Oft verwendet bei Segelantrieben wie z.B.:<\/p>\n<ul data-start=\"1038\" data-end=\"1082\">\n<li data-section-id=\"1td10y9\" data-start=\"1038\" data-end=\"1046\">\n<p data-start=\"1040\" data-end=\"1046\">MS25<\/p>\n<\/li>\n<li data-section-id=\"dn75d7\" data-start=\"1047\" data-end=\"1055\">\n<p data-start=\"1049\" data-end=\"1055\">110S<\/p>\n<\/li>\n<li data-section-id=\"dnxx7s\" data-start=\"1056\" data-end=\"1064\">\n<p data-start=\"1058\" data-end=\"1064\">120S<\/p>\n<\/li>\n<li data-section-id=\"dolw4p\" data-start=\"1065\" data-end=\"1073\">\n<p data-start=\"1067\" data-end=\"1073\">130S<\/p>\n<\/li>\n<li data-section-id=\"dq0tm7\" data-start=\"1074\" data-end=\"1082\">\n<p data-start=\"1076\" data-end=\"1082\">150S<\/p>\n<\/li>\n<\/ul>\n<p data-start=\"1321\" data-end=\"1412\"><strong>Fragen zur Kompatibilit\u00e4t oder zu Saildrive-Teilen? Unsere Marinespezialisten helfen Ihnen gerne weiter.<\/strong><\/p>\n<\/div>\n<\/div>\n<\/div>\n<\/div>\n<\/div>\n<\/div>\n<\/article>\n<\/div>\n<\/div>\n","protected":false},"excerpt":{"rendered":"<p>Dieser Segelantriebskonusbolzen wird in der Propellerkonusbaugruppe von Volvo Penta Saildrive Systemen verwendet. Die Schraube sichert den Propellerkonus an der Propellernabe und sorgt f\u00fcr eine ordnungsgem\u00e4\u00dfe Montage der Propellereinheit. Dies ist ein Original-OEM-Produkt von Volvo Penta. Volvo Penta OEM-Nummer 967519 Produkt-Informationen Wird bei Saildrive-Propellerkonusbaugruppen verwendetSichert den Propellerkonus an der PropellernabeWird bei neueren Konusbaugruppen verwendet Oft verwendet [&hellip;]<\/p>\n","protected":false},"featured_media":47766,"comment_status":"open","ping_status":"closed","template":"","meta":[],"product_brand":[4230],"product_cat":[4488,3037,3972,4308,4574],"product_tag":[],"class_list":{"0":"post-47764","1":"product","2":"type-product","3":"status-publish","4":"has-post-thumbnail","6":"product_brand-volvo-penta","7":"product_cat-brauchen-sie-volvo-penta-teile","8":"product_cat-kits-fur-wartung-und-reparatur","9":"product_cat-saildrive-reparatur-kits","10":"product_cat-volvo-penta","11":"product_cat-volvo-penta-saildrive-service-teile","12":"pa_condition-neu","13":"pa_model-130s","14":"pa_model-150s","15":"pa_oem-or-aftermarket-oem","17":"first","18":"instock","19":"taxable","20":"shipping-taxable","21":"purchasable","22":"product-type-simple"},"supplier_id":32142,"supplier_sku":"967519","barcode":null,"atum_controlled":true,"out_stock_date":null,"out_stock_threshold":null,"inheritable":false,"inbound_stock":0,"stock_on_hold":0,"sold_today":0,"sales_last_days":0,"reserved_stock":0,"customer_returns":0,"warehouse_damage":0,"lost_in_post":0,"other_logs":0,"out_stock_days":0,"lost_sales":0,"has_location":false,"update_date":"2026-04-07T08:06:15","atum_locations":[],"atum_stock_status":"instock","restock_status":false,"low_stock_amount":0,"sales_update_date":"2026-04-07T08:06:15","calc_backorders":null,"_links":{"self":[{"href":"https:\/\/mps.digital-monkey.in\/de\/wp-json\/wp\/v2\/product\/47764","targetHints":{"allow":["GET"]}}],"collection":[{"href":"https:\/\/mps.digital-monkey.in\/de\/wp-json\/wp\/v2\/product"}],"about":[{"href":"https:\/\/mps.digital-monkey.in\/de\/wp-json\/wp\/v2\/types\/product"}],"replies":[{"embeddable":true,"href":"https:\/\/mps.digital-monkey.in\/de\/wp-json\/wp\/v2\/comments?post=47764"}],"wp:featuredmedia":[{"embeddable":true,"href":"https:\/\/mps.digital-monkey.in\/de\/wp-json\/wp\/v2\/media\/47766"}],"wp:attachment":[{"href":"https:\/\/mps.digital-monkey.in\/de\/wp-json\/wp\/v2\/media?parent=47764"}],"wp:term":[{"taxonomy":"product_brand","embeddable":true,"href":"https:\/\/mps.digital-monkey.in\/de\/wp-json\/wp\/v2\/product_brand?post=47764"},{"taxonomy":"product_cat","embeddable":true,"href":"https:\/\/mps.digital-monkey.in\/de\/wp-json\/wp\/v2\/product_cat?post=47764"},{"taxonomy":"product_tag","embeddable":true,"href":"https:\/\/mps.digital-monkey.in\/de\/wp-json\/wp\/v2\/product_tag?post=47764"}],"curies":[{"name":"wp","href":"https:\/\/api.w.org\/{rel}","templated":true}]}}