{"id":47791,"date":"2026-03-10T09:27:09","date_gmt":"2026-03-10T09:27:09","guid":{"rendered":"https:\/\/mps.digital-monkey.in\/product\/oelfilter-perkins-m65-m92-m130-4-107-4-108-4-236-2654403\/"},"modified":"2026-03-10T09:27:09","modified_gmt":"2026-03-10T09:27:09","slug":"oelfilter-perkins-m65-m92-m130-4-107-4-108-4-236-2654403","status":"publish","type":"product","link":"https:\/\/mps.digital-monkey.in\/de\/product\/oelfilter-perkins-m65-m92-m130-4-107-4-108-4-236-2654403\/","title":{"rendered":"\u00d6lfilter Perkins M65 M92 M130 4.107 4.108 4.236 &#8211; 2654403"},"content":{"rendered":"<p data-start=\"355\" data-end=\"575\">Dieser \u00d6lfilter ist ein <strong data-start=\"376\" data-end=\"404\">Original-Erstausr\u00fcsterteil von Perkins<\/strong>, das f\u00fcr verschiedene Perkins Schiffs- und Industrie-Dieselmotoren entwickelt wurde. Der Filter entfernt Verunreinigungen aus dem Motor\u00f6l und hilft, die internen Motorkomponenten vor Verschlei\u00df zu sch\u00fctzen. <\/p>\n<p data-start=\"577\" data-end=\"675\">Ein regelm\u00e4\u00dfiger Wechsel des \u00d6lfilters ist wichtig, um eine ordnungsgem\u00e4\u00dfe Schmierung zu gew\u00e4hrleisten und die Lebensdauer des Motors zu verl\u00e4ngern.<\/p>\n<p data-start=\"677\" data-end=\"722\">\n<p data-start=\"677\" data-end=\"722\">Dies ist ein <strong data-start=\"690\" data-end=\"721\">Original-OEM-Produkt von Perkins<\/strong>.<\/p>\n<h3 data-section-id=\"rhd4h9\" data-start=\"729\" data-end=\"756\"><\/h3>\n<h3 data-section-id=\"rhd4h9\" data-start=\"729\" data-end=\"756\">Perkins OEM Teilenummer<\/h3>\n<p data-start=\"758\" data-end=\"765\">2654403<\/p>\n<h3 data-section-id=\"1nqw1b9\" data-start=\"772\" data-end=\"802\"><\/h3>\n<h3 data-section-id=\"1nqw1b9\" data-start=\"772\" data-end=\"802\">Kompatible Perkins-Motoren<\/h3>\n<p data-start=\"804\" data-end=\"854\">Geeignet f\u00fcr die folgenden Perkins Schiffsmotoren:<\/p>\n<p data-start=\"856\" data-end=\"940\">M65<br data-start=\"859\" data-end=\"862\">M92<br data-start=\"865\" data-end=\"868\">M92B<br data-start=\"872\" data-end=\"875\">M130C<br data-start=\"880\" data-end=\"883\">M130C \/ M135<br data-start=\"895\" data-end=\"898\">M185C \/ M215C<br data-start=\"911\" data-end=\"914\">M225Ti<br data-start=\"920\" data-end=\"923\">M265Ti \/ M300Ti<\/p>\n<p data-start=\"979\" data-end=\"1005\">4.107 M<br data-start=\"985\" data-end=\"988\">4.108 M<br data-start=\"994\" data-end=\"997\">4.236 M<\/p>\n<p data-start=\"1039\" data-end=\"1072\">M115T<br data-start=\"1044\" data-end=\"1047\">M132Ti<br data-start=\"1053\" data-end=\"1056\">6TWGM<br data-start=\"1061\" data-end=\"1064\">6TG2AM<\/p>\n<div class=\"flex flex-col text-sm pb-25\">\n<article class=\"text-token-text-primary w-full focus:outline-none [--shadow-height:45px] has-data-writing-block:pointer-events-none has-data-writing-block:-mt-(--shadow-height) has-data-writing-block:pt-(--shadow-height) [&amp;:has([data-writing-block])&gt;*]:pointer-events-auto scroll-mt-[calc(var(--header-height)+min(200px,max(70px,20svh)))]\" dir=\"auto\" tabindex=\"-1\" data-turn-id=\"request-69a2c9b3-06b8-8389-b2ee-26eb12f8a713-4\" data-testid=\"conversation-turn-38\" data-scroll-anchor=\"true\" data-turn=\"assistant\">\n<div class=\"text-base my-auto mx-auto pb-10 [--thread-content-margin:var(--thread-content-margin-xs,calc(var(--spacing)*4))] @w-sm\/main:[--thread-content-margin:var(--thread-content-margin-sm,calc(var(--spacing)*6))] @w-lg\/main:[--thread-content-margin:var(--thread-content-margin-lg,calc(var(--spacing)*16))] px-(--thread-content-margin)\">\n<div class=\"[--thread-content-max-width:40rem] @w-lg\/main:[--thread-content-max-width:48rem] mx-auto max-w-(--thread-content-max-width) flex-1 group\/turn-messages focus-visible:outline-hidden relative flex w-full min-w-0 flex-col agent-turn\" tabindex=\"-1\">\n<div class=\"flex max-w-full flex-col gap-4 grow\">\n<div class=\"min-h-8 text-message relative flex w-full flex-col items-end gap-2 text-start break-words whitespace-normal [.text-message+&amp;]:mt-1\" dir=\"auto\" data-message-author-role=\"assistant\" data-message-id=\"56e72913-5ce0-49df-92fe-45ad64763b88\" data-message-model-slug=\"gpt-5-3\">\n<div class=\"flex w-full flex-col gap-1 empty:hidden\">\n<div class=\"markdown prose dark:prose-invert w-full wrap-break-word dark markdown-new-styling\">\n<p data-start=\"1274\" data-end=\"1370\" data-is-last-node=\"\" data-is-only-node=\"\"><strong>Fragen zur Kompatibilit\u00e4t oder zu Perkins Motorenteilen? Unsere Marinespezialisten helfen Ihnen gerne weiter.<\/strong><\/p>\n<\/div>\n<\/div>\n<\/div>\n<\/div>\n<div class=\"z-0 flex min-h-[46px] justify-start\"><\/div>\n<div class=\"mt-3 w-full empty:hidden\">\n<div class=\"text-center\"><\/div>\n<\/div>\n<\/div>\n<\/div>\n<\/article>\n<\/div>\n<div class=\"pointer-events-none h-px w-px absolute bottom-0\" aria-hidden=\"true\" data-edge=\"true\"><\/div>\n<h3 data-section-id=\"714ijs\" data-start=\"1079\" data-end=\"1111\"><\/h3>\n","protected":false},"excerpt":{"rendered":"<p>Dieser \u00d6lfilter ist ein Original-Erstausr\u00fcsterteil von Perkins, das f\u00fcr verschiedene Perkins Schiffs- und Industrie-Dieselmotoren entwickelt wurde. Der Filter entfernt Verunreinigungen aus dem Motor\u00f6l und hilft, die internen Motorkomponenten vor Verschlei\u00df zu sch\u00fctzen. Ein regelm\u00e4\u00dfiger Wechsel des \u00d6lfilters ist wichtig, um eine ordnungsgem\u00e4\u00dfe Schmierung zu gew\u00e4hrleisten und die Lebensdauer des Motors zu verl\u00e4ngern. Dies ist ein [&hellip;]<\/p>\n","protected":false},"featured_media":47794,"comment_status":"open","ping_status":"closed","template":"","meta":[],"product_brand":[4784],"product_cat":[2498,2790],"product_tag":[],"class_list":{"0":"post-47791","1":"product","2":"type-product","3":"status-publish","4":"has-post-thumbnail","6":"product_brand-perkins","7":"product_cat-ersatzteile-fur-motoren","8":"product_cat-olfilter","9":"pa_condition-neu","10":"pa_model-4-107","11":"pa_model-4-108","12":"pa_model-4-236","13":"pa_model-m115t","14":"pa_model-m130c","15":"pa_model-m132ti","16":"pa_model-m135","17":"pa_model-m185c","18":"pa_model-m215c","19":"pa_model-m225ti","20":"pa_model-m265ti","21":"pa_model-m300ti","22":"pa_model-m65","23":"pa_model-m92","24":"pa_model-m92b","25":"pa_oem-or-aftermarket-oem","27":"first","28":"onbackorder","29":"taxable","30":"shipping-taxable","31":"purchasable","32":"product-type-simple"},"supplier_id":null,"supplier_sku":"2654403","barcode":null,"atum_controlled":true,"out_stock_date":"2026-03-10 09:27:13","out_stock_threshold":null,"inheritable":false,"inbound_stock":0,"stock_on_hold":0,"sold_today":0,"sales_last_days":0,"reserved_stock":0,"customer_returns":0,"warehouse_damage":0,"lost_in_post":0,"other_logs":0,"out_stock_days":27,"lost_sales":0,"has_location":false,"update_date":"2026-04-07T08:06:15","atum_locations":[],"atum_stock_status":"onbackorder","restock_status":false,"low_stock_amount":0,"sales_update_date":"2026-04-07T08:06:15","calc_backorders":null,"_links":{"self":[{"href":"https:\/\/mps.digital-monkey.in\/de\/wp-json\/wp\/v2\/product\/47791","targetHints":{"allow":["GET"]}}],"collection":[{"href":"https:\/\/mps.digital-monkey.in\/de\/wp-json\/wp\/v2\/product"}],"about":[{"href":"https:\/\/mps.digital-monkey.in\/de\/wp-json\/wp\/v2\/types\/product"}],"replies":[{"embeddable":true,"href":"https:\/\/mps.digital-monkey.in\/de\/wp-json\/wp\/v2\/comments?post=47791"}],"wp:featuredmedia":[{"embeddable":true,"href":"https:\/\/mps.digital-monkey.in\/de\/wp-json\/wp\/v2\/media\/47794"}],"wp:attachment":[{"href":"https:\/\/mps.digital-monkey.in\/de\/wp-json\/wp\/v2\/media?parent=47791"}],"wp:term":[{"taxonomy":"product_brand","embeddable":true,"href":"https:\/\/mps.digital-monkey.in\/de\/wp-json\/wp\/v2\/product_brand?post=47791"},{"taxonomy":"product_cat","embeddable":true,"href":"https:\/\/mps.digital-monkey.in\/de\/wp-json\/wp\/v2\/product_cat?post=47791"},{"taxonomy":"product_tag","embeddable":true,"href":"https:\/\/mps.digital-monkey.in\/de\/wp-json\/wp\/v2\/product_tag?post=47791"}],"curies":[{"name":"wp","href":"https:\/\/api.w.org\/{rel}","templated":true}]}}