{"id":47802,"date":"2026-03-11T10:49:51","date_gmt":"2026-03-11T10:49:51","guid":{"rendered":"https:\/\/mps.digital-monkey.in\/product\/perkins-keilriemen-2614b642\/"},"modified":"2026-03-11T10:49:51","modified_gmt":"2026-03-11T10:49:51","slug":"perkins-keilriemen-2614b642","status":"publish","type":"product","link":"https:\/\/mps.digital-monkey.in\/de\/product\/perkins-keilriemen-2614b642\/","title":{"rendered":"Perkins Keilriemen 2614B642"},"content":{"rendered":"<p data-start=\"330\" data-end=\"545\">Dieser Keilriemen ist ein <strong data-start=\"347\" data-end=\"375\">Original-Erstausr\u00fcsterteil von Perkins<\/strong> und passt f\u00fcr verschiedene <span class=\"hover:entity-accent entity-underline inline cursor-pointer align-baseline\"><span class=\"whitespace-normal\">Perkins-Motoren<\/span><\/span> Schiffsdieselmotoren. Der Riemen treibt wichtige Motorkomponenten wie die Lichtmaschine und die Frischwasserpumpe an. <\/p>\n<p data-start=\"547\" data-end=\"713\">Ein verschlissener oder \u00fcberdehnter Keilriemen kann zu unzureichender Aufladung, \u00dcberhitzung oder Ausfall von Zubeh\u00f6r f\u00fchren. Ein regelm\u00e4\u00dfiger Austausch des Keilriemens tr\u00e4gt zu einem zuverl\u00e4ssigen Betrieb des Motors bei. <\/p>\n<p data-start=\"547\" data-end=\"713\">\n<p data-start=\"547\" data-end=\"713\">Dies ist ein <strong data-start=\"728\" data-end=\"759\">Original-OEM-Produkt von Perkins<\/strong>.<\/p>\n<h3 data-section-id=\"rhd4h9\" data-start=\"767\" data-end=\"794\"><\/h3>\n<h3 data-section-id=\"rhd4h9\" data-start=\"767\" data-end=\"794\">Perkins OEM Teilenummer<\/h3>\n<p data-start=\"796\" data-end=\"804\">2614B642<\/p>\n<h3 data-section-id=\"1nqw1b9\" data-start=\"811\" data-end=\"841\"><\/h3>\n<h3 data-section-id=\"1nqw1b9\" data-start=\"811\" data-end=\"841\">Kompatible Perkins-Motoren<\/h3>\n<p data-start=\"843\" data-end=\"893\">Geeignet f\u00fcr die folgenden Perkins Schiffsmotoren:<\/p>\n<p data-start=\"895\" data-end=\"983\">M92<br data-start=\"898\" data-end=\"901\">M115T<br data-start=\"906\" data-end=\"909\">M130C<br data-start=\"914\" data-end=\"917\">M130C \/ M135<br data-start=\"929\" data-end=\"932\">M150Ti<br data-start=\"938\" data-end=\"941\">M185C<br data-start=\"946\" data-end=\"949\">M215C<br data-start=\"954\" data-end=\"957\">M225Ti<br data-start=\"963\" data-end=\"966\">M265Ti \/ M300Ti<\/p>\n<p data-start=\"1000\" data-end=\"1013\">\n<p data-start=\"1221\" data-end=\"1317\" data-is-last-node=\"\" data-is-only-node=\"\"><strong>Fragen zur Kompatibilit\u00e4t oder zu Perkins Motorenteilen? Unsere Marinespezialisten helfen Ihnen gerne weiter.<\/strong><\/p>\n","protected":false},"excerpt":{"rendered":"<p>Dieser Keilriemen ist ein Original-Erstausr\u00fcsterteil von Perkins und passt f\u00fcr verschiedene Perkins-Motoren Schiffsdieselmotoren. Der Riemen treibt wichtige Motorkomponenten wie die Lichtmaschine und die Frischwasserpumpe an. Ein verschlissener oder \u00fcberdehnter Keilriemen kann zu unzureichender Aufladung, \u00dcberhitzung oder Ausfall von Zubeh\u00f6r f\u00fchren. Ein regelm\u00e4\u00dfiger Austausch des Keilriemens tr\u00e4gt zu einem zuverl\u00e4ssigen Betrieb des Motors bei. Dies ist [&hellip;]<\/p>\n","protected":false},"featured_media":47803,"comment_status":"open","ping_status":"closed","template":"","meta":[],"product_brand":[4784],"product_cat":[4119],"product_tag":[],"class_list":{"0":"post-47802","1":"product","2":"type-product","3":"status-publish","4":"has-post-thumbnail","6":"product_brand-perkins","7":"product_cat-keilriemen","8":"pa_condition-neu","9":"pa_model-m115t","10":"pa_model-m130c","11":"pa_model-m135","12":"pa_model-m150ti","13":"pa_model-m185c","14":"pa_model-m215c","15":"pa_model-m225ti","16":"pa_model-m265ti","17":"pa_model-m300ti","18":"pa_model-m92","19":"pa_oem-or-aftermarket-oem","21":"first","22":"onbackorder","23":"taxable","24":"shipping-taxable","25":"purchasable","26":"product-type-simple"},"supplier_id":null,"supplier_sku":"2614B642","barcode":null,"atum_controlled":true,"out_stock_date":"2026-03-11 10:49:56","out_stock_threshold":null,"inheritable":false,"inbound_stock":0,"stock_on_hold":0,"sold_today":0,"sales_last_days":0,"reserved_stock":0,"customer_returns":0,"warehouse_damage":0,"lost_in_post":0,"other_logs":0,"out_stock_days":26,"lost_sales":0,"has_location":false,"update_date":"2026-04-07T08:06:15","atum_locations":[],"atum_stock_status":"onbackorder","restock_status":false,"low_stock_amount":0,"sales_update_date":"2026-04-07T08:06:15","calc_backorders":null,"_links":{"self":[{"href":"https:\/\/mps.digital-monkey.in\/de\/wp-json\/wp\/v2\/product\/47802","targetHints":{"allow":["GET"]}}],"collection":[{"href":"https:\/\/mps.digital-monkey.in\/de\/wp-json\/wp\/v2\/product"}],"about":[{"href":"https:\/\/mps.digital-monkey.in\/de\/wp-json\/wp\/v2\/types\/product"}],"replies":[{"embeddable":true,"href":"https:\/\/mps.digital-monkey.in\/de\/wp-json\/wp\/v2\/comments?post=47802"}],"wp:featuredmedia":[{"embeddable":true,"href":"https:\/\/mps.digital-monkey.in\/de\/wp-json\/wp\/v2\/media\/47803"}],"wp:attachment":[{"href":"https:\/\/mps.digital-monkey.in\/de\/wp-json\/wp\/v2\/media?parent=47802"}],"wp:term":[{"taxonomy":"product_brand","embeddable":true,"href":"https:\/\/mps.digital-monkey.in\/de\/wp-json\/wp\/v2\/product_brand?post=47802"},{"taxonomy":"product_cat","embeddable":true,"href":"https:\/\/mps.digital-monkey.in\/de\/wp-json\/wp\/v2\/product_cat?post=47802"},{"taxonomy":"product_tag","embeddable":true,"href":"https:\/\/mps.digital-monkey.in\/de\/wp-json\/wp\/v2\/product_tag?post=47802"}],"curies":[{"name":"wp","href":"https:\/\/api.w.org\/{rel}","templated":true}]}}