{"id":47805,"date":"2026-03-12T14:48:45","date_gmt":"2026-03-12T14:48:45","guid":{"rendered":"https:\/\/mps.digital-monkey.in\/product\/oelfilter-fuer-craftsman-cm2-16-cm3-27-cm4-42-01000100\/"},"modified":"2026-03-12T14:48:45","modified_gmt":"2026-03-12T14:48:45","slug":"oelfilter-fuer-craftsman-cm2-16-cm3-27-cm4-42-01000100","status":"publish","type":"product","link":"https:\/\/mps.digital-monkey.in\/de\/product\/oelfilter-fuer-craftsman-cm2-16-cm3-27-cm4-42-01000100\/","title":{"rendered":"\u00d6lfilter f\u00fcr Craftsman CM2.16 \/ CM3.27 \/ CM4.42 &#8211; 01000100"},"content":{"rendered":"<p data-start=\"336\" data-end=\"577\">Dieser \u00d6lfilter ist ein <strong data-start=\"357\" data-end=\"387\">Original-Erstausr\u00fcsterteil von Craftsman<\/strong>, das f\u00fcr verschiedene <span class=\"hover:entity-accent entity-underline inline cursor-pointer align-baseline\"><span class=\"whitespace-normal\">Craftsman Marine<\/span><\/span> Schiffsdieselmotoren. Ein regelm\u00e4\u00dfiger Austausch des \u00d6lfilters ist wichtig, um eine ordnungsgem\u00e4\u00dfe Schmierung zu gew\u00e4hrleisten und eine lange Lebensdauer des Motors sicherzustellen. <\/p>\n<p data-start=\"691\" data-end=\"738\">Dies ist ein <strong data-start=\"704\" data-end=\"737\">Original-OEM-Produkt von Craftsman<\/strong>.<\/p>\n<h3 data-section-id=\"voajty\" data-start=\"745\" data-end=\"774\"><\/h3>\n<h3 data-section-id=\"voajty\" data-start=\"745\" data-end=\"774\">Craftsman OEM Teilenummer<\/h3>\n<p data-start=\"776\" data-end=\"784\">01000100<\/p>\n<h3 data-section-id=\"1xdx44u\" data-start=\"791\" data-end=\"823\"><\/h3>\n<h3 data-section-id=\"1xdx44u\" data-start=\"791\" data-end=\"823\">Kompatible Craftsman-Motoren<\/h3>\n<p data-start=\"825\" data-end=\"851\">CM2.16<br data-start=\"831\" data-end=\"834\">CM3.27<br data-start=\"840\" data-end=\"843\">CM4.42<\/p>\n<p data-start=\"1070\" data-end=\"1168\" data-is-last-node=\"\" data-is-only-node=\"\"><strong>Fragen zur Kompatibilit\u00e4t oder zu Craftsman Motorenteilen? Unsere Marinespezialisten helfen Ihnen gerne weiter.<\/strong><\/p>\n","protected":false},"excerpt":{"rendered":"<p>Dieser \u00d6lfilter ist ein Original-Erstausr\u00fcsterteil von Craftsman, das f\u00fcr verschiedene Craftsman Marine Schiffsdieselmotoren. Ein regelm\u00e4\u00dfiger Austausch des \u00d6lfilters ist wichtig, um eine ordnungsgem\u00e4\u00dfe Schmierung zu gew\u00e4hrleisten und eine lange Lebensdauer des Motors sicherzustellen. Dies ist ein Original-OEM-Produkt von Craftsman. Craftsman OEM Teilenummer 01000100 Kompatible Craftsman-Motoren CM2.16CM3.27CM4.42 Fragen zur Kompatibilit\u00e4t oder zu Craftsman Motorenteilen? Unsere Marinespezialisten [&hellip;]<\/p>\n","protected":false},"featured_media":47807,"comment_status":"open","ping_status":"closed","template":"","meta":[],"product_brand":[4809],"product_cat":[2498,2790],"product_tag":[],"class_list":{"0":"post-47805","1":"product","2":"type-product","3":"status-publish","4":"has-post-thumbnail","6":"product_brand-handwerker","7":"product_cat-ersatzteile-fur-motoren","8":"product_cat-olfilter","9":"pa_condition-neu","10":"pa_model-cm2-16","11":"pa_model-cm3-27","12":"pa_model-cm4-42","13":"pa_oem-or-aftermarket-oem","15":"first","16":"onbackorder","17":"taxable","18":"shipping-taxable","19":"purchasable","20":"product-type-simple"},"supplier_id":null,"supplier_sku":"01000100","barcode":null,"atum_controlled":true,"out_stock_date":"2026-03-12 14:48:51","out_stock_threshold":null,"inheritable":false,"inbound_stock":0,"stock_on_hold":0,"sold_today":0,"sales_last_days":0,"reserved_stock":0,"customer_returns":0,"warehouse_damage":0,"lost_in_post":0,"other_logs":0,"out_stock_days":25,"lost_sales":0,"has_location":false,"update_date":"2026-04-07T08:06:15","atum_locations":[],"atum_stock_status":"onbackorder","restock_status":false,"low_stock_amount":0,"sales_update_date":"2026-04-07T08:06:15","calc_backorders":null,"_links":{"self":[{"href":"https:\/\/mps.digital-monkey.in\/de\/wp-json\/wp\/v2\/product\/47805","targetHints":{"allow":["GET"]}}],"collection":[{"href":"https:\/\/mps.digital-monkey.in\/de\/wp-json\/wp\/v2\/product"}],"about":[{"href":"https:\/\/mps.digital-monkey.in\/de\/wp-json\/wp\/v2\/types\/product"}],"replies":[{"embeddable":true,"href":"https:\/\/mps.digital-monkey.in\/de\/wp-json\/wp\/v2\/comments?post=47805"}],"wp:featuredmedia":[{"embeddable":true,"href":"https:\/\/mps.digital-monkey.in\/de\/wp-json\/wp\/v2\/media\/47807"}],"wp:attachment":[{"href":"https:\/\/mps.digital-monkey.in\/de\/wp-json\/wp\/v2\/media?parent=47805"}],"wp:term":[{"taxonomy":"product_brand","embeddable":true,"href":"https:\/\/mps.digital-monkey.in\/de\/wp-json\/wp\/v2\/product_brand?post=47805"},{"taxonomy":"product_cat","embeddable":true,"href":"https:\/\/mps.digital-monkey.in\/de\/wp-json\/wp\/v2\/product_cat?post=47805"},{"taxonomy":"product_tag","embeddable":true,"href":"https:\/\/mps.digital-monkey.in\/de\/wp-json\/wp\/v2\/product_tag?post=47805"}],"curies":[{"name":"wp","href":"https:\/\/api.w.org\/{rel}","templated":true}]}}