{"id":47847,"date":"2026-03-13T10:52:35","date_gmt":"2026-03-13T10:52:35","guid":{"rendered":"https:\/\/mps.digital-monkey.in\/product\/impeller-o-ring-fuer-craftsman-cm2-16-cm3-27-cm4-42-20000021\/"},"modified":"2026-03-13T10:52:35","modified_gmt":"2026-03-13T10:52:35","slug":"impeller-o-ring-fuer-craftsman-cm2-16-cm3-27-cm4-42-20000021","status":"publish","type":"product","link":"https:\/\/mps.digital-monkey.in\/de\/produkt\/impeller-o-ring-fuer-craftsman-cm2-16-cm3-27-cm4-42-20000021\/","title":{"rendered":"Impeller + O-Ring f\u00fcr Craftsman CM2.16 \/ CM3.27 \/ CM4.42 - 20000021"},"content":{"rendered":"<p data-start=\"377\" data-end=\"617\">Dieser Impeller mit O-Ring ist ein <strong data-start=\"408\" data-end=\"428\">Original-Erstausr\u00fcsterteil<\/strong> f\u00fcr Seewasserpumpen, die f\u00fcr <span class=\"hover:entity-accent entity-underline inline cursor-pointer align-baseline\"><span class=\"whitespace-normal\">Craftsman<\/span><\/span> Motoren.<\/p>\n<p data-start=\"619\" data-end=\"797\">Ein verschlissener oder besch\u00e4digter Impeller kann die K\u00fchlleistung verringern und eine \u00dcberhitzung des Motors verursachen. Der regelm\u00e4\u00dfige Austausch des Impellers wird als Teil der routinem\u00e4\u00dfigen Motorwartung empfohlen. <\/p>\n<p data-start=\"799\" data-end=\"884\">\n<p data-start=\"799\" data-end=\"884\">Dies ist ein <strong data-start=\"812\" data-end=\"845\">original Craftsman OEM-Produkt<\/strong>.<\/p>\n<h3 data-section-id=\"voajty\" data-start=\"891\" data-end=\"920\"><\/h3>\n<h3 data-section-id=\"voajty\" data-start=\"891\" data-end=\"920\">Craftsman OEM Teilenummer<\/h3>\n<p data-start=\"922\" data-end=\"930\">20000021<\/p>\n<h3 data-section-id=\"1xdx44u\" data-start=\"937\" data-end=\"969\"><\/h3>\n<h3 data-section-id=\"1xdx44u\" data-start=\"937\" data-end=\"969\">Kompatible Craftsman-Motoren<\/h3>\n<p data-start=\"971\" data-end=\"997\">CM2.16<br data-start=\"977\" data-end=\"980\">CM3.27<br data-start=\"986\" data-end=\"989\">CM4.42<\/p>\n<p data-start=\"1468\" data-end=\"1566\"><strong>Fragen zur Kompatibilit\u00e4t oder zu Craftsman Motorenteilen? Unsere Marinespezialisten helfen Ihnen gerne weiter.<\/strong><\/p>\n","protected":false},"excerpt":{"rendered":"<p>Dieser Impeller mit O-Ring ist ein Original-Erstausr\u00fcsterteil f\u00fcr Seewasserpumpen, die f\u00fcr Craftsman Motoren. Ein verschlissener oder besch\u00e4digter Impeller kann die K\u00fchlleistung verringern und eine \u00dcberhitzung des Motors verursachen. Der regelm\u00e4\u00dfige Austausch des Impellers wird als Teil der routinem\u00e4\u00dfigen Motorwartung empfohlen. Dies ist ein original Craftsman OEM-Produkt. Craftsman OEM Teilenummer 20000021 Kompatible Craftsman-Motoren CM2.16CM3.27CM4.42 Fragen zur [&hellip;]<\/p>\n","protected":false},"featured_media":47848,"comment_status":"open","ping_status":"closed","template":"","meta":[],"product_brand":[4809],"product_cat":[2498,3027],"product_tag":[],"class_list":{"0":"post-47847","1":"product","2":"type-product","3":"status-publish","4":"has-post-thumbnail","6":"product_brand-handwerker","7":"product_cat-ersatzteile-fur-motoren","8":"product_cat-impeller","9":"pa_condition-neu","10":"pa_model-cm2-16","11":"pa_model-cm3-27","12":"pa_model-cm4-42","13":"pa_oem-or-aftermarket-oem","15":"first","16":"onbackorder","17":"taxable","18":"shipping-taxable","19":"purchasable","20":"product-type-simple"},"supplier_id":null,"supplier_sku":"20000021","barcode":null,"atum_controlled":true,"out_stock_date":null,"out_stock_threshold":null,"inheritable":false,"inbound_stock":0,"stock_on_hold":2,"sold_today":0,"sales_last_days":2,"reserved_stock":0,"customer_returns":0,"warehouse_damage":0,"lost_in_post":0,"other_logs":0,"out_stock_days":0,"lost_sales":0,"has_location":false,"update_date":"2026-04-07T08:06:15","atum_locations":[],"atum_stock_status":"onbackorder","restock_status":false,"low_stock_amount":0,"sales_update_date":"2026-04-07T08:06:15","calc_backorders":-2,"_links":{"self":[{"href":"https:\/\/mps.digital-monkey.in\/de\/wp-json\/wp\/v2\/product\/47847","targetHints":{"allow":["GET"]}}],"collection":[{"href":"https:\/\/mps.digital-monkey.in\/de\/wp-json\/wp\/v2\/product"}],"about":[{"href":"https:\/\/mps.digital-monkey.in\/de\/wp-json\/wp\/v2\/types\/product"}],"replies":[{"embeddable":true,"href":"https:\/\/mps.digital-monkey.in\/de\/wp-json\/wp\/v2\/comments?post=47847"}],"wp:featuredmedia":[{"embeddable":true,"href":"https:\/\/mps.digital-monkey.in\/de\/wp-json\/wp\/v2\/media\/47848"}],"wp:attachment":[{"href":"https:\/\/mps.digital-monkey.in\/de\/wp-json\/wp\/v2\/media?parent=47847"}],"wp:term":[{"taxonomy":"product_brand","embeddable":true,"href":"https:\/\/mps.digital-monkey.in\/de\/wp-json\/wp\/v2\/product_brand?post=47847"},{"taxonomy":"product_cat","embeddable":true,"href":"https:\/\/mps.digital-monkey.in\/de\/wp-json\/wp\/v2\/product_cat?post=47847"},{"taxonomy":"product_tag","embeddable":true,"href":"https:\/\/mps.digital-monkey.in\/de\/wp-json\/wp\/v2\/product_tag?post=47847"}],"curies":[{"name":"wp","href":"https:\/\/api.w.org\/{rel}","templated":true}]}}