{"id":47857,"date":"2026-03-13T12:55:16","date_gmt":"2026-03-13T12:55:16","guid":{"rendered":"https:\/\/mps.digital-monkey.in\/product\/kraftstofffiltergehaeuse-fuer-volvo-penta-840532\/"},"modified":"2026-04-13T10:37:00","modified_gmt":"2026-04-13T10:37:00","slug":"kraftstofffiltergehaeuse-fuer-volvo-penta-840532","status":"publish","type":"product","link":"https:\/\/mps.digital-monkey.in\/de\/product\/kraftstofffiltergehaeuse-fuer-volvo-penta-840532\/","title":{"rendered":"Kraftstofffiltergeh\u00e4use f\u00fcr Volvo Penta &#8211; 840532"},"content":{"rendered":"<p data-start=\"390\" data-end=\"604\">Dieses Kraftstofffiltergeh\u00e4use eignet sich f\u00fcr eine breite Palette von <span class=\"hover:entity-accent entity-underline inline cursor-pointer align-baseline\"><span class=\"whitespace-normal\">Volvo Penta<\/span><\/span> Schiffsdieselmotoren. Das Geh\u00e4use nimmt das Kraftstofffilterelement auf und ist Teil des Kraftstofffiltersystems des Motors. <\/p>\n<p data-start=\"787\" data-end=\"872\">Dies ist ein <strong data-start=\"800\" data-end=\"872\">hochwertiges Aftermarket-Ersatzteil (kein Volvo Penta-Originalteil).<\/strong><\/p>\n<h3 data-section-id=\"v8xwcf\" data-start=\"879\" data-end=\"914\"><\/h3>\n<h3 data-section-id=\"v8xwcf\" data-start=\"879\" data-end=\"914\">Ersetzt die Volvo Penta OEM-Nummer<\/h3>\n<p data-start=\"916\" data-end=\"922\">840532<\/p>\n<h3 data-section-id=\"3hpvtr\" data-start=\"929\" data-end=\"963\"><\/h3>\n<h3 data-section-id=\"3hpvtr\" data-start=\"929\" data-end=\"963\">Kompatible Volvo Penta-Motoren<\/h3>\n<p data-start=\"965\" data-end=\"980\"><strong data-start=\"965\" data-end=\"980\">Serie 2001<\/strong><\/p>\n<p data-start=\"982\" data-end=\"1030\">2001<br data-start=\"986\" data-end=\"989\">2001AG<br data-start=\"995\" data-end=\"998\">2001B<br data-start=\"1003\" data-end=\"1006\">2001BG<br data-start=\"1012\" data-end=\"1015\">2001D<br data-start=\"1020\" data-end=\"1023\">2001R<\/p>\n<p data-start=\"1032\" data-end=\"1047\"><strong data-start=\"1032\" data-end=\"1047\">Serie 2002<\/strong><\/p>\n<p data-start=\"1049\" data-end=\"1089\">2002<br data-start=\"1053\" data-end=\"1056\">2002AG<br data-start=\"1062\" data-end=\"1065\">2002B<br data-start=\"1070\" data-end=\"1073\">2002BG<br data-start=\"1079\" data-end=\"1082\">2002D<\/p>\n<p data-start=\"1091\" data-end=\"1106\"><strong data-start=\"1091\" data-end=\"1106\">Serie 2003<\/strong><\/p>\n<p data-start=\"1108\" data-end=\"1220\">2003<br data-start=\"1112\" data-end=\"1115\">2003 SOLAS<br data-start=\"1125\" data-end=\"1128\">2003B<br data-start=\"1133\" data-end=\"1136\">2003B SOLAS<br data-start=\"1147\" data-end=\"1150\">2003D<br data-start=\"1155\" data-end=\"1158\">2003R<br data-start=\"1163\" data-end=\"1166\">2003R SOLAS<br data-start=\"1177\" data-end=\"1180\">2003T<br data-start=\"1185\" data-end=\"1188\">2003TB<br data-start=\"1194\" data-end=\"1197\">2003TB SOLAS<br data-start=\"1209\" data-end=\"1212\">2003TR<\/p>\n<p data-start=\"1222\" data-end=\"1235\"><strong data-start=\"1222\" data-end=\"1235\">MD-Serie<\/strong><\/p>\n<p data-start=\"1237\" data-end=\"1310\">MD1B<br data-start=\"1241\" data-end=\"1244\">MD2B<br data-start=\"1248\" data-end=\"1251\">MD3B<br data-start=\"1255\" data-end=\"1258\">MD5A<br data-start=\"1262\" data-end=\"1265\">MD5B<br data-start=\"1269\" data-end=\"1272\">MD5C<br data-start=\"1276\" data-end=\"1279\">MD11C<br data-start=\"1284\" data-end=\"1287\">MD11D<br data-start=\"1292\" data-end=\"1295\">MD17C<br data-start=\"1300\" data-end=\"1303\">MD17D<\/p>\n<p data-start=\"1571\" data-end=\"1659\" data-is-last-node=\"\" data-is-only-node=\"\"><strong>Fragen zur Kompatibilit\u00e4t oder Installation? Unsere Marinespezialisten helfen Ihnen gerne weiter.<\/strong><\/p>\n","protected":false},"excerpt":{"rendered":"<p>Dieses Kraftstofffiltergeh\u00e4use eignet sich f\u00fcr eine breite Palette von Volvo Penta Schiffsdieselmotoren. Das Geh\u00e4use nimmt das Kraftstofffilterelement auf und ist Teil des Kraftstofffiltersystems des Motors. Dies ist ein hochwertiges Aftermarket-Ersatzteil (kein Volvo Penta-Originalteil). Ersetzt die Volvo Penta OEM-Nummer 840532 Kompatible Volvo Penta-Motoren Serie 2001 20012001AG2001B2001BG2001D2001R Serie 2002 20022002AG2002B2002BG2002D Serie 2003 20032003 SOLAS2003B2003B SOLAS2003D2003R2003R SOLAS2003T2003TB2003TB SOLAS2003TR [&hellip;]<\/p>\n","protected":false},"featured_media":47861,"comment_status":"open","ping_status":"closed","template":"","meta":[],"product_brand":[4230],"product_cat":[4488,3022,2928,4308,4722,4721,4467,4470,4473,4476,4309,4348,4366,4369,4350,4353,4357,4466],"product_tag":[],"class_list":{"0":"post-47857","1":"product","2":"type-product","3":"status-publish","4":"has-post-thumbnail","6":"product_brand-volvo-penta","7":"product_cat-brauchen-sie-volvo-penta-teile","8":"product_cat-kraftstofffilter-gehause","9":"product_cat-kraftstoffsysteme","10":"product_cat-volvo-penta","11":"product_cat-volvo-penta-2000-serie-service-teile","12":"product_cat-volvo-penta-2001-2002-2003-kraftstofffilter","13":"product_cat-volvo-penta-2001-teile","14":"product_cat-volvo-penta-2002-teile","15":"product_cat-volvo-penta-2003-teile","16":"product_cat-volvo-penta-2003t-teile","17":"product_cat-volvo-penta-md-serie","18":"product_cat-volvo-penta-md1","19":"product_cat-volvo-penta-md11","20":"product_cat-volvo-penta-md17","21":"product_cat-volvo-penta-md2","22":"product_cat-volvo-penta-md3","23":"product_cat-volvo-penta-md5","24":"product_cat-volvo-penta-serie-2000","25":"pa_condition-neu","26":"pa_model-3088","27":"pa_model-3089","28":"pa_model-3090","29":"pa_model-2003t","30":"pa_model-2003tb","31":"pa_model-md1","32":"pa_model-md11","33":"pa_model-md11c","34":"pa_model-md11d","35":"pa_model-md17","36":"pa_model-md17c","37":"pa_model-md17d","38":"pa_model-md1b","39":"pa_model-md2","40":"pa_model-md2b","41":"pa_model-md3","42":"pa_model-md3b","43":"pa_model-md5","44":"pa_oem-or-aftermarket-aftermarket","46":"first","47":"instock","48":"taxable","49":"shipping-taxable","50":"purchasable","51":"product-type-simple"},"supplier_id":7294,"supplier_sku":"REC840532","barcode":null,"atum_controlled":true,"out_stock_date":null,"out_stock_threshold":null,"inheritable":false,"inbound_stock":0,"stock_on_hold":0,"sold_today":0,"sales_last_days":0,"reserved_stock":0,"customer_returns":0,"warehouse_damage":0,"lost_in_post":0,"other_logs":0,"out_stock_days":0,"lost_sales":0,"has_location":false,"update_date":"2026-04-18T09:58:18","atum_locations":[],"atum_stock_status":"instock","restock_status":false,"low_stock_amount":1,"sales_update_date":"2026-04-18T09:58:18","calc_backorders":0,"_links":{"self":[{"href":"https:\/\/mps.digital-monkey.in\/de\/wp-json\/wp\/v2\/product\/47857","targetHints":{"allow":["GET"]}}],"collection":[{"href":"https:\/\/mps.digital-monkey.in\/de\/wp-json\/wp\/v2\/product"}],"about":[{"href":"https:\/\/mps.digital-monkey.in\/de\/wp-json\/wp\/v2\/types\/product"}],"replies":[{"embeddable":true,"href":"https:\/\/mps.digital-monkey.in\/de\/wp-json\/wp\/v2\/comments?post=47857"}],"wp:featuredmedia":[{"embeddable":true,"href":"https:\/\/mps.digital-monkey.in\/de\/wp-json\/wp\/v2\/media\/47861"}],"wp:attachment":[{"href":"https:\/\/mps.digital-monkey.in\/de\/wp-json\/wp\/v2\/media?parent=47857"}],"wp:term":[{"taxonomy":"product_brand","embeddable":true,"href":"https:\/\/mps.digital-monkey.in\/de\/wp-json\/wp\/v2\/product_brand?post=47857"},{"taxonomy":"product_cat","embeddable":true,"href":"https:\/\/mps.digital-monkey.in\/de\/wp-json\/wp\/v2\/product_cat?post=47857"},{"taxonomy":"product_tag","embeddable":true,"href":"https:\/\/mps.digital-monkey.in\/de\/wp-json\/wp\/v2\/product_tag?post=47857"}],"curies":[{"name":"wp","href":"https:\/\/api.w.org\/{rel}","templated":true}]}}