{"id":47877,"date":"2026-03-13T13:46:11","date_gmt":"2026-03-13T13:46:11","guid":{"rendered":"https:\/\/mps.digital-monkey.in\/product\/dichtungssatz-fuer-waermetauscher-fuer-yanmar-4jh-serie-127677-33060\/"},"modified":"2026-03-13T13:46:11","modified_gmt":"2026-03-13T13:46:11","slug":"dichtungssatz-fuer-waermetauscher-fuer-yanmar-4jh-serie-127677-33060","status":"publish","type":"product","link":"https:\/\/mps.digital-monkey.in\/de\/product\/dichtungssatz-fuer-waermetauscher-fuer-yanmar-4jh-serie-127677-33060\/","title":{"rendered":"Dichtungssatz f\u00fcr W\u00e4rmetauscher f\u00fcr Yanmar 4JH Serie &#8211; 127677-33060"},"content":{"rendered":"<div class=\"flex flex-col text-sm pb-25\">\n<article class=\"text-token-text-primary w-full focus:outline-none [--shadow-height:45px] has-data-writing-block:pointer-events-none has-data-writing-block:-mt-(--shadow-height) has-data-writing-block:pt-(--shadow-height) [&amp;:has([data-writing-block])&gt;*]:pointer-events-auto scroll-mt-[calc(var(--header-height)+min(200px,max(70px,20svh)))]\" dir=\"auto\" tabindex=\"-1\" data-turn-id=\"request-69a2c9b3-06b8-8389-b2ee-26eb12f8a713-1\" data-testid=\"conversation-turn-58\" data-scroll-anchor=\"true\" data-turn=\"assistant\">\n<div class=\"text-base my-auto mx-auto pb-10 [--thread-content-margin:var(--thread-content-margin-xs,calc(var(--spacing)*4))] @w-sm\/main:[--thread-content-margin:var(--thread-content-margin-sm,calc(var(--spacing)*6))] @w-lg\/main:[--thread-content-margin:var(--thread-content-margin-lg,calc(var(--spacing)*16))] px-(--thread-content-margin)\">\n<div class=\"[--thread-content-max-width:40rem] @w-lg\/main:[--thread-content-max-width:48rem] mx-auto max-w-(--thread-content-max-width) flex-1 group\/turn-messages focus-visible:outline-hidden relative flex w-full min-w-0 flex-col agent-turn\" tabindex=\"-1\">\n<div class=\"flex max-w-full flex-col gap-4 grow\">\n<div class=\"min-h-8 text-message relative flex w-full flex-col items-end gap-2 text-start break-words whitespace-normal [.text-message+&amp;]:mt-1\" dir=\"auto\" data-message-author-role=\"assistant\" data-message-id=\"3d496de7-08e7-4b7c-9f34-354478bdb463\" data-message-model-slug=\"gpt-5-3\">\n<div class=\"flex w-full flex-col gap-1 empty:hidden\">\n<div class=\"markdown prose dark:prose-invert w-full wrap-break-word dark markdown-new-styling\">\n<p data-start=\"361\" data-end=\"602\">Dieser Dichtungssatz f\u00fcr den W\u00e4rmetauscher ist geeignet f\u00fcr verschiedene <span class=\"hover:entity-accent entity-underline inline cursor-pointer align-baseline\"><span class=\"whitespace-normal\">Yanmar<\/span><\/span> Schiffsdieselmotoren der Serie 4JH. Der Satz enth\u00e4lt die erforderlichen O-Ringe und Dichtungen, die bei der Wartung oder Neuabdichtung des Motorw\u00e4rmetauschers ben\u00f6tigt werden. <\/p>\n<p data-start=\"604\" data-end=\"744\">Das Auswechseln der Dichtungen bei der Wartung des W\u00e4rmetauschers hilft, K\u00fchlmittellecks zu vermeiden und gew\u00e4hrleistet den ordnungsgem\u00e4\u00dfen Betrieb des Motork\u00fchlsystems.<\/p>\n<p data-start=\"746\" data-end=\"820\">Dies ist ein <strong data-start=\"759\" data-end=\"820\">hochwertiger Nachr\u00fcstsatz f\u00fcr Dichtungen (kein Original-Yanmar).<\/strong><\/p>\n<h3 data-section-id=\"15p7nyt\" data-start=\"827\" data-end=\"856\"><\/h3>\n<h3 data-section-id=\"15p7nyt\" data-start=\"827\" data-end=\"856\">Kompatible Yanmar-Motoren<\/h3>\n<p data-start=\"858\" data-end=\"916\">4JH<br data-start=\"861\" data-end=\"864\">4JH2<br data-start=\"868\" data-end=\"871\">4JH3<br data-start=\"875\" data-end=\"878\">4JH4<br data-start=\"882\" data-end=\"885\">4JH5<br data-start=\"889\" data-end=\"892\">4JH57<br data-start=\"897\" data-end=\"900\">4JH80<br data-start=\"905\" data-end=\"908\">4JH110<\/p>\n<h3 data-section-id=\"7kf8h6\" data-start=\"923\" data-end=\"939\"><\/h3>\n<h3 data-section-id=\"7kf8h6\" data-start=\"923\" data-end=\"939\">Inhalt des Kits<\/h3>\n<p data-start=\"941\" data-end=\"1220\">2 \u00d7 O-Ring &#8211; 129693-44420<br data-start=\"966\" data-end=\"969\">4 \u00d7 O-Ring &#8211; 127677-33060<br data-start=\"994\" data-end=\"997\">2 \u00d7 O-Ring &#8211; 129573-44470<br data-start=\"1022\" data-end=\"1025\">2 \u00d7 O-Ring &#8211; 120322-33050<br data-start=\"1050\" data-end=\"1053\">2 \u00d7 O-Ring &#8211; 129672-44150<br data-start=\"1078\" data-end=\"1081\">1 \u00d7 Dichtung &#8211; 120445-44611<br data-start=\"1106\" data-end=\"1109\">2 \u00d7 O-Ring &#8211; 24321-000800<br data-start=\"1134\" data-end=\"1137\">2 \u00d7 O-Ring &#8211; 24321-000750<br data-start=\"1162\" data-end=\"1165\">2 \u00d7 O-Ring &#8211; 24321-001000<br data-start=\"1190\" data-end=\"1193\">1 \u00d7 Dichtung &#8211; 129550-13110<\/p>\n<p data-start=\"1455\" data-end=\"1550\" data-is-last-node=\"\" data-is-only-node=\"\"><strong>Fragen zur Kompatibilit\u00e4t oder zu Yanmar-Motorteilen? Unsere Marinespezialisten helfen Ihnen gerne weiter.<\/strong><\/p>\n<\/div>\n<\/div>\n<\/div>\n<\/div>\n<div class=\"z-0 flex min-h-[46px] justify-start\"><\/div>\n<div class=\"mt-3 w-full empty:hidden\">\n<div class=\"text-center\"><\/div>\n<\/div>\n<\/div>\n<\/div>\n<\/article>\n<\/div>\n<div class=\"pointer-events-none h-px w-px absolute bottom-0\" aria-hidden=\"true\" data-edge=\"true\"><\/div>\n","protected":false},"excerpt":{"rendered":"<p>Dieser Dichtungssatz f\u00fcr den W\u00e4rmetauscher ist geeignet f\u00fcr verschiedene Yanmar Schiffsdieselmotoren der Serie 4JH. Der Satz enth\u00e4lt die erforderlichen O-Ringe und Dichtungen, die bei der Wartung oder Neuabdichtung des Motorw\u00e4rmetauschers ben\u00f6tigt werden. Das Auswechseln der Dichtungen bei der Wartung des W\u00e4rmetauschers hilft, K\u00fchlmittellecks zu vermeiden und gew\u00e4hrleistet den ordnungsgem\u00e4\u00dfen Betrieb des Motork\u00fchlsystems. Dies ist ein [&hellip;]<\/p>\n","protected":false},"featured_media":47878,"comment_status":"open","ping_status":"closed","template":"","meta":[],"product_brand":[4236],"product_cat":[2498,3037,3038,4531],"product_tag":[],"class_list":{"0":"post-47877","1":"product","2":"type-product","3":"status-publish","4":"has-post-thumbnail","6":"product_brand-yanmar","7":"product_cat-ersatzteile-fur-motoren","8":"product_cat-kits-fur-wartung-und-reparatur","9":"product_cat-motor-dichtungen","10":"product_cat-yanmar-service-teile","11":"pa_condition-neu","12":"pa_model-4jh","13":"pa_model-4jh110","14":"pa_model-4jh2","15":"pa_model-4jh3","16":"pa_model-4jh4","17":"pa_model-4jh5-e","18":"pa_model-4jh57","19":"pa_model-4jh80","20":"pa_oem-or-aftermarket-aftermarket","22":"first","23":"onbackorder","24":"taxable","25":"shipping-taxable","26":"purchasable","27":"product-type-simple"},"supplier_id":7294,"supplier_sku":"REC4JHWC","barcode":null,"atum_controlled":true,"out_stock_date":"2026-03-29 18:54:59","out_stock_threshold":null,"inheritable":false,"inbound_stock":0,"stock_on_hold":1,"sold_today":0,"sales_last_days":0,"reserved_stock":0,"customer_returns":0,"warehouse_damage":0,"lost_in_post":0,"other_logs":0,"out_stock_days":21,"lost_sales":179,"has_location":false,"update_date":"2026-04-20T06:38:31","atum_locations":[],"atum_stock_status":"onbackorder","restock_status":false,"low_stock_amount":0,"sales_update_date":"2026-04-20T06:38:31","calc_backorders":0,"_links":{"self":[{"href":"https:\/\/mps.digital-monkey.in\/de\/wp-json\/wp\/v2\/product\/47877","targetHints":{"allow":["GET"]}}],"collection":[{"href":"https:\/\/mps.digital-monkey.in\/de\/wp-json\/wp\/v2\/product"}],"about":[{"href":"https:\/\/mps.digital-monkey.in\/de\/wp-json\/wp\/v2\/types\/product"}],"replies":[{"embeddable":true,"href":"https:\/\/mps.digital-monkey.in\/de\/wp-json\/wp\/v2\/comments?post=47877"}],"wp:featuredmedia":[{"embeddable":true,"href":"https:\/\/mps.digital-monkey.in\/de\/wp-json\/wp\/v2\/media\/47878"}],"wp:attachment":[{"href":"https:\/\/mps.digital-monkey.in\/de\/wp-json\/wp\/v2\/media?parent=47877"}],"wp:term":[{"taxonomy":"product_brand","embeddable":true,"href":"https:\/\/mps.digital-monkey.in\/de\/wp-json\/wp\/v2\/product_brand?post=47877"},{"taxonomy":"product_cat","embeddable":true,"href":"https:\/\/mps.digital-monkey.in\/de\/wp-json\/wp\/v2\/product_cat?post=47877"},{"taxonomy":"product_tag","embeddable":true,"href":"https:\/\/mps.digital-monkey.in\/de\/wp-json\/wp\/v2\/product_tag?post=47877"}],"curies":[{"name":"wp","href":"https:\/\/api.w.org\/{rel}","templated":true}]}}