{"id":47899,"date":"2026-03-16T10:06:38","date_gmt":"2026-03-16T10:06:38","guid":{"rendered":"https:\/\/mps.digital-monkey.in\/product\/kompletter-kopfdichtungssatz-fuer-volvo-penta-tmd41-tamd41-ad41-aqad41-3582436\/"},"modified":"2026-03-20T13:29:15","modified_gmt":"2026-03-20T13:29:15","slug":"kompletter-kopfdichtungssatz-fuer-volvo-penta-tmd41-tamd41-ad41-aqad41-3582436","status":"publish","type":"product","link":"https:\/\/mps.digital-monkey.in\/de\/produkt\/kompletter-kopfdichtungssatz-fuer-volvo-penta-tmd41-tamd41-ad41-aqad41-3582436\/","title":{"rendered":"Kompletter Kopfdichtungssatz f\u00fcr Volvo Penta TMD41 \/ TAMD41 \/ AD41 \/ AQAD41 - 3582436"},"content":{"rendered":"<div class=\"flex flex-col text-sm pb-25\">\n<article class=\"text-token-text-primary w-full focus:outline-none [--shadow-height:45px] has-data-writing-block:pointer-events-none has-data-writing-block:-mt-(--shadow-height) has-data-writing-block:pt-(--shadow-height) [&amp;:has([data-writing-block])&gt;*]:pointer-events-auto scroll-mt-[calc(var(--header-height)+min(200px,max(70px,20svh)))]\" dir=\"auto\" tabindex=\"-1\" data-turn-id=\"request-69a2c9b3-06b8-8389-b2ee-26eb12f8a713-6\" data-testid=\"conversation-turn-68\" data-scroll-anchor=\"true\" data-turn=\"assistant\">\n<div class=\"text-base my-auto mx-auto pb-10 [--thread-content-margin:var(--thread-content-margin-xs,calc(var(--spacing)*4))] @w-sm\/main:[--thread-content-margin:var(--thread-content-margin-sm,calc(var(--spacing)*6))] @w-lg\/main:[--thread-content-margin:var(--thread-content-margin-lg,calc(var(--spacing)*16))] px-(--thread-content-margin)\">\n<div class=\"[--thread-content-max-width:40rem] @w-lg\/main:[--thread-content-max-width:48rem] mx-auto max-w-(--thread-content-max-width) flex-1 group\/turn-messages focus-visible:outline-hidden relative flex w-full min-w-0 flex-col agent-turn\" tabindex=\"-1\">\n<div class=\"flex max-w-full flex-col gap-4 grow\">\n<div class=\"min-h-8 text-message relative flex w-full flex-col items-end gap-2 text-start break-words whitespace-normal [.text-message+&amp;]:mt-1\" dir=\"auto\" data-message-author-role=\"assistant\" data-message-id=\"fc9847e5-adf9-4a9c-8af4-48b529eebe95\" data-message-model-slug=\"gpt-5-3\">\n<div class=\"flex w-full flex-col gap-1 empty:hidden\">\n<div class=\"markdown prose dark:prose-invert w-full wrap-break-word dark markdown-new-styling\">\n<p data-start=\"388\" data-end=\"617\">Dieser komplette Kopfdichtungssatz ist geeignet f\u00fcr mehrere <span class=\"hover:entity-accent entity-underline inline cursor-pointer align-baseline\"><span class=\"whitespace-normal\">Volvo Penta<\/span><\/span> 41-Serien Schiffsdieselmotoren. Der Satz enth\u00e4lt die notwendigen Dichtungen und Dichtungen, die beim Ausbau oder Umbau des Zylinderkopfes ben\u00f6tigt werden. <\/p>\n<p data-start=\"619\" data-end=\"795\">Der Austausch der Dichtungen bei der Motor\u00fcberholung tr\u00e4gt dazu bei, die ordnungsgem\u00e4\u00dfe Abdichtung von Zylinderkopf, Ansaug- und Auspuffkomponenten zu gew\u00e4hrleisten und gleichzeitig K\u00fchlmittel-, \u00d6l- oder Kompressionslecks zu verhindern.<\/p>\n<p data-start=\"797\" data-end=\"836\">\n<p data-start=\"797\" data-end=\"836\">Hochwertiger Ersatz-Dichtungssatz.<\/p>\n<h3 data-section-id=\"1fwv3mk\" data-start=\"843\" data-end=\"880\"><\/h3>\n<h3 data-section-id=\"1fwv3mk\" data-start=\"843\" data-end=\"880\">Ersetzt Volvo Penta Teilenummern<\/h3>\n<p data-start=\"882\" data-end=\"919\">3582436<br data-start=\"889\" data-end=\"892\">3583787<br data-start=\"899\" data-end=\"902\">876104<br data-start=\"908\" data-end=\"911\">876530<\/p>\n<h3 data-section-id=\"3hpvtr\" data-start=\"926\" data-end=\"960\"><\/h3>\n<h3 data-section-id=\"3hpvtr\" data-start=\"926\" data-end=\"960\">Kompatible Volvo Penta-Motoren<\/h3>\n<p data-start=\"962\" data-end=\"994\">TMD41<br data-start=\"967\" data-end=\"970\">TAMD41<br data-start=\"976\" data-end=\"979\">AD41<br data-start=\"983\" data-end=\"986\">AQAD41<\/p>\n<h3 data-section-id=\"7kf8h6\" data-start=\"1001\" data-end=\"1017\"><\/h3>\n<h3 data-section-id=\"7kf8h6\" data-start=\"1001\" data-end=\"1017\">Inhalt des Kits<\/h3>\n<p data-start=\"1019\" data-end=\"1275\">Zylinderkopfdichtung<br data-start=\"1039\" data-end=\"1042\">Ventildeckeldichtung<br data-start=\"1060\" data-end=\"1063\">Ventilschaftdichtungen<br data-start=\"1079\" data-end=\"1082\">Ansaugkr\u00fcmmerdichtung<br data-start=\"1104\" data-end=\"1107\">Auspuffkr\u00fcmmerdichtung<br data-start=\"1130\" data-end=\"1133\">Auspuffkr\u00fcmmerdichtung<br data-start=\"1153\" data-end=\"1156\">Kupferunterlegscheiben f\u00fcr Kraftstoffr\u00fccklauf<br data-start=\"1182\" data-end=\"1185\">Thermostatgeh\u00e4usedichtung<br data-start=\"1210\" data-end=\"1213\">Wasserpumpendichtung<br data-start=\"1230\" data-end=\"1233\">Verschiedene O-Ringe<br data-start=\"1248\" data-end=\"1251\">Verschiedene Kupferunterlegscheiben<\/p>\n<p data-start=\"1516\" data-end=\"1616\" data-is-last-node=\"\" data-is-only-node=\"\"><strong>Fragen zur Kompatibilit\u00e4t oder zu Volvo Penta Motorenteilen? Unsere Marinespezialisten helfen Ihnen gerne weiter.<\/strong><\/p>\n<\/div>\n<\/div>\n<\/div>\n<\/div>\n<div class=\"z-0 flex min-h-[46px] justify-start\"><\/div>\n<div class=\"mt-3 w-full empty:hidden\">\n<div class=\"text-center\"><\/div>\n<\/div>\n<\/div>\n<\/div>\n<\/article>\n<\/div>\n<div class=\"pointer-events-none h-px w-px absolute bottom-0\" aria-hidden=\"true\" data-edge=\"true\"><\/div>\n","protected":false},"excerpt":{"rendered":"<p>Dieser komplette Kopfdichtungssatz ist geeignet f\u00fcr mehrere Volvo Penta 41-Serien Schiffsdieselmotoren. Der Satz enth\u00e4lt die notwendigen Dichtungen und Dichtungen, die beim Ausbau oder Umbau des Zylinderkopfes ben\u00f6tigt werden. Der Austausch der Dichtungen bei der Motor\u00fcberholung tr\u00e4gt dazu bei, die ordnungsgem\u00e4\u00dfe Abdichtung von Zylinderkopf, Ansaug- und Auspuffkomponenten zu gew\u00e4hrleisten und gleichzeitig K\u00fchlmittel-, \u00d6l- oder Kompressionslecks zu [&hellip;]<\/p>\n","protected":false},"featured_media":47900,"comment_status":"open","ping_status":"closed","template":"","meta":[],"product_brand":[4230],"product_cat":[4488,3037,3038,4308],"product_tag":[],"class_list":{"0":"post-47899","1":"product","2":"type-product","3":"status-publish","4":"has-post-thumbnail","6":"product_brand-volvo-penta","7":"product_cat-brauchen-sie-volvo-penta-teile","8":"product_cat-kits-fur-wartung-und-reparatur","9":"product_cat-motor-dichtungen","10":"product_cat-volvo-penta","11":"pa_condition-neu","12":"pa_model-ad41","13":"pa_model-aqad41","14":"pa_model-tamd41","15":"pa_model-tmd41","16":"pa_oem-or-aftermarket-aftermarket","18":"first","19":"onbackorder","20":"taxable","21":"shipping-taxable","22":"purchasable","23":"product-type-simple"},"supplier_id":7294,"supplier_sku":"REC3583787","barcode":null,"atum_controlled":true,"out_stock_date":"2026-03-16 10:06:42","out_stock_threshold":null,"inheritable":false,"inbound_stock":0,"stock_on_hold":0,"sold_today":0,"sales_last_days":0,"reserved_stock":0,"customer_returns":0,"warehouse_damage":0,"lost_in_post":0,"other_logs":0,"out_stock_days":21,"lost_sales":0,"has_location":false,"update_date":"2026-04-07T08:06:15","atum_locations":[],"atum_stock_status":"onbackorder","restock_status":false,"low_stock_amount":1,"sales_update_date":"2026-04-07T08:06:15","calc_backorders":null,"_links":{"self":[{"href":"https:\/\/mps.digital-monkey.in\/de\/wp-json\/wp\/v2\/product\/47899","targetHints":{"allow":["GET"]}}],"collection":[{"href":"https:\/\/mps.digital-monkey.in\/de\/wp-json\/wp\/v2\/product"}],"about":[{"href":"https:\/\/mps.digital-monkey.in\/de\/wp-json\/wp\/v2\/types\/product"}],"replies":[{"embeddable":true,"href":"https:\/\/mps.digital-monkey.in\/de\/wp-json\/wp\/v2\/comments?post=47899"}],"wp:featuredmedia":[{"embeddable":true,"href":"https:\/\/mps.digital-monkey.in\/de\/wp-json\/wp\/v2\/media\/47900"}],"wp:attachment":[{"href":"https:\/\/mps.digital-monkey.in\/de\/wp-json\/wp\/v2\/media?parent=47899"}],"wp:term":[{"taxonomy":"product_brand","embeddable":true,"href":"https:\/\/mps.digital-monkey.in\/de\/wp-json\/wp\/v2\/product_brand?post=47899"},{"taxonomy":"product_cat","embeddable":true,"href":"https:\/\/mps.digital-monkey.in\/de\/wp-json\/wp\/v2\/product_cat?post=47899"},{"taxonomy":"product_tag","embeddable":true,"href":"https:\/\/mps.digital-monkey.in\/de\/wp-json\/wp\/v2\/product_tag?post=47899"}],"curies":[{"name":"wp","href":"https:\/\/api.w.org\/{rel}","templated":true}]}}