{"id":32340,"date":"2025-06-17T14:23:20","date_gmt":"2025-06-17T14:23:20","guid":{"rendered":"https:\/\/mps.digital-monkey.in\/product\/nanni-n3-21\/"},"modified":"2025-06-17T14:23:20","modified_gmt":"2025-06-17T14:23:20","slug":"nanni-n3-21","status":"publish","type":"product","link":"https:\/\/mps.digital-monkey.in\/es\/producto\/nanni-n3-21\/","title":{"rendered":"Nanni N3.21"},"content":{"rendered":"<p data-start=\"60\" data-end=\"411\">El <strong data-start=\"64\" data-end=\"79\">Nanni N3.21<\/strong> es un <strong data-start=\"85\" data-end=\"115\">motor di\u00e9sel marino de 21 CV<\/strong> que ofrece una fuente de potencia fiable y eficiente para veleros, balandros y peque\u00f1as lanchas motoras. Construido sobre un <strong data-start=\"220\" data-end=\"250\">bloque motor Kubota de eficacia probada<\/strong>, este <strong data-start=\"257\" data-end=\"278\">motor di\u00e9sel de 3 cilindros<\/strong> ofrece un funcionamiento suave, una excelente eficiencia de combustible y un mantenimiento sencillo gracias a su <strong data-start=\"368\" data-end=\"408\">sistema de inyecci\u00f3n mec\u00e1nica indirecta<\/strong>. <\/p>\n<h4 data-start=\"413\" data-end=\"443\"><strong data-start=\"418\" data-end=\"441\">Especificaciones clave:<\/strong><\/h4>\n<ul data-start=\"444\" data-end=\"800\">\n<li data-start=\"444\" data-end=\"502\"><strong data-start=\"446\" data-end=\"463\">Potencia de salida:<\/strong> 14,61 kW (19,6 CV) en el cig\u00fce\u00f1al<\/li>\n<li data-start=\"503\" data-end=\"548\"><strong data-start=\"505\" data-end=\"529\">Cilindrada del motor<\/strong> 0,719 L (44 pulg\u00b3)<\/li>\n<li data-start=\"549\" data-end=\"591\"><strong data-start=\"551\" data-end=\"569\">Configuraci\u00f3n:<\/strong> 3 cilindros en l\u00ednea<\/li>\n<li data-start=\"592\" data-end=\"621\"><strong data-start=\"594\" data-end=\"603\">Tipo:<\/strong> Diesel de 4 tiempos<\/li>\n<li data-start=\"622\" data-end=\"672\"><strong data-start=\"624\" data-end=\"642\">Di\u00e1metro y carrera:<\/strong> 67 x 68 mm (2,64 x 2,68 pulg.)<\/li>\n<li data-start=\"673\" data-end=\"706\"><strong data-start=\"675\" data-end=\"697\">Relaci\u00f3n de compresi\u00f3n:<\/strong> 23,5:1<\/li>\n<li data-start=\"707\" data-end=\"730\"><strong data-start=\"709\" data-end=\"723\">RPM nominales:<\/strong> 3600<\/li>\n<li data-start=\"731\" data-end=\"759\"><strong data-start=\"733\" data-end=\"748\">Velocidad de ralent\u00ed:<\/strong> 1050 RPM<\/li>\n<li data-start=\"760\" data-end=\"800\"><strong data-start=\"762\" data-end=\"778\">Par m\u00e1ximo:<\/strong> 44,1 Nm a 2450 RPM<\/li>\n<\/ul>\n<h4 data-start=\"802\" data-end=\"833\"><\/h4>\n","protected":false},"excerpt":{"rendered":"<p>El Nanni N3.21 es un motor di\u00e9sel marino de 21 CV que ofrece una fuente de potencia fiable y eficiente para veleros, balandros y peque\u00f1as lanchas motoras. Construido sobre un bloque motor Kubota de eficacia probada, este motor di\u00e9sel de 3 cilindros ofrece un funcionamiento suave, una excelente eficiencia de combustible y un mantenimiento sencillo [&hellip;]<\/p>\n","protected":false},"featured_media":32338,"comment_status":"open","ping_status":"closed","template":"","meta":[],"product_brand":[4240],"product_cat":[2493],"product_tag":[],"class_list":{"0":"post-32340","1":"product","2":"type-product","3":"status-publish","4":"has-post-thumbnail","6":"product_brand-nanni","7":"product_cat-motores","8":"product_shipping_class-motor-es","9":"pa_condition-nuevo","10":"pa_model-n3-21","11":"pa_variant-tmc-40-reduccion-26-2","13":"first","14":"onbackorder","15":"sale","16":"taxable","17":"shipping-taxable","18":"purchasable","19":"product-type-variable"},"supplier_id":null,"supplier_sku":"","barcode":null,"atum_controlled":true,"out_stock_date":"2025-08-28 14:37:24","out_stock_threshold":null,"inheritable":true,"inbound_stock":0,"stock_on_hold":0,"sold_today":0,"sales_last_days":0,"reserved_stock":0,"customer_returns":0,"warehouse_damage":0,"lost_in_post":0,"other_logs":0,"out_stock_days":0,"lost_sales":0,"has_location":false,"update_date":"2025-09-22T08:41:37","atum_locations":[],"atum_stock_status":"onbackorder","restock_status":false,"low_stock_amount":1,"sales_update_date":"2025-09-22T08:41:37","calc_backorders":0,"_links":{"self":[{"href":"https:\/\/mps.digital-monkey.in\/es\/wp-json\/wp\/v2\/product\/32340","targetHints":{"allow":["GET"]}}],"collection":[{"href":"https:\/\/mps.digital-monkey.in\/es\/wp-json\/wp\/v2\/product"}],"about":[{"href":"https:\/\/mps.digital-monkey.in\/es\/wp-json\/wp\/v2\/types\/product"}],"replies":[{"embeddable":true,"href":"https:\/\/mps.digital-monkey.in\/es\/wp-json\/wp\/v2\/comments?post=32340"}],"wp:featuredmedia":[{"embeddable":true,"href":"https:\/\/mps.digital-monkey.in\/es\/wp-json\/wp\/v2\/media\/32338"}],"wp:attachment":[{"href":"https:\/\/mps.digital-monkey.in\/es\/wp-json\/wp\/v2\/media?parent=32340"}],"wp:term":[{"taxonomy":"product_brand","embeddable":true,"href":"https:\/\/mps.digital-monkey.in\/es\/wp-json\/wp\/v2\/product_brand?post=32340"},{"taxonomy":"product_cat","embeddable":true,"href":"https:\/\/mps.digital-monkey.in\/es\/wp-json\/wp\/v2\/product_cat?post=32340"},{"taxonomy":"product_tag","embeddable":true,"href":"https:\/\/mps.digital-monkey.in\/es\/wp-json\/wp\/v2\/product_tag?post=32340"}],"curies":[{"name":"wp","href":"https:\/\/api.w.org\/{rel}","templated":true}]}}