{"id":32563,"date":"2025-06-17T14:25:53","date_gmt":"2025-06-17T14:25:53","guid":{"rendered":"https:\/\/mps.digital-monkey.in\/product\/sensor-de-temperatura-yanmar-128275-91340\/"},"modified":"2025-10-30T12:25:16","modified_gmt":"2025-10-30T12:25:16","slug":"sensor-de-temperatura-yanmar-128275-91340","status":"publish","type":"product","link":"https:\/\/mps.digital-monkey.in\/es\/product\/sensor-de-temperatura-yanmar-128275-91340\/","title":{"rendered":"Sensor de temperatura Yanmar &#8211; 128275-91340"},"content":{"rendered":"<p><strong>Sensor de temperatura para Yanmar Serie GM \/ HM &#8211; 128275-91340 (Aftermarket)<\/strong><\/p>\n<p>Este <strong>sensor de temperatura de recambio<\/strong> sustituye a <strong>la pieza Yanmar n\u00famero 128275-91340<\/strong>, y est\u00e1 dise\u00f1ado para una gran variedad de fiables motores diesel marinos Yanmar. Garantiza que tu motor permanezca protegido proporcionando datos de temperatura precisos y en tiempo real, ayudando a evitar el sobrecalentamiento y a mantener un rendimiento \u00f3ptimo del motor. <\/p>\n<p><strong>Adecuado para modelos de motores marinos Yanmar:<\/strong><\/p>\n<p><strong>Serie GM:<\/strong><\/p>\n<ul>\n<li>\n<p>1GM<\/p>\n<\/li>\n<li>\n<p>1GM10<\/p>\n<\/li>\n<li>\n<p>1GM L Y-C<\/p>\n<\/li>\n<li>\n<p>2GM<\/p>\n<\/li>\n<li>\n<p>2GM20<\/p>\n<\/li>\n<li>\n<p>2GM YEU<\/p>\n<\/li>\n<li>\n<p>2GM LP SZK<\/p>\n<\/li>\n<li>\n<p>3GM30<\/p>\n<\/li>\n<\/ul>\n<p><strong>Serie HM:<\/strong><\/p>\n<ul>\n<li>\n<p>3HM<\/p>\n<\/li>\n<li>\n<p>3HM35<\/p>\n<\/li>\n<\/ul>\n<hr>\n<p><strong>Caracter\u00edsticas principales:<\/strong><\/p>\n<ul>\n<li>\n<p>Recambio fiable para 128275-91340<\/p>\n<\/li>\n<li>\n<p>Dise\u00f1ado para las series de motores GM y HM Yanmar heredados<\/p>\n<\/li>\n<li>\n<p>Controla con precisi\u00f3n la temperatura del motor<\/p>\n<\/li>\n<li>\n<p>Evita el sobrecalentamiento y los da\u00f1os en el motor<\/p>\n<\/li>\n<li>\n<p>Construcci\u00f3n robusta de calidad marina<\/p>\n<\/li>\n<\/ul>\n<p>???? <strong>N\u00famero de pieza (sustituye):<\/strong> 128275-91340<br \/>\n????\ufe0f <strong>Tipo:<\/strong> Sensor de temperatura de recambio<br \/>\n???? <strong>Incluye:<\/strong> 1x unidad de sensor<\/p>\n<hr>\n","protected":false},"excerpt":{"rendered":"<p>Sensor de temperatura para Yanmar Serie GM \/ HM &#8211; 128275-91340 (Aftermarket) Este sensor de temperatura de recambio sustituye a la pieza Yanmar n\u00famero 128275-91340, y est\u00e1 dise\u00f1ado para una gran variedad de fiables motores diesel marinos Yanmar. Garantiza que tu motor permanezca protegido proporcionando datos de temperatura precisos y en tiempo real, ayudando a [&hellip;]<\/p>\n","protected":false},"featured_media":28036,"comment_status":"open","ping_status":"closed","template":"","meta":[],"product_brand":[4235],"product_cat":[4449,4450,4451,2518,2520,2519,4448],"product_tag":[],"class_list":{"0":"post-32563","1":"product","2":"type-product","3":"status-publish","4":"has-post-thumbnail","6":"product_brand-yanmar","7":"product_cat-piezas-1gm-1gm10","8":"product_cat-piezas-2gm-2gm20","9":"product_cat-piezas-3gm-3gm30","10":"product_cat-piezas-de-motor","11":"product_cat-sensores-temperatura-presion-posicion-etc","12":"product_cat-sistemas-electricos","13":"product_cat-yanmar","14":"pa_condition-nuevo","15":"pa_model-1gm","16":"pa_model-1gm10","17":"pa_model-1gm10c","18":"pa_model-1gmc","19":"pa_model-1gml","20":"pa_model-2gm","21":"pa_model-2gm20","22":"pa_model-3gm30","23":"pa_model-3hm","24":"pa_model-3hm35","25":"pa_oem-or-aftermarket-posventa","27":"first","28":"instock","29":"taxable","30":"shipping-taxable","31":"purchasable","32":"product-type-simple"},"supplier_id":7294,"supplier_sku":"","barcode":null,"atum_controlled":true,"out_stock_date":null,"out_stock_threshold":null,"inheritable":false,"inbound_stock":0,"stock_on_hold":0,"sold_today":0,"sales_last_days":0,"reserved_stock":0,"customer_returns":0,"warehouse_damage":0,"lost_in_post":0,"other_logs":0,"out_stock_days":0,"lost_sales":0,"has_location":false,"update_date":"2026-01-29T09:10:32","atum_locations":[],"atum_stock_status":"instock","restock_status":false,"low_stock_amount":1,"sales_update_date":"2026-01-29T09:10:32","calc_backorders":0,"_links":{"self":[{"href":"https:\/\/mps.digital-monkey.in\/es\/wp-json\/wp\/v2\/product\/32563","targetHints":{"allow":["GET"]}}],"collection":[{"href":"https:\/\/mps.digital-monkey.in\/es\/wp-json\/wp\/v2\/product"}],"about":[{"href":"https:\/\/mps.digital-monkey.in\/es\/wp-json\/wp\/v2\/types\/product"}],"replies":[{"embeddable":true,"href":"https:\/\/mps.digital-monkey.in\/es\/wp-json\/wp\/v2\/comments?post=32563"}],"wp:featuredmedia":[{"embeddable":true,"href":"https:\/\/mps.digital-monkey.in\/es\/wp-json\/wp\/v2\/media\/28036"}],"wp:attachment":[{"href":"https:\/\/mps.digital-monkey.in\/es\/wp-json\/wp\/v2\/media?parent=32563"}],"wp:term":[{"taxonomy":"product_brand","embeddable":true,"href":"https:\/\/mps.digital-monkey.in\/es\/wp-json\/wp\/v2\/product_brand?post=32563"},{"taxonomy":"product_cat","embeddable":true,"href":"https:\/\/mps.digital-monkey.in\/es\/wp-json\/wp\/v2\/product_cat?post=32563"},{"taxonomy":"product_tag","embeddable":true,"href":"https:\/\/mps.digital-monkey.in\/es\/wp-json\/wp\/v2\/product_tag?post=32563"}],"curies":[{"name":"wp","href":"https:\/\/api.w.org\/{rel}","templated":true}]}}