{"id":32642,"date":"2025-06-17T14:25:55","date_gmt":"2025-06-17T14:25:55","guid":{"rendered":"https:\/\/mps.digital-monkey.in\/product\/motor-de-arranqueyanmar-serie-sb-yse-ysm-104211-77010-104211-77011\/"},"modified":"2025-10-22T14:36:11","modified_gmt":"2025-10-22T14:36:11","slug":"motor-de-arranqueyanmar-serie-sb-yse-ysm-104211-77010-104211-77011","status":"publish","type":"product","link":"https:\/\/mps.digital-monkey.in\/es\/product\/motor-de-arranqueyanmar-serie-sb-yse-ysm-104211-77010-104211-77011\/","title":{"rendered":"Motor de arranqueYanmar Serie SB \/ YSE \/ YSM &#8211; 104211-77010 \/ 104211-77011"},"content":{"rendered":"<h3><strong>Motor de arranque para Yanmar Serie SB \/ YSE \/ YSM &#8211; 104211-77010 \/ 104211-77011<\/strong><\/h3>\n<p>Este <strong>motor de arranque (n\u00fameros de pieza Yanmar 104211-77010 y 104211-77011)<\/strong> es un componente de recambio fiable, de calidad marina, fabricado para motores di\u00e9sel Yanmar monocil\u00edndricos y bicil\u00edndricos de primera generaci\u00f3n. Est\u00e1 dise\u00f1ado para resistir el duro entorno marino y garantizar siempre un arranque fiable del motor. <\/p>\n<hr>\n<h3><strong>Adecuado para modelos de motor Yanmar:<\/strong><\/h3>\n<ul>\n<li>\n<p><strong>Serie SB:<\/strong><\/p>\n<ul>\n<li>\n<p>SB8<\/p>\n<\/li>\n<li>\n<p>SB12<\/p>\n<\/li>\n<\/ul>\n<\/li>\n<li>\n<p><strong>Serie SVE:<\/strong><\/p>\n<ul>\n<li>\n<p>SVE8<\/p>\n<\/li>\n<li>\n<p>SVE12<\/p>\n<\/li>\n<\/ul>\n<\/li>\n<li>\n<p><strong>Serie YSE:<\/strong><\/p>\n<ul>\n<li>\n<p>YSE8<\/p>\n<\/li>\n<li>\n<p>YSE10<\/p>\n<\/li>\n<\/ul>\n<\/li>\n<li>\n<p><strong>Serie YSM:<\/strong><\/p>\n<ul>\n<li>\n<p>YSM8<\/p>\n<\/li>\n<li>\n<p>YSM10<\/p>\n<\/li>\n<\/ul>\n<\/li>\n<\/ul>\n<hr>\n<h3><strong>Caracter\u00edsticas principales:<\/strong><\/h3>\n<ul>\n<li>\n<p>Recambio de alta calidad para <strong>Yanmar 104211-77010<\/strong> y <strong>104211-77011<\/strong><\/p>\n<\/li>\n<li>\n<p>Dise\u00f1ado para motores di\u00e9sel marinos Yanmar antiguos de uno y dos cilindros<\/p>\n<\/li>\n<li>\n<p>Construido para resistir la corrosi\u00f3n y la humedad en entornos marinos<\/p>\n<\/li>\n<li>\n<p>Sustituci\u00f3n directa atornillada para los modelos de motor especificados<\/p>\n<\/li>\n<li>\n<p>Arranque el\u00e9ctrico fiable de 12 V<\/p>\n<\/li>\n<\/ul>\n<p>???? <strong>N\u00fameros de pieza:<\/strong> 104211-77010 \/ 104211-77011<br \/>\n\u2699\ufe0f <strong>Tensi\u00f3n:<\/strong> 12V<br \/>\n\u2693 <strong>Aplicaci\u00f3n:<\/strong> Primeros motores diesel marinos Yanmar de las series SB, SVE, YSE e YSM<\/p>\n<hr>\n","protected":false},"excerpt":{"rendered":"<p>Motor de arranque para Yanmar Serie SB \/ YSE \/ YSM &#8211; 104211-77010 \/ 104211-77011 Este motor de arranque (n\u00fameros de pieza Yanmar 104211-77010 y 104211-77011) es un componente de recambio fiable, de calidad marina, fabricado para motores di\u00e9sel Yanmar monocil\u00edndricos y bicil\u00edndricos de primera generaci\u00f3n. Est\u00e1 dise\u00f1ado para resistir el duro entorno marino y [&hellip;]<\/p>\n","protected":false},"featured_media":28061,"comment_status":"open","ping_status":"closed","template":"","meta":[],"product_brand":[4235],"product_cat":[2723,2518,2519],"product_tag":[],"class_list":{"0":"post-32642","1":"product","2":"type-product","3":"status-publish","4":"has-post-thumbnail","6":"product_brand-yanmar","7":"product_cat-motores-de-arranque","8":"product_cat-piezas-de-motor","9":"product_cat-sistemas-electricos","10":"pa_condition-nuevo","11":"pa_model-sb12","12":"pa_model-sb8","13":"pa_model-sve12","14":"pa_model-sve8","15":"pa_model-ysb12","16":"pa_model-ysb8","17":"pa_model-yse10","18":"pa_model-yse12","19":"pa_model-yse8","20":"pa_model-ysm10","21":"pa_model-ysm8","22":"pa_oem-or-aftermarket-posventa","24":"first","25":"instock","26":"taxable","27":"shipping-taxable","28":"purchasable","29":"product-type-simple"},"supplier_id":7294,"supplier_sku":"","barcode":null,"atum_controlled":true,"out_stock_date":null,"out_stock_threshold":null,"inheritable":false,"inbound_stock":0,"stock_on_hold":0,"sold_today":0,"sales_last_days":0,"reserved_stock":0,"customer_returns":0,"warehouse_damage":0,"lost_in_post":0,"other_logs":0,"out_stock_days":0,"lost_sales":0,"has_location":false,"update_date":"2025-10-22T14:36:17","atum_locations":[],"atum_stock_status":"instock","restock_status":false,"low_stock_amount":1,"sales_update_date":"2025-10-22T14:31:00","calc_backorders":0,"_links":{"self":[{"href":"https:\/\/mps.digital-monkey.in\/es\/wp-json\/wp\/v2\/product\/32642","targetHints":{"allow":["GET"]}}],"collection":[{"href":"https:\/\/mps.digital-monkey.in\/es\/wp-json\/wp\/v2\/product"}],"about":[{"href":"https:\/\/mps.digital-monkey.in\/es\/wp-json\/wp\/v2\/types\/product"}],"replies":[{"embeddable":true,"href":"https:\/\/mps.digital-monkey.in\/es\/wp-json\/wp\/v2\/comments?post=32642"}],"wp:featuredmedia":[{"embeddable":true,"href":"https:\/\/mps.digital-monkey.in\/es\/wp-json\/wp\/v2\/media\/28061"}],"wp:attachment":[{"href":"https:\/\/mps.digital-monkey.in\/es\/wp-json\/wp\/v2\/media?parent=32642"}],"wp:term":[{"taxonomy":"product_brand","embeddable":true,"href":"https:\/\/mps.digital-monkey.in\/es\/wp-json\/wp\/v2\/product_brand?post=32642"},{"taxonomy":"product_cat","embeddable":true,"href":"https:\/\/mps.digital-monkey.in\/es\/wp-json\/wp\/v2\/product_cat?post=32642"},{"taxonomy":"product_tag","embeddable":true,"href":"https:\/\/mps.digital-monkey.in\/es\/wp-json\/wp\/v2\/product_tag?post=32642"}],"curies":[{"name":"wp","href":"https:\/\/api.w.org\/{rel}","templated":true}]}}