{"id":32652,"date":"2025-06-17T14:25:55","date_gmt":"2025-06-17T14:25:55","guid":{"rendered":"https:\/\/mps.digital-monkey.in\/product\/aceite-motor-yanmar-15w40-1l\/"},"modified":"2025-11-24T10:26:49","modified_gmt":"2025-11-24T10:26:49","slug":"aceite-motor-yanmar-15w40-1l","status":"publish","type":"product","link":"https:\/\/mps.digital-monkey.in\/es\/producto\/aceite-motor-yanmar-15w40-1l\/","title":{"rendered":"Aceite motor Yanmar 15W40 1L"},"content":{"rendered":"<h3><strong>Aceite de motor Yanmar 15W40 1L - Protecci\u00f3n duradera y fiable<\/strong><\/h3>\n<p>El <strong>aceite de motor Yanmar 15W40<\/strong> est\u00e1 hecho para motores di\u00e9sel marinos e industriales Yanmar. Proporciona una fuerte protecci\u00f3n y un rendimiento suave, incluso en condiciones duras. Como resultado, tu motor funciona mejor y dura m\u00e1s.  <\/p>\n<p>Este aceite funciona bien tanto en <strong>motores intraborda<\/strong> como en <strong>m\u00e1quinas industriales<\/strong>. Ayuda a reducir el desgaste, combate el \u00f3xido y evita acumulaciones nocivas en el interior del motor. Gracias a su f\u00f3rmula estable, funciona bien incluso a altas temperaturas.  <\/p>\n<hr>\n<h3><strong>Beneficios clave:<\/strong><\/h3>\n<ul>\n<li>\n<p>Aceite multigrado original Yanmar 15W40<\/p>\n<\/li>\n<li>\n<p>Mantiene los motores limpios y funcionando sin problemas<\/p>\n<\/li>\n<li>\n<p>Funciona tanto con calor como con fr\u00edo<\/p>\n<\/li>\n<li>\n<p>Combate el desgaste y la oxidaci\u00f3n para alargar la vida del motor<\/p>\n<\/li>\n<li>\n<p>Ideal para motores marinos y de gran potencia<\/p>\n<\/li>\n<\/ul>\n<p>????\ufe0f <strong>Volumen:<\/strong> 1 Litro<br \/>\n???? <strong>Tipo:<\/strong> Aceite de motor SAE 15W40<br \/>\n\u2699\ufe0f <strong>Uso:<\/strong> Motores diesel marinos e industriales<br \/>\n???? <strong>Incluye:<\/strong> Botella sellada de 1 L<\/p>\n<hr>\n<h3><strong>Se adapta a estos motores Yanmar:<\/strong><\/h3>\n<p><strong>Series SB \/ YSE \/ YSM:<\/strong><br \/>\nYSB8, YSB12, YSE8, YSE12, YSM8, YSM12<\/p>\n<p><strong>Serie QM:<\/strong><br \/>\n2QM15, 2QM20, 3QM30<\/p>\n<p><strong>Serie GM:<\/strong><br \/>\n1GM, 1GM10, 2GM, 2GMF, 2GM20, 2GM20 EU, 2GM20F, 2GM20F EU,<br \/>\n3GM, 3GMF, 3GM30, 3GM30 EU, 3GM30F, 3GM30F EU<\/p>\n<p><strong>Serie HM:<\/strong><br \/>\n3HM, 3HMF, 3HM35, 3HM35F<\/p>\n<p><strong>Serie YM:<\/strong><br \/>\n2YM15, 3YM20, 3YM30, 3YM30AE<\/p>\n<p><strong>Serie JH:<\/strong><br \/>\n3JH25A, 3JH30A, 3JH2(B)E, 3JH2T(B)E, 3JH3E, 3JH4E, 3JH5E, 3JH40-CR<br \/>\n4JHE, 4JHTE, 4JHHTE, 4JHDTE, 4JH2(B)E, 4JH2T(B)E, 4JH2HT(B)E, 4JH2DT(B)E,<br \/>\n4JH2UT(B)E, 4JH3E, 4JH3TE, 4JH3HTE, 4JH3DTE,<br \/>\n4JH4E, 4JH4AE, 4JH4TE, 4JH4HTE,<br \/>\n4JH5E, 4JH45-CR, 4JH57-CR, 4JH80-CR, 4JH110-CR<\/p>\n<p><strong>Series LH \/ LHA \/ LV:<\/strong><br \/>\n4LHTE, 4LHHTE, 4LHDTE, 4LHSTE<br \/>\n4LHAHTE, 4LHAHTP, 4LHADTE, 4LHADTP, 4LHASTE, 4LHASTP<br \/>\n4LV150, 4LV170, 4LV195, 4LV230, 4LV250<\/p>\n<p><strong>Serie LP \/ LPA \/ LY:<\/strong><br \/>\n6LPDTE, 6LPSTE, 6LPADTE, 6LPADTP, 6LPASTE, 6LPASTP, 6LPASTP2<br \/>\n6LY-UTE, 6LY-STE, 6LYA-UTE, 6LYA-STE, 6LYA-STP<br \/>\n6LY2STE, 6LY2AUTP, 6LY2ASTP, 6LY2M-WDT, 6LY2M-WST<br \/>\n6LY3UTP, 6LY3STP, 6LY3ETP, 6LY400, 6LY440<\/p>\n<p><strong>Series LV \/ LF \/ LT:<\/strong><br \/>\n8LV320, 8LV350, 8LV370<br \/>\n6LF485, 6LF530, 6LF550<br \/>\n6LT500, 6LT580, 6LT640<\/p>\n<hr>\n","protected":false},"excerpt":{"rendered":"<p>Aceite de motor Yanmar 15W40 1L - Protecci\u00f3n duradera y fiable El aceite de motor Yanmar 15W40 est\u00e1 hecho para motores di\u00e9sel marinos e industriales Yanmar. Proporciona una fuerte protecci\u00f3n y un rendimiento suave, incluso en condiciones duras. Como resultado, tu motor funciona mejor y dura m\u00e1s. Este aceite funciona bien tanto en motores intraborda [&hellip;]<\/p>\n","protected":false},"featured_media":28066,"comment_status":"open","ping_status":"closed","template":"","meta":[],"product_brand":[4235],"product_cat":[2730,4483,2729,4449,4450,4451,2497,4569,4448],"product_tag":[2731],"class_list":{"0":"post-32652","1":"product","2":"type-product","3":"status-publish","4":"has-post-thumbnail","6":"product_brand-yanmar","7":"product_cat-aceite","8":"product_cat-aceite-volvo-penta","9":"product_cat-aceites-y-liquidos","10":"product_cat-piezas-1gm-1gm10","11":"product_cat-piezas-2gm-2gm20","12":"product_cat-piezas-3gm-3gm30","13":"product_cat-piezas-de-mantenimiento-del-motor","14":"product_cat-piezas-de-recambio-yanmar-saildrive","15":"product_cat-yanmar","16":"product_tag-aceite-2","17":"pa_condition-nuevo","18":"pa_oem-or-aftermarket-oem","20":"first","21":"instock","22":"taxable","23":"shipping-taxable","24":"purchasable","25":"product-type-simple"},"supplier_id":32143,"supplier_sku":"","barcode":null,"atum_controlled":true,"out_stock_date":null,"out_stock_threshold":null,"inheritable":false,"inbound_stock":0,"stock_on_hold":0,"sold_today":0,"sales_last_days":0,"reserved_stock":0,"customer_returns":0,"warehouse_damage":0,"lost_in_post":0,"other_logs":0,"out_stock_days":0,"lost_sales":0,"has_location":false,"update_date":"2026-03-05T15:26:51","atum_locations":[],"atum_stock_status":"instock","restock_status":false,"low_stock_amount":"","sales_update_date":"2026-03-05T15:26:51","calc_backorders":null,"_links":{"self":[{"href":"https:\/\/mps.digital-monkey.in\/es\/wp-json\/wp\/v2\/product\/32652","targetHints":{"allow":["GET"]}}],"collection":[{"href":"https:\/\/mps.digital-monkey.in\/es\/wp-json\/wp\/v2\/product"}],"about":[{"href":"https:\/\/mps.digital-monkey.in\/es\/wp-json\/wp\/v2\/types\/product"}],"replies":[{"embeddable":true,"href":"https:\/\/mps.digital-monkey.in\/es\/wp-json\/wp\/v2\/comments?post=32652"}],"wp:featuredmedia":[{"embeddable":true,"href":"https:\/\/mps.digital-monkey.in\/es\/wp-json\/wp\/v2\/media\/28066"}],"wp:attachment":[{"href":"https:\/\/mps.digital-monkey.in\/es\/wp-json\/wp\/v2\/media?parent=32652"}],"wp:term":[{"taxonomy":"product_brand","embeddable":true,"href":"https:\/\/mps.digital-monkey.in\/es\/wp-json\/wp\/v2\/product_brand?post=32652"},{"taxonomy":"product_cat","embeddable":true,"href":"https:\/\/mps.digital-monkey.in\/es\/wp-json\/wp\/v2\/product_cat?post=32652"},{"taxonomy":"product_tag","embeddable":true,"href":"https:\/\/mps.digital-monkey.in\/es\/wp-json\/wp\/v2\/product_tag?post=32652"}],"curies":[{"name":"wp","href":"https:\/\/api.w.org\/{rel}","templated":true}]}}