{"id":32654,"date":"2025-06-17T14:25:55","date_gmt":"2025-06-17T14:25:55","guid":{"rendered":"https:\/\/mps.digital-monkey.in\/product\/motor-de-arranque-yanmar-1gm10-2gm20-3gm30-129698-77010\/"},"modified":"2025-10-30T12:21:42","modified_gmt":"2025-10-30T12:21:42","slug":"motor-de-arranque-yanmar-1gm10-2gm20-3gm30-129698-77010","status":"publish","type":"product","link":"https:\/\/mps.digital-monkey.in\/es\/product\/motor-de-arranque-yanmar-1gm10-2gm20-3gm30-129698-77010\/","title":{"rendered":"Motor de arranque Yanmar 1GM10, 2GM20, 3GM30 129698-77010"},"content":{"rendered":"<h3><strong>Motor de arranque para motores marinos Yanmar &#8211; 129698-77010<\/strong><\/h3>\n<p>Este <strong>motor de arranque Yanmar de tipo OEM (n\u00famero de pieza 129698-77010)<\/strong> est\u00e1 dise\u00f1ado para proporcionar una potencia de arranque fiable y constante a una amplia gama de motores di\u00e9sel marinos peque\u00f1os y medianos. Fabricado para soportar entornos marinos, ofrece un rendimiento de arranque fiable incluso en las condiciones m\u00e1s exigentes. <\/p>\n<hr>\n<h3><strong>Adecuado para modelos de motor Yanmar:<\/strong><\/h3>\n<p><strong>Serie 1GM:<\/strong><\/p>\n<ul>\n<li>\n<p>1GM<\/p>\n<\/li>\n<li>\n<p>1GM10<\/p>\n<\/li>\n<li>\n<p>1GM10C<\/p>\n<\/li>\n<li>\n<p>1GM10VE<\/p>\n<\/li>\n<\/ul>\n<p><strong>Serie 2GM:<\/strong><\/p>\n<ul>\n<li>\n<p>2GM<\/p>\n<\/li>\n<li>\n<p>2GM20<\/p>\n<\/li>\n<li>\n<p>2GM20-YEU<\/p>\n<\/li>\n<li>\n<p>2GM20B<\/p>\n<\/li>\n<li>\n<p>2GM20C<\/p>\n<\/li>\n<li>\n<p>2GM20C-YEU<\/p>\n<\/li>\n<li>\n<p>2GM20F<\/p>\n<\/li>\n<li>\n<p>2GM20F-YEU<\/p>\n<\/li>\n<li>\n<p>2GM20FC<\/p>\n<\/li>\n<li>\n<p>2GM20FC-YEU<\/p>\n<\/li>\n<li>\n<p>2GM20FVE<\/p>\n<\/li>\n<li>\n<p>2GM20VE<\/p>\n<\/li>\n<li>\n<p>2GMF<\/p>\n<\/li>\n<\/ul>\n<p><strong>Serie 3GM:<\/strong><\/p>\n<ul>\n<li>\n<p>3GM<\/p>\n<\/li>\n<li>\n<p>3GM30<\/p>\n<\/li>\n<li>\n<p>3GM30-YEU<\/p>\n<\/li>\n<li>\n<p>3GM30B<\/p>\n<\/li>\n<li>\n<p>3GM30C<\/p>\n<\/li>\n<li>\n<p>3GM30C-YEU<\/p>\n<\/li>\n<li>\n<p>3GM30F<\/p>\n<\/li>\n<li>\n<p>3GM30F-YEU<\/p>\n<\/li>\n<li>\n<p>3GM30FC-YEU<\/p>\n<\/li>\n<li>\n<p>3GM30FVE<\/p>\n<\/li>\n<li>\n<p>3GM30VE<\/p>\n<\/li>\n<li>\n<p>3GMD<\/p>\n<\/li>\n<li>\n<p>3GMDF<\/p>\n<\/li>\n<li>\n<p>3GMF<\/p>\n<\/li>\n<\/ul>\n<hr>\n<h3><strong>Caracter\u00edsticas principales:<\/strong><\/h3>\n<ul>\n<li>\n<p>Recambio de alta calidad para las piezas Yanmar <strong>129698-77010, 129608-77010, 129242-77010, 121370-77010<\/strong><\/p>\n<\/li>\n<li>\n<p>Motor de arranque marino fiable<\/p>\n<\/li>\n<li>\n<p>Materiales resistentes a la corrosi\u00f3n y construcci\u00f3n sellada<\/p>\n<\/li>\n<li>\n<p>F\u00e1cil instalaci\u00f3n: ajuste directo para varios motores de la serie GM<\/p>\n<\/li>\n<li>\n<p>Dise\u00f1ado para un rendimiento duradero en entornos dif\u00edciles<\/p>\n<\/li>\n<\/ul>\n<p>???? <strong>N\u00famero de pieza:<\/strong> 129698-77010<br \/>\n\u2699\ufe0f <strong>Tensi\u00f3n:<\/strong> 12V<br \/>\n???? <strong>Aplicaci\u00f3n:<\/strong> Motores Yanmar serie 1GM \/ 2GM \/ 3GM<\/p>\n<hr>\n","protected":false},"excerpt":{"rendered":"<p>Motor de arranque para motores marinos Yanmar &#8211; 129698-77010 Este motor de arranque Yanmar de tipo OEM (n\u00famero de pieza 129698-77010) est\u00e1 dise\u00f1ado para proporcionar una potencia de arranque fiable y constante a una amplia gama de motores di\u00e9sel marinos peque\u00f1os y medianos. Fabricado para soportar entornos marinos, ofrece un rendimiento de arranque fiable incluso [&hellip;]<\/p>\n","protected":false},"featured_media":28056,"comment_status":"open","ping_status":"closed","template":"","meta":[],"product_brand":[4235],"product_cat":[2723,4449,4450,4451,2497,2518,2519,4448],"product_tag":[],"class_list":{"0":"post-32654","1":"product","2":"type-product","3":"status-publish","4":"has-post-thumbnail","6":"product_brand-yanmar","7":"product_cat-motores-de-arranque","8":"product_cat-piezas-1gm-1gm10","9":"product_cat-piezas-2gm-2gm20","10":"product_cat-piezas-3gm-3gm30","11":"product_cat-piezas-de-mantenimiento-del-motor","12":"product_cat-piezas-de-motor","13":"product_cat-sistemas-electricos","14":"product_cat-yanmar","15":"pa_condition-nuevo","16":"pa_oem-or-aftermarket-posventa","18":"first","19":"instock","20":"taxable","21":"shipping-taxable","22":"purchasable","23":"product-type-simple"},"supplier_id":7294,"supplier_sku":"","barcode":null,"atum_controlled":true,"out_stock_date":null,"out_stock_threshold":null,"inheritable":false,"inbound_stock":0,"stock_on_hold":0,"sold_today":0,"sales_last_days":0,"reserved_stock":0,"customer_returns":0,"warehouse_damage":0,"lost_in_post":0,"other_logs":0,"out_stock_days":0,"lost_sales":0,"has_location":false,"update_date":"2025-10-30T10:31:49","atum_locations":[],"atum_stock_status":"instock","restock_status":false,"low_stock_amount":1,"sales_update_date":"2025-10-22T14:31:00","calc_backorders":null,"_links":{"self":[{"href":"https:\/\/mps.digital-monkey.in\/es\/wp-json\/wp\/v2\/product\/32654","targetHints":{"allow":["GET"]}}],"collection":[{"href":"https:\/\/mps.digital-monkey.in\/es\/wp-json\/wp\/v2\/product"}],"about":[{"href":"https:\/\/mps.digital-monkey.in\/es\/wp-json\/wp\/v2\/types\/product"}],"replies":[{"embeddable":true,"href":"https:\/\/mps.digital-monkey.in\/es\/wp-json\/wp\/v2\/comments?post=32654"}],"wp:featuredmedia":[{"embeddable":true,"href":"https:\/\/mps.digital-monkey.in\/es\/wp-json\/wp\/v2\/media\/28056"}],"wp:attachment":[{"href":"https:\/\/mps.digital-monkey.in\/es\/wp-json\/wp\/v2\/media?parent=32654"}],"wp:term":[{"taxonomy":"product_brand","embeddable":true,"href":"https:\/\/mps.digital-monkey.in\/es\/wp-json\/wp\/v2\/product_brand?post=32654"},{"taxonomy":"product_cat","embeddable":true,"href":"https:\/\/mps.digital-monkey.in\/es\/wp-json\/wp\/v2\/product_cat?post=32654"},{"taxonomy":"product_tag","embeddable":true,"href":"https:\/\/mps.digital-monkey.in\/es\/wp-json\/wp\/v2\/product_tag?post=32654"}],"curies":[{"name":"wp","href":"https:\/\/api.w.org\/{rel}","templated":true}]}}