{"id":32663,"date":"2025-06-17T14:25:56","date_gmt":"2025-06-17T14:25:56","guid":{"rendered":"https:\/\/mps.digital-monkey.in\/product\/filtro-de-aceite-volvo-penta-22057107\/"},"modified":"2026-03-17T15:57:50","modified_gmt":"2026-03-17T15:57:50","slug":"filtro-de-aceite-volvo-penta-22057107","status":"publish","type":"product","link":"https:\/\/mps.digital-monkey.in\/es\/product\/filtro-de-aceite-volvo-penta-22057107\/","title":{"rendered":"Filtro de aceite Volvo Penta 22057107"},"content":{"rendered":"<h3><strong>Filtro de aceite para Volvo Penta &#8211; 22057107<\/strong><\/h3>\n<p>Este <strong>filtro de aceite posventa de calidad superior<\/strong> (n\u00famero de pieza 22057107) es un recambio de ajuste directo dise\u00f1ado para cumplir o superar las especificaciones del fabricante original para una amplia gama de motores diesel marinos Volvo Penta. Dise\u00f1ado para una filtraci\u00f3n fiable del aceite, garantiza la protecci\u00f3n contra los contaminantes y prolonga la vida \u00fatil del motor, incluso en condiciones marinas exigentes.<\/p>\n<hr>\n<h3><strong>Compatible con los siguientes motores Volvo Penta:<\/strong><\/h3>\n<ul>\n<li><strong>Serie 2000:<\/strong><br \/>\n2001, 2001AG, 2001B, 2001BG, 2001D, 2001R<br \/>\n2002, 2002AG, 2002B, 2002BG, 2002D<br \/>\n2003, 2003 Solas, 2003B, 2003B Solas, 2003D, 2003R, 2003R Solas<br \/>\n2003T, 2003TB, 2003TB Solas, 2003TR<\/li>\n<li><strong>Serie AQ\/MD:<\/strong><br \/>\nAQD2B<br \/>\nMD1B, MD2B, MD3B<br \/>\nMD5A, MD5B, MD5C<br \/>\nMD6A, MD6B<br \/>\nMD7A, MD7B<br \/>\nMD11C, MD11D<br \/>\nMD17C, MD17D<\/li>\n<\/ul>\n<p><strong>No se trata de un producto original Volvo Penta<\/strong>, sino de un <strong>recambio de alta calidad<\/strong>, dise\u00f1ado para ofrecer durabilidad y un rendimiento constante.<\/p>\n<hr>\n<h3><strong>Caracter\u00edsticas principales:<\/strong><\/h3>\n<ul>\n<li>Recambio para el filtro de aceite Volvo Penta &#8211; pieza n\u00ba 22057107<\/li>\n<li>Proporciona una filtraci\u00f3n de aceite de alta eficacia para motores di\u00e9sel marinos<\/li>\n<li>Protege los componentes del motor del desgaste y la contaminaci\u00f3n<\/li>\n<li>F\u00e1cil de instalar &#8211; se adapta a una amplia gama de modelos<\/li>\n<li>Construido para soportar las duras condiciones de funcionamiento marino<\/li>\n<\/ul>\n<p>???? <strong>N\u00famero de pieza:<\/strong> 22057107<br \/>\n????\ufe0f <strong>Tipo:<\/strong> Filtro de aceite &#8211; recambio<br \/>\n???? <strong>Incluye:<\/strong> 1 x Filtro de Aceite<\/p>\n<hr>\n<p>&nbsp;<\/p>\n","protected":false},"excerpt":{"rendered":"<p>Filtro de aceite para Volvo Penta &#8211; 22057107 Este filtro de aceite posventa de calidad superior (n\u00famero de pieza 22057107) es un recambio de ajuste directo dise\u00f1ado para cumplir o superar las especificaciones del fabricante original para una amplia gama de motores diesel marinos Volvo Penta. Dise\u00f1ado para una filtraci\u00f3n fiable del aceite, garantiza la [&hellip;]<\/p>\n","protected":false},"featured_media":23808,"comment_status":"open","ping_status":"closed","template":"","meta":[],"product_brand":[4229],"product_cat":[4486,4716,2788,4586,2497,4724,4525,4464,4469,4472,4475,4302,4347,4365,4368,4349,4354,4356,4359,4362,4462,4304],"product_tag":[2789],"class_list":{"0":"post-32663","1":"product","2":"type-product","3":"status-publish","4":"has-post-thumbnail","6":"product_brand-volvo-penta","7":"product_cat-necesitas-piezas-volvo-penta","8":"product_cat-filtro-de-aceite-volvo-penta-2002","9":"product_cat-filtros-de-aceite","10":"product_cat-filtros-de-aceite-volvo-penta","11":"product_cat-piezas-de-mantenimiento-del-motor","12":"product_cat-recambios-servicio-volvo-penta-serie-2000","13":"product_cat-recambios-volvo-penta","14":"product_cat-recambios-volvo-penta-2001","15":"product_cat-recambios-volvo-penta-2002","16":"product_cat-recambios-volvo-penta-2003","17":"product_cat-recambios-volvo-penta-2003t","18":"product_cat-volvo-penta","19":"product_cat-volvo-penta-md1","20":"product_cat-volvo-penta-md11","21":"product_cat-volvo-penta-md17","22":"product_cat-volvo-penta-md2","23":"product_cat-volvo-penta-md3","24":"product_cat-volvo-penta-md5","25":"product_cat-volvo-penta-md6","26":"product_cat-volvo-penta-md7","27":"product_cat-volvo-penta-serie-2000","28":"product_cat-volvo-penta-serie-md","29":"product_tag-filtro-de-aceite","31":"first","32":"onbackorder","33":"taxable","34":"shipping-taxable","35":"purchasable","36":"product-type-simple"},"supplier_id":null,"supplier_sku":"","barcode":null,"atum_controlled":true,"out_stock_date":"2026-02-26 10:19:20","out_stock_threshold":null,"inheritable":false,"inbound_stock":0,"stock_on_hold":0,"sold_today":0,"sales_last_days":0,"reserved_stock":0,"customer_returns":0,"warehouse_damage":0,"lost_in_post":0,"other_logs":0,"out_stock_days":19,"lost_sales":0,"has_location":false,"update_date":"2026-03-17T15:57:27","atum_locations":[],"atum_stock_status":"onbackorder","restock_status":false,"low_stock_amount":"","sales_update_date":"2025-09-23T17:24:25","calc_backorders":0,"_links":{"self":[{"href":"https:\/\/mps.digital-monkey.in\/es\/wp-json\/wp\/v2\/product\/32663","targetHints":{"allow":["GET"]}}],"collection":[{"href":"https:\/\/mps.digital-monkey.in\/es\/wp-json\/wp\/v2\/product"}],"about":[{"href":"https:\/\/mps.digital-monkey.in\/es\/wp-json\/wp\/v2\/types\/product"}],"replies":[{"embeddable":true,"href":"https:\/\/mps.digital-monkey.in\/es\/wp-json\/wp\/v2\/comments?post=32663"}],"wp:featuredmedia":[{"embeddable":true,"href":"https:\/\/mps.digital-monkey.in\/es\/wp-json\/wp\/v2\/media\/23808"}],"wp:attachment":[{"href":"https:\/\/mps.digital-monkey.in\/es\/wp-json\/wp\/v2\/media?parent=32663"}],"wp:term":[{"taxonomy":"product_brand","embeddable":true,"href":"https:\/\/mps.digital-monkey.in\/es\/wp-json\/wp\/v2\/product_brand?post=32663"},{"taxonomy":"product_cat","embeddable":true,"href":"https:\/\/mps.digital-monkey.in\/es\/wp-json\/wp\/v2\/product_cat?post=32663"},{"taxonomy":"product_tag","embeddable":true,"href":"https:\/\/mps.digital-monkey.in\/es\/wp-json\/wp\/v2\/product_tag?post=32663"}],"curies":[{"name":"wp","href":"https:\/\/api.w.org\/{rel}","templated":true}]}}