{"id":32669,"date":"2025-06-17T14:25:57","date_gmt":"2025-06-17T14:25:57","guid":{"rendered":"https:\/\/mps.digital-monkey.in\/product\/panel-de-control-volvo-penta-mdi-21785135\/"},"modified":"2025-10-28T18:08:55","modified_gmt":"2025-10-28T18:08:55","slug":"panel-de-control-volvo-penta-mdi-21785135","status":"publish","type":"product","link":"https:\/\/mps.digital-monkey.in\/es\/product\/panel-de-control-volvo-penta-mdi-21785135\/","title":{"rendered":"Panel de control Volvo Penta MDI &#8211; 21785135"},"content":{"rendered":"<h3 data-start=\"126\" data-end=\"174\"><strong data-start=\"130\" data-end=\"174\">Panel de control Volvo Penta MDI &#8211; 21785135<\/strong><\/h3>\n<p data-start=\"176\" data-end=\"399\">Se trata de un panel de control Volvo Penta nuevo y original, dise\u00f1ado para una supervisi\u00f3n y un control perfectos del motor. Fabricado seg\u00fan los est\u00e1ndares OEM, garantiza un rendimiento fiable y compatibilidad con una gama de motores di\u00e9sel Volvo Penta. <\/p>\n<hr data-start=\"401\" data-end=\"404\">\n<h3 data-start=\"406\" data-end=\"451\"><strong data-start=\"410\" data-end=\"449\">Compatible con los modelos Volvo Penta:<\/strong><\/h3>\n<ul data-start=\"452\" data-end=\"603\">\n<li data-start=\"452\" data-end=\"470\">\n<p data-start=\"454\" data-end=\"470\">D1-13B, D1-13F<\/p>\n<\/li>\n<li data-start=\"471\" data-end=\"489\">\n<p data-start=\"473\" data-end=\"489\">D1-20B, D1-20F<\/p>\n<\/li>\n<li data-start=\"490\" data-end=\"508\">\n<p data-start=\"492\" data-end=\"508\">D1-30B, D1-30F<\/p>\n<\/li>\n<li data-start=\"509\" data-end=\"527\">\n<p data-start=\"511\" data-end=\"527\">D2-40B, D2-40F<\/p>\n<\/li>\n<li data-start=\"528\" data-end=\"538\">\n<p data-start=\"530\" data-end=\"538\">D2-50F<\/p>\n<\/li>\n<li data-start=\"539\" data-end=\"565\">\n<p data-start=\"541\" data-end=\"565\">D2-55D, D2-55E, D2-55F<\/p>\n<\/li>\n<li data-start=\"566\" data-end=\"576\">\n<p data-start=\"568\" data-end=\"576\">D2-60F<\/p>\n<\/li>\n<li data-start=\"577\" data-end=\"603\">\n<p data-start=\"579\" data-end=\"603\">D2-75B, D2-75C, D2-75F<\/p>\n<\/li>\n<\/ul>\n<hr data-start=\"605\" data-end=\"608\">\n<h3 data-start=\"610\" data-end=\"633\"><strong data-start=\"614\" data-end=\"631\">Caracter\u00edsticas principales:<\/strong><\/h3>\n<ul data-start=\"634\" data-end=\"802\">\n<li data-start=\"634\" data-end=\"665\">\n<p data-start=\"636\" data-end=\"665\">Producto genuino Volvo Penta<\/p>\n<\/li>\n<li data-start=\"666\" data-end=\"707\">\n<p data-start=\"668\" data-end=\"707\">F\u00e1cil instalaci\u00f3n y ajuste perfecto<\/p>\n<\/li>\n<li data-start=\"708\" data-end=\"753\">\n<p data-start=\"710\" data-end=\"753\">Proporciona datos y control precisos del motor<\/p>\n<\/li>\n<li data-start=\"754\" data-end=\"802\">\n<p data-start=\"756\" data-end=\"802\">Construcci\u00f3n duradera para entornos marinos<\/p>\n<\/li>\n<\/ul>\n<hr data-start=\"804\" data-end=\"807\">\n<p data-start=\"837\" data-end=\"971\">\n","protected":false},"excerpt":{"rendered":"<p>Panel de control Volvo Penta MDI &#8211; 21785135 Se trata de un panel de control Volvo Penta nuevo y original, dise\u00f1ado para una supervisi\u00f3n y un control perfectos del motor. Fabricado seg\u00fan los est\u00e1ndares OEM, garantiza un rendimiento fiable y compatibilidad con una gama de motores di\u00e9sel Volvo Penta. Compatible con los modelos Volvo Penta: [&hellip;]<\/p>\n","protected":false},"featured_media":28096,"comment_status":"open","ping_status":"closed","template":"","meta":[],"product_brand":[4229],"product_cat":[4486,2497,4525,4293,4291,4287,4330,4333,4492,4302,4329],"product_tag":[],"class_list":{"0":"post-32669","1":"product","2":"type-product","3":"status-publish","4":"has-post-thumbnail","6":"product_brand-volvo-penta","7":"product_cat-necesitas-piezas-volvo-penta","8":"product_cat-piezas-de-mantenimiento-del-motor","9":"product_cat-recambios-volvo-penta","10":"product_cat-recambios-volvo-penta-d1-13","11":"product_cat-recambios-volvo-penta-d1-20","12":"product_cat-recambios-volvo-penta-d1-30","13":"product_cat-recambios-volvo-penta-d2-40","14":"product_cat-recambios-volvo-penta-d2-55","15":"product_cat-recambios-volvo-penta-d2-75","16":"product_cat-volvo-penta","17":"product_cat-volvo-penta-serie-d2","19":"first","20":"onbackorder","21":"taxable","22":"shipping-taxable","23":"purchasable","24":"product-type-simple"},"supplier_id":32142,"supplier_sku":"","barcode":null,"atum_controlled":true,"out_stock_date":null,"out_stock_threshold":null,"inheritable":false,"inbound_stock":0,"stock_on_hold":1,"sold_today":1,"sales_last_days":1,"reserved_stock":0,"customer_returns":0,"warehouse_damage":0,"lost_in_post":0,"other_logs":0,"out_stock_days":0,"lost_sales":0,"has_location":false,"update_date":"2026-03-20T17:09:32","atum_locations":[],"atum_stock_status":"onbackorder","restock_status":false,"low_stock_amount":"","sales_update_date":"2026-03-20T17:09:32","calc_backorders":-1,"_links":{"self":[{"href":"https:\/\/mps.digital-monkey.in\/es\/wp-json\/wp\/v2\/product\/32669","targetHints":{"allow":["GET"]}}],"collection":[{"href":"https:\/\/mps.digital-monkey.in\/es\/wp-json\/wp\/v2\/product"}],"about":[{"href":"https:\/\/mps.digital-monkey.in\/es\/wp-json\/wp\/v2\/types\/product"}],"replies":[{"embeddable":true,"href":"https:\/\/mps.digital-monkey.in\/es\/wp-json\/wp\/v2\/comments?post=32669"}],"wp:featuredmedia":[{"embeddable":true,"href":"https:\/\/mps.digital-monkey.in\/es\/wp-json\/wp\/v2\/media\/28096"}],"wp:attachment":[{"href":"https:\/\/mps.digital-monkey.in\/es\/wp-json\/wp\/v2\/media?parent=32669"}],"wp:term":[{"taxonomy":"product_brand","embeddable":true,"href":"https:\/\/mps.digital-monkey.in\/es\/wp-json\/wp\/v2\/product_brand?post=32669"},{"taxonomy":"product_cat","embeddable":true,"href":"https:\/\/mps.digital-monkey.in\/es\/wp-json\/wp\/v2\/product_cat?post=32669"},{"taxonomy":"product_tag","embeddable":true,"href":"https:\/\/mps.digital-monkey.in\/es\/wp-json\/wp\/v2\/product_tag?post=32669"}],"curies":[{"name":"wp","href":"https:\/\/api.w.org\/{rel}","templated":true}]}}