{"id":32693,"date":"2025-08-25T15:34:38","date_gmt":"2025-08-25T15:34:38","guid":{"rendered":"https:\/\/mps.digital-monkey.in\/product\/alternador-yanmar-3jh-4jh-4lh-6ly-12v-80a-119573-77201\/"},"modified":"2025-08-25T15:34:38","modified_gmt":"2025-08-25T15:34:38","slug":"alternador-yanmar-3jh-4jh-4lh-6ly-12v-80a-119573-77201","status":"publish","type":"product","link":"https:\/\/mps.digital-monkey.in\/es\/product\/alternador-yanmar-3jh-4jh-4lh-6ly-12v-80a-119573-77201\/","title":{"rendered":"Alternador Yanmar 3JH 4JH 4LH 6LY 12V 80A &#8211; 119573-77201"},"content":{"rendered":"<section id=\"shopify-section-template--25318070550870__product_details_gh69hj\" class=\"shopify-section section\">\n<div class=\"product-details-template--25318070550870__product_details_gh69hj\">\n<section id=\"shopify-section-template--25318070550870__product_details_gh69hj\" class=\"shopify-section section\">\n<div class=\"product-details-template--25318070550870__product_details_gh69hj\">\n<div>\n<div>\n<h2><strong>Alternador Yanmar 80A 12V 3JH 4JH 4LH 6LY<\/strong><\/h2>\n<p><strong>Sustituye a las piezas originales Yanmar:<br \/>\n<\/strong><\/p>\n<ul>\n<li class=\"p1\">119573-77200<\/li>\n<li class=\"p1\">119573-77201<\/li>\n<li class=\"p1\">129470-77200<\/li>\n<li class=\"p1\">129772-77200<\/li>\n<\/ul>\n<p><strong>Especificaciones el\u00e9ctricas :<\/strong><\/p>\n<ul>\n<li>Tensi\u00f3n: 12 voltios<\/li>\n<li>Amperaje: 80A<\/li>\n<\/ul>\n<p><strong>Especificaciones f\u00edsicas<\/strong><\/p>\n<ul>\n<li>Polea de rueda libre: No<\/li>\n<li>N\u00famero de costillas de la polea: 1<\/li>\n<li>B+: M6<\/li>\n<li>N\u00famero de orificios de montaje: 2<\/li>\n<\/ul>\n<p><strong data-start=\"62\" data-end=\"71\">2YM15<\/strong> desde septiembre de 2010 hasta el n\u00famero de serie <strong data-start=\"112\" data-end=\"121\">E5587<\/strong><br data-start=\"121\" data-end=\"124\"><strong data-start=\"124\" data-end=\"133\">3YM20<\/strong> desde septiembre de 2010 hasta el n\u00famero de serie <strong data-start=\"174\" data-end=\"184\">E11906<\/strong><br data-start=\"184\" data-end=\"187\" data-is-only-node=\"\"><strong data-start=\"187\" data-end=\"196\">3YM30<\/strong> desde septiembre de 2010 hasta el n\u00famero de serie <strong data-start=\"237\" data-end=\"247\">E20848<\/strong><br data-start=\"247\" data-end=\"250\"><strong data-start=\"250\" data-end=\"259\">3JH3E<\/strong> opcional con motor<br data-start=\"280\" data-end=\"283\"><strong data-start=\"283\" data-end=\"292\">3JH4E<\/strong> desde septiembre de 2010<br data-start=\"312\" data-end=\"315\"><strong data-start=\"315\" data-end=\"323\">3JH5<\/strong> hasta el n\u00famero de serie <strong data-start=\"344\" data-end=\"354\">E12748<\/strong><br data-start=\"354\" data-end=\"357\"><strong data-start=\"357\" data-end=\"379\">4JH3-TE, HTE y DTE<\/strong> desde septiembre de 2010 hasta aproximadamente febrero de 2013<br data-start=\"430\" data-end=\"433\"><strong data-start=\"433\" data-end=\"442\">4JH4E<\/strong> desde septiembre de 2010<br data-start=\"462\" data-end=\"465\"><strong data-start=\"465\" data-end=\"474\">4JHAE<\/strong><br data-start=\"474\" data-end=\"477\"><strong data-start=\"477\" data-end=\"488\">4JH4-TE<\/strong> hasta el n\u00famero de serie <strong data-start=\"509\" data-end=\"519\">E15602<\/strong><br data-start=\"519\" data-end=\"522\"><strong data-start=\"522\" data-end=\"534\">4JH4-HTE<\/strong> hasta el n\u00famero de serie <strong data-start=\"555\" data-end=\"565\">E24940<\/strong><br data-start=\"565\" data-end=\"568\"><strong data-start=\"568\" data-end=\"576\">4JH5<\/strong> hasta el n\u00famero de serie <strong data-start=\"597\" data-end=\"607\">E14236<\/strong><\/p>\n<\/div>\n<\/div>\n<\/div>\n<\/section>\n<div id=\"shopify-section-template--25318070550870__related_products_RwLa99\" class=\"shopify-section\">\n<div id=\"collection-carousel-template--25318070550870__related_products_RwLa99\" data-url=\"\/recommendations\/products?limit=4\" data-section-id=\"template--25318070550870__related_products_RwLa99\" data-product-id=\"9564055732566\">\n<div class=\"content\"><\/div>\n<\/div>\n<\/div>\n<\/div>\n<\/section>\n","protected":false},"excerpt":{"rendered":"<p>Alternador Yanmar 80A 12V 3JH 4JH 4LH 6LY Sustituye a las piezas originales Yanmar: 119573-77200 119573-77201 129470-77200 129772-77200 Especificaciones el\u00e9ctricas : Tensi\u00f3n: 12 voltios Amperaje: 80A Especificaciones f\u00edsicas Polea de rueda libre: No N\u00famero de costillas de la polea: 1 B+: M6 N\u00famero de orificios de montaje: 2 2YM15 desde septiembre de 2010 hasta el [&hellip;]<\/p>\n","protected":false},"featured_media":32694,"comment_status":"open","ping_status":"closed","template":"","meta":[],"product_brand":[4235],"product_cat":[2944,2518,2519],"product_tag":[],"class_list":{"0":"post-32693","1":"product","2":"type-product","3":"status-publish","4":"has-post-thumbnail","6":"product_brand-yanmar","7":"product_cat-alternadores","8":"product_cat-piezas-de-motor","9":"product_cat-sistemas-electricos","10":"pa_condition-nuevo","11":"pa_model-2gm20","12":"pa_model-2gm20-yeu","13":"pa_model-2gm20f","14":"pa_model-2gm20f-yeu","15":"pa_model-2gm20fc-yeu","16":"pa_model-2gm20fv","17":"pa_model-2gm20fve","18":"pa_model-2gm20v","19":"pa_model-2gm20ve","20":"pa_model-2ym15","21":"pa_model-3jh3","22":"pa_model-3jh3e","23":"pa_model-3jh4e","24":"pa_model-3jh5e","25":"pa_model-3ym20","26":"pa_model-3ym30","27":"pa_model-4jh3-dte","28":"pa_model-4jh3-hte","29":"pa_model-4jh3-te","30":"pa_model-4jh4","31":"pa_model-4jh4-ae","32":"pa_model-4jh4-e","33":"pa_model-4jh4-hte","34":"pa_model-4jh4-te","35":"pa_model-4jh5-e","36":"pa_oem-or-aftermarket-posventa","38":"first","39":"onbackorder","40":"taxable","41":"shipping-taxable","42":"purchasable","43":"product-type-simple"},"supplier_id":7294,"supplier_sku":"REC119573-77201","barcode":null,"atum_controlled":true,"out_stock_date":"2026-02-27 14:12:21","out_stock_threshold":null,"inheritable":false,"inbound_stock":0,"stock_on_hold":1,"sold_today":1,"sales_last_days":1,"reserved_stock":0,"customer_returns":0,"warehouse_damage":0,"lost_in_post":0,"other_logs":0,"out_stock_days":0,"lost_sales":0,"has_location":false,"update_date":"2026-02-27T14:12:21","atum_locations":[],"atum_stock_status":"onbackorder","restock_status":false,"low_stock_amount":0,"sales_update_date":null,"calc_backorders":-1,"_links":{"self":[{"href":"https:\/\/mps.digital-monkey.in\/es\/wp-json\/wp\/v2\/product\/32693","targetHints":{"allow":["GET"]}}],"collection":[{"href":"https:\/\/mps.digital-monkey.in\/es\/wp-json\/wp\/v2\/product"}],"about":[{"href":"https:\/\/mps.digital-monkey.in\/es\/wp-json\/wp\/v2\/types\/product"}],"replies":[{"embeddable":true,"href":"https:\/\/mps.digital-monkey.in\/es\/wp-json\/wp\/v2\/comments?post=32693"}],"wp:featuredmedia":[{"embeddable":true,"href":"https:\/\/mps.digital-monkey.in\/es\/wp-json\/wp\/v2\/media\/32694"}],"wp:attachment":[{"href":"https:\/\/mps.digital-monkey.in\/es\/wp-json\/wp\/v2\/media?parent=32693"}],"wp:term":[{"taxonomy":"product_brand","embeddable":true,"href":"https:\/\/mps.digital-monkey.in\/es\/wp-json\/wp\/v2\/product_brand?post=32693"},{"taxonomy":"product_cat","embeddable":true,"href":"https:\/\/mps.digital-monkey.in\/es\/wp-json\/wp\/v2\/product_cat?post=32693"},{"taxonomy":"product_tag","embeddable":true,"href":"https:\/\/mps.digital-monkey.in\/es\/wp-json\/wp\/v2\/product_tag?post=32693"}],"curies":[{"name":"wp","href":"https:\/\/api.w.org\/{rel}","templated":true}]}}