{"id":32831,"date":"2025-06-17T14:25:52","date_gmt":"2025-06-17T14:25:52","guid":{"rendered":"https:\/\/mps.digital-monkey.in\/product\/turbocompresor-volvo-penta-3801387-21354008\/"},"modified":"2025-11-02T18:27:16","modified_gmt":"2025-11-02T18:27:16","slug":"turbocompresor-volvo-penta-3801387-21354008","status":"publish","type":"product","link":"https:\/\/mps.digital-monkey.in\/es\/product\/turbocompresor-volvo-penta-3801387-21354008\/","title":{"rendered":"Turbocompresor Volvo Penta 3801387 &#8211; 21354008"},"content":{"rendered":"<p data-start=\"115\" data-end=\"180\"><strong data-start=\"115\" data-end=\"180\">Turbocompresor &#8211; Recambio para Volvo Penta 3801387 \/ 21354008<\/strong><\/p>\n<p data-start=\"182\" data-end=\"448\">Este turbocompresor de recambio de alta calidad est\u00e1 dise\u00f1ado para sustituir a las referencias 3801387, 21163289 y 21354008 de Volvo Penta. Ofrece una soluci\u00f3n fiable y rentable para restaurar o mantener el m\u00e1ximo rendimiento en una amplia gama de motores diesel marinos Volvo Penta D3. <\/p>\n<p data-start=\"450\" data-end=\"613\">Fabricado seg\u00fan las especificaciones de los fabricantes de equipos originales, este turbocompresor proporciona una excelente presi\u00f3n de sobrealimentaci\u00f3n, eficiencia de combustible y durabilidad a largo plazo en entornos marinos exigentes.<\/p>\n<p data-start=\"615\" data-end=\"678\"><strong data-start=\"615\" data-end=\"678\">Compatible con los siguientes modelos de motor Volvo Penta D3:<\/strong><\/p>\n<p data-start=\"680\" data-end=\"1226\">D3-110I-D, D3-110I-E, D3-110I-F, D3-110I-G, D3-110I-H<br data-start=\"733\" data-end=\"736\">D3-140A-D, D3-140A-E, D3-140A-F, D3-140A-G, D3-140A-H<br data-start=\"789\" data-end=\"792\">D3-140I-E, D3-140I-F, D3-140I-G, D3-140I-H<br data-start=\"834\" data-end=\"837\">D3-150I-D, D3-150I-E, D3-150I-F, D3-150I-G, D3-150I-H<br data-start=\"890\" data-end=\"893\">D3-170A-D, D3-170A-E, D3-170A-F, D3-170A-G, D3-170A-H<br data-start=\"946\" data-end=\"949\">D3-170I-D, D3-170I-E, D3-170I-F, D3-170I-G, D3-H-170I<br data-start=\"1002\" data-end=\"1005\">D3-200A-D, D3-200A-E, D3-200A-F, D3-200A-G, D3-200A-H<br data-start=\"1058\" data-end=\"1061\">D3-200I-D, D3-200I-E, D3-200I-F, D3-200I-G, D3-H-200I<br data-start=\"1114\" data-end=\"1117\">D3-220A-D, D3-220A-E, D3-220A-F, D3-220A-G, D3-220A-H<br data-start=\"1170\" data-end=\"1173\">D3-220I-D, D3-220I-E, D3-220I-F, D3-220I-G, D3-H-220I<\/p>\n<p data-start=\"1228\" data-end=\"1268\"><strong data-start=\"1228\" data-end=\"1268\">Sustituye a las siguientes referencias:<\/strong><\/p>\n<p data-start=\"1270\" data-end=\"1384\">Volvo Penta: 3801387, 21163289, 21354008<br data-start=\"1310\" data-end=\"1313\">Garrett: 763263-5005S, 763263-5005, 763263-9005, 7632630005, 7632635005<\/p>\n<p data-start=\"1386\" data-end=\"1406\"><strong data-start=\"1386\" data-end=\"1406\">Detalles del producto:<\/strong><\/p>\n<ul data-start=\"1408\" data-end=\"1608\">\n<li data-start=\"1408\" data-end=\"1444\">\n<p data-start=\"1410\" data-end=\"1444\">Tipo de turbo: Controlado por v\u00e1lvula de descarga<\/p>\n<\/li>\n<li data-start=\"1445\" data-end=\"1480\">\n<p data-start=\"1447\" data-end=\"1480\">Estado: Unidad de recambio nueva<\/p>\n<\/li>\n<li data-start=\"1481\" data-end=\"1553\">\n<p data-start=\"1483\" data-end=\"1553\">Construcci\u00f3n: Carcasa de la turbina de hierro fundido, carcasa del compresor de aluminio<\/p>\n<\/li>\n<li data-start=\"1554\" data-end=\"1608\">\n<p data-start=\"1556\" data-end=\"1608\">Equilibrada y probada a presi\u00f3n para un rendimiento \u00f3ptimo<\/p>\n<\/li>\n<\/ul>\n<p data-start=\"1610\" data-end=\"1758\"><strong data-start=\"1610\" data-end=\"1619\">Nota:<\/strong><br data-start=\"1619\" data-end=\"1622\">Comprueba el modelo de tu motor y el n\u00famero de pieza antes de hacer el pedido. Si no est\u00e1s seguro, ponte en contacto con nuestro equipo de asistencia para que te ayude con la compatibilidad.<\/p>\n","protected":false},"excerpt":{"rendered":"<p>Turbocompresor &#8211; Recambio para Volvo Penta 3801387 \/ 21354008 Este turbocompresor de recambio de alta calidad est\u00e1 dise\u00f1ado para sustituir a las referencias 3801387, 21163289 y 21354008 de Volvo Penta. Ofrece una soluci\u00f3n fiable y rentable para restaurar o mantener el m\u00e1ximo rendimiento en una amplia gama de motores diesel marinos Volvo Penta D3. Fabricado [&hellip;]<\/p>\n","protected":false},"featured_media":32832,"comment_status":"open","ping_status":"closed","template":"","meta":[],"product_brand":[4229],"product_cat":[4486,2914],"product_tag":[],"class_list":{"0":"post-32831","1":"product","2":"type-product","3":"status-publish","4":"has-post-thumbnail","6":"product_brand-volvo-penta","7":"product_cat-necesitas-piezas-volvo-penta","8":"product_cat-bloque-motor","9":"pa_condition-nuevo","10":"pa_oem-or-aftermarket-posventa","12":"first","13":"onbackorder","14":"taxable","15":"shipping-taxable","16":"purchasable","17":"product-type-simple"},"supplier_id":7294,"supplier_sku":"","barcode":null,"atum_controlled":true,"out_stock_date":"2025-11-02 17:30:55","out_stock_threshold":null,"inheritable":false,"inbound_stock":0,"stock_on_hold":0,"sold_today":0,"sales_last_days":1,"reserved_stock":0,"customer_returns":0,"warehouse_damage":0,"lost_in_post":0,"other_logs":0,"out_stock_days":0,"lost_sales":0,"has_location":false,"update_date":"2025-11-02T17:31:21","atum_locations":[],"atum_stock_status":"onbackorder","restock_status":false,"low_stock_amount":1,"sales_update_date":null,"calc_backorders":-1,"_links":{"self":[{"href":"https:\/\/mps.digital-monkey.in\/es\/wp-json\/wp\/v2\/product\/32831","targetHints":{"allow":["GET"]}}],"collection":[{"href":"https:\/\/mps.digital-monkey.in\/es\/wp-json\/wp\/v2\/product"}],"about":[{"href":"https:\/\/mps.digital-monkey.in\/es\/wp-json\/wp\/v2\/types\/product"}],"replies":[{"embeddable":true,"href":"https:\/\/mps.digital-monkey.in\/es\/wp-json\/wp\/v2\/comments?post=32831"}],"wp:featuredmedia":[{"embeddable":true,"href":"https:\/\/mps.digital-monkey.in\/es\/wp-json\/wp\/v2\/media\/32832"}],"wp:attachment":[{"href":"https:\/\/mps.digital-monkey.in\/es\/wp-json\/wp\/v2\/media?parent=32831"}],"wp:term":[{"taxonomy":"product_brand","embeddable":true,"href":"https:\/\/mps.digital-monkey.in\/es\/wp-json\/wp\/v2\/product_brand?post=32831"},{"taxonomy":"product_cat","embeddable":true,"href":"https:\/\/mps.digital-monkey.in\/es\/wp-json\/wp\/v2\/product_cat?post=32831"},{"taxonomy":"product_tag","embeddable":true,"href":"https:\/\/mps.digital-monkey.in\/es\/wp-json\/wp\/v2\/product_tag?post=32831"}],"curies":[{"name":"wp","href":"https:\/\/api.w.org\/{rel}","templated":true}]}}