{"id":32835,"date":"2025-06-17T14:25:52","date_gmt":"2025-06-17T14:25:52","guid":{"rendered":"https:\/\/mps.digital-monkey.in\/product\/turbocompresor-volvo-penta-3801270\/"},"modified":"2025-11-02T18:27:13","modified_gmt":"2025-11-02T18:27:13","slug":"turbocompresor-volvo-penta-3801270","status":"publish","type":"product","link":"https:\/\/mps.digital-monkey.in\/es\/producto\/turbocompresor-volvo-penta-3801270\/","title":{"rendered":"Turbocompresor Volvo Penta 3801270"},"content":{"rendered":"<p data-start=\"81\" data-end=\"135\"><strong data-start=\"81\" data-end=\"135\">Turbocompresor - Recambio para Volvo Penta 3801270<\/strong><\/p>\n<p data-start=\"137\" data-end=\"211\"><span class=\"relative -mx-px my-[-0.2rem] rounded px-px py-[0.2rem] transition-colors duration-100 ease-in-out\">Este turbocompresor de recambio de alta calidad est\u00e1 dise\u00f1ado para sustituir a la pieza Volvo Penta n\u00famero <strong data-start=\"90\" data-end=\"101\">3801270<\/strong>, ofreciendo una soluci\u00f3n fiable y eficaz para varios motores diesel marinos Volvo Penta D3. Dise\u00f1ado para cumplir las especificaciones OEM, este turbocompresor ayuda a restaurar el rendimiento del motor, la respuesta de sobrealimentaci\u00f3n y la eficiencia del combustible en entornos marinos exigentes.<\/span><\/p>\n<p data-start=\"213\" data-end=\"253\"><strong data-start=\"213\" data-end=\"253\">Sustituye a las siguientes referencias:<\/strong><\/p>\n<ul data-start=\"255\" data-end=\"333\">\n<li data-start=\"255\" data-end=\"333\">\n<p data-start=\"257\" data-end=\"333\"><span class=\"relative -mx-px my-[-0.2rem] rounded px-px py-[0.2rem] transition-colors duration-100 ease-in-out\">Volvo Penta: 3801270, 3802145, 3801271, 3802167<\/span><\/p>\n<\/li>\n<\/ul>\n<p data-start=\"335\" data-end=\"372\"><strong data-start=\"335\" data-end=\"372\">Los modelos de motor compatibles son<\/strong><\/p>\n<ul data-start=\"374\" data-end=\"706\">\n<li data-start=\"374\" data-end=\"415\">\n<p data-start=\"376\" data-end=\"415\"><span class=\"relative -mx-px my-[-0.2rem] rounded px-px py-[0.2rem] transition-colors duration-100 ease-in-out\">D3-110I-A, D3-110I-B, D3-110I-C<\/span><\/p>\n<\/li>\n<li data-start=\"416\" data-end=\"457\">\n<p data-start=\"418\" data-end=\"457\"><span class=\"relative -mx-px my-[-0.2rem] rounded px-px py-[0.2rem] transition-colors duration-100 ease-in-out\">D3-130A-A, D3-130A-B, D3-130A-C<\/span><\/p>\n<\/li>\n<li data-start=\"458\" data-end=\"499\">\n<p data-start=\"460\" data-end=\"499\"><span class=\"relative -mx-px my-[-0.2rem] rounded px-px py-[0.2rem] transition-colors duration-100 ease-in-out\">D3-130I-A, D3-130I-B, D3-130I-C<\/span><\/p>\n<\/li>\n<li data-start=\"500\" data-end=\"541\">\n<p data-start=\"502\" data-end=\"541\"><span class=\"relative -mx-px my-[-0.2rem] rounded px-px py-[0.2rem] transition-colors duration-100 ease-in-out\">D3-160A-A, D3-160A-B, D3-160A-C<\/span><\/p>\n<\/li>\n<li data-start=\"542\" data-end=\"583\">\n<p data-start=\"544\" data-end=\"583\"><span class=\"relative -mx-px my-[-0.2rem] rounded px-px py-[0.2rem] transition-colors duration-100 ease-in-out\">D3-160I-A, D3-160I-B, D3-160I-C<\/span><\/p>\n<\/li>\n<li data-start=\"584\" data-end=\"625\">\n<p data-start=\"586\" data-end=\"625\"><span class=\"relative -mx-px my-[-0.2rem] rounded px-px py-[0.2rem] transition-colors duration-100 ease-in-out\">D3-190A-B, D3-190A-C<\/span><\/p>\n<\/li>\n<li data-start=\"626\" data-end=\"706\">\n<p data-start=\"628\" data-end=\"706\"><span class=\"relative -mx-px my-[-0.2rem] rounded px-px py-[0.2rem] transition-colors duration-100 ease-in-out\">D3-190I-B, D3-190I-C<\/span><\/p>\n<\/li>\n<\/ul>\n<p data-start=\"708\" data-end=\"728\"><strong data-start=\"708\" data-end=\"728\">Detalles del producto:<\/strong><\/p>\n<ul data-start=\"730\" data-end=\"978\">\n<li data-start=\"730\" data-end=\"771\">\n<p data-start=\"732\" data-end=\"771\"><span class=\"relative -mx-px my-[-0.2rem] rounded px-px py-[0.2rem] transition-colors duration-100 ease-in-out\">Tipo de turbo: Controlado por v\u00e1lvula de descarga<\/span><\/p>\n<\/li>\n<li data-start=\"772\" data-end=\"813\">\n<p data-start=\"774\" data-end=\"813\"><span class=\"relative -mx-px my-[-0.2rem] rounded px-px py-[0.2rem] transition-colors duration-100 ease-in-out\">Estado: Unidad de recambio nueva<\/span><\/p>\n<\/li>\n<li data-start=\"814\" data-end=\"855\">\n<p data-start=\"816\" data-end=\"855\"><span class=\"relative -mx-px my-[-0.2rem] rounded px-px py-[0.2rem] transition-colors duration-100 ease-in-out\">Construcci\u00f3n: Duradera carcasa de turbina de hierro fundido y carcasa de compresor de aluminio mecanizado de precisi\u00f3n<\/span><\/p>\n<\/li>\n<li data-start=\"856\" data-end=\"897\">\n<p data-start=\"858\" data-end=\"897\"><span class=\"relative -mx-px my-[-0.2rem] rounded px-px py-[0.2rem] transition-colors duration-100 ease-in-out\">Totalmente equilibrado y probado a presi\u00f3n para uso marino<\/span><\/p>\n<\/li>\n<li data-start=\"898\" data-end=\"978\">\n<p data-start=\"900\" data-end=\"978\"><span class=\"relative -mx-px my-[-0.2rem] rounded px-px py-[0.2rem] transition-colors duration-100 ease-in-out\">Dise\u00f1ado para una larga vida \u00fatil y un rendimiento constante bajo carga<\/span><\/p>\n<\/li>\n<\/ul>\n<p data-start=\"980\" data-end=\"989\"><strong data-start=\"980\" data-end=\"989\">Nota:<\/strong><\/p>\n<p data-start=\"991\" data-end=\"1069\"><span class=\"relative -mx-px my-[-0.2rem] rounded px-px py-[0.2rem] transition-colors duration-100 ease-in-out\">Antes de realizar el pedido, confirma el modelo de tu motor y el n\u00famero de pieza original. Si necesitas ayuda para identificar la pieza correcta, no dudes en ponerte en contacto con nuestro equipo de asistencia. <\/span><\/p>\n","protected":false},"excerpt":{"rendered":"<p>Turbocompresor - Recambio para Volvo Penta 3801270 Este turbocompresor de recambio de alta calidad est\u00e1 dise\u00f1ado para sustituir a la pieza Volvo Penta n\u00famero 3801270, ofreciendo una soluci\u00f3n fiable y eficaz para varios motores diesel marinos Volvo Penta D3. Dise\u00f1ado para cumplir las especificaciones OEM, este turbocompresor ayuda a restaurar el rendimiento del motor, la [&hellip;]<\/p>\n","protected":false},"featured_media":32836,"comment_status":"open","ping_status":"closed","template":"","meta":[],"product_brand":[4229],"product_cat":[4486,2497],"product_tag":[],"class_list":{"0":"post-32835","1":"product","2":"type-product","3":"status-publish","4":"has-post-thumbnail","6":"product_brand-volvo-penta","7":"product_cat-necesitas-piezas-volvo-penta","8":"product_cat-piezas-de-mantenimiento-del-motor","10":"first","11":"onbackorder","12":"taxable","13":"shipping-taxable","14":"purchasable","15":"product-type-simple"},"supplier_id":7294,"supplier_sku":"","barcode":null,"atum_controlled":true,"out_stock_date":null,"out_stock_threshold":null,"inheritable":false,"inbound_stock":0,"stock_on_hold":0,"sold_today":0,"sales_last_days":0,"reserved_stock":0,"customer_returns":0,"warehouse_damage":0,"lost_in_post":0,"other_logs":0,"out_stock_days":0,"lost_sales":0,"has_location":false,"update_date":"2025-11-02T17:31:21","atum_locations":[],"atum_stock_status":"onbackorder","restock_status":false,"low_stock_amount":1,"sales_update_date":"2025-09-22T08:41:11","calc_backorders":-1,"_links":{"self":[{"href":"https:\/\/mps.digital-monkey.in\/es\/wp-json\/wp\/v2\/product\/32835","targetHints":{"allow":["GET"]}}],"collection":[{"href":"https:\/\/mps.digital-monkey.in\/es\/wp-json\/wp\/v2\/product"}],"about":[{"href":"https:\/\/mps.digital-monkey.in\/es\/wp-json\/wp\/v2\/types\/product"}],"replies":[{"embeddable":true,"href":"https:\/\/mps.digital-monkey.in\/es\/wp-json\/wp\/v2\/comments?post=32835"}],"wp:featuredmedia":[{"embeddable":true,"href":"https:\/\/mps.digital-monkey.in\/es\/wp-json\/wp\/v2\/media\/32836"}],"wp:attachment":[{"href":"https:\/\/mps.digital-monkey.in\/es\/wp-json\/wp\/v2\/media?parent=32835"}],"wp:term":[{"taxonomy":"product_brand","embeddable":true,"href":"https:\/\/mps.digital-monkey.in\/es\/wp-json\/wp\/v2\/product_brand?post=32835"},{"taxonomy":"product_cat","embeddable":true,"href":"https:\/\/mps.digital-monkey.in\/es\/wp-json\/wp\/v2\/product_cat?post=32835"},{"taxonomy":"product_tag","embeddable":true,"href":"https:\/\/mps.digital-monkey.in\/es\/wp-json\/wp\/v2\/product_tag?post=32835"}],"curies":[{"name":"wp","href":"https:\/\/api.w.org\/{rel}","templated":true}]}}