{"id":32845,"date":"2025-06-17T14:25:52","date_gmt":"2025-06-17T14:25:52","guid":{"rendered":"https:\/\/mps.digital-monkey.in\/product\/refrigerante-volvo-penta-vcs-2-naranja\/"},"modified":"2026-02-26T10:26:42","modified_gmt":"2026-02-26T10:26:42","slug":"refrigerante-volvo-penta-vcs-2-naranja","status":"publish","type":"product","link":"https:\/\/mps.digital-monkey.in\/es\/product\/refrigerante-volvo-penta-vcs-2-naranja\/","title":{"rendered":"Refrigerante Volvo Penta VCS-2 Naranja"},"content":{"rendered":"<h3><strong>Refrigerante Volvo Penta VCS-2 (Naranja) &#8211; 24383484<\/strong><\/h3>\n<p>El refrigerante Volvo Penta VCS-2 (Naranja) es un refrigerante de alto rendimiento, listo para usar, dise\u00f1ado para los modernos motores Volvo Penta. Protege tu motor de la congelaci\u00f3n, el sobrecalentamiento, la corrosi\u00f3n y la cavitaci\u00f3n, garantizando un rendimiento fiable y una mayor vida \u00fatil del motor. <\/p>\n<p><strong>Beneficios clave:<\/strong><\/p>\n<ul>\n<li>\n<p>Evita la congelaci\u00f3n hasta -25\u00b0C (cuando se mezcla 40% de refrigerante y 60% de agua)<\/p>\n<\/li>\n<li>\n<p>Ofrece la m\u00e1xima protecci\u00f3n contra la corrosi\u00f3n y la cavitaci\u00f3n<\/p>\n<\/li>\n<li>\n<p>Protege las piezas internas del motor, alargando su vida \u00fatil<\/p>\n<\/li>\n<li>\n<p>Listo para usar, sin necesidad de mezclar<\/p>\n<\/li>\n<li>\n<p>Sustituye a la referencia 22567314<\/p>\n<\/li>\n<\/ul>\n<hr>\n<p><strong>\u2705 N\u00famero de pieza OEM:<\/strong> 24383484<br \/>\n\u2699\ufe0f <strong>Aplicaci\u00f3n:<\/strong> Motores marinos modernos Volvo Penta<br \/>\n???? <strong>Nota:<\/strong> No lo mezcles con el refrigerante verde Volvo Penta. Utiliza siempre el tipo de refrigerante recomendado para tu motor. <\/p>\n<hr>\n","protected":false},"excerpt":{"rendered":"<p>Refrigerante Volvo Penta VCS-2 (Naranja) &#8211; 24383484 El refrigerante Volvo Penta VCS-2 (Naranja) es un refrigerante de alto rendimiento, listo para usar, dise\u00f1ado para los modernos motores Volvo Penta. Protege tu motor de la congelaci\u00f3n, el sobrecalentamiento, la corrosi\u00f3n y la cavitaci\u00f3n, garantizando un rendimiento fiable y una mayor vida \u00fatil del motor. Beneficios clave: [&hellip;]<\/p>\n","protected":false},"featured_media":28016,"comment_status":"open","ping_status":"closed","template":"","meta":[],"product_brand":[4229],"product_cat":[4486,2497,4724,3030,4462],"product_tag":[],"class_list":{"0":"post-32845","1":"product","2":"type-product","3":"status-publish","4":"has-post-thumbnail","6":"product_brand-volvo-penta","7":"product_cat-necesitas-piezas-volvo-penta","8":"product_cat-piezas-de-mantenimiento-del-motor","9":"product_cat-recambios-servicio-volvo-penta-serie-2000","10":"product_cat-refrigerante","11":"product_cat-volvo-penta-serie-2000","13":"first","14":"onbackorder","15":"featured","16":"taxable","17":"shipping-taxable","18":"purchasable","19":"product-type-simple"},"supplier_id":32142,"supplier_sku":"","barcode":null,"atum_controlled":true,"out_stock_date":null,"out_stock_threshold":null,"inheritable":false,"inbound_stock":0,"stock_on_hold":2,"sold_today":1,"sales_last_days":2,"reserved_stock":0,"customer_returns":0,"warehouse_damage":0,"lost_in_post":0,"other_logs":0,"out_stock_days":0,"lost_sales":0,"has_location":false,"update_date":"2026-04-12T15:24:56","atum_locations":[],"atum_stock_status":"onbackorder","restock_status":false,"low_stock_amount":1,"sales_update_date":"2026-04-12T15:24:56","calc_backorders":-4,"_links":{"self":[{"href":"https:\/\/mps.digital-monkey.in\/es\/wp-json\/wp\/v2\/product\/32845","targetHints":{"allow":["GET"]}}],"collection":[{"href":"https:\/\/mps.digital-monkey.in\/es\/wp-json\/wp\/v2\/product"}],"about":[{"href":"https:\/\/mps.digital-monkey.in\/es\/wp-json\/wp\/v2\/types\/product"}],"replies":[{"embeddable":true,"href":"https:\/\/mps.digital-monkey.in\/es\/wp-json\/wp\/v2\/comments?post=32845"}],"wp:featuredmedia":[{"embeddable":true,"href":"https:\/\/mps.digital-monkey.in\/es\/wp-json\/wp\/v2\/media\/28016"}],"wp:attachment":[{"href":"https:\/\/mps.digital-monkey.in\/es\/wp-json\/wp\/v2\/media?parent=32845"}],"wp:term":[{"taxonomy":"product_brand","embeddable":true,"href":"https:\/\/mps.digital-monkey.in\/es\/wp-json\/wp\/v2\/product_brand?post=32845"},{"taxonomy":"product_cat","embeddable":true,"href":"https:\/\/mps.digital-monkey.in\/es\/wp-json\/wp\/v2\/product_cat?post=32845"},{"taxonomy":"product_tag","embeddable":true,"href":"https:\/\/mps.digital-monkey.in\/es\/wp-json\/wp\/v2\/product_tag?post=32845"}],"curies":[{"name":"wp","href":"https:\/\/api.w.org\/{rel}","templated":true}]}}