{"id":32847,"date":"2025-06-17T14:25:52","date_gmt":"2025-06-17T14:25:52","guid":{"rendered":"https:\/\/mps.digital-monkey.in\/product\/refrigerante-volvo-penta-verde\/"},"modified":"2026-02-26T10:26:37","modified_gmt":"2026-02-26T10:26:37","slug":"refrigerante-volvo-penta-verde","status":"publish","type":"product","link":"https:\/\/mps.digital-monkey.in\/es\/product\/refrigerante-volvo-penta-verde\/","title":{"rendered":"Refrigerante Volvo Penta Verde"},"content":{"rendered":"<h3><strong>Refrigerante Volvo Penta Verde 5L (Listo para usar 40\/60)<\/strong><\/h3>\n<p>El Refrigerante Verde Volvo Penta es un refrigerante de alto rendimiento especialmente formulado para las generaciones m\u00e1s antiguas de motores Volvo Penta. Esta soluci\u00f3n 40\/60 premezclada est\u00e1 lista para usar y proporciona una protecci\u00f3n fiable del motor. <\/p>\n<p><strong>Ventajas del refrigerante verde Volvo Penta:<\/strong><\/p>\n<ul>\n<li>\n<p>Evita la congelaci\u00f3n y el sobrecalentamiento<\/p>\n<\/li>\n<li>\n<p>Ofrece la m\u00e1xima protecci\u00f3n contra la corrosi\u00f3n, la cavitaci\u00f3n y los dep\u00f3sitos<\/p>\n<\/li>\n<li>\n<p>Evita la degradaci\u00f3n de las piezas internas del motor, optimizando su vida \u00fatil<\/p>\n<\/li>\n<li>\n<p>Intervalo de sustituci\u00f3n de dos a\u00f1os \/ 400 horas<\/p>\n<\/li>\n<\/ul>\n<p><strong>Nota importante:<\/strong><br \/>\nNo mezcles el l\u00edquido refrigerante Volvo Penta VCS (Amarillo) con el l\u00edquido refrigerante Volvo Penta Verde. Utiliza siempre el mismo tipo de refrigerante Volvo Penta suministrado originalmente con tu motor. <\/p>\n<hr>\n<p>\u2705 <strong>Volumen:<\/strong> 5 Litros (Listo para usar 40\/60)<br \/>\n\u2699\ufe0f <strong>Aplicaci\u00f3n:<\/strong> Volvo Penta y otros motores<br \/>\n???? <strong>Nota:<\/strong> Aseg\u00farate de que el tipo de refrigerante para tu motor es el correcto para mantener un rendimiento \u00f3ptimo<\/p>\n<hr>\n","protected":false},"excerpt":{"rendered":"<p>Refrigerante Volvo Penta Verde 5L (Listo para usar 40\/60) El Refrigerante Verde Volvo Penta es un refrigerante de alto rendimiento especialmente formulado para las generaciones m\u00e1s antiguas de motores Volvo Penta. Esta soluci\u00f3n 40\/60 premezclada est\u00e1 lista para usar y proporciona una protecci\u00f3n fiable del motor. Ventajas del refrigerante verde Volvo Penta: Evita la congelaci\u00f3n [&hellip;]<\/p>\n","protected":false},"featured_media":28011,"comment_status":"open","ping_status":"closed","template":"","meta":[],"product_brand":[4229],"product_cat":[4486,2497,4724,3030,4462],"product_tag":[],"class_list":{"0":"post-32847","1":"product","2":"type-product","3":"status-publish","4":"has-post-thumbnail","6":"product_brand-volvo-penta","7":"product_cat-necesitas-piezas-volvo-penta","8":"product_cat-piezas-de-mantenimiento-del-motor","9":"product_cat-recambios-servicio-volvo-penta-serie-2000","10":"product_cat-refrigerante","11":"product_cat-volvo-penta-serie-2000","13":"first","14":"onbackorder","15":"taxable","16":"shipping-taxable","17":"purchasable","18":"product-type-simple"},"supplier_id":32142,"supplier_sku":"","barcode":null,"atum_controlled":true,"out_stock_date":"2026-02-26 10:25:26","out_stock_threshold":null,"inheritable":false,"inbound_stock":0,"stock_on_hold":0,"sold_today":0,"sales_last_days":0,"reserved_stock":0,"customer_returns":0,"warehouse_damage":0,"lost_in_post":0,"other_logs":0,"out_stock_days":7,"lost_sales":0,"has_location":false,"update_date":"2026-03-05T15:27:29","atum_locations":[],"atum_stock_status":"onbackorder","restock_status":false,"low_stock_amount":1,"sales_update_date":"2026-03-05T15:27:29","calc_backorders":0,"_links":{"self":[{"href":"https:\/\/mps.digital-monkey.in\/es\/wp-json\/wp\/v2\/product\/32847","targetHints":{"allow":["GET"]}}],"collection":[{"href":"https:\/\/mps.digital-monkey.in\/es\/wp-json\/wp\/v2\/product"}],"about":[{"href":"https:\/\/mps.digital-monkey.in\/es\/wp-json\/wp\/v2\/types\/product"}],"replies":[{"embeddable":true,"href":"https:\/\/mps.digital-monkey.in\/es\/wp-json\/wp\/v2\/comments?post=32847"}],"wp:featuredmedia":[{"embeddable":true,"href":"https:\/\/mps.digital-monkey.in\/es\/wp-json\/wp\/v2\/media\/28011"}],"wp:attachment":[{"href":"https:\/\/mps.digital-monkey.in\/es\/wp-json\/wp\/v2\/media?parent=32847"}],"wp:term":[{"taxonomy":"product_brand","embeddable":true,"href":"https:\/\/mps.digital-monkey.in\/es\/wp-json\/wp\/v2\/product_brand?post=32847"},{"taxonomy":"product_cat","embeddable":true,"href":"https:\/\/mps.digital-monkey.in\/es\/wp-json\/wp\/v2\/product_cat?post=32847"},{"taxonomy":"product_tag","embeddable":true,"href":"https:\/\/mps.digital-monkey.in\/es\/wp-json\/wp\/v2\/product_tag?post=32847"}],"curies":[{"name":"wp","href":"https:\/\/api.w.org\/{rel}","templated":true}]}}