{"id":33024,"date":"2025-06-17T14:24:18","date_gmt":"2025-06-17T14:24:18","guid":{"rendered":"https:\/\/mps.digital-monkey.in\/product\/anillo-de-estanqueidad-volvo-penta-829714\/"},"modified":"2025-12-02T11:08:29","modified_gmt":"2025-12-02T11:08:29","slug":"anillo-de-estanqueidad-volvo-penta-829714","status":"publish","type":"product","link":"https:\/\/mps.digital-monkey.in\/es\/product\/anillo-de-estanqueidad-volvo-penta-829714\/","title":{"rendered":"Anillo de estanqueidad Volvo Penta 829714"},"content":{"rendered":"<p><strong>Anillo de estanqueidad Volvo Penta 829714<\/strong><\/p>\n<p class=\"product-title\"><strong>TAMBI\u00c9N<\/strong> Junta para tuber\u00edas de cobre en bomba impulsora F35<\/p>\n<p><strong>Esta junta se adapta a los motores que se indican a continuaci\u00f3n.<\/strong><\/p>\n<p><strong>Junta para bomba impulsora tubo de cobre<\/strong><br \/>\nVolvo Penta 2001, 2001B, 2001AG, 2001BG, 2002, 2002B, 2002D, 2002AG, 2002BG, 2003, 2003B, 2003D, 2003AG, 2003BG, 2003T, 2003TB, 2003 SOLAS, 2003B SOLAS, 2003TB SOLAS, 120S-A, 120S-B , 120S-D, 120S-E, 120SC, MS2A, MS2A-D, MS2A-E, MS2A-S, MS2B, MS2B-A, MS2B-L, MS2B-R, MS2L, MS2L-D, MS2L-E, MS2V , 2003TR, 2001R, 2003R, 2003R SOLAS<\/p>\n<p><strong>Sella el separador de agua.<\/strong><\/p>\n<p>Volvo Penta KAD42P-A, KAMD42P-A, HS1A<\/p>\n<p>Volvo Penta MD2010-C, MD2010-D, MD2020-C, MD2020-D, MD2030-C, MD2030-D, MD2040-C, MD2040-D, 120S-D, 120S-E<\/p>\n<p>Volvo Penta KAD32P, TAMD42WJ-A, KAD43P-A, KAMD43P, KAMD43P-A, KAMD43P-B, KAD44P, KAD44P-B, KAD44P-C, KAMD44P-A, KAMD44P-C, KAD300-A, KAMD300-A, HS1A, HS1E-A, KAMD44P-B<\/p>\n<div class=\"prev_next-button\">\n<div class=\"icon icon--sf-chevron-left \" title=\"{{ language.getText(\u201carticulo_anterior\u201d) }} \n< buttons.left.title|raw >\u00bb role=\u00bbimg\u00bb aria-hidden=\u00bb\u00bb><\/div>\n<\/div>\n","protected":false},"excerpt":{"rendered":"<p>Anillo de estanqueidad Volvo Penta 829714 TAMBI\u00c9N Junta para tuber\u00edas de cobre en bomba impulsora F35 Esta junta se adapta a los motores que se indican a continuaci\u00f3n. Junta para bomba impulsora tubo de cobre Volvo Penta 2001, 2001B, 2001AG, 2001BG, 2002, 2002B, 2002D, 2002AG, 2002BG, 2003, 2003B, 2003D, 2003AG, 2003BG, 2003T, 2003TB, 2003 SOLAS, [&hellip;]<\/p>\n","protected":false},"featured_media":33025,"comment_status":"open","ping_status":"closed","template":"","meta":[],"product_brand":[4229],"product_cat":[2497,4525,4598,4464,4469,4472,4475,4306,4311,4314,4317,4302,4462,4304],"product_tag":[],"class_list":{"0":"post-33024","1":"product","2":"type-product","3":"status-publish","4":"has-post-thumbnail","6":"product_brand-volvo-penta","7":"product_cat-piezas-de-mantenimiento-del-motor","8":"product_cat-recambios-volvo-penta","9":"product_cat-recambios-volvo-penta-120s-saildrive-service","10":"product_cat-recambios-volvo-penta-2001","11":"product_cat-recambios-volvo-penta-2002","12":"product_cat-recambios-volvo-penta-2003","13":"product_cat-recambios-volvo-penta-2003t","14":"product_cat-recambios-volvo-penta-md2010","15":"product_cat-recambios-volvo-penta-md2020","16":"product_cat-recambios-volvo-penta-md2030","17":"product_cat-recambios-volvo-penta-md2040","18":"product_cat-volvo-penta","19":"product_cat-volvo-penta-serie-2000","20":"product_cat-volvo-penta-serie-md","22":"first","23":"instock","24":"taxable","25":"shipping-taxable","26":"purchasable","27":"product-type-simple"},"supplier_id":7294,"supplier_sku":"","barcode":null,"atum_controlled":true,"out_stock_date":null,"out_stock_threshold":null,"inheritable":false,"inbound_stock":0,"stock_on_hold":0,"sold_today":0,"sales_last_days":0,"reserved_stock":0,"customer_returns":0,"warehouse_damage":0,"lost_in_post":0,"other_logs":0,"out_stock_days":0,"lost_sales":0,"has_location":false,"update_date":"2026-01-29T09:10:01","atum_locations":[],"atum_stock_status":"instock","restock_status":false,"low_stock_amount":1,"sales_update_date":"2026-01-29T09:10:01","calc_backorders":null,"_links":{"self":[{"href":"https:\/\/mps.digital-monkey.in\/es\/wp-json\/wp\/v2\/product\/33024","targetHints":{"allow":["GET"]}}],"collection":[{"href":"https:\/\/mps.digital-monkey.in\/es\/wp-json\/wp\/v2\/product"}],"about":[{"href":"https:\/\/mps.digital-monkey.in\/es\/wp-json\/wp\/v2\/types\/product"}],"replies":[{"embeddable":true,"href":"https:\/\/mps.digital-monkey.in\/es\/wp-json\/wp\/v2\/comments?post=33024"}],"wp:featuredmedia":[{"embeddable":true,"href":"https:\/\/mps.digital-monkey.in\/es\/wp-json\/wp\/v2\/media\/33025"}],"wp:attachment":[{"href":"https:\/\/mps.digital-monkey.in\/es\/wp-json\/wp\/v2\/media?parent=33024"}],"wp:term":[{"taxonomy":"product_brand","embeddable":true,"href":"https:\/\/mps.digital-monkey.in\/es\/wp-json\/wp\/v2\/product_brand?post=33024"},{"taxonomy":"product_cat","embeddable":true,"href":"https:\/\/mps.digital-monkey.in\/es\/wp-json\/wp\/v2\/product_cat?post=33024"},{"taxonomy":"product_tag","embeddable":true,"href":"https:\/\/mps.digital-monkey.in\/es\/wp-json\/wp\/v2\/product_tag?post=33024"}],"curies":[{"name":"wp","href":"https:\/\/api.w.org\/{rel}","templated":true}]}}