{"id":33057,"date":"2025-06-17T14:23:50","date_gmt":"2025-06-17T14:23:50","guid":{"rendered":"https:\/\/mps.digital-monkey.in\/product\/kit-de-reparacion-de-la-bomba-de-agua-de-mar-impulsor-volvo-penta-875769-21951410\/"},"modified":"2025-11-04T10:47:47","modified_gmt":"2025-11-04T10:47:47","slug":"kit-de-reparacion-de-la-bomba-de-agua-de-mar-impulsor-volvo-penta-875769-21951410","status":"publish","type":"product","link":"https:\/\/mps.digital-monkey.in\/es\/product\/kit-de-reparacion-de-la-bomba-de-agua-de-mar-impulsor-volvo-penta-875769-21951410\/","title":{"rendered":"Kit de reparaci\u00f3n de la bomba de agua de mar \/ impulsor Volvo Penta 875769, 21951410"},"content":{"rendered":"<h3>Kit de reparaci\u00f3n de la bomba de agua de mar \/ Impeller para Volvo Penta &#8211; 875769, 21951410<\/h3>\n<p>Este kit de reparaci\u00f3n de alta calidad (n\u00fameros de pieza 875769, 21951410) est\u00e1 dise\u00f1ado para bombas de agua de mar e impellers utilizadas en varios motores diesel marinos Volvo Penta. Proporciona una soluci\u00f3n fiable y eficaz para mantener el rendimiento de tu sistema de refrigeraci\u00f3n sustituyendo los componentes desgastados o da\u00f1ados. <\/p>\n<p><strong>Se adapta a los siguientes tipos de modelos:<\/strong><\/p>\n<ul>\n<li>\n<p>D40<\/p>\n<\/li>\n<li>\n<p>AD40B<\/p>\n<\/li>\n<li>\n<p>AQAD40A, AQAD40B<\/p>\n<\/li>\n<li>\n<p>TAMD40A, TAMD40B<\/p>\n<\/li>\n<\/ul>\n<p>Se trata de una pieza no genuina Volvo Penta, fabricada como recambio de calidad para cumplir o superar las normas OEM.<\/p>\n<hr>\n<h3>Caracter\u00edsticas principales:<\/h3>\n<ul>\n<li>\n<p>Kit de reparaci\u00f3n de repuesto no original &#8211; ref. 875769, 21951410<\/p>\n<\/li>\n<li>\n<p>Dise\u00f1ado para agua de mar y bombas Impeller<\/p>\n<\/li>\n<li>\n<p>Garantiza un rendimiento \u00f3ptimo del sistema de refrigeraci\u00f3n<\/p>\n<\/li>\n<li>\n<p>Compatible con varios modelos de motores Volvo Penta<\/p>\n<\/li>\n<li>\n<p>Componentes duraderos y resistentes a la corrosi\u00f3n<\/p>\n<\/li>\n<\/ul>\n<p>???? <strong>N\u00fameros de pieza:<\/strong> 875769, 21951410<br \/>\n????\ufe0f <strong>Tipo:<\/strong> Kit de reparaci\u00f3n para bomba de agua de mar \/ impeller<br \/>\n???? <strong>Incluye:<\/strong> Componentes completos del kit de reparaci\u00f3n<\/p>\n<hr>\n","protected":false},"excerpt":{"rendered":"<p>Kit de reparaci\u00f3n de la bomba de agua de mar \/ Impeller para Volvo Penta &#8211; 875769, 21951410 Este kit de reparaci\u00f3n de alta calidad (n\u00fameros de pieza 875769, 21951410) est\u00e1 dise\u00f1ado para bombas de agua de mar e impellers utilizadas en varios motores diesel marinos Volvo Penta. Proporciona una soluci\u00f3n fiable y eficaz para [&hellip;]<\/p>\n","protected":false},"featured_media":27772,"comment_status":"open","ping_status":"closed","template":"","meta":[],"product_brand":[4229],"product_cat":[4495,2497,4525],"product_tag":[],"class_list":{"0":"post-33057","1":"product","2":"type-product","3":"status-publish","4":"has-post-thumbnail","6":"product_brand-volvo-penta","7":"product_cat-comprar-recambios-usados-volvo-penta","8":"product_cat-piezas-de-mantenimiento-del-motor","9":"product_cat-recambios-volvo-penta","11":"first","12":"onbackorder","13":"taxable","14":"shipping-taxable","15":"purchasable","16":"product-type-simple"},"supplier_id":7294,"supplier_sku":"","barcode":null,"atum_controlled":true,"out_stock_date":"2025-11-21 12:43:21","out_stock_threshold":null,"inheritable":false,"inbound_stock":0,"stock_on_hold":0,"sold_today":0,"sales_last_days":0,"reserved_stock":0,"customer_returns":0,"warehouse_damage":0,"lost_in_post":0,"other_logs":0,"out_stock_days":0,"lost_sales":0,"has_location":false,"update_date":"2025-11-21T12:43:21","atum_locations":[],"atum_stock_status":"onbackorder","restock_status":false,"low_stock_amount":1,"sales_update_date":"2025-09-22T08:41:28","calc_backorders":0,"_links":{"self":[{"href":"https:\/\/mps.digital-monkey.in\/es\/wp-json\/wp\/v2\/product\/33057","targetHints":{"allow":["GET"]}}],"collection":[{"href":"https:\/\/mps.digital-monkey.in\/es\/wp-json\/wp\/v2\/product"}],"about":[{"href":"https:\/\/mps.digital-monkey.in\/es\/wp-json\/wp\/v2\/types\/product"}],"replies":[{"embeddable":true,"href":"https:\/\/mps.digital-monkey.in\/es\/wp-json\/wp\/v2\/comments?post=33057"}],"wp:featuredmedia":[{"embeddable":true,"href":"https:\/\/mps.digital-monkey.in\/es\/wp-json\/wp\/v2\/media\/27772"}],"wp:attachment":[{"href":"https:\/\/mps.digital-monkey.in\/es\/wp-json\/wp\/v2\/media?parent=33057"}],"wp:term":[{"taxonomy":"product_brand","embeddable":true,"href":"https:\/\/mps.digital-monkey.in\/es\/wp-json\/wp\/v2\/product_brand?post=33057"},{"taxonomy":"product_cat","embeddable":true,"href":"https:\/\/mps.digital-monkey.in\/es\/wp-json\/wp\/v2\/product_cat?post=33057"},{"taxonomy":"product_tag","embeddable":true,"href":"https:\/\/mps.digital-monkey.in\/es\/wp-json\/wp\/v2\/product_tag?post=33057"}],"curies":[{"name":"wp","href":"https:\/\/api.w.org\/{rel}","templated":true}]}}