{"id":33091,"date":"2025-06-17T14:23:49","date_gmt":"2025-06-17T14:23:49","guid":{"rendered":"https:\/\/mps.digital-monkey.in\/product\/kit-de-reparacion-de-la-bomba-de-agua-de-mar-impulsor-volvo-penta-21951368-875756\/"},"modified":"2025-10-29T10:50:30","modified_gmt":"2025-10-29T10:50:30","slug":"kit-de-reparacion-de-la-bomba-de-agua-de-mar-impulsor-volvo-penta-21951368-875756","status":"publish","type":"product","link":"https:\/\/mps.digital-monkey.in\/es\/product\/kit-de-reparacion-de-la-bomba-de-agua-de-mar-impulsor-volvo-penta-21951368-875756\/","title":{"rendered":"Kit de reparaci\u00f3n de la bomba de agua de mar \/ impulsor Volvo Penta 21951368, 875756"},"content":{"rendered":"<h3>Kit de reparaci\u00f3n de la bomba de agua de mar \/ Impeller para Volvo Penta &#8211; 21951368, 875756<\/h3>\n<p>Este kit de reparaci\u00f3n posventa de alta calidad (n\u00fameros de pieza 21951368, 875756) est\u00e1 dise\u00f1ado espec\u00edficamente para las <strong>bombas de agua de mar de dise\u00f1o tard\u00edo (840557)<\/strong> que utilizan un <strong>cojinete de bolas<\/strong>. Garantiza el mantenimiento adecuado del sistema de refrigeraci\u00f3n de una amplia gama de motores di\u00e9sel Volvo Penta. <\/p>\n<p><strong>S\u00f3lo reparar\u00e1 bombas de dise\u00f1o tard\u00edo 840557 que utilicen cojinete de bolas.<\/strong><\/p>\n<p><strong>Se adapta a los siguientes modelos de motor Volvo Penta:<\/strong><\/p>\n<ul>\n<li>\n<p><strong>Serie 2000:<\/strong> 2001, 2001AG, 2001B, 2001BG<br \/>\n2002, 2002AG, 2002B, 2002BG<br \/>\n2003, 2003AG, 2003B, 2003BG<\/p>\n<\/li>\n<li>\n<p><strong>Serie MD:<\/strong> MD1A, MD1B, MD2A, MD2B<br \/>\nMD5A, MD5B, MD5C<br \/>\nMD6A, MD6B, MD7A, MD7B<br \/>\nMD11C, MD11D<\/p>\n<\/li>\n<li>\n<p><strong>Serie AQD:<\/strong> AQD2B<\/p>\n<\/li>\n<\/ul>\n<p>Se trata de una <strong>pieza no genuina Volvo Penta<\/strong>, fabricada como recambio de alta calidad para cumplir o superar las especificaciones OEM.<\/p>\n<hr>\n<h3>Caracter\u00edsticas principales:<\/h3>\n<ul>\n<li>\n<p>Kit de reparaci\u00f3n de repuesto &#8211; ref. 21951368, 875756<\/p>\n<\/li>\n<li>\n<p>Para bombas de agua de mar de dise\u00f1o tard\u00edo con cojinete de bolas (bomba n\u00ba 840557)<\/p>\n<\/li>\n<li>\n<p>Favorece un rendimiento de refrigeraci\u00f3n \u00f3ptimo<\/p>\n<\/li>\n<li>\n<p>Componentes duraderos y resistentes a la corrosi\u00f3n<\/p>\n<\/li>\n<li>\n<p>Alternativa de posventa de alta calidad<\/p>\n<\/li>\n<\/ul>\n<p>???? <strong>N\u00fameros de pieza:<\/strong> 21951368, 875756<br \/>\n????\ufe0f <strong>Tipo:<\/strong> Kit de reparaci\u00f3n de bomba de agua de mar \/ impeller<br \/>\n???? <strong>Incluye:<\/strong> Kit completo para reparaci\u00f3n de bombas<\/p>\n<hr>\n","protected":false},"excerpt":{"rendered":"<p>Kit de reparaci\u00f3n de la bomba de agua de mar \/ Impeller para Volvo Penta &#8211; 21951368, 875756 Este kit de reparaci\u00f3n posventa de alta calidad (n\u00fameros de pieza 21951368, 875756) est\u00e1 dise\u00f1ado espec\u00edficamente para las bombas de agua de mar de dise\u00f1o tard\u00edo (840557) que utilizan un cojinete de bolas. Garantiza el mantenimiento adecuado [&hellip;]<\/p>\n","protected":false},"featured_media":23759,"comment_status":"open","ping_status":"closed","template":"","meta":[],"product_brand":[4229],"product_cat":[2497,4525,4464,4469,4472,4302,4347,4365,4349,4356,4359,4362,4462,4304],"product_tag":[],"class_list":{"0":"post-33091","1":"product","2":"type-product","3":"status-publish","4":"has-post-thumbnail","6":"product_brand-volvo-penta","7":"product_cat-piezas-de-mantenimiento-del-motor","8":"product_cat-recambios-volvo-penta","9":"product_cat-recambios-volvo-penta-2001","10":"product_cat-recambios-volvo-penta-2002","11":"product_cat-recambios-volvo-penta-2003","12":"product_cat-volvo-penta","13":"product_cat-volvo-penta-md1","14":"product_cat-volvo-penta-md11","15":"product_cat-volvo-penta-md2","16":"product_cat-volvo-penta-md5","17":"product_cat-volvo-penta-md6","18":"product_cat-volvo-penta-md7","19":"product_cat-volvo-penta-serie-2000","20":"product_cat-volvo-penta-serie-md","22":"first","23":"onbackorder","24":"taxable","25":"shipping-taxable","26":"purchasable","27":"product-type-simple"},"supplier_id":7294,"supplier_sku":"","barcode":null,"atum_controlled":true,"out_stock_date":"2025-11-21 12:43:35","out_stock_threshold":null,"inheritable":false,"inbound_stock":0,"stock_on_hold":0,"sold_today":0,"sales_last_days":0,"reserved_stock":0,"customer_returns":0,"warehouse_damage":0,"lost_in_post":0,"other_logs":0,"out_stock_days":0,"lost_sales":0,"has_location":false,"update_date":"2025-11-21T12:43:35","atum_locations":[],"atum_stock_status":"onbackorder","restock_status":false,"low_stock_amount":1,"sales_update_date":"2025-10-17T07:51:59","calc_backorders":0,"_links":{"self":[{"href":"https:\/\/mps.digital-monkey.in\/es\/wp-json\/wp\/v2\/product\/33091","targetHints":{"allow":["GET"]}}],"collection":[{"href":"https:\/\/mps.digital-monkey.in\/es\/wp-json\/wp\/v2\/product"}],"about":[{"href":"https:\/\/mps.digital-monkey.in\/es\/wp-json\/wp\/v2\/types\/product"}],"replies":[{"embeddable":true,"href":"https:\/\/mps.digital-monkey.in\/es\/wp-json\/wp\/v2\/comments?post=33091"}],"wp:featuredmedia":[{"embeddable":true,"href":"https:\/\/mps.digital-monkey.in\/es\/wp-json\/wp\/v2\/media\/23759"}],"wp:attachment":[{"href":"https:\/\/mps.digital-monkey.in\/es\/wp-json\/wp\/v2\/media?parent=33091"}],"wp:term":[{"taxonomy":"product_brand","embeddable":true,"href":"https:\/\/mps.digital-monkey.in\/es\/wp-json\/wp\/v2\/product_brand?post=33091"},{"taxonomy":"product_cat","embeddable":true,"href":"https:\/\/mps.digital-monkey.in\/es\/wp-json\/wp\/v2\/product_cat?post=33091"},{"taxonomy":"product_tag","embeddable":true,"href":"https:\/\/mps.digital-monkey.in\/es\/wp-json\/wp\/v2\/product_tag?post=33091"}],"curies":[{"name":"wp","href":"https:\/\/api.w.org\/{rel}","templated":true}]}}