{"id":33115,"date":"2025-06-17T14:22:54","date_gmt":"2025-06-17T14:22:54","guid":{"rendered":"https:\/\/mps.digital-monkey.in\/product\/kit-de-reparacion-de-la-bomba-de-agua-para-volvo-penta-21951420-md3-md17-aq115-aq130-875698\/"},"modified":"2025-10-29T10:49:33","modified_gmt":"2025-10-29T10:49:33","slug":"kit-de-reparacion-de-la-bomba-de-agua-para-volvo-penta-21951420-md3-md17-aq115-aq130-875698","status":"publish","type":"product","link":"https:\/\/mps.digital-monkey.in\/es\/producto\/kit-de-reparacion-de-la-bomba-de-agua-para-volvo-penta-21951420-md3-md17-aq115-aq130-875698\/","title":{"rendered":"Kit de reparaci\u00f3n de la bomba de agua para Volvo Penta 21951420 MD3 MD17 AQ115 AQ130 875698"},"content":{"rendered":"<p><strong>Kit de reparaci\u00f3n de la bomba de agua para Volvo Penta 21951420 MD3 MD17 AQ115 AQ130 875698<\/strong><\/p>\n<p><strong>Para:  <\/strong><\/p>\n<p><em>S\u00f3lo reparar\u00e1 bombas de dise\u00f1o tard\u00edo 829895 con cojinete de bolas que se encuentran en los siguientes motores Volvo Penta :<\/em><\/p>\n<ul>\n<li>AQ60F AQ90 AQ95 AQ95A AQ110<\/li>\n<li>AQ120<\/li>\n<li>BB30 BB100<\/li>\n<li>MB18 MB20A MB20B MB20C<\/li>\n<li>AQ105A<\/li>\n<li>AQ115A AQ115B BB115 BB115B BB115C<\/li>\n<li>AQ130A AQ130B AQ130C AQ130D<\/li>\n<li>MD3B<\/li>\n<li>MD17C MD17D<\/li>\n<\/ul>\n<p><strong>N\u00famero de bomba:<\/strong><\/p>\n<p>829895<\/p>\n<p><strong>Pieza no original Volvo Penta, recambio de calidad<\/strong><\/p>\n","protected":false},"excerpt":{"rendered":"<p>Kit de reparaci\u00f3n de la bomba de agua para Volvo Penta 21951420 MD3 MD17 AQ115 AQ130 875698 Para: S\u00f3lo reparar\u00e1 bombas de dise\u00f1o tard\u00edo 829895 con cojinete de bolas que se encuentran en los siguientes motores Volvo Penta : AQ60F AQ90 AQ95 AQ95A AQ110 AQ120 BB30 BB100 MB18 MB20A MB20B MB20C AQ105A AQ115A AQ115B BB115 [&hellip;]<\/p>\n","protected":false},"featured_media":33116,"comment_status":"open","ping_status":"closed","template":"","meta":[],"product_brand":[4229],"product_cat":[2497,4525,4302,4368,4354,4304],"product_tag":[],"class_list":{"0":"post-33115","1":"product","2":"type-product","3":"status-publish","4":"has-post-thumbnail","6":"product_brand-volvo-penta","7":"product_cat-piezas-de-mantenimiento-del-motor","8":"product_cat-recambios-volvo-penta","9":"product_cat-volvo-penta","10":"product_cat-volvo-penta-md17","11":"product_cat-volvo-penta-md3","12":"product_cat-volvo-penta-serie-md","14":"first","15":"onbackorder","16":"taxable","17":"shipping-taxable","18":"purchasable","19":"product-type-simple"},"supplier_id":7294,"supplier_sku":"","barcode":null,"atum_controlled":true,"out_stock_date":"2025-11-21 12:44:02","out_stock_threshold":null,"inheritable":false,"inbound_stock":0,"stock_on_hold":0,"sold_today":0,"sales_last_days":0,"reserved_stock":0,"customer_returns":0,"warehouse_damage":0,"lost_in_post":0,"other_logs":0,"out_stock_days":0,"lost_sales":0,"has_location":false,"update_date":"2025-11-21T12:44:02","atum_locations":[],"atum_stock_status":"onbackorder","restock_status":false,"low_stock_amount":1,"sales_update_date":"2025-09-22T08:41:37","calc_backorders":0,"_links":{"self":[{"href":"https:\/\/mps.digital-monkey.in\/es\/wp-json\/wp\/v2\/product\/33115","targetHints":{"allow":["GET"]}}],"collection":[{"href":"https:\/\/mps.digital-monkey.in\/es\/wp-json\/wp\/v2\/product"}],"about":[{"href":"https:\/\/mps.digital-monkey.in\/es\/wp-json\/wp\/v2\/types\/product"}],"replies":[{"embeddable":true,"href":"https:\/\/mps.digital-monkey.in\/es\/wp-json\/wp\/v2\/comments?post=33115"}],"wp:featuredmedia":[{"embeddable":true,"href":"https:\/\/mps.digital-monkey.in\/es\/wp-json\/wp\/v2\/media\/33116"}],"wp:attachment":[{"href":"https:\/\/mps.digital-monkey.in\/es\/wp-json\/wp\/v2\/media?parent=33115"}],"wp:term":[{"taxonomy":"product_brand","embeddable":true,"href":"https:\/\/mps.digital-monkey.in\/es\/wp-json\/wp\/v2\/product_brand?post=33115"},{"taxonomy":"product_cat","embeddable":true,"href":"https:\/\/mps.digital-monkey.in\/es\/wp-json\/wp\/v2\/product_cat?post=33115"},{"taxonomy":"product_tag","embeddable":true,"href":"https:\/\/mps.digital-monkey.in\/es\/wp-json\/wp\/v2\/product_tag?post=33115"}],"curies":[{"name":"wp","href":"https:\/\/api.w.org\/{rel}","templated":true}]}}