{"id":33128,"date":"2025-06-17T14:22:54","date_gmt":"2025-06-17T14:22:54","guid":{"rendered":"https:\/\/mps.digital-monkey.in\/product\/kit-de-reparacion-bomba-de-agua-de-mar-para-volvo-penta-f4b-9\/"},"modified":"2025-10-29T10:49:14","modified_gmt":"2025-10-29T10:49:14","slug":"kit-de-reparacion-bomba-de-agua-de-mar-para-volvo-penta-f4b-9","status":"publish","type":"product","link":"https:\/\/mps.digital-monkey.in\/es\/product\/kit-de-reparacion-bomba-de-agua-de-mar-para-volvo-penta-f4b-9\/","title":{"rendered":"Kit de reparaci\u00f3n bomba de agua de mar para Volvo Penta (F4B-9)"},"content":{"rendered":"<div class=\"col-sm-12 col-md-6 col-lg-6 product-detail-left-col\">\n<div class=\"product-description-area\">\n<div class=\"well\">\n<div class=\"compact-expand-block expanded\">\n<div class=\"product-description-body compact-expand-block-inner\">\n<h3>Kit de reparaci\u00f3n de bomba de agua de mar para Volvo Penta (F4B-9)<\/h3>\n<p>Este kit de reparaci\u00f3n de alta calidad est\u00e1 dise\u00f1ado para la bomba de agua bruta Johnson F4B-9, concretamente para la versi\u00f3n con eje de cojinete liso. Garantiza un mantenimiento eficaz y un funcionamiento fiable de tu sistema de refrigeraci\u00f3n por agua de mar. <\/p>\n<p><strong>Se adapta a los siguientes modelos de motor Volvo Penta:<\/strong><\/p>\n<ul>\n<li>\n<p><strong>Serie B:<\/strong> B18, B20<\/p>\n<\/li>\n<li>\n<p><strong>Serie AQ:<\/strong> AQ60F, AQ90, AQ95, AQ95A, AQ105A, AQ110, AQ115A, AQ115B, AQ120, AQ130A, AQ130B, AQ130C, AQ130D<\/p>\n<\/li>\n<li>\n<p><strong>Serie BB:<\/strong> BB30, BB100, BB115, BB115B, BB115C<\/p>\n<\/li>\n<li>\n<p><strong>Serie MB:<\/strong> MB18, MB20A, MB20B, MB20C<\/p>\n<\/li>\n<li>\n<p><strong>Serie MD:<\/strong> MD3B, MD17C, MD17D<\/p>\n<\/li>\n<\/ul>\n<p>Se trata de una pieza de recambio no genuina, fabricada para cumplir o superar las normas de calidad de los fabricantes de equipos originales.<\/p>\n<hr>\n<h3>Caracter\u00edsticas principales:<\/h3>\n<ul>\n<li>\n<p>Kit de reparaci\u00f3n de repuesto no original para la bomba Johnson F4B-9<\/p>\n<\/li>\n<li>\n<p>Adecuado para modelos de eje de cojinete liso<\/p>\n<\/li>\n<li>\n<p>Garantiza un funcionamiento fiable de la bomba de agua de mar<\/p>\n<\/li>\n<li>\n<p>Compatible con varias series de motores Volvo Penta<\/p>\n<\/li>\n<li>\n<p>Construcci\u00f3n de recambio de alta calidad<\/p>\n<\/li>\n<\/ul>\n<p>???? <strong>Tipo de pieza:<\/strong> Kit de reparaci\u00f3n para bomba de agua de mar<br \/>\n???? <strong>Incluye:<\/strong> Componentes completos del kit<\/p>\n<hr>\n<\/div>\n<\/div>\n<\/div>\n<\/div>\n<\/div>\n","protected":false},"excerpt":{"rendered":"<p>Kit de reparaci\u00f3n de bomba de agua de mar para Volvo Penta (F4B-9) Este kit de reparaci\u00f3n de alta calidad est\u00e1 dise\u00f1ado para la bomba de agua bruta Johnson F4B-9, concretamente para la versi\u00f3n con eje de cojinete liso. Garantiza un mantenimiento eficaz y un funcionamiento fiable de tu sistema de refrigeraci\u00f3n por agua de [&hellip;]<\/p>\n","protected":false},"featured_media":27701,"comment_status":"open","ping_status":"closed","template":"","meta":[],"product_brand":[4229],"product_cat":[2497,4525,4302,4368,4354,4304],"product_tag":[],"class_list":{"0":"post-33128","1":"product","2":"type-product","3":"status-publish","4":"has-post-thumbnail","6":"product_brand-volvo-penta","7":"product_cat-piezas-de-mantenimiento-del-motor","8":"product_cat-recambios-volvo-penta","9":"product_cat-volvo-penta","10":"product_cat-volvo-penta-md17","11":"product_cat-volvo-penta-md3","12":"product_cat-volvo-penta-serie-md","14":"first","15":"onbackorder","16":"taxable","17":"shipping-taxable","18":"purchasable","19":"product-type-simple"},"supplier_id":7294,"supplier_sku":"","barcode":null,"atum_controlled":true,"out_stock_date":"2025-11-21 12:44:07","out_stock_threshold":null,"inheritable":false,"inbound_stock":0,"stock_on_hold":0,"sold_today":0,"sales_last_days":0,"reserved_stock":0,"customer_returns":0,"warehouse_damage":0,"lost_in_post":0,"other_logs":0,"out_stock_days":0,"lost_sales":0,"has_location":false,"update_date":"2025-11-21T12:44:07","atum_locations":[],"atum_stock_status":"onbackorder","restock_status":false,"low_stock_amount":1,"sales_update_date":"2025-09-23T13:31:38","calc_backorders":0,"_links":{"self":[{"href":"https:\/\/mps.digital-monkey.in\/es\/wp-json\/wp\/v2\/product\/33128","targetHints":{"allow":["GET"]}}],"collection":[{"href":"https:\/\/mps.digital-monkey.in\/es\/wp-json\/wp\/v2\/product"}],"about":[{"href":"https:\/\/mps.digital-monkey.in\/es\/wp-json\/wp\/v2\/types\/product"}],"replies":[{"embeddable":true,"href":"https:\/\/mps.digital-monkey.in\/es\/wp-json\/wp\/v2\/comments?post=33128"}],"wp:featuredmedia":[{"embeddable":true,"href":"https:\/\/mps.digital-monkey.in\/es\/wp-json\/wp\/v2\/media\/27701"}],"wp:attachment":[{"href":"https:\/\/mps.digital-monkey.in\/es\/wp-json\/wp\/v2\/media?parent=33128"}],"wp:term":[{"taxonomy":"product_brand","embeddable":true,"href":"https:\/\/mps.digital-monkey.in\/es\/wp-json\/wp\/v2\/product_brand?post=33128"},{"taxonomy":"product_cat","embeddable":true,"href":"https:\/\/mps.digital-monkey.in\/es\/wp-json\/wp\/v2\/product_cat?post=33128"},{"taxonomy":"product_tag","embeddable":true,"href":"https:\/\/mps.digital-monkey.in\/es\/wp-json\/wp\/v2\/product_tag?post=33128"}],"curies":[{"name":"wp","href":"https:\/\/api.w.org\/{rel}","templated":true}]}}