{"id":33143,"date":"2025-06-17T13:44:08","date_gmt":"2025-06-17T13:44:08","guid":{"rendered":"https:\/\/mps.digital-monkey.in\/product\/anticongelante-eurol\/"},"modified":"2025-11-03T08:03:31","modified_gmt":"2025-11-03T08:03:31","slug":"anticongelante-eurol","status":"publish","type":"product","link":"https:\/\/mps.digital-monkey.in\/es\/producto\/anticongelante-eurol\/","title":{"rendered":"Anticongelante Eurol"},"content":{"rendered":"<p>Cumple la norma BS 6580 y es adecuado para sistemas de refrigeraci\u00f3n cerrados.<br \/>\nEl anticongelante Eurol\u00ae se recomienda para todos los sistemas de refrigeraci\u00f3n de motores de combusti\u00f3n. Es un producto homog\u00e9neamente estable a base de monoetilenglicol, formulado seg\u00fan las especificaciones de los fabricantes europeos de autom\u00f3viles. <\/p>\n<p>El anticongelante Eurol contiene aditivos que proporcionan protecci\u00f3n contra la corrosi\u00f3n y la formaci\u00f3n de espuma. Gracias a su elevada alcalinidad de reserva, el sistema de refrigeraci\u00f3n est\u00e1 protegido contra la oxidaci\u00f3n durante un largo periodo de tiempo. <\/p>\n<p>El Anticongelante Eurol\u00ae ofrece la mejor protecci\u00f3n contra la corrosi\u00f3n cuando se utiliza en concentraciones del 25 al 50% por volumen en agua. No se recomiendan concentraciones superiores al 65%, ya que disminuye la protecci\u00f3n contra las heladas.<x id=\"gid_0\"><\/x>El Anticongelante Eurol\u00ae es totalmente seguro para cauchos, pl\u00e1sticos, metales y aluminio o sus aleaciones. No contiene nitritos, aminas ni fosfatos.  <\/p>\n<p><strong>ADVERTENCIA:<\/strong> NO UTILICES ESTE ANTICONGELANTE EN SISTEMAS DE AGUA POTABLE, S\u00d3LO PARA USO EN EL MOTOR.<\/p>\n<p><strong>C\u00f3mo preparar tu barco para el invierno: Consejos para el motor<\/strong><\/p>\n<p>Adem\u00e1s del mantenimiento regular del motor, como cambiar el aceite y revisar y sustituir los filtros, es crucial durante la temporada de invierno, especialmente cuando se esperan heladas, hacer que tu motor sea resistente a las heladas. No te lo tomes a la ligera; no hacerlo puede provocar da\u00f1os importantes en el motor. <\/p>\n<p>En primer lugar, tienes que saber si tienes un sistema de refrigeraci\u00f3n abierto o cerrado. En un sistema cerrado, el sistema de refrigeraci\u00f3n est\u00e1 lleno de refrigerante, y no hay mucho que pueda ir mal. <\/p>\n","protected":false},"excerpt":{"rendered":"<p>Cumple la norma BS 6580 y es adecuado para sistemas de refrigeraci\u00f3n cerrados. El anticongelante Eurol\u00ae se recomienda para todos los sistemas de refrigeraci\u00f3n de motores de combusti\u00f3n. Es un producto homog\u00e9neamente estable a base de monoetilenglicol, formulado seg\u00fan las especificaciones de los fabricantes europeos de autom\u00f3viles. El anticongelante Eurol contiene aditivos que proporcionan protecci\u00f3n [&hellip;]<\/p>\n","protected":false},"featured_media":33144,"comment_status":"open","ping_status":"closed","template":"","meta":[],"product_brand":[],"product_cat":[2497,3030],"product_tag":[],"class_list":{"0":"post-33143","1":"product","2":"type-product","3":"status-publish","4":"has-post-thumbnail","6":"product_cat-piezas-de-mantenimiento-del-motor","7":"product_cat-refrigerante","9":"first","10":"onbackorder","11":"taxable","12":"shipping-taxable","13":"purchasable","14":"product-type-variable"},"supplier_id":null,"supplier_sku":"","barcode":null,"atum_controlled":true,"out_stock_date":"2025-11-03 08:03:10","out_stock_threshold":null,"inheritable":true,"inbound_stock":0,"stock_on_hold":0,"sold_today":0,"sales_last_days":0,"reserved_stock":0,"customer_returns":0,"warehouse_damage":0,"lost_in_post":0,"other_logs":0,"out_stock_days":0,"lost_sales":0,"has_location":false,"update_date":"2026-03-20T13:15:45","atum_locations":[],"atum_stock_status":"onbackorder","restock_status":false,"low_stock_amount":"","sales_update_date":"2026-03-20T13:15:45","calc_backorders":null,"_links":{"self":[{"href":"https:\/\/mps.digital-monkey.in\/es\/wp-json\/wp\/v2\/product\/33143","targetHints":{"allow":["GET"]}}],"collection":[{"href":"https:\/\/mps.digital-monkey.in\/es\/wp-json\/wp\/v2\/product"}],"about":[{"href":"https:\/\/mps.digital-monkey.in\/es\/wp-json\/wp\/v2\/types\/product"}],"replies":[{"embeddable":true,"href":"https:\/\/mps.digital-monkey.in\/es\/wp-json\/wp\/v2\/comments?post=33143"}],"wp:featuredmedia":[{"embeddable":true,"href":"https:\/\/mps.digital-monkey.in\/es\/wp-json\/wp\/v2\/media\/33144"}],"wp:attachment":[{"href":"https:\/\/mps.digital-monkey.in\/es\/wp-json\/wp\/v2\/media?parent=33143"}],"wp:term":[{"taxonomy":"product_brand","embeddable":true,"href":"https:\/\/mps.digital-monkey.in\/es\/wp-json\/wp\/v2\/product_brand?post=33143"},{"taxonomy":"product_cat","embeddable":true,"href":"https:\/\/mps.digital-monkey.in\/es\/wp-json\/wp\/v2\/product_cat?post=33143"},{"taxonomy":"product_tag","embeddable":true,"href":"https:\/\/mps.digital-monkey.in\/es\/wp-json\/wp\/v2\/product_tag?post=33143"}],"curies":[{"name":"wp","href":"https:\/\/api.w.org\/{rel}","templated":true}]}}