{"id":33160,"date":"2025-06-17T13:44:13","date_gmt":"2025-06-17T13:44:13","guid":{"rendered":"https:\/\/mps.digital-monkey.in\/product\/impeller-kit-119175-42650-yanmar-4lha-impulsor-120650-425310\/"},"modified":"2026-03-20T13:48:49","modified_gmt":"2026-03-20T13:48:49","slug":"impeller-kit-119175-42650-yanmar-4lha-impulsor-120650-425310","status":"publish","type":"product","link":"https:\/\/mps.digital-monkey.in\/es\/producto\/impeller-kit-119175-42650-yanmar-4lha-impulsor-120650-425310\/","title":{"rendered":"Impeller Kit 119175-42650 Yanmar 4LH(A) (impulsor 120650-425310)"},"content":{"rendered":"<p><strong>Impeller kit<\/strong> compuesto por impulsor 120650-42310 y junta t\u00f3rica, adecuado para los modelos 4LH-TE\/HTE\/DTE\/STE y 4LHA-HTE\/HTP.<\/p>\n<p>Este kit est\u00e1 dise\u00f1ado para motores LH antiguos, con una junta t\u00f3rica m\u00e1s gruesa para la tapa.<br \/>\nEl impulsor individual 120650-42310 ya no est\u00e1 disponible.<\/p>\n<p>Para la serie BY, pide el kit de impulsor 120650-42530.<\/p>\n<ul>\n<li>4LH TE 110CV, 4LH HTE 140CV, 4LH DTE 170CV, 4LH STE 230CV<\/li>\n<li>4LHA HTE 150CV, 4LHA HTP 160CV<\/li>\n<\/ul>\n","protected":false},"excerpt":{"rendered":"<p>Impeller kit compuesto por impulsor 120650-42310 y junta t\u00f3rica, adecuado para los modelos 4LH-TE\/HTE\/DTE\/STE y 4LHA-HTE\/HTP. Este kit est\u00e1 dise\u00f1ado para motores LH antiguos, con una junta t\u00f3rica m\u00e1s gruesa para la tapa. El impulsor individual 120650-42310 ya no est\u00e1 disponible. Para la serie BY, pide el kit de impulsor 120650-42530. 4LH TE 110CV, 4LH [&hellip;]<\/p>\n","protected":false},"featured_media":33161,"comment_status":"open","ping_status":"closed","template":"","meta":[],"product_brand":[4235],"product_cat":[4558,3032,2497,4534],"product_tag":[],"class_list":{"0":"post-33160","1":"product","2":"type-product","3":"status-publish","4":"has-post-thumbnail","6":"product_brand-yanmar","7":"product_cat-impellers-yanmar","8":"product_cat-impulsores","9":"product_cat-piezas-de-mantenimiento-del-motor","10":"product_cat-piezas-de-servicio-yanmar","11":"pa_condition-nuevo","12":"pa_model-4lh-dte","13":"pa_model-4lh-hte","14":"pa_model-4lh-ste","15":"pa_model-4lh-te","16":"pa_model-4lha-hte","17":"pa_model-4lha-htp","18":"pa_oem-or-aftermarket-oem","20":"first","21":"onbackorder","22":"taxable","23":"shipping-taxable","24":"purchasable","25":"product-type-simple"},"supplier_id":32143,"supplier_sku":"","barcode":null,"atum_controlled":true,"out_stock_date":"2025-11-21 14:08:45","out_stock_threshold":null,"inheritable":false,"inbound_stock":0,"stock_on_hold":0,"sold_today":0,"sales_last_days":0,"reserved_stock":0,"customer_returns":0,"warehouse_damage":0,"lost_in_post":0,"other_logs":0,"out_stock_days":118,"lost_sales":0,"has_location":false,"update_date":"2026-03-20T13:51:08","atum_locations":[],"atum_stock_status":"onbackorder","restock_status":false,"low_stock_amount":"","sales_update_date":"2026-03-20T13:29:34","calc_backorders":0,"_links":{"self":[{"href":"https:\/\/mps.digital-monkey.in\/es\/wp-json\/wp\/v2\/product\/33160","targetHints":{"allow":["GET"]}}],"collection":[{"href":"https:\/\/mps.digital-monkey.in\/es\/wp-json\/wp\/v2\/product"}],"about":[{"href":"https:\/\/mps.digital-monkey.in\/es\/wp-json\/wp\/v2\/types\/product"}],"replies":[{"embeddable":true,"href":"https:\/\/mps.digital-monkey.in\/es\/wp-json\/wp\/v2\/comments?post=33160"}],"wp:featuredmedia":[{"embeddable":true,"href":"https:\/\/mps.digital-monkey.in\/es\/wp-json\/wp\/v2\/media\/33161"}],"wp:attachment":[{"href":"https:\/\/mps.digital-monkey.in\/es\/wp-json\/wp\/v2\/media?parent=33160"}],"wp:term":[{"taxonomy":"product_brand","embeddable":true,"href":"https:\/\/mps.digital-monkey.in\/es\/wp-json\/wp\/v2\/product_brand?post=33160"},{"taxonomy":"product_cat","embeddable":true,"href":"https:\/\/mps.digital-monkey.in\/es\/wp-json\/wp\/v2\/product_cat?post=33160"},{"taxonomy":"product_tag","embeddable":true,"href":"https:\/\/mps.digital-monkey.in\/es\/wp-json\/wp\/v2\/product_tag?post=33160"}],"curies":[{"name":"wp","href":"https:\/\/api.w.org\/{rel}","templated":true}]}}