{"id":33182,"date":"2025-06-17T13:44:08","date_gmt":"2025-06-17T13:44:08","guid":{"rendered":"https:\/\/mps.digital-monkey.in\/product\/kit-de-servicio-volvo-penta-d1-30-d2-40-y-2030-2040-abcd-21189422\/"},"modified":"2026-03-20T13:28:24","modified_gmt":"2026-03-20T13:28:24","slug":"kit-de-servicio-volvo-penta-d1-30-d2-40-y-2030-2040-abcd-21189422","status":"publish","type":"product","link":"https:\/\/mps.digital-monkey.in\/es\/product\/kit-de-servicio-volvo-penta-d1-30-d2-40-y-2030-2040-abcd-21189422\/","title":{"rendered":"Kit de servicio Volvo Penta D1-30 D2-40 y 2030-2040 A,B,C,D 21189422"},"content":{"rendered":"<p data-start=\"536\" data-end=\"596\"><strong data-start=\"536\" data-end=\"594\">Kit de mantenimiento Volvo Penta &#8211; D1-30, D2-40 y 2030-2040 A-D<\/strong><\/p>\n<p data-start=\"598\" data-end=\"744\">Mant\u00e9n tu motor Volvo Penta al m\u00e1ximo rendimiento con este completo kit de mantenimiento, dise\u00f1ado para los modelos D1-30, D2-40 y 2030-2040 A, B, C, D.<\/p>\n<p data-start=\"746\" data-end=\"761\"><strong data-start=\"746\" data-end=\"759\">Incluye:<\/strong><\/p>\n<ul data-start=\"762\" data-end=\"1085\">\n<li data-start=\"762\" data-end=\"890\">\n<p data-start=\"764\" data-end=\"890\"><strong data-start=\"764\" data-end=\"780\">Filtros de aceite:<\/strong> 21189422 &amp; 3840525 &#8211; Filtros de alta calidad para proteger tu motor manteniendo el aceite limpio y libre de residuos.<\/p>\n<\/li>\n<li data-start=\"891\" data-end=\"979\">\n<p data-start=\"893\" data-end=\"979\"><strong data-start=\"893\" data-end=\"909\">Filtro de combustible:<\/strong> 861477 &#8211; Garantiza un combustible libre de contaminantes para un funcionamiento suave del motor.<\/p>\n<\/li>\n<li data-start=\"980\" data-end=\"1085\">\n<p data-start=\"982\" data-end=\"1085\"><strong data-start=\"982\" data-end=\"995\">Impeller:<\/strong> 22222936 &#8211; Mantiene el flujo de agua para evitar el sobrecalentamiento y salvaguardar los componentes del motor.<\/p>\n<\/li>\n<\/ul>\n<p data-start=\"1087\" data-end=\"1216\">Este kit es ideal tanto para el mantenimiento profesional como para el bricolaje, ya que proporciona todas las piezas esenciales en un c\u00f3modo paquete.<\/p>\n","protected":false},"excerpt":{"rendered":"<p>Kit de mantenimiento Volvo Penta &#8211; D1-30, D2-40 y 2030-2040 A-D Mant\u00e9n tu motor Volvo Penta al m\u00e1ximo rendimiento con este completo kit de mantenimiento, dise\u00f1ado para los modelos D1-30, D2-40 y 2030-2040 A, B, C, D. Incluye: Filtros de aceite: 21189422 &amp; 3840525 &#8211; Filtros de alta calidad para proteger tu motor manteniendo el [&hellip;]<\/p>\n","protected":false},"featured_media":23882,"comment_status":"open","ping_status":"closed","template":"","meta":[],"product_brand":[4229],"product_cat":[3201,4478,2497,4525,4287,4330,4302,4329],"product_tag":[],"class_list":{"0":"post-33182","1":"product","2":"type-product","3":"status-publish","4":"has-post-thumbnail","6":"product_brand-volvo-penta","7":"product_cat-kits-de-servicio","8":"product_cat-kits-de-servicio-volvo-penta","9":"product_cat-piezas-de-mantenimiento-del-motor","10":"product_cat-recambios-volvo-penta","11":"product_cat-recambios-volvo-penta-d1-30","12":"product_cat-recambios-volvo-penta-d2-40","13":"product_cat-volvo-penta","14":"product_cat-volvo-penta-serie-d2","15":"pa_condition-nuevo","16":"pa_model-d1-30","17":"pa_model-d1-30b","18":"pa_model-d1-30f","19":"pa_model-d2-40","20":"pa_model-d2-40b","21":"pa_model-d2-40f","22":"pa_model-md2030","23":"pa_model-md2040","24":"pa_oem-or-aftermarket-oem","26":"first","27":"onbackorder","28":"taxable","29":"shipping-taxable","30":"purchasable","31":"product-type-simple"},"supplier_id":32142,"supplier_sku":"","barcode":null,"atum_controlled":true,"out_stock_date":"2025-11-21 12:56:51","out_stock_threshold":null,"inheritable":false,"inbound_stock":0,"stock_on_hold":0,"sold_today":0,"sales_last_days":0,"reserved_stock":0,"customer_returns":0,"warehouse_damage":0,"lost_in_post":0,"other_logs":0,"out_stock_days":119,"lost_sales":0,"has_location":false,"update_date":"2026-03-20T13:29:26","atum_locations":[],"atum_stock_status":"onbackorder","restock_status":false,"low_stock_amount":"","sales_update_date":"2026-03-20T13:15:46","calc_backorders":0,"_links":{"self":[{"href":"https:\/\/mps.digital-monkey.in\/es\/wp-json\/wp\/v2\/product\/33182","targetHints":{"allow":["GET"]}}],"collection":[{"href":"https:\/\/mps.digital-monkey.in\/es\/wp-json\/wp\/v2\/product"}],"about":[{"href":"https:\/\/mps.digital-monkey.in\/es\/wp-json\/wp\/v2\/types\/product"}],"replies":[{"embeddable":true,"href":"https:\/\/mps.digital-monkey.in\/es\/wp-json\/wp\/v2\/comments?post=33182"}],"wp:featuredmedia":[{"embeddable":true,"href":"https:\/\/mps.digital-monkey.in\/es\/wp-json\/wp\/v2\/media\/23882"}],"wp:attachment":[{"href":"https:\/\/mps.digital-monkey.in\/es\/wp-json\/wp\/v2\/media?parent=33182"}],"wp:term":[{"taxonomy":"product_brand","embeddable":true,"href":"https:\/\/mps.digital-monkey.in\/es\/wp-json\/wp\/v2\/product_brand?post=33182"},{"taxonomy":"product_cat","embeddable":true,"href":"https:\/\/mps.digital-monkey.in\/es\/wp-json\/wp\/v2\/product_cat?post=33182"},{"taxonomy":"product_tag","embeddable":true,"href":"https:\/\/mps.digital-monkey.in\/es\/wp-json\/wp\/v2\/product_tag?post=33182"}],"curies":[{"name":"wp","href":"https:\/\/api.w.org\/{rel}","templated":true}]}}