{"id":33195,"date":"2025-06-17T13:44:10","date_gmt":"2025-06-17T13:44:10","guid":{"rendered":"https:\/\/mps.digital-monkey.in\/product\/impeller-kit-yanmar-1042-7180\/"},"modified":"2026-03-20T13:28:55","modified_gmt":"2026-03-20T13:28:55","slug":"impeller-kit-yanmar-1042-7180","status":"publish","type":"product","link":"https:\/\/mps.digital-monkey.in\/es\/producto\/impeller-kit-yanmar-1042-7180\/","title":{"rendered":"Impeller kit Yanmar 1042-7180"},"content":{"rendered":"<p><strong>Impeller con junta<\/strong> adecuado para todos los motores de la serie YS, as\u00ed como para los modelos 2QM15 y 2GM(20), 3GM(30) (compuesto por el impulsor 104211-42071 y la junta 104211-42090).<\/p>\n<p><strong>Nota:<\/strong> S\u00f3lo para motores de refrigeraci\u00f3n sencilla. Para motores de doble refrigeraci\u00f3n (F), pide el kit de impulsor 1242-092. <\/p>\n<ul>\n<li>YSB8 8CV, YSB12 12CV, YSE8 8CV, YSE12 12CV<\/li>\n<li>YSM8 8CV, YSM12 12CV, 2QM15 15CV, 2GM 15CV, 2GM20 18CV<\/li>\n<li>3GM 22CV, 3GM30 27CV<\/li>\n<\/ul>\n","protected":false},"excerpt":{"rendered":"<p>Impeller con junta adecuado para todos los motores de la serie YS, as\u00ed como para los modelos 2QM15 y 2GM(20), 3GM(30) (compuesto por el impulsor 104211-42071 y la junta 104211-42090). Nota: S\u00f3lo para motores de refrigeraci\u00f3n sencilla. Para motores de doble refrigeraci\u00f3n (F), pide el kit de impulsor 1242-092. YSB8 8CV, YSB12 12CV, YSE8 8CV, [&hellip;]<\/p>\n","protected":false},"featured_media":33196,"comment_status":"open","ping_status":"closed","template":"","meta":[],"product_brand":[4235],"product_cat":[4558,3032,4450,4451,2497,4448],"product_tag":[],"class_list":{"0":"post-33195","1":"product","2":"type-product","3":"status-publish","4":"has-post-thumbnail","6":"product_brand-yanmar","7":"product_cat-impellers-yanmar","8":"product_cat-impulsores","9":"product_cat-piezas-2gm-2gm20","10":"product_cat-piezas-3gm-3gm30","11":"product_cat-piezas-de-mantenimiento-del-motor","12":"product_cat-yanmar","13":"pa_condition-nuevo","14":"pa_model-2gm","15":"pa_model-2gm20","16":"pa_model-2qm15","17":"pa_model-3gm","18":"pa_model-3gm30","19":"pa_model-ysb12","20":"pa_model-ysb8","21":"pa_model-yse12","22":"pa_model-yse8","23":"pa_model-ysm12","24":"pa_model-ysm8","25":"pa_oem-or-aftermarket-oem","27":"first","28":"instock","29":"sale","30":"taxable","31":"shipping-taxable","32":"purchasable","33":"product-type-simple"},"supplier_id":32143,"supplier_sku":"104211-42071","barcode":null,"atum_controlled":true,"out_stock_date":null,"out_stock_threshold":null,"inheritable":false,"inbound_stock":0,"stock_on_hold":0,"sold_today":0,"sales_last_days":0,"reserved_stock":0,"customer_returns":0,"warehouse_damage":0,"lost_in_post":0,"other_logs":0,"out_stock_days":0,"lost_sales":0,"has_location":false,"update_date":"2026-03-20T13:29:27","atum_locations":[],"atum_stock_status":"instock","restock_status":false,"low_stock_amount":"","sales_update_date":"2026-03-20T13:15:45","calc_backorders":0,"_links":{"self":[{"href":"https:\/\/mps.digital-monkey.in\/es\/wp-json\/wp\/v2\/product\/33195","targetHints":{"allow":["GET"]}}],"collection":[{"href":"https:\/\/mps.digital-monkey.in\/es\/wp-json\/wp\/v2\/product"}],"about":[{"href":"https:\/\/mps.digital-monkey.in\/es\/wp-json\/wp\/v2\/types\/product"}],"replies":[{"embeddable":true,"href":"https:\/\/mps.digital-monkey.in\/es\/wp-json\/wp\/v2\/comments?post=33195"}],"wp:featuredmedia":[{"embeddable":true,"href":"https:\/\/mps.digital-monkey.in\/es\/wp-json\/wp\/v2\/media\/33196"}],"wp:attachment":[{"href":"https:\/\/mps.digital-monkey.in\/es\/wp-json\/wp\/v2\/media?parent=33195"}],"wp:term":[{"taxonomy":"product_brand","embeddable":true,"href":"https:\/\/mps.digital-monkey.in\/es\/wp-json\/wp\/v2\/product_brand?post=33195"},{"taxonomy":"product_cat","embeddable":true,"href":"https:\/\/mps.digital-monkey.in\/es\/wp-json\/wp\/v2\/product_cat?post=33195"},{"taxonomy":"product_tag","embeddable":true,"href":"https:\/\/mps.digital-monkey.in\/es\/wp-json\/wp\/v2\/product_tag?post=33195"}],"curies":[{"name":"wp","href":"https:\/\/api.w.org\/{rel}","templated":true}]}}