{"id":33201,"date":"2025-06-17T13:44:09","date_gmt":"2025-06-17T13:44:09","guid":{"rendered":"https:\/\/mps.digital-monkey.in\/product\/aceite-de-transmision-sintetico-ips-y-aquamatic-75w-90\/"},"modified":"2026-03-16T10:43:39","modified_gmt":"2026-03-16T10:43:39","slug":"aceite-de-transmision-sintetico-ips-y-aquamatic-75w-90","status":"publish","type":"product","link":"https:\/\/mps.digital-monkey.in\/es\/product\/aceite-de-transmision-sintetico-ips-y-aquamatic-75w-90\/","title":{"rendered":"Aceite de transmisi\u00f3n sint\u00e9tico IPS y Aquamatic 75W-90"},"content":{"rendered":"<p>Aceites de transmisi\u00f3n totalmente sint\u00e9ticos de alto rendimiento, especialmente desarrollados para proporcionar una excelente capacidad de carga en una amplia gama de temperaturas de funcionamiento. Proporcionan un rendimiento \u00f3ptimo del cambio de marchas y la m\u00e1xima protecci\u00f3n contra el desgaste y la corrosi\u00f3n. La avanzada tecnolog\u00eda de aditivos marinos incluye capacidades \u00fanicas para minimizar los da\u00f1os causados por la contaminaci\u00f3n del agua. Todo ello proporciona ventajas significativas sobre los aceites de transmisi\u00f3n convencionales y contribuye a un funcionamiento suave y a la salud a largo plazo de la cadena cinem\u00e1tica.   <\/p>\n<p>Para SX, SP-A2, SP-C (excepto relaci\u00f3n 2,15:1), DPS, FWD, DPI, DPH (excepto relaci\u00f3n 1,59:1), DPR, DPX, XDP, DP-A2 a DP-E , todas las transmisiones IPS, transmisi\u00f3n S 120S-E, engranaje marino MS2A\/LE, MS4, MS5.<\/p>\n","protected":false},"excerpt":{"rendered":"<p>Aceites de transmisi\u00f3n totalmente sint\u00e9ticos de alto rendimiento, especialmente desarrollados para proporcionar una excelente capacidad de carga en una amplia gama de temperaturas de funcionamiento. Proporcionan un rendimiento \u00f3ptimo del cambio de marchas y la m\u00e1xima protecci\u00f3n contra el desgaste y la corrosi\u00f3n. La avanzada tecnolog\u00eda de aditivos marinos incluye capacidades \u00fanicas para minimizar los [&hellip;]<\/p>\n","protected":false},"featured_media":33202,"comment_status":"open","ping_status":"closed","template":"","meta":[],"product_brand":[],"product_cat":[4027,2729,2497,4598],"product_tag":[],"class_list":{"0":"post-33201","1":"product","2":"type-product","3":"status-publish","4":"has-post-thumbnail","6":"product_cat-aceite-de-la-caja-de-cambios","7":"product_cat-aceites-y-liquidos","8":"product_cat-piezas-de-mantenimiento-del-motor","9":"product_cat-recambios-volvo-penta-120s-saildrive-service","11":"first","12":"onbackorder","13":"sale","14":"taxable","15":"shipping-taxable","16":"purchasable","17":"product-type-variable"},"supplier_id":null,"supplier_sku":"","barcode":null,"atum_controlled":true,"out_stock_date":"2026-03-16 10:46:56","out_stock_threshold":null,"inheritable":true,"inbound_stock":0,"stock_on_hold":0,"sold_today":0,"sales_last_days":0,"reserved_stock":0,"customer_returns":0,"warehouse_damage":0,"lost_in_post":0,"other_logs":0,"out_stock_days":0,"lost_sales":0,"has_location":false,"update_date":"2026-03-20T13:15:45","atum_locations":[],"atum_stock_status":"onbackorder","restock_status":false,"low_stock_amount":"","sales_update_date":"2026-03-20T13:15:45","calc_backorders":null,"_links":{"self":[{"href":"https:\/\/mps.digital-monkey.in\/es\/wp-json\/wp\/v2\/product\/33201","targetHints":{"allow":["GET"]}}],"collection":[{"href":"https:\/\/mps.digital-monkey.in\/es\/wp-json\/wp\/v2\/product"}],"about":[{"href":"https:\/\/mps.digital-monkey.in\/es\/wp-json\/wp\/v2\/types\/product"}],"replies":[{"embeddable":true,"href":"https:\/\/mps.digital-monkey.in\/es\/wp-json\/wp\/v2\/comments?post=33201"}],"wp:featuredmedia":[{"embeddable":true,"href":"https:\/\/mps.digital-monkey.in\/es\/wp-json\/wp\/v2\/media\/33202"}],"wp:attachment":[{"href":"https:\/\/mps.digital-monkey.in\/es\/wp-json\/wp\/v2\/media?parent=33201"}],"wp:term":[{"taxonomy":"product_brand","embeddable":true,"href":"https:\/\/mps.digital-monkey.in\/es\/wp-json\/wp\/v2\/product_brand?post=33201"},{"taxonomy":"product_cat","embeddable":true,"href":"https:\/\/mps.digital-monkey.in\/es\/wp-json\/wp\/v2\/product_cat?post=33201"},{"taxonomy":"product_tag","embeddable":true,"href":"https:\/\/mps.digital-monkey.in\/es\/wp-json\/wp\/v2\/product_tag?post=33201"}],"curies":[{"name":"wp","href":"https:\/\/api.w.org\/{rel}","templated":true}]}}