{"id":33221,"date":"2025-06-17T13:44:10","date_gmt":"2025-06-17T13:44:10","guid":{"rendered":"https:\/\/mps.digital-monkey.in\/product\/motor-de-arranque-volvo-penta-21302969-3582514\/"},"modified":"2025-10-28T18:07:13","modified_gmt":"2025-10-28T18:07:13","slug":"motor-de-arranque-volvo-penta-21302969-3582514","status":"publish","type":"product","link":"https:\/\/mps.digital-monkey.in\/es\/product\/motor-de-arranque-volvo-penta-21302969-3582514\/","title":{"rendered":"Motor de arranque Volvo Penta 21302969 &#8211; 3582514"},"content":{"rendered":"<p>Motor de arranque Volvo Penta 21302969 &#8211; 3582514<\/p>\n<p>Volvo Penta OEM: 21302969, 3580295, 3582514, 3801350, 3803438, 3803584, 3803905, 3840892<br \/>\nPerkins OEM: 185086610, 185086620<\/p>\n<p>Motor D1-30 A\u00f1o 2005 a 2006<br \/>\nMotor D1-30A A\u00f1o 2005 a 2006<br \/>\nMotor D1-30B A\u00f1o 2006 a 2008<br \/>\nMotor D1-30F A\u00f1o 2008 a 2014<\/p>\n<p>Motor D2-40 A\u00f1o 2005 a 2006<br \/>\nMotor D2-40B A\u00f1o 2006 a 2008<br \/>\nMotor D2-40F A\u00f1o 2008 a 2014<\/p>\n<p>MD2030 Motor A\u00f1o 1993 a 1994<br \/>\nMD2030A Motor A\u00f1o 1993 a 1994<br \/>\nMD2030B Motor A\u00f1o 1995 a 1998<br \/>\nMD2030C Motor A\u00f1o 1998 a 2000<br \/>\nMD2030D Motor A\u00f1o 2000 a 2005<\/p>\n<p>USADO<\/p>\n","protected":false},"excerpt":{"rendered":"<p>Motor de arranque Volvo Penta 21302969 &#8211; 3582514 Volvo Penta OEM: 21302969, 3580295, 3582514, 3801350, 3803438, 3803584, 3803905, 3840892 Perkins OEM: 185086610, 185086620 Motor D1-30 A\u00f1o 2005 a 2006 Motor D1-30A A\u00f1o 2005 a 2006 Motor D1-30B A\u00f1o 2006 a 2008 Motor D1-30F A\u00f1o 2008 a 2014 Motor D2-40 A\u00f1o 2005 a 2006 Motor D2-40B [&hellip;]<\/p>\n","protected":false},"featured_media":33223,"comment_status":"open","ping_status":"closed","template":"","meta":[],"product_brand":[],"product_cat":[2723,2497,2518,4287,4330,4314,2519,4302,4329,4304],"product_tag":[2812],"class_list":{"0":"post-33221","1":"product","2":"type-product","3":"status-publish","4":"has-post-thumbnail","6":"product_cat-motores-de-arranque","7":"product_cat-piezas-de-mantenimiento-del-motor","8":"product_cat-piezas-de-motor","9":"product_cat-recambios-volvo-penta-d1-30","10":"product_cat-recambios-volvo-penta-d2-40","11":"product_cat-recambios-volvo-penta-md2030","12":"product_cat-sistemas-electricos","13":"product_cat-volvo-penta","14":"product_cat-volvo-penta-serie-d2","15":"product_cat-volvo-penta-serie-md","16":"product_tag-usado-2","18":"first","19":"outofstock","20":"taxable","21":"shipping-taxable","22":"purchasable","23":"product-type-simple"},"supplier_id":null,"supplier_sku":"","barcode":null,"atum_controlled":true,"out_stock_date":"2025-10-29 09:28:46","out_stock_threshold":null,"inheritable":false,"inbound_stock":0,"stock_on_hold":0,"sold_today":0,"sales_last_days":0,"reserved_stock":0,"customer_returns":0,"warehouse_damage":0,"lost_in_post":0,"other_logs":0,"out_stock_days":142,"lost_sales":0,"has_location":false,"update_date":"2026-03-20T13:15:45","atum_locations":[],"atum_stock_status":"outofstock","restock_status":false,"low_stock_amount":"","sales_update_date":"2026-03-20T13:15:45","calc_backorders":null,"_links":{"self":[{"href":"https:\/\/mps.digital-monkey.in\/es\/wp-json\/wp\/v2\/product\/33221","targetHints":{"allow":["GET"]}}],"collection":[{"href":"https:\/\/mps.digital-monkey.in\/es\/wp-json\/wp\/v2\/product"}],"about":[{"href":"https:\/\/mps.digital-monkey.in\/es\/wp-json\/wp\/v2\/types\/product"}],"replies":[{"embeddable":true,"href":"https:\/\/mps.digital-monkey.in\/es\/wp-json\/wp\/v2\/comments?post=33221"}],"wp:featuredmedia":[{"embeddable":true,"href":"https:\/\/mps.digital-monkey.in\/es\/wp-json\/wp\/v2\/media\/33223"}],"wp:attachment":[{"href":"https:\/\/mps.digital-monkey.in\/es\/wp-json\/wp\/v2\/media?parent=33221"}],"wp:term":[{"taxonomy":"product_brand","embeddable":true,"href":"https:\/\/mps.digital-monkey.in\/es\/wp-json\/wp\/v2\/product_brand?post=33221"},{"taxonomy":"product_cat","embeddable":true,"href":"https:\/\/mps.digital-monkey.in\/es\/wp-json\/wp\/v2\/product_cat?post=33221"},{"taxonomy":"product_tag","embeddable":true,"href":"https:\/\/mps.digital-monkey.in\/es\/wp-json\/wp\/v2\/product_tag?post=33221"}],"curies":[{"name":"wp","href":"https:\/\/api.w.org\/{rel}","templated":true}]}}